{"id":13190,"date":"2025-10-05T11:20:25","date_gmt":"2025-10-05T04:20:25","guid":{"rendered":"https:\/\/thietbidienlama.com\/?post_type=product&#038;p=13190"},"modified":"2026-03-27T10:47:05","modified_gmt":"2026-03-27T03:47:05","slug":"bong-den-led-op-tran-noi","status":"publish","type":"product","link":"https:\/\/www.thietbidienlama.com\/en\/bong-den-led-op-tran-noi\/","title":{"rendered":"B\u00f3ng \u0110\u00e8n Led \u1ed0p Tr\u1ea7n N\u1ed5i 24W Vi\u1ec1n M\u1ecfng Nanoco"},"content":{"rendered":"<h1 style=\"text-align: center;\"><span style=\"color: #000000; font-size: 18pt;\"><strong>B\u00f3ng \u0110\u00e8n Led \u1ed0p Tr\u1ea7n N\u1ed5i 24W Nanoco<\/strong><\/span><\/h1>\n<h2><span style=\"color: #000000;\">Chi ti\u1ebft s\u1ea3n ph\u1ea9m <strong><span style=\"color: #ff6600;\"><a style=\"color: #ff6600;\" href=\"https:\/\/thietbidienlama.com\/bong-den-led-op-tran-noi-24w\/\">b\u00f3ng \u0111\u00e8n led \u1ed1p tr\u1ea7n n\u1ed5i<\/a> <span style=\"color: #000000;\">24W Nanoco<\/span><\/span><\/strong><\/span><\/h2>\n<p><span style=\"color: #000000;\">C\u00f4ng su\u1ea5t: 24W<\/span><\/p>\n<p><span style=\"color: #000000;\">\u0110i\u1ec7n \u00e1p: 220Vac<\/span><\/p>\n<p><span style=\"color: #000000;\">Quang th\u00f4ng: 1680Lm<\/span><\/p>\n<p><span style=\"color: #000000;\">Nhi\u1ec7t \u0111\u1ed9 m\u00e0u: \u00c1nh s\u00e1ng v\u00e0ng 3000K, Trung T\u00ednh 4000K, Tr\u1eafng 6500K<\/span><\/p>\n<p><span style=\"color: #000000;\">Ch\u1ec9 s\u1ed1 ho\u00e0n m\u00e0u: Ra80<\/span><\/p>\n<p><span style=\"color: #000000;\">G\u00f3c chi\u1ebfu: 120\u00b0<\/span><\/p>\n<p><span style=\"color: #000000;\">Tu\u1ed5i th\u1ecd: 25.000 gi\u1edd<\/span><\/p>\n<p><span style=\"color: #000000;\">K\u00edch th\u01b0\u1edbc: \u00d8224mm*H39.5mm<\/span><\/p>\n<p><span style=\"color: #000000;\">C\u1ea5p b\u1ea3o v\u1ec7: IP20<\/span><\/p>\n<p><span style=\"color: #000000;\">Ch\u1ea5t li\u1ec7u: th\u00e2n \u0111\u00e8n nh\u00f4m, ch\u00f3a \u0111\u00e8n nh\u1ef1a<\/span><\/p>\n<p><img fetchpriority=\"high\" decoding=\"async\" class=\"alignnone size-medium wp-image-13191 aligncenter\" src=\"http:\/\/thietbidienlama.com\/wp-content\/uploads\/2025\/10\/Bong-den-led-op-tran-noi-300x300.jpg\" alt=\"B\u00f3ng \u0111\u00e8n Led \u1ed1p Tr\u1ea7n N\u1ed5i\" width=\"300\" height=\"300\" srcset=\"https:\/\/www.thietbidienlama.com\/wp-content\/uploads\/2025\/10\/Bong-den-led-op-tran-noi-300x300.jpg 300w, https:\/\/www.thietbidienlama.com\/wp-content\/uploads\/2025\/10\/Bong-den-led-op-tran-noi-150x150.jpg 150w, https:\/\/www.thietbidienlama.com\/wp-content\/uploads\/2025\/10\/Bong-den-led-op-tran-noi-12x12.jpg 12w, https:\/\/www.thietbidienlama.com\/wp-content\/uploads\/2025\/10\/Bong-den-led-op-tran-noi.jpg 600w\" sizes=\"(max-width: 300px) 100vw, 300px\" \/><\/p>\n<p><span style=\"font-size: 12pt; color: #000000;\"><strong>LI\u00caN H\u1ec6 : Hotline: 0935 228 204 ( Ms Lam )<\/strong><\/span><\/p>\n<p><span style=\"font-size: 12pt; color: #000000;\"><strong>Facebook:\u00a0<span style=\"color: #ff6600;\"><a style=\"color: #ff6600;\" href=\"https:\/\/www.facebook.com\/thietbidienlama\" target=\"_blank\" rel=\"noopener\">THI\u1ebeT\u00a0B\u1eca \u0110I\u1ec6N LAMA<\/a><\/span><\/strong><\/span><\/p>\n<p><span style=\"font-size: 12pt; color: #000000;\"><strong>Tiktok:\u00a0<span style=\"color: #ff6600;\"><a style=\"color: #ff6600;\" href=\"https:\/\/www.tiktok.com\/@thietbidienlama\" target=\"_blank\" rel=\"noopener\">THI\u1ebeT\u00a0B\u1eca \u0110I\u1ec6N LAMA<\/a><\/span><\/strong><\/span><\/p>","protected":false},"excerpt":{"rendered":"<p>B\u00f3ng \u0110\u00e8n Led \u1ed0p Tr\u1ea7n N\u1ed5i 24W Nanoco Chi ti\u1ebft s\u1ea3n ph\u1ea9m b\u00f3ng \u0111\u00e8n led \u1ed1p tr\u1ea7n n\u1ed5i 24W Nanoco<\/p>","protected":false},"featured_media":13191,"comment_status":"closed","ping_status":"closed","template":"","meta":[],"product_brand":[],"product_cat":[851,872,866],"product_tag":[886,887,889],"class_list":{"0":"post-13190","1":"product","2":"type-product","3":"status-publish","4":"has-post-thumbnail","6":"product_cat-den-tran-phong-khach","7":"product_cat-den-tran-nanoco","8":"product_cat-thiet-bi-dien-nanoco","9":"product_tag-den-led-op-tran","10":"product_tag-den-op-tran","11":"product_tag-den-op-tran-noi","13":"first","14":"instock","15":"sale","16":"shipping-taxable","17":"purchasable","18":"product-type-simple"},"_links":{"self":[{"href":"https:\/\/www.thietbidienlama.com\/en\/wp-json\/wp\/v2\/product\/13190","targetHints":{"allow":["GET"]}}],"collection":[{"href":"https:\/\/www.thietbidienlama.com\/en\/wp-json\/wp\/v2\/product"}],"about":[{"href":"https:\/\/www.thietbidienlama.com\/en\/wp-json\/wp\/v2\/types\/product"}],"replies":[{"embeddable":true,"href":"https:\/\/www.thietbidienlama.com\/en\/wp-json\/wp\/v2\/comments?post=13190"}],"version-history":[{"count":6,"href":"https:\/\/www.thietbidienlama.com\/en\/wp-json\/wp\/v2\/product\/13190\/revisions"}],"predecessor-version":[{"id":14101,"href":"https:\/\/www.thietbidienlama.com\/en\/wp-json\/wp\/v2\/product\/13190\/revisions\/14101"}],"wp:featuredmedia":[{"embeddable":true,"href":"https:\/\/www.thietbidienlama.com\/en\/wp-json\/wp\/v2\/media\/13191"}],"wp:attachment":[{"href":"https:\/\/www.thietbidienlama.com\/en\/wp-json\/wp\/v2\/media?parent=13190"}],"wp:term":[{"taxonomy":"product_brand","embeddable":true,"href":"https:\/\/www.thietbidienlama.com\/en\/wp-json\/wp\/v2\/product_brand?post=13190"},{"taxonomy":"product_cat","embeddable":true,"href":"https:\/\/www.thietbidienlama.com\/en\/wp-json\/wp\/v2\/product_cat?post=13190"},{"taxonomy":"product_tag","embeddable":true,"href":"https:\/\/www.thietbidienlama.com\/en\/wp-json\/wp\/v2\/product_tag?post=13190"}],"curies":[{"name":"wp","href":"https:\/\/api.w.org\/{rel}","templated":true}]}}