{"id":13182,"date":"2025-10-05T11:07:23","date_gmt":"2025-10-05T04:07:23","guid":{"rendered":"https:\/\/thietbidienlama.com\/?post_type=product&#038;p=13182"},"modified":"2026-03-27T10:49:16","modified_gmt":"2026-03-27T03:49:16","slug":"bong-den-op-tran-noi","status":"publish","type":"product","link":"https:\/\/www.thietbidienlama.com\/en\/bong-den-op-tran-noi\/","title":{"rendered":"B\u00f3ng \u0110\u00e8n \u1ed0p Tr\u1ea7n N\u1ed5i 15W \u0110\u1ed5i M\u00e0u NRP15C1R Nanoco"},"content":{"rendered":"<h1 style=\"text-align: center;\"><span style=\"color: #000000; font-size: 18pt;\">B\u00f3ng \u0110\u00e8n \u1ed0p Tr\u1ea7n N\u1ed5i 15W \u0110\u1ed5i M\u00e0u Nanoco<\/span><\/h1>\n<h2 id=\"tab-title-specification\" class=\"specification_tab\" role=\"tab\" aria-controls=\"tab-specification\"><span style=\"color: #000000; font-size: 18pt;\">Th\u00f4ng s\u1ed1 k\u1ef9 thu\u1eadt <span style=\"color: #ff6600;\"><a style=\"color: #ff6600;\" href=\"https:\/\/thietbidienlama.com\/bong-den-op-tran-noi\/\">b\u00f3ng \u0111\u00e8n \u1ed1p tr\u1ea7n n\u1ed5i<\/a><span style=\"color: #000000;\"> 15W \u0110\u1ed5i M\u00e0u Nanoco<\/span><\/span><\/span><\/h2>\n<table class=\"woocommerce-product-attributes shop_attributes\" aria-label=\"Chi ti\u1ebft s\u1ea3n ph\u1ea9m\">\n<tbody>\n<tr class=\"woocommerce-product-attributes-item woocommerce-product-attributes-item--attribute_pa_thuong-hieu\">\n<th class=\"woocommerce-product-attributes-item__label\" scope=\"row\"><span style=\"color: #000000;\">Th\u01b0\u01a1ng hi\u1ec7u<\/span><\/th>\n<td class=\"woocommerce-product-attributes-item__value\"><span style=\"color: #000000;\">Nanoco<\/span><\/td>\n<\/tr>\n<tr class=\"woocommerce-product-attributes-item woocommerce-product-attributes-item--attribute_pa_ma-san-pham\">\n<th class=\"woocommerce-product-attributes-item__label\" scope=\"row\"><\/th>\n<td class=\"woocommerce-product-attributes-item__value\"><\/td>\n<\/tr>\n<tr class=\"woocommerce-product-attributes-item woocommerce-product-attributes-item--attribute_pa_loai\">\n<th class=\"woocommerce-product-attributes-item__label\" scope=\"row\"><span style=\"color: #000000;\">Lo\u1ea1i<\/span><\/th>\n<td class=\"woocommerce-product-attributes-item__value\"><span style=\"color: #000000;\">\u0110\u00e8n LED Nanoco,\u00a0\u0110\u00e8n Nanoco<\/span><\/td>\n<\/tr>\n<tr class=\"woocommerce-product-attributes-item woocommerce-product-attributes-item--attribute_pa_dong-den-op-tran\">\n<th class=\"woocommerce-product-attributes-item__label\" scope=\"row\"><span style=\"color: #000000;\">D\u00f2ng \u0111\u00e8n \u1ed1p tr\u1ea7n<\/span><\/th>\n<td class=\"woocommerce-product-attributes-item__value\"><span style=\"color: #000000;\">Nancy Series (tr\u00e0n vi\u1ec1n)<\/span><\/td>\n<\/tr>\n<tr class=\"woocommerce-product-attributes-item woocommerce-product-attributes-item--attribute_pa_cong-suat\">\n<th class=\"woocommerce-product-attributes-item__label\" scope=\"row\"><span style=\"color: #000000;\">C\u00f4ng su\u1ea5t<\/span><\/th>\n<td class=\"woocommerce-product-attributes-item__value\"><span style=\"color: #000000;\">15W<\/span><\/td>\n<\/tr>\n<tr class=\"woocommerce-product-attributes-item woocommerce-product-attributes-item--attribute_pa_quang-thong\">\n<th class=\"woocommerce-product-attributes-item__label\" scope=\"row\"><span style=\"color: #000000;\">\u0110\u1ed9 s\u00e1ng (quang th\u00f4ng)<\/span><\/th>\n<td class=\"woocommerce-product-attributes-item__value\"><span style=\"color: #000000;\">1350 lm<\/span><\/td>\n<\/tr>\n<tr class=\"woocommerce-product-attributes-item woocommerce-product-attributes-item--attribute_pa_cri\">\n<th class=\"woocommerce-product-attributes-item__label\" scope=\"row\"><span style=\"color: #000000;\">CRI<\/span><\/th>\n<td class=\"woocommerce-product-attributes-item__value\"><span style=\"color: #000000;\">Ra80<\/span><\/td>\n<\/tr>\n<tr class=\"woocommerce-product-attributes-item woocommerce-product-attributes-item--attribute_pa_bo-nguon\">\n<th class=\"woocommerce-product-attributes-item__label\" scope=\"row\"><span style=\"color: #000000;\">B\u1ed9 ngu\u1ed3n<\/span><\/th>\n<td class=\"woocommerce-product-attributes-item__value\"><span style=\"color: #000000;\">T\u00edch h\u1ee3p<\/span><\/td>\n<\/tr>\n<tr class=\"woocommerce-product-attributes-item woocommerce-product-attributes-item--attribute_pa_nhiet-do-mau\">\n<th class=\"woocommerce-product-attributes-item__label\" scope=\"row\"><span style=\"color: #000000;\">Nhi\u1ec7t \u0111\u1ed9 m\u00e0u<\/span><\/th>\n<td class=\"woocommerce-product-attributes-item__value\"><span style=\"color: #000000;\">\u00a03000K-4000K-6500K<\/span><\/td>\n<\/tr>\n<tr class=\"woocommerce-product-attributes-item woocommerce-product-attributes-item--attribute_pa_chat-lieu\">\n<th class=\"woocommerce-product-attributes-item__label\" scope=\"row\"><span style=\"color: #000000;\">Ch\u1ea5t li\u1ec7u<\/span><\/th>\n<td class=\"woocommerce-product-attributes-item__value\"><span style=\"color: #000000;\">Nh\u1ef1a (M\u1eb7t \u0111\u00e8n), Nh\u1ef1a (ch\u00f3a \u0111\u00e8n)<\/span><\/td>\n<\/tr>\n<tr class=\"woocommerce-product-attributes-item woocommerce-product-attributes-item--attribute_pa_loai-den-led\">\n<th class=\"woocommerce-product-attributes-item__label\" scope=\"row\"><span style=\"color: #000000;\">Lo\u1ea1i \u0111\u00e8n LED<\/span><\/th>\n<td class=\"woocommerce-product-attributes-item__value\"><span style=\"color: #000000;\">\u0110\u00e8n \u1ed1p tr\u1ea7n Nanoco,\u00a0\u0110\u00e8n \u1ed1p tr\u1ea7n n\u1ed5i<\/span><\/td>\n<\/tr>\n<tr class=\"woocommerce-product-attributes-item woocommerce-product-attributes-item--attribute_pa_kich-thuoc\">\n<th class=\"woocommerce-product-attributes-item__label\" scope=\"row\"><span style=\"color: #000000;\">K\u00edch th\u01b0\u1edbc<\/span><\/th>\n<td class=\"woocommerce-product-attributes-item__value\"><span style=\"color: #000000;\">\u00d8170 | H:36 mm<\/span><\/td>\n<\/tr>\n<tr class=\"woocommerce-product-attributes-item woocommerce-product-attributes-item--attribute_pa_loai-de\">\n<th class=\"woocommerce-product-attributes-item__label\" scope=\"row\"><span style=\"color: #000000;\">Lo\u1ea1i \u0111\u1ebf<\/span><\/th>\n<td class=\"woocommerce-product-attributes-item__value\"><span style=\"color: #000000;\">\u0110\u1ebf m\u1ecfng<\/span><\/td>\n<\/tr>\n<tr class=\"woocommerce-product-attributes-item woocommerce-product-attributes-item--attribute_pa_goc-chieu\">\n<th class=\"woocommerce-product-attributes-item__label\" scope=\"row\"><span style=\"color: #000000;\">G\u00f3c chi\u1ebfu<\/span><\/th>\n<td class=\"woocommerce-product-attributes-item__value\"><span style=\"color: #000000;\">120\u00b0<\/span><\/td>\n<\/tr>\n<tr class=\"woocommerce-product-attributes-item woocommerce-product-attributes-item--attribute_pa_mau-sac\">\n<th class=\"woocommerce-product-attributes-item__label\" scope=\"row\"><span style=\"color: #000000;\">M\u00e0u s\u1eafc<\/span><\/th>\n<td class=\"woocommerce-product-attributes-item__value\"><span style=\"color: #000000;\">M\u00e0u tr\u1eafng<\/span><\/td>\n<\/tr>\n<tr class=\"woocommerce-product-attributes-item woocommerce-product-attributes-item--attribute_pa_dien-ap-dinh-muc\">\n<th class=\"woocommerce-product-attributes-item__label\" scope=\"row\"><span style=\"color: #000000;\">\u0110i\u1ec7n \u00e1p<\/span><\/th>\n<td class=\"woocommerce-product-attributes-item__value\"><span style=\"color: #000000;\">220-240V<\/span><\/td>\n<\/tr>\n<tr class=\"woocommerce-product-attributes-item woocommerce-product-attributes-item--attribute_pa_hieu-suat-nang-luong\">\n<th class=\"woocommerce-product-attributes-item__label\" scope=\"row\"><span style=\"color: #000000;\">Hi\u1ec7u su\u1ea5t n\u0103ng l\u01b0\u1ee3ng<\/span><\/th>\n<td class=\"woocommerce-product-attributes-item__value\"><span style=\"color: #000000;\">PF&gt;0.5<\/span><\/td>\n<\/tr>\n<tr class=\"woocommerce-product-attributes-item woocommerce-product-attributes-item--attribute_pa_tuoi-tho\">\n<th class=\"woocommerce-product-attributes-item__label\" scope=\"row\"><span style=\"color: #000000;\">Tu\u1ed5i th\u1ecd<\/span><\/th>\n<td class=\"woocommerce-product-attributes-item__value\"><span style=\"color: #000000;\">25.000 gi\u1edd<\/span><\/td>\n<\/tr>\n<tr class=\"woocommerce-product-attributes-item woocommerce-product-attributes-item--attribute_pa_kieu-dang\">\n<th class=\"woocommerce-product-attributes-item__label\" scope=\"row\"><span style=\"color: #000000;\">Ki\u1ec3u d\u00e1ng<\/span><\/th>\n<td class=\"woocommerce-product-attributes-item__value\"><span style=\"color: #000000;\">H\u00ecnh tr\u00f2n<\/span><\/td>\n<\/tr>\n<tr class=\"woocommerce-product-attributes-item woocommerce-product-attributes-item--attribute_pa_cap-bao-ve\">\n<th class=\"woocommerce-product-attributes-item__label\" scope=\"row\"><span style=\"color: #000000;\">C\u1ea5p b\u1ea3o v\u1ec7<\/span><\/th>\n<td class=\"woocommerce-product-attributes-item__value\"><span style=\"color: #000000;\">Ch\u1ec9 s\u1ed1 IP54<\/span><\/td>\n<\/tr>\n<tr class=\"woocommerce-product-attributes-item woocommerce-product-attributes-item--attribute_pa_bao-hanh\">\n<th class=\"woocommerce-product-attributes-item__label\" scope=\"row\"><span style=\"color: #000000;\">B\u1ea3o h\u00e0nh<\/span><\/th>\n<td class=\"woocommerce-product-attributes-item__value\"><span style=\"color: #000000;\">12 th\u00e1ng<\/span><\/td>\n<\/tr>\n<\/tbody>\n<\/table>\n<p><img fetchpriority=\"high\" decoding=\"async\" class=\"alignnone size-medium wp-image-13183 aligncenter\" src=\"http:\/\/thietbidienlama.com\/wp-content\/uploads\/2025\/10\/Bong-den-op-tran-noi-300x300.jpg\" alt=\"B\u00f3ng \u0111\u00e8n \u1ed1p Tr\u1ea7n N\u1ed5i\" width=\"300\" height=\"300\" srcset=\"https:\/\/www.thietbidienlama.com\/wp-content\/uploads\/2025\/10\/Bong-den-op-tran-noi-300x300.jpg 300w, https:\/\/www.thietbidienlama.com\/wp-content\/uploads\/2025\/10\/Bong-den-op-tran-noi-150x150.jpg 150w, https:\/\/www.thietbidienlama.com\/wp-content\/uploads\/2025\/10\/Bong-den-op-tran-noi-12x12.jpg 12w, https:\/\/www.thietbidienlama.com\/wp-content\/uploads\/2025\/10\/Bong-den-op-tran-noi.jpg 600w\" sizes=\"(max-width: 300px) 100vw, 300px\" \/><\/p>\n<p><span style=\"font-size: 12pt; color: #000000;\"><strong>LI\u00caN H\u1ec6 : Hotline: 0935 228 204 ( Ms Lam )<\/strong><\/span><\/p>\n<p><span style=\"font-size: 12pt; color: #000000;\"><strong>Facebook:\u00a0<span style=\"color: #ff6600;\"><a style=\"color: #ff6600;\" href=\"https:\/\/www.facebook.com\/thietbidienlama\" target=\"_blank\" rel=\"noopener\">THI\u1ebeT\u00a0B\u1eca \u0110I\u1ec6N LAMA<\/a><\/span><\/strong><\/span><\/p>\n<p><span style=\"font-size: 12pt; color: #000000;\"><strong>Tiktok:\u00a0<span style=\"color: #ff6600;\"><a style=\"color: #ff6600;\" href=\"https:\/\/www.tiktok.com\/@thietbidienlama\" target=\"_blank\" rel=\"noopener\">THI\u1ebeT\u00a0B\u1eca \u0110I\u1ec6N LAMA<\/a><\/span><\/strong><\/span><\/p>","protected":false},"excerpt":{"rendered":"<p>B\u00f3ng \u0110\u00e8n \u1ed0p Tr\u1ea7n N\u1ed5i 15W \u0110\u1ed5i M\u00e0u Nanoco Th\u00f4ng s\u1ed1 k\u1ef9 thu\u1eadt b\u00f3ng \u0111\u00e8n \u1ed1p tr\u1ea7n n\u1ed5i 15W \u0110\u1ed5i<\/p>","protected":false},"featured_media":13183,"comment_status":"closed","ping_status":"closed","template":"","meta":[],"product_brand":[],"product_cat":[851,872,866],"product_tag":[886,887,889],"class_list":{"0":"post-13182","1":"product","2":"type-product","3":"status-publish","4":"has-post-thumbnail","6":"product_cat-den-tran-phong-khach","7":"product_cat-den-tran-nanoco","8":"product_cat-thiet-bi-dien-nanoco","9":"product_tag-den-led-op-tran","10":"product_tag-den-op-tran","11":"product_tag-den-op-tran-noi","13":"first","14":"instock","15":"sale","16":"shipping-taxable","17":"purchasable","18":"product-type-simple"},"_links":{"self":[{"href":"https:\/\/www.thietbidienlama.com\/en\/wp-json\/wp\/v2\/product\/13182","targetHints":{"allow":["GET"]}}],"collection":[{"href":"https:\/\/www.thietbidienlama.com\/en\/wp-json\/wp\/v2\/product"}],"about":[{"href":"https:\/\/www.thietbidienlama.com\/en\/wp-json\/wp\/v2\/types\/product"}],"replies":[{"embeddable":true,"href":"https:\/\/www.thietbidienlama.com\/en\/wp-json\/wp\/v2\/comments?post=13182"}],"version-history":[{"count":6,"href":"https:\/\/www.thietbidienlama.com\/en\/wp-json\/wp\/v2\/product\/13182\/revisions"}],"predecessor-version":[{"id":14103,"href":"https:\/\/www.thietbidienlama.com\/en\/wp-json\/wp\/v2\/product\/13182\/revisions\/14103"}],"wp:featuredmedia":[{"embeddable":true,"href":"https:\/\/www.thietbidienlama.com\/en\/wp-json\/wp\/v2\/media\/13183"}],"wp:attachment":[{"href":"https:\/\/www.thietbidienlama.com\/en\/wp-json\/wp\/v2\/media?parent=13182"}],"wp:term":[{"taxonomy":"product_brand","embeddable":true,"href":"https:\/\/www.thietbidienlama.com\/en\/wp-json\/wp\/v2\/product_brand?post=13182"},{"taxonomy":"product_cat","embeddable":true,"href":"https:\/\/www.thietbidienlama.com\/en\/wp-json\/wp\/v2\/product_cat?post=13182"},{"taxonomy":"product_tag","embeddable":true,"href":"https:\/\/www.thietbidienlama.com\/en\/wp-json\/wp\/v2\/product_tag?post=13182"}],"curies":[{"name":"wp","href":"https:\/\/api.w.org\/{rel}","templated":true}]}}