{"id":13171,"date":"2025-10-05T10:39:03","date_gmt":"2025-10-05T03:39:03","guid":{"rendered":"https:\/\/thietbidienlama.com\/?post_type=product&#038;p=13171"},"modified":"2025-10-05T11:12:24","modified_gmt":"2025-10-05T04:12:24","slug":"den-op-tran-noi","status":"publish","type":"product","link":"https:\/\/www.thietbidienlama.com\/en\/den-op-tran-noi\/","title":{"rendered":"\u0110\u00e8n \u1ed0p Tr\u1ea7n N\u1ed5i \u0110\u1ed5i M\u00e0u NRP30C1R 30W"},"content":{"rendered":"<h2 style=\"text-align: center;\"><span style=\"color: #000000;\">\u0110\u00e8n \u1ed0p Tr\u1ea7n N\u1ed5i \u0110\u1ed5i M\u00e0u NRP30C1R 30W Nanoco<\/span><\/h2>\n<h3><strong><span style=\"font-size: 14pt; color: #000000;\">Chi ti\u1ebft s\u1ea3n ph\u1ea9m <span style=\"color: #ff6600;\"><a style=\"color: #ff6600;\" href=\"https:\/\/thietbidienlama.com\/den-op-tran-noi-doi-mau-nrp30c1r-30w-nanoco\/\">\u0111\u00e8n \u1ed1p tr\u1ea7n n\u1ed5i<\/a><\/span><\/span><\/strong><\/h3>\n<p><span style=\"font-size: 12pt; color: #000000;\">C\u00f4ng su\u1ea5t: 30W<\/span><\/p>\n<p><span style=\"font-size: 12pt; color: #000000;\">\u0110i\u1ec7n \u00e1p: 220Vac<\/span><\/p>\n<p><span style=\"font-size: 12pt; color: #000000;\">Quang th\u00f4ng: 2700lm<\/span><\/p>\n<p><span style=\"font-size: 12pt; color: #000000;\">Nhi\u1ec7t \u0111\u1ed9 m\u00e0u: \u0110\u1ed5i m\u00e0u 3000K\/4000K\/6500K<\/span><\/p>\n<p><span style=\"font-size: 12pt; color: #000000;\">Ch\u1ec9 s\u1ed1 ho\u00e0n m\u00e0u: Ra80<\/span><\/p>\n<p><span style=\"font-size: 12pt; color: #000000;\">G\u00f3c chi\u1ebfu: 120\u00b0<\/span><\/p>\n<p><span style=\"font-size: 12pt; color: #000000;\">Tu\u1ed5i th\u1ecd: 25.000 gi\u1edd<\/span><\/p>\n<p><span style=\"font-size: 12pt; color: #000000;\">K\u00edch th\u01b0\u1edbc: \u03a6300\/H36<\/span><\/p>\n<p><span style=\"font-size: 12pt; color: #000000;\">C\u1ea5p b\u1ea3o v\u1ec7: IP54<\/span><\/p>\n<p><span style=\"font-size: 12pt; color: #000000;\">Ch\u1ea5t li\u1ec7u: th\u00e2n \u0111\u00e8n nh\u1ef1a, ch\u00f3a \u0111\u00e8n nh\u1ef1a<\/span><\/p>\n<p><img fetchpriority=\"high\" decoding=\"async\" class=\"alignnone size-medium wp-image-13172 aligncenter\" src=\"http:\/\/thietbidienlama.com\/wp-content\/uploads\/2025\/10\/Den-Op-Tran-Noi-Doi-Mau-NRP30C1R-30W-Nanoco-300x300.jpg\" alt=\"\u0110\u00e8n \u1ed0p Tr\u1ea7n N\u1ed5i \u0110\u1ed5i M\u00e0u NRP30C1R 30W Nanoco\" width=\"300\" height=\"300\" srcset=\"https:\/\/www.thietbidienlama.com\/wp-content\/uploads\/2025\/10\/Den-Op-Tran-Noi-Doi-Mau-NRP30C1R-30W-Nanoco-300x300.jpg 300w, https:\/\/www.thietbidienlama.com\/wp-content\/uploads\/2025\/10\/Den-Op-Tran-Noi-Doi-Mau-NRP30C1R-30W-Nanoco-150x150.jpg 150w, https:\/\/www.thietbidienlama.com\/wp-content\/uploads\/2025\/10\/Den-Op-Tran-Noi-Doi-Mau-NRP30C1R-30W-Nanoco-12x12.jpg 12w, https:\/\/www.thietbidienlama.com\/wp-content\/uploads\/2025\/10\/Den-Op-Tran-Noi-Doi-Mau-NRP30C1R-30W-Nanoco.jpg 600w\" sizes=\"(max-width: 300px) 100vw, 300px\" \/><\/p>\n<p><span style=\"font-size: 12pt; color: #000000;\"><strong>LI\u00caN H\u1ec6 : Hotline: 0935 228 204 ( Ms Lam )<\/strong><\/span><\/p>\n<p><span style=\"font-size: 12pt; color: #000000;\"><strong>Facebook:\u00a0<span style=\"color: #ff6600;\"><a style=\"color: #ff6600;\" href=\"https:\/\/www.facebook.com\/thietbidienlama\" target=\"_blank\" rel=\"noopener\">THI\u1ebeT\u00a0B\u1eca \u0110I\u1ec6N LAMA<\/a><\/span><\/strong><\/span><\/p>\n<p><span style=\"font-size: 12pt; color: #000000;\"><strong>Tiktok:\u00a0<span style=\"color: #ff6600;\"><a style=\"color: #ff6600;\" href=\"https:\/\/www.tiktok.com\/@thietbidienlama\" target=\"_blank\" rel=\"noopener\">THI\u1ebeT\u00a0B\u1eca \u0110I\u1ec6N LAMA<\/a><\/span><\/strong><\/span><\/p>","protected":false},"excerpt":{"rendered":"<p>\u0110\u00e8n \u1ed0p Tr\u1ea7n N\u1ed5i \u0110\u1ed5i M\u00e0u NRP30C1R 30W Nanoco Chi ti\u1ebft s\u1ea3n ph\u1ea9m \u0111\u00e8n \u1ed1p tr\u1ea7n n\u1ed5i C\u00f4ng su\u1ea5t: 30W<\/p>","protected":false},"featured_media":13172,"comment_status":"closed","ping_status":"closed","template":"","meta":[],"product_brand":[],"product_cat":[851,872,866],"product_tag":[886,888,887],"class_list":{"0":"post-13171","1":"product","2":"type-product","3":"status-publish","4":"has-post-thumbnail","6":"product_cat-den-tran-phong-khach","7":"product_cat-den-tran-nanoco","8":"product_cat-thiet-bi-dien-nanoco","9":"product_tag-den-led-op-tran","10":"product_tag-den-led-op-tran-noi","11":"product_tag-den-op-tran","13":"first","14":"instock","15":"sale","16":"shipping-taxable","17":"purchasable","18":"product-type-simple"},"_links":{"self":[{"href":"https:\/\/www.thietbidienlama.com\/en\/wp-json\/wp\/v2\/product\/13171","targetHints":{"allow":["GET"]}}],"collection":[{"href":"https:\/\/www.thietbidienlama.com\/en\/wp-json\/wp\/v2\/product"}],"about":[{"href":"https:\/\/www.thietbidienlama.com\/en\/wp-json\/wp\/v2\/types\/product"}],"replies":[{"embeddable":true,"href":"https:\/\/www.thietbidienlama.com\/en\/wp-json\/wp\/v2\/comments?post=13171"}],"version-history":[{"count":4,"href":"https:\/\/www.thietbidienlama.com\/en\/wp-json\/wp\/v2\/product\/13171\/revisions"}],"predecessor-version":[{"id":13188,"href":"https:\/\/www.thietbidienlama.com\/en\/wp-json\/wp\/v2\/product\/13171\/revisions\/13188"}],"wp:featuredmedia":[{"embeddable":true,"href":"https:\/\/www.thietbidienlama.com\/en\/wp-json\/wp\/v2\/media\/13172"}],"wp:attachment":[{"href":"https:\/\/www.thietbidienlama.com\/en\/wp-json\/wp\/v2\/media?parent=13171"}],"wp:term":[{"taxonomy":"product_brand","embeddable":true,"href":"https:\/\/www.thietbidienlama.com\/en\/wp-json\/wp\/v2\/product_brand?post=13171"},{"taxonomy":"product_cat","embeddable":true,"href":"https:\/\/www.thietbidienlama.com\/en\/wp-json\/wp\/v2\/product_cat?post=13171"},{"taxonomy":"product_tag","embeddable":true,"href":"https:\/\/www.thietbidienlama.com\/en\/wp-json\/wp\/v2\/product_tag?post=13171"}],"curies":[{"name":"wp","href":"https:\/\/api.w.org\/{rel}","templated":true}]}}