{"id":13055,"date":"2025-09-17T15:20:28","date_gmt":"2025-09-17T08:20:28","guid":{"rendered":"https:\/\/thietbidienlama.com\/?post_type=product&#038;p=13055"},"modified":"2025-09-19T10:07:22","modified_gmt":"2025-09-19T03:07:22","slug":"den-op-tran-phong-khach-nanoco-ncl1333","status":"publish","type":"product","link":"https:\/\/www.thietbidienlama.com\/en\/den-op-tran-phong-khach-nanoco-ncl1333\/","title":{"rendered":"\u0110\u00e8n \u1ed0p Tr\u1ea7n Ph\u00f2ng Kh\u00e1ch Nanoco NCL1333\/NCL1331-6"},"content":{"rendered":"<h2 style=\"text-align: center;\"><span style=\"color: #000000;\">\u0110\u00e8n \u1ed0p Tr\u1ea7n Ph\u00f2ng Kh\u00e1ch Nanoco NCL1333\/NCL1331-6<\/span><\/h2>\n<h2><span style=\"color: #000000;\"><strong>T\u00e0i li\u1ec7u k\u1ef9 thu\u1eadt:<\/strong><\/span><\/h2>\n<p><span style=\"color: #000000;\"><strong><span style=\"color: #ff6600;\"><a style=\"color: #ff6600;\" href=\"https:\/\/thietbidienlama.com\/den-op-tran-phong-khach-nanoco-ncl1333\/\">\u0110\u00e8n \u1ed1p tr\u1ea7n NCL1331\/NCL1333<\/a><\/span> \u2013 \u00c1nh s\u00e1ng v\u00e0ng \u2013 NCL1331-6\/NCL1333-6 \u2013 \u00c1nh s\u00e1ng tr\u1eafng<\/strong><\/span><\/p>\n<ul>\n<li><span class=\"fontstyle0\" style=\"color: #000000;\">C\u00f4ng su\u1ea5t 15W\/AC200-240V<\/span><\/li>\n<li><span class=\"fontstyle0\" style=\"color: #000000;\">K\u00edch th\u01b0\u1edbc: \u00d8280mm\/H63mm \u2013 Tr\u1ecdng l\u01b0\u1ee3ng: 1.8kg<\/span><\/li>\n<li><span class=\"fontstyle0\" style=\"color: #000000;\">Quang th\u00f4ng: 1266lm \u2013 CRI: Ra84<\/span><\/li>\n<li><span class=\"fontstyle0\" style=\"color: #000000;\">PF: 0.93<\/span><\/li>\n<li><span class=\"fontstyle0\" style=\"color: #000000;\">Ch\u1ea5t li\u1ec7u: Nh\u00f4m \u0111\u00fac m\u00e0u x\u00e1m, n\u1eafp ch\u1ee5p nh\u1ef1a tr\u1eafng s\u1eefa<\/span><\/li>\n<li><span class=\"fontstyle0\" style=\"color: #000000;\">G\u00f3c chi\u1ebfu: 116\u00b0<\/span><\/li>\n<\/ul>\n<p><img fetchpriority=\"high\" decoding=\"async\" class=\"aligncenter wp-image-12697 size-medium\" src=\"http:\/\/thietbidienlama.com\/wp-content\/uploads\/2025\/02\/Den-Tran-NCL1333-15W-3000K-Nanoco-300x300.jpg\" alt=\"\u0110\u00e8n \u1ed0p Tr\u1ea7n Ph\u00f2ng Kh\u00e1ch\" width=\"300\" height=\"300\" srcset=\"https:\/\/www.thietbidienlama.com\/wp-content\/uploads\/2025\/02\/Den-Tran-NCL1333-15W-3000K-Nanoco-300x300.jpg 300w, https:\/\/www.thietbidienlama.com\/wp-content\/uploads\/2025\/02\/Den-Tran-NCL1333-15W-3000K-Nanoco-150x150.jpg 150w, https:\/\/www.thietbidienlama.com\/wp-content\/uploads\/2025\/02\/Den-Tran-NCL1333-15W-3000K-Nanoco-12x12.jpg 12w, https:\/\/www.thietbidienlama.com\/wp-content\/uploads\/2025\/02\/Den-Tran-NCL1333-15W-3000K-Nanoco.jpg 500w\" sizes=\"(max-width: 300px) 100vw, 300px\" \/><\/p>\n<p><span style=\"font-size: 12pt; color: #000000;\"><strong>S\u1ea3n Ph\u1ea9m T\u01b0\u01a1ng T\u1ef1:<\/strong><\/span><\/p>\n<p><a href=\"https:\/\/thietbidienlama.com\/den-lon-noi-euroto-ln-201\/\"><img decoding=\"async\" class=\"wp-image-11932 alignleft\" src=\"http:\/\/thietbidienlama.com\/wp-content\/uploads\/2025\/04\/den-lon-noi-trang-tri-ln-201-300x300.jpg\" alt=\"Den Lon Noi Trang Tri Ln 201\" width=\"300\" height=\"300\" srcset=\"https:\/\/www.thietbidienlama.com\/wp-content\/uploads\/2025\/04\/den-lon-noi-trang-tri-ln-201-300x300.jpg 300w, https:\/\/www.thietbidienlama.com\/wp-content\/uploads\/2025\/04\/den-lon-noi-trang-tri-ln-201-150x150.jpg 150w, https:\/\/www.thietbidienlama.com\/wp-content\/uploads\/2025\/04\/den-lon-noi-trang-tri-ln-201-12x12.jpg 12w, https:\/\/www.thietbidienlama.com\/wp-content\/uploads\/2025\/04\/den-lon-noi-trang-tri-ln-201.jpg 500w\" sizes=\"(max-width: 300px) 100vw, 300px\" \/><\/a><\/p>\n<p><a href=\"https:\/\/thietbidienlama.com\/den-lon-noi-nanoco-nsdl12w309040w54\/\"><img decoding=\"async\" class=\"size-medium wp-image-12696 alignnone\" src=\"http:\/\/thietbidienlama.com\/wp-content\/uploads\/2025\/02\/Den-Tru-NSDL12W309040W54-12W-3000K-Vo-Trang-Nanoco-300x300.jpg\" alt=\"\" width=\"300\" height=\"300\" srcset=\"https:\/\/www.thietbidienlama.com\/wp-content\/uploads\/2025\/02\/Den-Tru-NSDL12W309040W54-12W-3000K-Vo-Trang-Nanoco-300x300.jpg 300w, https:\/\/www.thietbidienlama.com\/wp-content\/uploads\/2025\/02\/Den-Tru-NSDL12W309040W54-12W-3000K-Vo-Trang-Nanoco-150x150.jpg 150w, https:\/\/www.thietbidienlama.com\/wp-content\/uploads\/2025\/02\/Den-Tru-NSDL12W309040W54-12W-3000K-Vo-Trang-Nanoco-12x12.jpg 12w, https:\/\/www.thietbidienlama.com\/wp-content\/uploads\/2025\/02\/Den-Tru-NSDL12W309040W54-12W-3000K-Vo-Trang-Nanoco.jpg 500w\" sizes=\"(max-width: 300px) 100vw, 300px\" \/><\/a> <a href=\"https:\/\/thietbidienlama.com\/den-lon-trang-tri-nanoco-nsdl12w409040b54\/\"><img loading=\"lazy\" decoding=\"async\" class=\"size-medium wp-image-12695 alignnone\" src=\"http:\/\/thietbidienlama.com\/wp-content\/uploads\/2025\/02\/Den-Tru-NSDL12W309040B54-12W-3000K-Vo-Den-Nanoco-300x300.jpg\" alt=\"\" width=\"300\" height=\"300\" srcset=\"https:\/\/www.thietbidienlama.com\/wp-content\/uploads\/2025\/02\/Den-Tru-NSDL12W309040B54-12W-3000K-Vo-Den-Nanoco-300x300.jpg 300w, https:\/\/www.thietbidienlama.com\/wp-content\/uploads\/2025\/02\/Den-Tru-NSDL12W309040B54-12W-3000K-Vo-Den-Nanoco-150x150.jpg 150w, https:\/\/www.thietbidienlama.com\/wp-content\/uploads\/2025\/02\/Den-Tru-NSDL12W309040B54-12W-3000K-Vo-Den-Nanoco-12x12.jpg 12w, https:\/\/www.thietbidienlama.com\/wp-content\/uploads\/2025\/02\/Den-Tru-NSDL12W309040B54-12W-3000K-Vo-Den-Nanoco.jpg 500w\" sizes=\"(max-width: 300px) 100vw, 300px\" \/><\/a><\/p>\n<p>&nbsp;<\/p>\n<p><span style=\"font-size: 12pt; color: #000000;\"><strong><em><i>LI\u00caN H\u1ec6 :<\/i><\/em><\/strong><\/span><\/p>\n<p><span style=\"font-size: 12pt; color: #000000;\"><strong><b>Hotline: 0935 228 204 ( Ms Lam )<\/b><\/strong><\/span><\/p>\n<p><span style=\"font-size: 12pt; color: #000000;\"><strong><b>Facebook:<\/b><\/strong>\u00a0<span style=\"color: #ff6600;\"><a style=\"color: #ff6600;\" href=\"https:\/\/www.facebook.com\/thietbidienlama\" target=\"_blank\" rel=\"noopener\"><strong><b>THI\u1ebeT\u00a0B\u1eca \u0110I\u1ec6N LAMA<\/b><\/strong><\/a><\/span><\/span><\/p>\n<p><span style=\"font-size: 12pt; color: #000000;\"><strong><b>Tiktok:<\/b><\/strong>\u00a0<span style=\"color: #ff6600;\"><a style=\"color: #ff6600;\" href=\"https:\/\/www.tiktok.com\/@thietbidienlama\" target=\"_blank\" rel=\"noopener\"><strong><b>THI\u1ebeT\u00a0B\u1eca \u0110I\u1ec6N LAMA<\/b><\/strong><\/a><\/span><\/span><\/p>","protected":false},"excerpt":{"rendered":"<p>\u0110\u00e8n \u1ed0p Tr\u1ea7n Ph\u00f2ng Kh\u00e1ch Nanoco NCL1333\/NCL1331-6 T\u00e0i li\u1ec7u k\u1ef9 thu\u1eadt: \u0110\u00e8n \u1ed1p tr\u1ea7n NCL1331\/NCL1333 \u2013 \u00c1nh s\u00e1ng v\u00e0ng \u2013<\/p>","protected":false},"featured_media":12697,"comment_status":"closed","ping_status":"closed","template":"","meta":[],"product_brand":[],"product_cat":[851,872,866],"product_tag":[],"class_list":{"0":"post-13055","1":"product","2":"type-product","3":"status-publish","4":"has-post-thumbnail","6":"product_cat-den-tran-phong-khach","7":"product_cat-den-tran-nanoco","8":"product_cat-thiet-bi-dien-nanoco","10":"first","11":"instock","12":"sale","13":"shipping-taxable","14":"purchasable","15":"product-type-simple"},"_links":{"self":[{"href":"https:\/\/www.thietbidienlama.com\/en\/wp-json\/wp\/v2\/product\/13055","targetHints":{"allow":["GET"]}}],"collection":[{"href":"https:\/\/www.thietbidienlama.com\/en\/wp-json\/wp\/v2\/product"}],"about":[{"href":"https:\/\/www.thietbidienlama.com\/en\/wp-json\/wp\/v2\/types\/product"}],"replies":[{"embeddable":true,"href":"https:\/\/www.thietbidienlama.com\/en\/wp-json\/wp\/v2\/comments?post=13055"}],"version-history":[{"count":7,"href":"https:\/\/www.thietbidienlama.com\/en\/wp-json\/wp\/v2\/product\/13055\/revisions"}],"predecessor-version":[{"id":13086,"href":"https:\/\/www.thietbidienlama.com\/en\/wp-json\/wp\/v2\/product\/13055\/revisions\/13086"}],"wp:featuredmedia":[{"embeddable":true,"href":"https:\/\/www.thietbidienlama.com\/en\/wp-json\/wp\/v2\/media\/12697"}],"wp:attachment":[{"href":"https:\/\/www.thietbidienlama.com\/en\/wp-json\/wp\/v2\/media?parent=13055"}],"wp:term":[{"taxonomy":"product_brand","embeddable":true,"href":"https:\/\/www.thietbidienlama.com\/en\/wp-json\/wp\/v2\/product_brand?post=13055"},{"taxonomy":"product_cat","embeddable":true,"href":"https:\/\/www.thietbidienlama.com\/en\/wp-json\/wp\/v2\/product_cat?post=13055"},{"taxonomy":"product_tag","embeddable":true,"href":"https:\/\/www.thietbidienlama.com\/en\/wp-json\/wp\/v2\/product_tag?post=13055"}],"curies":[{"name":"wp","href":"https:\/\/api.w.org\/{rel}","templated":true}]}}