{"id":13045,"date":"2025-09-17T13:56:09","date_gmt":"2025-09-17T06:56:09","guid":{"rendered":"https:\/\/thietbidienlama.com\/?post_type=product&#038;p=13045"},"modified":"2025-09-19T09:57:33","modified_gmt":"2025-09-19T02:57:33","slug":"den-lon-noi-nanoco-nsdl12w309040w54","status":"publish","type":"product","link":"https:\/\/www.thietbidienlama.com\/en\/den-lon-noi-nanoco-nsdl12w309040w54\/","title":{"rendered":"\u0110\u00e8n Lon N\u1ed5i Nanoco NSDL12W309040W54\/NSDL12W409040W54"},"content":{"rendered":"<h2 style=\"text-align: center;\">\u0110\u00e8n Lon N\u1ed5i Nanoco NSDL12W309040W54<\/h2>\n<h3><strong>Chi ti\u1ebft s\u1ea3n <span style=\"font-size: 12pt;\">ph\u1ea9m NSDL12W309040W54<\/span><\/strong><\/h3>\n<p><span style=\"color: #000000;\">C\u00f4ng su\u1ea5t: 12W<\/span><\/p>\n<p><span style=\"color: #000000;\">\u0110i\u1ec7n \u00e1p: 220Vac<\/span><\/p>\n<p><span style=\"color: #000000;\">Quang th\u00f4ng: 960lm<\/span><\/p>\n<p><span style=\"color: #000000;\">Nhi\u1ec7t \u0111\u1ed9 m\u00e0u: \u00c1nh s\u00e1ng v\u00e0ng 3000K<\/span><\/p>\n<p><span style=\"color: #000000;\">Ch\u1ec9 s\u1ed1 ho\u00e0n m\u00e0u: Ra90<\/span><\/p>\n<p><span style=\"color: #000000;\">H\u1ec7 s\u1ed1 c\u00f4ng su\u1ea5t: PF 0.9<\/span><\/p>\n<p><span style=\"color: #000000;\">G\u00f3c chi\u1ebfu: 40\u00b0<\/span><\/p>\n<p><span style=\"color: #000000;\">Tu\u1ed5i th\u1ecd: 35.000 gi\u1edd<\/span><\/p>\n<p><span style=\"color: #000000;\">K\u00edch th\u01b0\u1edbc: \u00d875*H100<\/span><\/p>\n<p><span style=\"color: #000000;\">S\u1eed d\u1ee5ng Triac Dimmer<\/span><\/p>\n<p><span style=\"color: #000000;\">M\u00e0u th\u00e2n \u0111\u00e8n \/ ch\u00f3a ph\u1ea3n quang: tr\u1eafng \/ tr\u1eafng<\/span><\/p>\n<p><span style=\"color: #000000;\">Ch\u1ea5t li\u1ec7u: Nh\u00f4m<\/span><\/p>\n<p><img fetchpriority=\"high\" decoding=\"async\" class=\"aligncenter wp-image-12696 size-medium\" src=\"http:\/\/thietbidienlama.com\/wp-content\/uploads\/2025\/02\/Den-Tru-NSDL12W309040W54-12W-3000K-Vo-Trang-Nanoco-300x300.jpg\" alt=\"\u0110\u00e8n Lon N\u1ed5i\" width=\"300\" height=\"300\" srcset=\"https:\/\/www.thietbidienlama.com\/wp-content\/uploads\/2025\/02\/Den-Tru-NSDL12W309040W54-12W-3000K-Vo-Trang-Nanoco-300x300.jpg 300w, https:\/\/www.thietbidienlama.com\/wp-content\/uploads\/2025\/02\/Den-Tru-NSDL12W309040W54-12W-3000K-Vo-Trang-Nanoco-150x150.jpg 150w, https:\/\/www.thietbidienlama.com\/wp-content\/uploads\/2025\/02\/Den-Tru-NSDL12W309040W54-12W-3000K-Vo-Trang-Nanoco-12x12.jpg 12w, https:\/\/www.thietbidienlama.com\/wp-content\/uploads\/2025\/02\/Den-Tru-NSDL12W309040W54-12W-3000K-Vo-Trang-Nanoco.jpg 500w\" sizes=\"(max-width: 300px) 100vw, 300px\" \/><\/p>\n<table style=\"width: 99.3684%; height: 130px;\" cellspacing=\"0\">\n<tbody>\n<tr style=\"height: 48px;\">\n<td class=\"xl74\" style=\"height: 48px;\"><span style=\"color: #000000;\"><strong>M\u00e3 s\u1ea3n ph\u1ea9m<\/strong><\/span><\/td>\n<td class=\"xl70\" style=\"height: 48px;\"><span style=\"color: #000000;\"><strong>C\u00f4ng su\u1ea5t\/<br \/>\n\u0110i\u1ec7n th\u1ebf s\u1eed d\u1ee5ng<\/strong><\/span><\/td>\n<td class=\"xl70\" style=\"height: 48px;\"><span style=\"color: #000000;\"><strong>M\u00e0u \u00e1nh s\u00e1ng<\/strong><\/span><\/td>\n<td class=\"xl70\" style=\"height: 48px;\"><span style=\"color: #000000;\"><strong>M\u00e0u th\u00e2n \u0111\u00e8n\/ Ch\u00f3a ph\u1ea3n quang<\/strong><\/span><\/td>\n<td class=\"xl71\" style=\"height: 48px;\"><span style=\"color: #000000;\"><strong>Quang th\u00f4ng (lm)<\/strong><\/span><\/td>\n<td class=\"xl70\" style=\"height: 48px;\"><span style=\"color: #000000;\"><strong>K\u00edch th\u01b0\u1edbc s\u1ea3n ph\u1ea9m (mm)<\/strong><\/span><\/td>\n<td class=\"xl70\" style=\"height: 48px;\"><span style=\"color: #000000;\"><strong>\u0110\u00f3ng g\u00f3i<\/strong><\/span><\/td>\n<\/tr>\n<tr style=\"height: 24px;\">\n<td class=\"xl75\" style=\"height: 24px;\"><span style=\"color: #000000;\"><strong>NSDL12W309040W54<\/strong><\/span><\/td>\n<td class=\"xl72\" style=\"height: 82px;\" rowspan=\"4\"><span style=\"color: #000000;\">12W\/220V<\/span><\/td>\n<td class=\"xl65\" style=\"height: 24px;\"><span style=\"color: #000000;\">V\u00e0ng 3000K<\/span><\/td>\n<td class=\"xl66\" style=\"height: 48px;\" rowspan=\"2\"><span style=\"color: #000000;\">Tr\u1eafng\/Tr\u1eafng<\/span><\/td>\n<td class=\"xl72\" style=\"height: 82px;\" rowspan=\"4\"><span style=\"color: #000000;\">960<\/span><\/td>\n<td class=\"xl72\" style=\"height: 82px;\" rowspan=\"4\"><span style=\"color: #000000;\">\u03a675*H100<\/span><\/td>\n<td class=\"xl72\" style=\"height: 82px;\" rowspan=\"4\"><span style=\"color: #000000;\">50 c\u00e1i\/th\u00f9ng<\/span><\/td>\n<\/tr>\n<tr style=\"height: 24px;\">\n<td class=\"xl75\" style=\"height: 24px;\"><span style=\"color: #000000;\"><strong>NSDL12W409040W54<\/strong><\/span><\/td>\n<td class=\"xl65\" style=\"height: 24px;\"><span style=\"color: #000000;\">Trung T\u00ednh 4000K<\/span><\/td>\n<\/tr>\n<tr style=\"height: 10px;\">\n<td class=\"xl75\" style=\"height: 10px;\"><\/td>\n<td class=\"xl65\" style=\"height: 10px;\"><\/td>\n<td class=\"xl66\" style=\"height: 34px;\" rowspan=\"2\"><\/td>\n<\/tr>\n<tr style=\"height: 24px;\">\n<td class=\"xl76\" style=\"height: 24px;\"><\/td>\n<td class=\"xl68\" style=\"height: 24px;\"><\/td>\n<\/tr>\n<\/tbody>\n<\/table>\n<p>&nbsp;<\/p>\n<p><span style=\"color: #000000;\"><strong><span style=\"font-size: 12pt;\">S\u1ea3n Ph\u1ea9m T\u01b0\u01a1ng T\u1ef1:<\/span><\/strong><\/span><\/p>\n<p><a href=\"https:\/\/thietbidienlama.com\/den-lon-noi-euroto-ln-201\/\"><img decoding=\"async\" class=\"alignnone wp-image-11932\" src=\"http:\/\/thietbidienlama.com\/wp-content\/uploads\/2025\/04\/den-lon-noi-trang-tri-ln-201-300x300.jpg\" alt=\"Den Lon Noi Trang Tri Ln 201\" width=\"255\" height=\"255\" srcset=\"https:\/\/www.thietbidienlama.com\/wp-content\/uploads\/2025\/04\/den-lon-noi-trang-tri-ln-201-300x300.jpg 300w, https:\/\/www.thietbidienlama.com\/wp-content\/uploads\/2025\/04\/den-lon-noi-trang-tri-ln-201-150x150.jpg 150w, https:\/\/www.thietbidienlama.com\/wp-content\/uploads\/2025\/04\/den-lon-noi-trang-tri-ln-201-12x12.jpg 12w, https:\/\/www.thietbidienlama.com\/wp-content\/uploads\/2025\/04\/den-lon-noi-trang-tri-ln-201.jpg 500w\" sizes=\"(max-width: 255px) 100vw, 255px\" \/><\/a><a href=\"https:\/\/thietbidienlama.com\/den-op-tran-phong-khach-nanoco-ncl1333\/\"><img decoding=\"async\" class=\"alignnone size-medium wp-image-12697\" src=\"http:\/\/thietbidienlama.com\/wp-content\/uploads\/2025\/02\/Den-Tran-NCL1333-15W-3000K-Nanoco-300x300.jpg\" alt=\"\" width=\"300\" height=\"300\" srcset=\"https:\/\/www.thietbidienlama.com\/wp-content\/uploads\/2025\/02\/Den-Tran-NCL1333-15W-3000K-Nanoco-300x300.jpg 300w, https:\/\/www.thietbidienlama.com\/wp-content\/uploads\/2025\/02\/Den-Tran-NCL1333-15W-3000K-Nanoco-150x150.jpg 150w, https:\/\/www.thietbidienlama.com\/wp-content\/uploads\/2025\/02\/Den-Tran-NCL1333-15W-3000K-Nanoco-12x12.jpg 12w, https:\/\/www.thietbidienlama.com\/wp-content\/uploads\/2025\/02\/Den-Tran-NCL1333-15W-3000K-Nanoco.jpg 500w\" sizes=\"(max-width: 300px) 100vw, 300px\" \/><\/a><a href=\"https:\/\/thietbidienlama.com\/den-lon-trang-tri-nanoco-nsdl12w409040b54\/\"><img loading=\"lazy\" decoding=\"async\" class=\"alignnone size-medium wp-image-12695\" src=\"http:\/\/thietbidienlama.com\/wp-content\/uploads\/2025\/02\/Den-Tru-NSDL12W309040B54-12W-3000K-Vo-Den-Nanoco-300x300.jpg\" alt=\"\" width=\"300\" height=\"300\" srcset=\"https:\/\/www.thietbidienlama.com\/wp-content\/uploads\/2025\/02\/Den-Tru-NSDL12W309040B54-12W-3000K-Vo-Den-Nanoco-300x300.jpg 300w, https:\/\/www.thietbidienlama.com\/wp-content\/uploads\/2025\/02\/Den-Tru-NSDL12W309040B54-12W-3000K-Vo-Den-Nanoco-150x150.jpg 150w, https:\/\/www.thietbidienlama.com\/wp-content\/uploads\/2025\/02\/Den-Tru-NSDL12W309040B54-12W-3000K-Vo-Den-Nanoco-12x12.jpg 12w, https:\/\/www.thietbidienlama.com\/wp-content\/uploads\/2025\/02\/Den-Tru-NSDL12W309040B54-12W-3000K-Vo-Den-Nanoco.jpg 500w\" sizes=\"(max-width: 300px) 100vw, 300px\" \/><\/a><\/p>\n<p><span style=\"color: #000000;\"><strong><em><i>LI\u00caN H\u1ec6 :<\/i><\/em><\/strong><\/span><\/p>\n<p><span style=\"color: #000000;\"><strong><b>Hotline: 0935 228 204 ( Ms Lam )<\/b><\/strong><\/span><\/p>\n<p><span style=\"color: #000000;\"><strong><b>Facebook:<\/b><\/strong>\u00a0<a style=\"color: #000000;\" href=\"https:\/\/www.facebook.com\/thietbidienlama\" target=\"_blank\" rel=\"noopener\"><strong><b><span style=\"color: #ff6600;\">THI\u1ebeT<\/span> <span style=\"color: #ff6600;\">B\u1eca \u0110I\u1ec6N LAMA<\/span><\/b><\/strong><\/a><\/span><\/p>\n<p><span style=\"color: #000000;\"><strong><b>Tiktok:<\/b><\/strong>\u00a0<a style=\"color: #000000;\" href=\"https:\/\/www.tiktok.com\/@thietbidienlama\" target=\"_blank\" rel=\"noopener\"><strong><b><span style=\"color: #ff6600;\">THI\u1ebeT<\/span> <span style=\"color: #ff6600;\">B\u1eca \u0110I\u1ec6N LAMA<\/span><\/b><\/strong><\/a><\/span><\/p>","protected":false},"excerpt":{"rendered":"<p>\u0110\u00e8n Lon N\u1ed5i Nanoco NSDL12W309040W54 Chi ti\u1ebft s\u1ea3n ph\u1ea9m NSDL12W309040W54 C\u00f4ng su\u1ea5t: 12W \u0110i\u1ec7n \u00e1p: 220Vac Quang th\u00f4ng: 960lm Nhi\u1ec7t<\/p>","protected":false},"featured_media":12696,"comment_status":"closed","ping_status":"closed","template":"","meta":[],"product_brand":[],"product_cat":[846,869,866],"product_tag":[],"class_list":{"0":"post-13045","1":"product","2":"type-product","3":"status-publish","4":"has-post-thumbnail","6":"product_cat-den-lon-trang-tri","7":"product_cat-den-lon-nanoco","8":"product_cat-thiet-bi-dien-nanoco","10":"first","11":"instock","12":"sale","13":"shipping-taxable","14":"purchasable","15":"product-type-simple"},"_links":{"self":[{"href":"https:\/\/www.thietbidienlama.com\/en\/wp-json\/wp\/v2\/product\/13045","targetHints":{"allow":["GET"]}}],"collection":[{"href":"https:\/\/www.thietbidienlama.com\/en\/wp-json\/wp\/v2\/product"}],"about":[{"href":"https:\/\/www.thietbidienlama.com\/en\/wp-json\/wp\/v2\/types\/product"}],"replies":[{"embeddable":true,"href":"https:\/\/www.thietbidienlama.com\/en\/wp-json\/wp\/v2\/comments?post=13045"}],"version-history":[{"count":6,"href":"https:\/\/www.thietbidienlama.com\/en\/wp-json\/wp\/v2\/product\/13045\/revisions"}],"predecessor-version":[{"id":13047,"href":"https:\/\/www.thietbidienlama.com\/en\/wp-json\/wp\/v2\/product\/13045\/revisions\/13047"}],"wp:featuredmedia":[{"embeddable":true,"href":"https:\/\/www.thietbidienlama.com\/en\/wp-json\/wp\/v2\/media\/12696"}],"wp:attachment":[{"href":"https:\/\/www.thietbidienlama.com\/en\/wp-json\/wp\/v2\/media?parent=13045"}],"wp:term":[{"taxonomy":"product_brand","embeddable":true,"href":"https:\/\/www.thietbidienlama.com\/en\/wp-json\/wp\/v2\/product_brand?post=13045"},{"taxonomy":"product_cat","embeddable":true,"href":"https:\/\/www.thietbidienlama.com\/en\/wp-json\/wp\/v2\/product_cat?post=13045"},{"taxonomy":"product_tag","embeddable":true,"href":"https:\/\/www.thietbidienlama.com\/en\/wp-json\/wp\/v2\/product_tag?post=13045"}],"curies":[{"name":"wp","href":"https:\/\/api.w.org\/{rel}","templated":true}]}}