{"id":13018,"date":"2025-09-16T14:36:44","date_gmt":"2025-09-16T07:36:44","guid":{"rendered":"https:\/\/thietbidienlama.com\/?post_type=product&#038;p=13018"},"modified":"2025-09-19T09:41:48","modified_gmt":"2025-09-19T02:41:48","slug":"den-trang-tri-ngoai-troi-chong-nuoc-nanoco","status":"publish","type":"product","link":"https:\/\/www.thietbidienlama.com\/en\/den-trang-tri-ngoai-troi-chong-nuoc-nanoco\/","title":{"rendered":"\u0110\u00e8n Trang Tr\u00ed Ngo\u00e0i Tr\u1eddi Ch\u1ed1ng N\u01b0\u1edbc Nanoco NBLS22411"},"content":{"rendered":"<h2 style=\"text-align: center;\"><span style=\"color: #000000;\">\u0110\u00e8n Trang Tr\u00ed Ngo\u00e0i Tr\u1eddi Ch\u1ed1ng N\u01b0\u1edbc Nanoco NBLS22411<\/span><\/h2>\n<h3><span style=\"color: #000000;\"><strong>Th\u00f4ng tin s\u1ea3n ph\u1ea9m :<\/strong><\/span><\/h3>\n<p><img fetchpriority=\"high\" decoding=\"async\" class=\"aligncenter wp-image-12676 size-medium\" src=\"http:\/\/thietbidienlama.com\/wp-content\/uploads\/2025\/02\/Den-Trang-Tri-Ngoai-Troi-NBLS22411-Anh-Sang-Vang-3000K-Nanoco-300x300.jpg\" alt=\"\u0110\u00e8n Trang Tr\u00ed Ngo\u00e0i Tr\u1eddi Ch\u1ed1ng N\u01b0\u1edbc Nanoco NBLS22411\" width=\"300\" height=\"300\" srcset=\"https:\/\/www.thietbidienlama.com\/wp-content\/uploads\/2025\/02\/Den-Trang-Tri-Ngoai-Troi-NBLS22411-Anh-Sang-Vang-3000K-Nanoco-300x300.jpg 300w, https:\/\/www.thietbidienlama.com\/wp-content\/uploads\/2025\/02\/Den-Trang-Tri-Ngoai-Troi-NBLS22411-Anh-Sang-Vang-3000K-Nanoco-150x150.jpg 150w, https:\/\/www.thietbidienlama.com\/wp-content\/uploads\/2025\/02\/Den-Trang-Tri-Ngoai-Troi-NBLS22411-Anh-Sang-Vang-3000K-Nanoco-12x12.jpg 12w, https:\/\/www.thietbidienlama.com\/wp-content\/uploads\/2025\/02\/Den-Trang-Tri-Ngoai-Troi-NBLS22411-Anh-Sang-Vang-3000K-Nanoco.jpg 500w\" sizes=\"(max-width: 300px) 100vw, 300px\" \/><\/p>\n<ul>\n<li><span style=\"color: #000000;\">M\u00e3 s\u1ea3n ph\u1ea9m:\u00a0<b>NBLS22411<\/b><\/span><\/li>\n<li><span style=\"color: #000000;\">C\u00f4ng su\u1ea5t : Led 5W\/ AC220V-50Hz<\/span><\/li>\n<li><span style=\"color: #000000;\">Chip led Bridgelux3030<\/span><\/li>\n<li><span style=\"color: #000000;\">\u00c1nh s\u00e1ng v\u00e0ng 3000K<\/span><\/li>\n<li><span style=\"color: #000000;\">K\u00edch th\u01b0\u1edbc: D90*H160mm<\/span><\/li>\n<li><span style=\"color: #000000;\">C\u1ea5p b\u1ea3o v\u1ec7 IP65<\/span><\/li>\n<li><span style=\"color: #000000;\">Ch\u1ea5t li\u1ec7u: Nh\u00f4m \u0111\u00fac m\u00e0u \u00a0\u0111en\u00a0<\/span><\/li>\n<li><span style=\"color: #000000;\">G\u00f3c chi\u1ebfu: 60\u00a0\u0111\u1ed9<\/span><\/li>\n<\/ul>\n<p><img decoding=\"async\" class=\"alignnone size-medium wp-image-13019 aligncenter\" src=\"http:\/\/thietbidienlama.com\/wp-content\/uploads\/2025\/09\/Den-Trang-Tri-Ngoai-Troi-Chong-Nuoc-Nanoco-NBLS22411-300x300.jpg\" alt=\"\" width=\"300\" height=\"300\" srcset=\"https:\/\/www.thietbidienlama.com\/wp-content\/uploads\/2025\/09\/Den-Trang-Tri-Ngoai-Troi-Chong-Nuoc-Nanoco-NBLS22411-300x300.jpg 300w, https:\/\/www.thietbidienlama.com\/wp-content\/uploads\/2025\/09\/Den-Trang-Tri-Ngoai-Troi-Chong-Nuoc-Nanoco-NBLS22411-150x150.jpg 150w, https:\/\/www.thietbidienlama.com\/wp-content\/uploads\/2025\/09\/Den-Trang-Tri-Ngoai-Troi-Chong-Nuoc-Nanoco-NBLS22411-12x12.jpg 12w, https:\/\/www.thietbidienlama.com\/wp-content\/uploads\/2025\/09\/Den-Trang-Tri-Ngoai-Troi-Chong-Nuoc-Nanoco-NBLS22411.jpg 500w\" sizes=\"(max-width: 300px) 100vw, 300px\" \/><\/p>\n<p><span style=\"color: #000000;\"><strong>S\u1ea3n Ph\u1ea9m T\u01b0\u01a1ng T\u1ef1:<\/strong><\/span><\/p>\n<p>&nbsp;<\/p>\n<p><a href=\"https:\/\/thietbidienlama.com\/den-trang-tri-ngoai-troi-nbls13sq-3000k-nanoco\/\"><img decoding=\"async\" class=\"alignnone wp-image-12674 size-medium\" src=\"http:\/\/thietbidienlama.com\/wp-content\/uploads\/2025\/02\/Den-Trang-Tri-Ngoai-Troi-NBLS13SQ-Anh-Sang-Vang-3000K-Nanoco-300x300.jpg\" sizes=\"(max-width: 300px) 100vw, 300px\" srcset=\"https:\/\/thietbidienlama.com\/wp-content\/uploads\/2025\/02\/Den-Trang-Tri-Ngoai-Troi-NBLS13SQ-Anh-Sang-Vang-3000K-Nanoco-300x300.jpg 300w, https:\/\/thietbidienlama.com\/wp-content\/uploads\/2025\/02\/Den-Trang-Tri-Ngoai-Troi-NBLS13SQ-Anh-Sang-Vang-3000K-Nanoco-150x150.jpg 150w, https:\/\/thietbidienlama.com\/wp-content\/uploads\/2025\/02\/Den-Trang-Tri-Ngoai-Troi-NBLS13SQ-Anh-Sang-Vang-3000K-Nanoco-12x12.jpg 12w, https:\/\/thietbidienlama.com\/wp-content\/uploads\/2025\/02\/Den-Trang-Tri-Ngoai-Troi-NBLS13SQ-Anh-Sang-Vang-3000K-Nanoco.jpg 500w\" alt=\"\u0110\u00e8n Trang Tr\u00ed Ngo\u00e0i Tr\u1eddi Nanoco NBLS13SQ \u2013 3000K\" width=\"300\" height=\"300\" \/><\/a><a href=\"https:\/\/thietbidienlama.com\/den-led-trang-tri-ngoai-troi-nanoco-nbls8003\/\"><img loading=\"lazy\" decoding=\"async\" class=\"alignnone wp-image-12680 size-medium\" src=\"http:\/\/thietbidienlama.com\/wp-content\/uploads\/2025\/02\/Den-Trang-Tri-Ngoai-Troi-NBLS8003-Anh-Sang-Vang-3000K-Nanoco-300x300.jpg\" alt=\"\u0110\u00e8n Led Trang Tr\u00ed Ngo\u00e0i Tr\u1eddi Nanoco NBLS8003\" width=\"300\" height=\"300\" srcset=\"https:\/\/www.thietbidienlama.com\/wp-content\/uploads\/2025\/02\/Den-Trang-Tri-Ngoai-Troi-NBLS8003-Anh-Sang-Vang-3000K-Nanoco-300x300.jpg 300w, https:\/\/www.thietbidienlama.com\/wp-content\/uploads\/2025\/02\/Den-Trang-Tri-Ngoai-Troi-NBLS8003-Anh-Sang-Vang-3000K-Nanoco-150x150.jpg 150w, https:\/\/www.thietbidienlama.com\/wp-content\/uploads\/2025\/02\/Den-Trang-Tri-Ngoai-Troi-NBLS8003-Anh-Sang-Vang-3000K-Nanoco-12x12.jpg 12w, https:\/\/www.thietbidienlama.com\/wp-content\/uploads\/2025\/02\/Den-Trang-Tri-Ngoai-Troi-NBLS8003-Anh-Sang-Vang-3000K-Nanoco.jpg 500w\" sizes=\"(max-width: 300px) 100vw, 300px\" \/><\/a><a href=\"https:\/\/thietbidienlama.com\/den-gan-tuong-trang-tri-nanoco-nbls22412\/\"><img loading=\"lazy\" decoding=\"async\" class=\"alignnone wp-image-12678 size-medium\" src=\"http:\/\/thietbidienlama.com\/wp-content\/uploads\/2025\/02\/Den-Trang-Tri-Ngoai-Troi-NBLS22412-Anh-Sang-Vang-3000K-Nanoco-300x300.jpg\" alt=\"\u0110\u00e8n G\u1eafn T\u01b0\u1eddng Trang Tr\u00ed Nanoco NBLS22412\" width=\"300\" height=\"300\" srcset=\"https:\/\/www.thietbidienlama.com\/wp-content\/uploads\/2025\/02\/Den-Trang-Tri-Ngoai-Troi-NBLS22412-Anh-Sang-Vang-3000K-Nanoco-300x300.jpg 300w, https:\/\/www.thietbidienlama.com\/wp-content\/uploads\/2025\/02\/Den-Trang-Tri-Ngoai-Troi-NBLS22412-Anh-Sang-Vang-3000K-Nanoco-150x150.jpg 150w, https:\/\/www.thietbidienlama.com\/wp-content\/uploads\/2025\/02\/Den-Trang-Tri-Ngoai-Troi-NBLS22412-Anh-Sang-Vang-3000K-Nanoco-12x12.jpg 12w, https:\/\/www.thietbidienlama.com\/wp-content\/uploads\/2025\/02\/Den-Trang-Tri-Ngoai-Troi-NBLS22412-Anh-Sang-Vang-3000K-Nanoco.jpg 500w\" sizes=\"(max-width: 300px) 100vw, 300px\" \/><\/a><\/p>\n<p><span style=\"font-size: 12pt; color: #000000;\"><strong><em><i>LI\u00caN H\u1ec6 :<\/i><\/em><\/strong><\/span><\/p>\n<p><span style=\"font-size: 12pt; color: #000000;\"><strong><b>Hotline: 0935 228 204 ( Ms Lam )<\/b><\/strong><\/span><\/p>\n<p><span style=\"font-size: 12pt; color: #000000;\"><strong><b>Facebook:<\/b><\/strong>\u00a0<span style=\"color: #ff6600;\"><a style=\"color: #ff6600;\" href=\"https:\/\/www.facebook.com\/thietbidienlama\" target=\"_blank\" rel=\"noopener\"><strong><b>THI\u1ebeT\u00a0B\u1eca \u0110I\u1ec6N LAMA<\/b><\/strong><\/a><\/span><\/span><\/p>\n<p><span style=\"font-size: 12pt; color: #000000;\"><strong><b>Tiktok:<\/b><\/strong>\u00a0<span style=\"color: #ff6600;\"><a style=\"color: #ff6600;\" href=\"https:\/\/www.tiktok.com\/@thietbidienlama\" target=\"_blank\" rel=\"noopener\"><strong><b>THI\u1ebeT\u00a0B\u1eca \u0110I\u1ec6N LAMA<\/b><\/strong><\/a><\/span><\/span><\/p>","protected":false},"excerpt":{"rendered":"<p>\u0110\u00e8n Trang Tr\u00ed Ngo\u00e0i Tr\u1eddi Ch\u1ed1ng N\u01b0\u1edbc Nanoco NBLS22411 Th\u00f4ng tin s\u1ea3n ph\u1ea9m : M\u00e3 s\u1ea3n ph\u1ea9m:\u00a0NBLS22411 C\u00f4ng su\u1ea5t :<\/p>","protected":false},"featured_media":12676,"comment_status":"closed","ping_status":"closed","template":"","meta":[],"product_brand":[],"product_cat":[847,868,866],"product_tag":[],"class_list":{"0":"post-13018","1":"product","2":"type-product","3":"status-publish","4":"has-post-thumbnail","6":"product_cat-den-trang-tri-ngoai-troi","7":"product_cat-den-trang-tri-nanoco","8":"product_cat-thiet-bi-dien-nanoco","10":"first","11":"instock","12":"sale","13":"shipping-taxable","14":"purchasable","15":"product-type-simple"},"_links":{"self":[{"href":"https:\/\/www.thietbidienlama.com\/en\/wp-json\/wp\/v2\/product\/13018","targetHints":{"allow":["GET"]}}],"collection":[{"href":"https:\/\/www.thietbidienlama.com\/en\/wp-json\/wp\/v2\/product"}],"about":[{"href":"https:\/\/www.thietbidienlama.com\/en\/wp-json\/wp\/v2\/types\/product"}],"replies":[{"embeddable":true,"href":"https:\/\/www.thietbidienlama.com\/en\/wp-json\/wp\/v2\/comments?post=13018"}],"version-history":[{"count":4,"href":"https:\/\/www.thietbidienlama.com\/en\/wp-json\/wp\/v2\/product\/13018\/revisions"}],"predecessor-version":[{"id":13078,"href":"https:\/\/www.thietbidienlama.com\/en\/wp-json\/wp\/v2\/product\/13018\/revisions\/13078"}],"wp:featuredmedia":[{"embeddable":true,"href":"https:\/\/www.thietbidienlama.com\/en\/wp-json\/wp\/v2\/media\/12676"}],"wp:attachment":[{"href":"https:\/\/www.thietbidienlama.com\/en\/wp-json\/wp\/v2\/media?parent=13018"}],"wp:term":[{"taxonomy":"product_brand","embeddable":true,"href":"https:\/\/www.thietbidienlama.com\/en\/wp-json\/wp\/v2\/product_brand?post=13018"},{"taxonomy":"product_cat","embeddable":true,"href":"https:\/\/www.thietbidienlama.com\/en\/wp-json\/wp\/v2\/product_cat?post=13018"},{"taxonomy":"product_tag","embeddable":true,"href":"https:\/\/www.thietbidienlama.com\/en\/wp-json\/wp\/v2\/product_tag?post=13018"}],"curies":[{"name":"wp","href":"https:\/\/api.w.org\/{rel}","templated":true}]}}