{"id":12996,"date":"2025-09-12T06:44:58","date_gmt":"2025-09-11T23:44:58","guid":{"rendered":"https:\/\/thietbidienlama.com\/?post_type=product&#038;p=12996"},"modified":"2025-09-19T09:50:35","modified_gmt":"2025-09-19T02:50:35","slug":"den-trang-tri-ngoai-troi-nbls13sq-3000k-nanoco","status":"publish","type":"product","link":"https:\/\/www.thietbidienlama.com\/en\/den-trang-tri-ngoai-troi-nbls13sq-3000k-nanoco\/","title":{"rendered":"\u0110\u00e8n Trang Tr\u00ed Ngo\u00e0i Tr\u1eddi Nanoco NBLS13SQ &#8211; 3000K"},"content":{"rendered":"<h2 style=\"text-align: center;\"><span style=\"color: #000000;\">\u0110\u00e8n Trang Tr\u00ed Ngo\u00e0i Tr\u1eddi &#8211; NBLS13SQ &#8211; 3000K &#8211; Nanoco<\/span><\/h2>\n<h3><span style=\"color: #000000;\"><strong>Th\u00f4ng tin s\u1ea3n ph\u1ea9m :<\/strong><\/span><\/h3>\n<ul>\n<li><span style=\"color: #000000;\">M\u00e3 s\u1ea3n ph\u1ea9m:\u00a0<span style=\"color: #ff6600;\"><a style=\"color: #ff6600;\" href=\"https:\/\/thietbidienlama.com\/den-trang-tri-ngoai-troi-nbls13sq-3000k-nanoco\/\"><strong>NBLS13SQ<\/strong><\/a><\/span><\/span><\/li>\n<li><span style=\"color: #000000;\">C\u00f4ng su\u1ea5t : Led 6W\/ AC220V-50Hz<\/span><\/li>\n<li><span style=\"color: #000000;\">Chip led Bridgelux3030<\/span><\/li>\n<li><span style=\"color: #000000;\">\u00c1nh s\u00e1ng v\u00e0ng 3000K<\/span><\/li>\n<li><span style=\"color: #000000;\">K\u00edch th\u01b0\u1edbc: 100*100*100mm<\/span><\/li>\n<li><span style=\"color: #000000;\">C\u1ea5p b\u1ea3o v\u1ec7 IP65<\/span><\/li>\n<li><span style=\"color: #000000;\">Ch\u1ea5t li\u1ec7u: Nh\u00f4m \u0111\u00fac m\u00e0u \u00a0\u0111en\u00a0<\/span><\/li>\n<li><span style=\"color: #000000;\">G\u00f3c chi\u1ebfu: 60\u00a0\u0111\u1ed9<\/span><\/li>\n<\/ul>\n<p><img fetchpriority=\"high\" decoding=\"async\" class=\"alignnone size-medium wp-image-12674 aligncenter\" src=\"http:\/\/thietbidienlama.com\/wp-content\/uploads\/2025\/02\/Den-Trang-Tri-Ngoai-Troi-NBLS13SQ-Anh-Sang-Vang-3000K-Nanoco-300x300.jpg\" alt=\"\" width=\"300\" height=\"300\" srcset=\"https:\/\/www.thietbidienlama.com\/wp-content\/uploads\/2025\/02\/Den-Trang-Tri-Ngoai-Troi-NBLS13SQ-Anh-Sang-Vang-3000K-Nanoco-300x300.jpg 300w, https:\/\/www.thietbidienlama.com\/wp-content\/uploads\/2025\/02\/Den-Trang-Tri-Ngoai-Troi-NBLS13SQ-Anh-Sang-Vang-3000K-Nanoco-150x150.jpg 150w, https:\/\/www.thietbidienlama.com\/wp-content\/uploads\/2025\/02\/Den-Trang-Tri-Ngoai-Troi-NBLS13SQ-Anh-Sang-Vang-3000K-Nanoco-12x12.jpg 12w, https:\/\/www.thietbidienlama.com\/wp-content\/uploads\/2025\/02\/Den-Trang-Tri-Ngoai-Troi-NBLS13SQ-Anh-Sang-Vang-3000K-Nanoco.jpg 500w\" sizes=\"(max-width: 300px) 100vw, 300px\" \/><\/p>\n<p><strong><span style=\"font-size: 12pt; color: #000000;\">S\u1ea3n Ph\u1ea9m T\u01b0\u01a1ng T\u1ef1:<\/span><\/strong><\/p>\n<p><span style=\"font-size: 12pt; color: #000000;\"><a href=\"https:\/\/thietbidienlama.com\/den-led-trang-tri-ngoai-troi-nanoco-nbls8003\/\"><img decoding=\"async\" class=\"alignnone wp-image-12680 size-medium\" src=\"http:\/\/thietbidienlama.com\/wp-content\/uploads\/2025\/02\/Den-Trang-Tri-Ngoai-Troi-NBLS8003-Anh-Sang-Vang-3000K-Nanoco-300x300.jpg\" alt=\"\u0110\u00e8n Led Trang Tr\u00ed Ngo\u00e0i Tr\u1eddi Nanoco NBLS8003\" width=\"300\" height=\"300\" srcset=\"https:\/\/www.thietbidienlama.com\/wp-content\/uploads\/2025\/02\/Den-Trang-Tri-Ngoai-Troi-NBLS8003-Anh-Sang-Vang-3000K-Nanoco-300x300.jpg 300w, https:\/\/www.thietbidienlama.com\/wp-content\/uploads\/2025\/02\/Den-Trang-Tri-Ngoai-Troi-NBLS8003-Anh-Sang-Vang-3000K-Nanoco-150x150.jpg 150w, https:\/\/www.thietbidienlama.com\/wp-content\/uploads\/2025\/02\/Den-Trang-Tri-Ngoai-Troi-NBLS8003-Anh-Sang-Vang-3000K-Nanoco-12x12.jpg 12w, https:\/\/www.thietbidienlama.com\/wp-content\/uploads\/2025\/02\/Den-Trang-Tri-Ngoai-Troi-NBLS8003-Anh-Sang-Vang-3000K-Nanoco.jpg 500w\" sizes=\"(max-width: 300px) 100vw, 300px\" \/><\/a><a style=\"color: #000000;\" href=\"https:\/\/thietbidienlama.com\/den-trang-tri-ngoai-troi-nbls031-nanoco\/\"><img decoding=\"async\" class=\"alignnone wp-image-12673 size-medium\" src=\"http:\/\/thietbidienlama.com\/wp-content\/uploads\/2025\/02\/Den-Trang-Tri-Ngoai-Troi-NBLS031-Anh-Sang-Vang-3000K-Nanoco-300x300.jpg\" sizes=\"(max-width: 300px) 100vw, 300px\" srcset=\"https:\/\/thietbidienlama.com\/wp-content\/uploads\/2025\/02\/Den-Trang-Tri-Ngoai-Troi-NBLS031-Anh-Sang-Vang-3000K-Nanoco-300x300.jpg 300w, https:\/\/thietbidienlama.com\/wp-content\/uploads\/2025\/02\/Den-Trang-Tri-Ngoai-Troi-NBLS031-Anh-Sang-Vang-3000K-Nanoco-150x150.jpg 150w, https:\/\/thietbidienlama.com\/wp-content\/uploads\/2025\/02\/Den-Trang-Tri-Ngoai-Troi-NBLS031-Anh-Sang-Vang-3000K-Nanoco-12x12.jpg 12w, https:\/\/thietbidienlama.com\/wp-content\/uploads\/2025\/02\/Den-Trang-Tri-Ngoai-Troi-NBLS031-Anh-Sang-Vang-3000K-Nanoco.jpg 500w\" alt=\"\" width=\"300\" height=\"300\" \/><\/a><a style=\"color: #000000;\" href=\"https:\/\/thietbidienlama.com\/den-trang-tri-tuong-ngoai-troi-nanoco-nbls04\/\"><img loading=\"lazy\" decoding=\"async\" class=\"alignnone wp-image-12675 size-medium\" src=\"http:\/\/thietbidienlama.com\/wp-content\/uploads\/2025\/02\/Den-Trang-Tri-Ngoai-Troi-NBLS04-Anh-Sang-Vang-3000K-Nanoco-300x300.jpg\" sizes=\"(max-width: 300px) 100vw, 300px\" srcset=\"https:\/\/thietbidienlama.com\/wp-content\/uploads\/2025\/02\/Den-Trang-Tri-Ngoai-Troi-NBLS04-Anh-Sang-Vang-3000K-Nanoco-300x300.jpg 300w, https:\/\/thietbidienlama.com\/wp-content\/uploads\/2025\/02\/Den-Trang-Tri-Ngoai-Troi-NBLS04-Anh-Sang-Vang-3000K-Nanoco-150x150.jpg 150w, https:\/\/thietbidienlama.com\/wp-content\/uploads\/2025\/02\/Den-Trang-Tri-Ngoai-Troi-NBLS04-Anh-Sang-Vang-3000K-Nanoco-12x12.jpg 12w, https:\/\/thietbidienlama.com\/wp-content\/uploads\/2025\/02\/Den-Trang-Tri-Ngoai-Troi-NBLS04-Anh-Sang-Vang-3000K-Nanoco.jpg 500w\" alt=\"\" width=\"300\" height=\"300\" \/><\/a><\/span><\/p>\n<p><span style=\"font-size: 12pt; color: #000000;\"><strong><em><i>LI\u00caN H\u1ec6 :<\/i><\/em><\/strong><\/span><\/p>\n<p><span style=\"font-size: 12pt; color: #000000;\"><strong><b>Hotline: 0935 228 204 ( Ms Lam )<\/b><\/strong><\/span><\/p>\n<p><span style=\"font-size: 12pt; color: #000000;\"><strong><b>Facebook:<\/b><\/strong>\u00a0<span style=\"color: #ff6600;\"><a style=\"color: #ff6600;\" href=\"https:\/\/www.facebook.com\/thietbidienlama\" target=\"_blank\" rel=\"noopener\"><strong><b>THI\u1ebeT\u00a0B\u1eca \u0110I\u1ec6N LAMA<\/b><\/strong><\/a><\/span><\/span><\/p>\n<p><span style=\"font-size: 12pt; color: #000000;\"><strong><b>Tiktok:<\/b><\/strong>\u00a0<span style=\"color: #ff6600;\"><a style=\"color: #ff6600;\" href=\"https:\/\/www.tiktok.com\/@thietbidienlama\" target=\"_blank\" rel=\"noopener\"><strong><b>THI\u1ebeT\u00a0B\u1eca \u0110I\u1ec6N LAMA<\/b><\/strong><\/a><\/span><\/span><\/p>","protected":false},"excerpt":{"rendered":"<p>\u0110\u00e8n Trang Tr\u00ed Ngo\u00e0i Tr\u1eddi &#8211; NBLS13SQ &#8211; 3000K &#8211; Nanoco Th\u00f4ng tin s\u1ea3n ph\u1ea9m : M\u00e3 s\u1ea3n ph\u1ea9m:\u00a0NBLS13SQ C\u00f4ng<\/p>","protected":false},"featured_media":12674,"comment_status":"closed","ping_status":"closed","template":"","meta":[],"product_brand":[],"product_cat":[847,868,845,866],"product_tag":[],"class_list":{"0":"post-12996","1":"product","2":"type-product","3":"status-publish","4":"has-post-thumbnail","6":"product_cat-den-trang-tri-ngoai-troi","7":"product_cat-den-trang-tri-nanoco","8":"product_cat-den-tuong-trang-tri","9":"product_cat-thiet-bi-dien-nanoco","11":"first","12":"instock","13":"sale","14":"shipping-taxable","15":"purchasable","16":"product-type-simple"},"_links":{"self":[{"href":"https:\/\/www.thietbidienlama.com\/en\/wp-json\/wp\/v2\/product\/12996","targetHints":{"allow":["GET"]}}],"collection":[{"href":"https:\/\/www.thietbidienlama.com\/en\/wp-json\/wp\/v2\/product"}],"about":[{"href":"https:\/\/www.thietbidienlama.com\/en\/wp-json\/wp\/v2\/types\/product"}],"replies":[{"embeddable":true,"href":"https:\/\/www.thietbidienlama.com\/en\/wp-json\/wp\/v2\/comments?post=12996"}],"version-history":[{"count":4,"href":"https:\/\/www.thietbidienlama.com\/en\/wp-json\/wp\/v2\/product\/12996\/revisions"}],"predecessor-version":[{"id":13081,"href":"https:\/\/www.thietbidienlama.com\/en\/wp-json\/wp\/v2\/product\/12996\/revisions\/13081"}],"wp:featuredmedia":[{"embeddable":true,"href":"https:\/\/www.thietbidienlama.com\/en\/wp-json\/wp\/v2\/media\/12674"}],"wp:attachment":[{"href":"https:\/\/www.thietbidienlama.com\/en\/wp-json\/wp\/v2\/media?parent=12996"}],"wp:term":[{"taxonomy":"product_brand","embeddable":true,"href":"https:\/\/www.thietbidienlama.com\/en\/wp-json\/wp\/v2\/product_brand?post=12996"},{"taxonomy":"product_cat","embeddable":true,"href":"https:\/\/www.thietbidienlama.com\/en\/wp-json\/wp\/v2\/product_cat?post=12996"},{"taxonomy":"product_tag","embeddable":true,"href":"https:\/\/www.thietbidienlama.com\/en\/wp-json\/wp\/v2\/product_tag?post=12996"}],"curies":[{"name":"wp","href":"https:\/\/api.w.org\/{rel}","templated":true}]}}