{"id":12994,"date":"2025-09-12T06:28:50","date_gmt":"2025-09-11T23:28:50","guid":{"rendered":"https:\/\/thietbidienlama.com\/?post_type=product&#038;p=12994"},"modified":"2026-03-27T10:59:05","modified_gmt":"2026-03-27T03:59:05","slug":"den-trang-tri-ngoai-troi-nbls031-nanoco","status":"publish","type":"product","link":"https:\/\/www.thietbidienlama.com\/en\/den-trang-tri-ngoai-troi-nbls031-nanoco\/","title":{"rendered":"\u0110\u00e8n Trang Tr\u00ed Ngo\u00e0i Tr\u1eddi Nanoco NBLS031 &#8211; \u00c1nh S\u00e1ng V\u00e0ng 3000K"},"content":{"rendered":"<h2 style=\"text-align: center;\"><span style=\"color: #000000;\">\u0110\u00e8n Trang Tr\u00ed Ngo\u00e0i Tr\u1eddi &#8211; NBLS031 &#8211; \u00c1nh S\u00e1ng V\u00e0ng 3000K &#8211; Nanoco<\/span><\/h2>\n<h3 style=\"text-align: justify;\"><span style=\"font-size: 14pt; color: #000000;\"><strong>Th\u00f4ng s\u1ed1 k\u1ef9 thu\u1eadt \u0110\u00e8n T\u01b0\u1eddng Ngo\u00e0i Tr\u1eddi Nanoco NBLS031<\/strong><\/span><\/h3>\n<div style=\"text-align: justify;\">\n<ul>\n<li style=\"font-weight: 400;\" aria-level=\"1\"><span style=\"color: #000000;\"><strong>M\u00e3 s\u1ea3n ph\u1ea9m:<\/strong><span style=\"font-weight: 400;\">\u00a0<span style=\"color: #ff6600;\"><a style=\"color: #ff6600;\" href=\"https:\/\/thietbidienlama.com\/den-trang-tri-ngoai-troi-nbls031-nanoco\/\"><strong>NBLS031<\/strong><\/a><\/span><\/span><\/span><\/li>\n<li style=\"font-weight: 400;\" aria-level=\"1\"><span style=\"color: #000000;\"><strong>C\u00f4ng su\u1ea5t:<\/strong><span style=\"font-weight: 400;\">\u00a08W | \u0110i\u1ec7n \u00e1p: AC85-265V<\/span><\/span><\/li>\n<li style=\"font-weight: 400;\" aria-level=\"1\"><span style=\"color: #000000;\"><strong>\u00c1nh s\u00e1ng:<\/strong><span style=\"font-weight: 400;\">\u00a0V\u00e0ng 3000K<\/span><\/span><\/li>\n<li style=\"font-weight: 400;\" aria-level=\"1\"><span style=\"color: #000000;\"><strong>Quang th\u00f4ng:<\/strong><span style=\"font-weight: 400;\">\u00a0600lm |\u00a0<\/span><strong>Ch\u1ec9 s\u1ed1 ho\u00e0n m\u00e0u (CRI):<\/strong><span style=\"font-weight: 400;\">\u00a0\u226580<\/span><\/span><\/li>\n<li style=\"font-weight: 400;\" aria-level=\"1\"><span style=\"color: #000000;\"><strong>G\u00f3c chi\u1ebfu s\u00e1ng:<\/strong><span style=\"font-weight: 400;\">\u00a060\u00b0<\/span><\/span><\/li>\n<li style=\"font-weight: 400;\" aria-level=\"1\"><span style=\"color: #000000;\"><strong>K\u00edch th\u01b0\u1edbc:<\/strong><span style=\"font-weight: 400;\">\u00a0220x80x45mm<\/span><\/span><\/li>\n<li style=\"font-weight: 400;\" aria-level=\"1\"><span style=\"color: #000000;\"><strong>Ch\u1ea5t li\u1ec7u:<\/strong><span style=\"font-weight: 400;\">\u00a0Nh\u00f4m \u0111\u00fac cao c\u1ea5p<\/span><\/span><\/li>\n<li style=\"font-weight: 400;\" aria-level=\"1\"><span style=\"color: #000000;\"><strong>Chu\u1ea9n b\u1ea3o v\u1ec7:<\/strong><span style=\"font-weight: 400;\">\u00a0IP65 ch\u1ed1ng b\u1ee5i, ch\u1ed1ng\u00a0 n\u01b0\u1edbc m\u1ea1nh m\u1ebd<\/span><\/span><\/li>\n<li style=\"font-weight: 400;\" aria-level=\"1\"><span style=\"color: #000000;\"><strong>Tu\u1ed5i th\u1ecd:<\/strong><span style=\"font-weight: 400;\">\u00a030.000 gi\u1edd<\/span><\/span><\/li>\n<li style=\"font-weight: 400;\" aria-level=\"1\"><span style=\"color: #000000;\"><strong>B\u1ea3o h\u00e0nh:<\/strong><span style=\"font-weight: 400;\">\u00a024 th\u00e1ng<\/span><\/span><\/li>\n<\/ul>\n<p><img fetchpriority=\"high\" decoding=\"async\" class=\"alignnone size-medium wp-image-12673 aligncenter\" src=\"http:\/\/thietbidienlama.com\/wp-content\/uploads\/2025\/02\/Den-Trang-Tri-Ngoai-Troi-NBLS031-Anh-Sang-Vang-3000K-Nanoco-300x300.jpg\" alt=\"\" width=\"300\" height=\"300\" srcset=\"https:\/\/www.thietbidienlama.com\/wp-content\/uploads\/2025\/02\/Den-Trang-Tri-Ngoai-Troi-NBLS031-Anh-Sang-Vang-3000K-Nanoco-300x300.jpg 300w, https:\/\/www.thietbidienlama.com\/wp-content\/uploads\/2025\/02\/Den-Trang-Tri-Ngoai-Troi-NBLS031-Anh-Sang-Vang-3000K-Nanoco-150x150.jpg 150w, https:\/\/www.thietbidienlama.com\/wp-content\/uploads\/2025\/02\/Den-Trang-Tri-Ngoai-Troi-NBLS031-Anh-Sang-Vang-3000K-Nanoco-12x12.jpg 12w, https:\/\/www.thietbidienlama.com\/wp-content\/uploads\/2025\/02\/Den-Trang-Tri-Ngoai-Troi-NBLS031-Anh-Sang-Vang-3000K-Nanoco.jpg 500w\" sizes=\"(max-width: 300px) 100vw, 300px\" \/><\/p>\n<p><span style=\"font-size: 12pt; color: #000000;\"><strong>S\u1ea3n Ph\u1ea9m T\u01b0\u01a1ng T\u1ef1:<\/strong><a style=\"color: #000000;\" href=\"https:\/\/thietbidienlama.com\/den-trang-tri-ngoai-troi-nbls031-nanoco\/\"><br \/>\n<\/a><\/span><\/p>\n<\/div>\n<div><a href=\"https:\/\/thietbidienlama.com\/den-trang-tri-ngoai-troi-nbls015-nanoco\/\"><img decoding=\"async\" class=\"alignnone wp-image-12672 size-medium\" src=\"http:\/\/thietbidienlama.com\/wp-content\/uploads\/2025\/02\/Den-Trang-Tri-Ngoai-Troi-NBLS015-Anh-Sang-Vang-3000K-Nanoco-300x300.jpg\" alt=\"\" width=\"300\" height=\"300\" srcset=\"https:\/\/www.thietbidienlama.com\/wp-content\/uploads\/2025\/02\/Den-Trang-Tri-Ngoai-Troi-NBLS015-Anh-Sang-Vang-3000K-Nanoco-300x300.jpg 300w, https:\/\/www.thietbidienlama.com\/wp-content\/uploads\/2025\/02\/Den-Trang-Tri-Ngoai-Troi-NBLS015-Anh-Sang-Vang-3000K-Nanoco-150x150.jpg 150w, https:\/\/www.thietbidienlama.com\/wp-content\/uploads\/2025\/02\/Den-Trang-Tri-Ngoai-Troi-NBLS015-Anh-Sang-Vang-3000K-Nanoco-12x12.jpg 12w, https:\/\/www.thietbidienlama.com\/wp-content\/uploads\/2025\/02\/Den-Trang-Tri-Ngoai-Troi-NBLS015-Anh-Sang-Vang-3000K-Nanoco.jpg 500w\" sizes=\"(max-width: 300px) 100vw, 300px\" \/><\/a> <a href=\"https:\/\/thietbidienlama.com\/den-trang-tri-ngoai-troi-hien-dai\/\"><img decoding=\"async\" class=\"wp-image-11466 alignnone\" src=\"http:\/\/thietbidienlama.com\/wp-content\/uploads\/2025\/01\/Den-Led-Ngoai-Troi-Nanoco-\u2013-Mau-Den-\u2013-NBLS252-300x300.jpg\" alt=\"\" width=\"271\" height=\"271\" srcset=\"https:\/\/www.thietbidienlama.com\/wp-content\/uploads\/2025\/01\/Den-Led-Ngoai-Troi-Nanoco-\u2013-Mau-Den-\u2013-NBLS252-300x300.jpg 300w, https:\/\/www.thietbidienlama.com\/wp-content\/uploads\/2025\/01\/Den-Led-Ngoai-Troi-Nanoco-\u2013-Mau-Den-\u2013-NBLS252-150x150.jpg 150w, https:\/\/www.thietbidienlama.com\/wp-content\/uploads\/2025\/01\/Den-Led-Ngoai-Troi-Nanoco-\u2013-Mau-Den-\u2013-NBLS252-12x12.jpg 12w, https:\/\/www.thietbidienlama.com\/wp-content\/uploads\/2025\/01\/Den-Led-Ngoai-Troi-Nanoco-\u2013-Mau-Den-\u2013-NBLS252.jpg 500w\" sizes=\"(max-width: 271px) 100vw, 271px\" \/><\/a> <a href=\"https:\/\/thietbidienlama.com\/den-trang-tri-ngoai-troi-nbls13sq-3000k-nanoco\/\"><img loading=\"lazy\" decoding=\"async\" class=\"size-medium wp-image-12674 alignnone\" src=\"http:\/\/thietbidienlama.com\/wp-content\/uploads\/2025\/02\/Den-Trang-Tri-Ngoai-Troi-NBLS13SQ-Anh-Sang-Vang-3000K-Nanoco-300x300.jpg\" alt=\"\" width=\"300\" height=\"300\" srcset=\"https:\/\/www.thietbidienlama.com\/wp-content\/uploads\/2025\/02\/Den-Trang-Tri-Ngoai-Troi-NBLS13SQ-Anh-Sang-Vang-3000K-Nanoco-300x300.jpg 300w, https:\/\/www.thietbidienlama.com\/wp-content\/uploads\/2025\/02\/Den-Trang-Tri-Ngoai-Troi-NBLS13SQ-Anh-Sang-Vang-3000K-Nanoco-150x150.jpg 150w, https:\/\/www.thietbidienlama.com\/wp-content\/uploads\/2025\/02\/Den-Trang-Tri-Ngoai-Troi-NBLS13SQ-Anh-Sang-Vang-3000K-Nanoco-12x12.jpg 12w, https:\/\/www.thietbidienlama.com\/wp-content\/uploads\/2025\/02\/Den-Trang-Tri-Ngoai-Troi-NBLS13SQ-Anh-Sang-Vang-3000K-Nanoco.jpg 500w\" sizes=\"(max-width: 300px) 100vw, 300px\" \/><\/a><\/div>\n<p style=\"text-align: justify;\"><strong><span style=\"font-size: 12pt; color: #000000;\">LI\u00caN H\u1ec6 :Hotline: 0935 228 204 ( Ms Lam )<\/span><\/strong><\/p>\n<p style=\"text-align: justify;\"><strong><span style=\"font-size: 12pt; color: #000000;\">Facebook:\u00a0<span style=\"color: #ff6600;\"><a style=\"color: #ff6600;\" href=\"https:\/\/www.facebook.com\/thietbidienlama\" target=\"_blank\" rel=\"noopener\">THI\u1ebeT\u00a0B\u1eca \u0110I\u1ec6N LAMA<\/a><\/span><\/span><\/strong><\/p>\n<p style=\"text-align: justify;\"><strong><span style=\"font-size: 12pt; color: #000000;\">Tiktok:\u00a0<span style=\"color: #ff6600;\"><a style=\"color: #ff6600;\" href=\"https:\/\/www.tiktok.com\/@thietbidienlama\" target=\"_blank\" rel=\"noopener\">THI\u1ebeT\u00a0B\u1eca \u0110I\u1ec6N LAMA<\/a><\/span><\/span><\/strong><\/p>","protected":false},"excerpt":{"rendered":"<p>\u0110\u00e8n Trang Tr\u00ed Ngo\u00e0i Tr\u1eddi &#8211; NBLS031 &#8211; \u00c1nh S\u00e1ng V\u00e0ng 3000K &#8211; Nanoco Th\u00f4ng s\u1ed1 k\u1ef9 thu\u1eadt \u0110\u00e8n T\u01b0\u1eddng<\/p>","protected":false},"featured_media":12673,"comment_status":"closed","ping_status":"closed","template":"","meta":[],"product_brand":[],"product_cat":[505,1057,868,847,845,866],"product_tag":[],"class_list":{"0":"post-12994","1":"product","2":"type-product","3":"status-publish","4":"has-post-thumbnail","6":"product_cat-den-trang-tri","7":"product_cat-den-trang-tri-cau-thang","8":"product_cat-den-trang-tri-nanoco","9":"product_cat-den-trang-tri-ngoai-troi","10":"product_cat-den-tuong-trang-tri","11":"product_cat-thiet-bi-dien-nanoco","13":"first","14":"instock","15":"sale","16":"shipping-taxable","17":"purchasable","18":"product-type-simple"},"_links":{"self":[{"href":"https:\/\/www.thietbidienlama.com\/en\/wp-json\/wp\/v2\/product\/12994","targetHints":{"allow":["GET"]}}],"collection":[{"href":"https:\/\/www.thietbidienlama.com\/en\/wp-json\/wp\/v2\/product"}],"about":[{"href":"https:\/\/www.thietbidienlama.com\/en\/wp-json\/wp\/v2\/types\/product"}],"replies":[{"embeddable":true,"href":"https:\/\/www.thietbidienlama.com\/en\/wp-json\/wp\/v2\/comments?post=12994"}],"version-history":[{"count":4,"href":"https:\/\/www.thietbidienlama.com\/en\/wp-json\/wp\/v2\/product\/12994\/revisions"}],"predecessor-version":[{"id":13093,"href":"https:\/\/www.thietbidienlama.com\/en\/wp-json\/wp\/v2\/product\/12994\/revisions\/13093"}],"wp:featuredmedia":[{"embeddable":true,"href":"https:\/\/www.thietbidienlama.com\/en\/wp-json\/wp\/v2\/media\/12673"}],"wp:attachment":[{"href":"https:\/\/www.thietbidienlama.com\/en\/wp-json\/wp\/v2\/media?parent=12994"}],"wp:term":[{"taxonomy":"product_brand","embeddable":true,"href":"https:\/\/www.thietbidienlama.com\/en\/wp-json\/wp\/v2\/product_brand?post=12994"},{"taxonomy":"product_cat","embeddable":true,"href":"https:\/\/www.thietbidienlama.com\/en\/wp-json\/wp\/v2\/product_cat?post=12994"},{"taxonomy":"product_tag","embeddable":true,"href":"https:\/\/www.thietbidienlama.com\/en\/wp-json\/wp\/v2\/product_tag?post=12994"}],"curies":[{"name":"wp","href":"https:\/\/api.w.org\/{rel}","templated":true}]}}