{"id":12990,"date":"2025-09-12T06:21:00","date_gmt":"2025-09-11T23:21:00","guid":{"rendered":"https:\/\/thietbidienlama.com\/?post_type=product&#038;p=12990"},"modified":"2026-03-27T10:59:14","modified_gmt":"2026-03-27T03:59:14","slug":"den-trang-tri-ngoai-troi-nbls015-nanoco","status":"publish","type":"product","link":"https:\/\/www.thietbidienlama.com\/en\/den-trang-tri-ngoai-troi-nbls015-nanoco\/","title":{"rendered":"\u0110\u00e8n Trang Tr\u00ed Ngo\u00e0i Tr\u1eddi Nanoco NBLS015 &#8211; \u00c1nh S\u00e1ng V\u00e0ng 3000K"},"content":{"rendered":"<h2 style=\"text-align: center;\">\u0110\u00e8n Trang Tr\u00ed Ngo\u00e0i Tr\u1eddi &#8211; NBLS015 &#8211; Nanoco<\/h2>\n<h3><span style=\"color: #000000;\"><strong>Th\u00f4ng tin s\u1ea3n ph\u1ea9m :<\/strong><\/span><\/h3>\n<ul>\n<li><span style=\"color: #000000;\">M\u00e3 s\u1ea3n ph\u1ea9m:\u00a0<strong><span style=\"color: #ff6600;\"><a style=\"color: #ff6600;\" href=\"https:\/\/thietbidienlama.com\/den-trang-tri-ngoai-troi-nbls015-nanoco\/\">NBLS015<\/a><\/span><\/strong><\/span><\/li>\n<li><span style=\"color: #000000;\">C\u00f4ng su\u1ea5t : Led 4W\/ AC220V-50Hz<\/span><\/li>\n<li><span style=\"color: #000000;\">Chip led Bridgelux3030<\/span><\/li>\n<li><span style=\"color: #000000;\">\u00c1nh s\u00e1ng v\u00e0ng 3000K<\/span><\/li>\n<li><span style=\"color: #000000;\">K\u00edch th\u01b0\u1edbc: 120*80*35mm<\/span><\/li>\n<li><span style=\"color: #000000;\">C\u1ea5p b\u1ea3o v\u1ec7 IP65<\/span><\/li>\n<li><span style=\"color: #000000;\">Ch\u1ea5t li\u1ec7u: Nh\u00f4m \u0111\u00fac m\u00e0u \u00a0\u0111en\u00a0<\/span><\/li>\n<li><span style=\"color: #000000;\">G\u00f3c chi\u1ebfu: 60\u00a0\u0111\u1ed9<\/span><\/li>\n<\/ul>\n<p><img fetchpriority=\"high\" decoding=\"async\" class=\"alignnone size-medium wp-image-12672 aligncenter\" src=\"http:\/\/thietbidienlama.com\/wp-content\/uploads\/2025\/02\/Den-Trang-Tri-Ngoai-Troi-NBLS015-Anh-Sang-Vang-3000K-Nanoco-300x300.jpg\" alt=\"\" width=\"300\" height=\"300\" srcset=\"https:\/\/www.thietbidienlama.com\/wp-content\/uploads\/2025\/02\/Den-Trang-Tri-Ngoai-Troi-NBLS015-Anh-Sang-Vang-3000K-Nanoco-300x300.jpg 300w, https:\/\/www.thietbidienlama.com\/wp-content\/uploads\/2025\/02\/Den-Trang-Tri-Ngoai-Troi-NBLS015-Anh-Sang-Vang-3000K-Nanoco-150x150.jpg 150w, https:\/\/www.thietbidienlama.com\/wp-content\/uploads\/2025\/02\/Den-Trang-Tri-Ngoai-Troi-NBLS015-Anh-Sang-Vang-3000K-Nanoco-12x12.jpg 12w, https:\/\/www.thietbidienlama.com\/wp-content\/uploads\/2025\/02\/Den-Trang-Tri-Ngoai-Troi-NBLS015-Anh-Sang-Vang-3000K-Nanoco.jpg 500w\" sizes=\"(max-width: 300px) 100vw, 300px\" \/><\/p>\n<div style=\"text-align: justify;\"><span style=\"font-size: 12pt; color: #000000;\"><strong>S\u1ea3n Ph\u1ea9m T\u01b0\u01a1ng T\u1ef1:<\/strong><a style=\"color: #000000;\" href=\"https:\/\/thietbidienlama.com\/den-trang-tri-ngoai-troi-nbls031-nanoco\/\"><br \/>\n<\/a><\/span><\/div>\n<div><span style=\"font-size: 12pt; color: #000000;\"><span style=\"font-size: 12pt; color: #000000;\"><span style=\"font-size: 12pt; color: #000000;\">\u00a0\u00a0<\/span><\/span><\/span><a href=\"https:\/\/thietbidienlama.com\/den-led-trang-tri-ngoai-troi\/\"><img decoding=\"async\" class=\"wp-image-11451 size-medium alignnone\" src=\"http:\/\/thietbidienlama.com\/wp-content\/uploads\/2025\/01\/den-trang-tri-ngoai-troi-NBLS016-300x300.jpg\" alt=\"Den Trang Tri Ngoai Troi NBLS016\" width=\"300\" height=\"300\" srcset=\"https:\/\/www.thietbidienlama.com\/wp-content\/uploads\/2025\/01\/den-trang-tri-ngoai-troi-NBLS016-300x300.jpg 300w, https:\/\/www.thietbidienlama.com\/wp-content\/uploads\/2025\/01\/den-trang-tri-ngoai-troi-NBLS016-150x150.jpg 150w, https:\/\/www.thietbidienlama.com\/wp-content\/uploads\/2025\/01\/den-trang-tri-ngoai-troi-NBLS016-12x12.jpg 12w, https:\/\/www.thietbidienlama.com\/wp-content\/uploads\/2025\/01\/den-trang-tri-ngoai-troi-NBLS016.jpg 500w\" sizes=\"(max-width: 300px) 100vw, 300px\" \/><\/a> <a href=\"https:\/\/thietbidienlama.com\/den-trang-tri-ngoai-troi-hien-dai\/\"><img decoding=\"async\" class=\"size-medium wp-image-11466 alignnone\" style=\"font-size: 12pt;\" src=\"http:\/\/thietbidienlama.com\/wp-content\/uploads\/2025\/01\/Den-Led-Ngoai-Troi-Nanoco-\u2013-Mau-Den-\u2013-NBLS252-300x300.jpg\" alt=\"\" width=\"300\" height=\"300\" srcset=\"https:\/\/www.thietbidienlama.com\/wp-content\/uploads\/2025\/01\/Den-Led-Ngoai-Troi-Nanoco-\u2013-Mau-Den-\u2013-NBLS252-300x300.jpg 300w, https:\/\/www.thietbidienlama.com\/wp-content\/uploads\/2025\/01\/Den-Led-Ngoai-Troi-Nanoco-\u2013-Mau-Den-\u2013-NBLS252-150x150.jpg 150w, https:\/\/www.thietbidienlama.com\/wp-content\/uploads\/2025\/01\/Den-Led-Ngoai-Troi-Nanoco-\u2013-Mau-Den-\u2013-NBLS252-12x12.jpg 12w, https:\/\/www.thietbidienlama.com\/wp-content\/uploads\/2025\/01\/Den-Led-Ngoai-Troi-Nanoco-\u2013-Mau-Den-\u2013-NBLS252.jpg 500w\" sizes=\"(max-width: 300px) 100vw, 300px\" \/><\/a><\/p>\n<p><a href=\"https:\/\/thietbidienlama.com\/den-trang-tri-treo-tuong\/\"><img loading=\"lazy\" decoding=\"async\" class=\"alignnone wp-image-11471 size-medium\" src=\"http:\/\/thietbidienlama.com\/wp-content\/uploads\/2025\/01\/Den-trang-tri-treo-tuong-ngoai-troi-300x300.jpg\" alt=\"\u0110\u00e8n Trang Tr\u00ed Treo T\u01b0\u1eddng Ngo\u00e0i Tr\u1eddi\" width=\"300\" height=\"300\" srcset=\"https:\/\/www.thietbidienlama.com\/wp-content\/uploads\/2025\/01\/Den-trang-tri-treo-tuong-ngoai-troi-300x300.jpg 300w, https:\/\/www.thietbidienlama.com\/wp-content\/uploads\/2025\/01\/Den-trang-tri-treo-tuong-ngoai-troi-150x150.jpg 150w, https:\/\/www.thietbidienlama.com\/wp-content\/uploads\/2025\/01\/Den-trang-tri-treo-tuong-ngoai-troi-12x12.jpg 12w, https:\/\/www.thietbidienlama.com\/wp-content\/uploads\/2025\/01\/Den-trang-tri-treo-tuong-ngoai-troi.jpg 500w\" sizes=\"(max-width: 300px) 100vw, 300px\" \/><\/a><\/p>\n<\/div>\n<p><span style=\"font-size: 12pt; color: #000000;\"><strong>LI\u00caN H\u1ec6 :Hotline: 0935 228 204 ( Ms Lam )<\/strong><\/span><\/p>\n<p><span style=\"font-size: 12pt; color: #000000;\"><strong>Facebook:\u00a0<span style=\"color: #ff6600;\"><a style=\"color: #ff6600;\" href=\"https:\/\/www.facebook.com\/thietbidienlama\" target=\"_blank\" rel=\"noopener\">THI\u1ebeT\u00a0B\u1eca \u0110I\u1ec6N LAMA<\/a><\/span><\/strong><\/span><\/p>\n<p><span style=\"font-size: 12pt; color: #000000;\"><strong>Tiktok:\u00a0<span style=\"color: #ff6600;\"><a style=\"color: #ff6600;\" href=\"https:\/\/www.tiktok.com\/@thietbidienlama\" target=\"_blank\" rel=\"noopener\">THI\u1ebeT\u00a0B\u1eca \u0110I\u1ec6N LAMA<\/a><\/span><\/strong><\/span><\/p>","protected":false},"excerpt":{"rendered":"<p>\u0110\u00e8n Trang Tr\u00ed Ngo\u00e0i Tr\u1eddi &#8211; NBLS015 &#8211; Nanoco Th\u00f4ng tin s\u1ea3n ph\u1ea9m : M\u00e3 s\u1ea3n ph\u1ea9m:\u00a0NBLS015 C\u00f4ng su\u1ea5t :<\/p>","protected":false},"featured_media":12672,"comment_status":"closed","ping_status":"closed","template":"","meta":[],"product_brand":[],"product_cat":[868,1057,847,845,866],"product_tag":[],"class_list":{"0":"post-12990","1":"product","2":"type-product","3":"status-publish","4":"has-post-thumbnail","6":"product_cat-den-trang-tri-nanoco","7":"product_cat-den-trang-tri-cau-thang","8":"product_cat-den-trang-tri-ngoai-troi","9":"product_cat-den-tuong-trang-tri","10":"product_cat-thiet-bi-dien-nanoco","12":"first","13":"instock","14":"sale","15":"shipping-taxable","16":"purchasable","17":"product-type-simple"},"_links":{"self":[{"href":"https:\/\/www.thietbidienlama.com\/en\/wp-json\/wp\/v2\/product\/12990","targetHints":{"allow":["GET"]}}],"collection":[{"href":"https:\/\/www.thietbidienlama.com\/en\/wp-json\/wp\/v2\/product"}],"about":[{"href":"https:\/\/www.thietbidienlama.com\/en\/wp-json\/wp\/v2\/types\/product"}],"replies":[{"embeddable":true,"href":"https:\/\/www.thietbidienlama.com\/en\/wp-json\/wp\/v2\/comments?post=12990"}],"version-history":[{"count":5,"href":"https:\/\/www.thietbidienlama.com\/en\/wp-json\/wp\/v2\/product\/12990\/revisions"}],"predecessor-version":[{"id":13097,"href":"https:\/\/www.thietbidienlama.com\/en\/wp-json\/wp\/v2\/product\/12990\/revisions\/13097"}],"wp:featuredmedia":[{"embeddable":true,"href":"https:\/\/www.thietbidienlama.com\/en\/wp-json\/wp\/v2\/media\/12672"}],"wp:attachment":[{"href":"https:\/\/www.thietbidienlama.com\/en\/wp-json\/wp\/v2\/media?parent=12990"}],"wp:term":[{"taxonomy":"product_brand","embeddable":true,"href":"https:\/\/www.thietbidienlama.com\/en\/wp-json\/wp\/v2\/product_brand?post=12990"},{"taxonomy":"product_cat","embeddable":true,"href":"https:\/\/www.thietbidienlama.com\/en\/wp-json\/wp\/v2\/product_cat?post=12990"},{"taxonomy":"product_tag","embeddable":true,"href":"https:\/\/www.thietbidienlama.com\/en\/wp-json\/wp\/v2\/product_tag?post=12990"}],"curies":[{"name":"wp","href":"https:\/\/api.w.org\/{rel}","templated":true}]}}