{"id":12988,"date":"2025-09-12T06:04:26","date_gmt":"2025-09-11T23:04:26","guid":{"rendered":"https:\/\/thietbidienlama.com\/?post_type=product&#038;p=12988"},"modified":"2025-09-23T15:59:48","modified_gmt":"2025-09-23T08:59:48","slug":"tu-dien-am-tuong-24-module-ndp128-nanoco","status":"publish","type":"product","link":"https:\/\/www.thietbidienlama.com\/en\/tu-dien-am-tuong-24-module-ndp128-nanoco\/","title":{"rendered":"T\u1ee7 \u0110i\u1ec7n \u00c2m T\u01b0\u1eddng 24 Module &#8211; 2 T\u1ea7ng &#8211; NDP128 &#8211; Nanoco"},"content":{"rendered":"<h2 style=\"text-align: center;\"><span style=\"color: #000000;\">T\u1ee7 \u0110i\u1ec7n \u00c2m T\u01b0\u1eddng 24 Module &#8211; 2 T\u1ea7ng &#8211; NDP128 &#8211; Nanoco<\/span><\/h2>\n<h3><span style=\"color: #000000;\"><span style=\"color: #ff6600;\"><a style=\"color: #ff6600;\" href=\"https:\/\/thietbidienlama.com\/tu-dien-am-tuong-20-28-duong-ndp128-nanoco\/\">T\u1ee7 \u0111i\u1ec7n \u00e2m t\u01b0\u1eddng 24 module<\/a><\/span> NDP128<\/span><\/h3>\n<ul>\n<li><span style=\"color: #000000;\">T\u1ee7 \u0111i\u1ec7n \u0111\u00e3 bao g\u1ed3m \u0111\u1ebf, ray g\u1eafn Aptomat, c\u1ea7u \u0111\u1ea5u ti\u1ebfp \u0111\u1ecba.<\/span><\/li>\n<li><span style=\"color: #000000;\"><span style=\"color: #ff6600;\"><strong>T\u1ee7 \u0111i\u1ec7n v\u1ecf v\u00e0 \u0111\u1ebf kim lo\u1ea1i<\/strong><\/span>\u00a0ch\u1ee9a 20 \u2013 28 modules<\/span><\/li>\n<li><span style=\"color: #000000;\">K\u00edch th\u01b0\u1edbc \u00e2m t\u01b0\u1eddng: 380x340x58mm<\/span><\/li>\n<li><span style=\"color: #000000;\">\u0110\u00f3ng g\u00f3i 1 c\u00e1i\/h\u1ed9p<\/span><\/li>\n<\/ul>\n<p><img fetchpriority=\"high\" decoding=\"async\" class=\"aligncenter wp-image-12658 size-medium\" src=\"http:\/\/thietbidienlama.com\/wp-content\/uploads\/2025\/02\/Tu-Dien-Am-Tuong-20-28-Modules-Mat-De-Kim-Loai-NDP128-Nanoco-300x300.jpg\" alt=\"T\u1ee7 \u0110i\u1ec7n \u00c2m T\u01b0\u1eddng 24 Module\" width=\"300\" height=\"300\" srcset=\"https:\/\/www.thietbidienlama.com\/wp-content\/uploads\/2025\/02\/Tu-Dien-Am-Tuong-20-28-Modules-Mat-De-Kim-Loai-NDP128-Nanoco-300x300.jpg 300w, https:\/\/www.thietbidienlama.com\/wp-content\/uploads\/2025\/02\/Tu-Dien-Am-Tuong-20-28-Modules-Mat-De-Kim-Loai-NDP128-Nanoco-150x150.jpg 150w, https:\/\/www.thietbidienlama.com\/wp-content\/uploads\/2025\/02\/Tu-Dien-Am-Tuong-20-28-Modules-Mat-De-Kim-Loai-NDP128-Nanoco-12x12.jpg 12w, https:\/\/www.thietbidienlama.com\/wp-content\/uploads\/2025\/02\/Tu-Dien-Am-Tuong-20-28-Modules-Mat-De-Kim-Loai-NDP128-Nanoco.jpg 500w\" sizes=\"(max-width: 300px) 100vw, 300px\" \/><\/p>\n<div style=\"text-align: justify;\"><span style=\"font-size: 12pt; color: #000000;\"><strong>S\u1ea3n Ph\u1ea9m T\u01b0\u01a1ng T\u1ef1 t\u1ee7 \u0111i\u1ec7n \u00e2m t\u01b0\u1eddng 24 module:<\/strong><a style=\"color: #000000;\" href=\"https:\/\/thietbidienlama.com\/den-trang-tri-ngoai-troi-nbls031-nanoco\/\"><br \/>\n<\/a><\/span><\/div>\n<div><a href=\"https:\/\/thietbidienlama.com\/tu-dien-am-tuong-10-14-duong-ndp114-nanoco\/\"><img decoding=\"async\" class=\"alignnone size-medium wp-image-12659\" src=\"http:\/\/thietbidienlama.com\/wp-content\/uploads\/2025\/02\/Tu-Dien-Am-Tuong-10-14-Modules-Mat-De-Kim-Loai-NDP114-Nanoco-300x300.jpg\" alt=\"\" width=\"300\" height=\"300\" srcset=\"https:\/\/www.thietbidienlama.com\/wp-content\/uploads\/2025\/02\/Tu-Dien-Am-Tuong-10-14-Modules-Mat-De-Kim-Loai-NDP114-Nanoco-300x300.jpg 300w, https:\/\/www.thietbidienlama.com\/wp-content\/uploads\/2025\/02\/Tu-Dien-Am-Tuong-10-14-Modules-Mat-De-Kim-Loai-NDP114-Nanoco-150x150.jpg 150w, https:\/\/www.thietbidienlama.com\/wp-content\/uploads\/2025\/02\/Tu-Dien-Am-Tuong-10-14-Modules-Mat-De-Kim-Loai-NDP114-Nanoco-12x12.jpg 12w, https:\/\/www.thietbidienlama.com\/wp-content\/uploads\/2025\/02\/Tu-Dien-Am-Tuong-10-14-Modules-Mat-De-Kim-Loai-NDP114-Nanoco.jpg 500w\" sizes=\"(max-width: 300px) 100vw, 300px\" \/><\/a> <a href=\"https:\/\/thietbidienlama.com\/tu-dien-am-tuong-5-10-duong-ndp110-nanoco\/\"><img decoding=\"async\" class=\"alignnone size-medium wp-image-12654\" src=\"http:\/\/thietbidienlama.com\/wp-content\/uploads\/2025\/02\/Tu-Dien-Am-Tuong-5-10-Modules-Mat-De-Kim-Loai-NDP110-Nanoco-300x300.jpg\" alt=\"\" width=\"300\" height=\"300\" srcset=\"https:\/\/www.thietbidienlama.com\/wp-content\/uploads\/2025\/02\/Tu-Dien-Am-Tuong-5-10-Modules-Mat-De-Kim-Loai-NDP110-Nanoco-300x300.jpg 300w, https:\/\/www.thietbidienlama.com\/wp-content\/uploads\/2025\/02\/Tu-Dien-Am-Tuong-5-10-Modules-Mat-De-Kim-Loai-NDP110-Nanoco-150x150.jpg 150w, https:\/\/www.thietbidienlama.com\/wp-content\/uploads\/2025\/02\/Tu-Dien-Am-Tuong-5-10-Modules-Mat-De-Kim-Loai-NDP110-Nanoco-12x12.jpg 12w, https:\/\/www.thietbidienlama.com\/wp-content\/uploads\/2025\/02\/Tu-Dien-Am-Tuong-5-10-Modules-Mat-De-Kim-Loai-NDP110-Nanoco.jpg 500w\" sizes=\"(max-width: 300px) 100vw, 300px\" \/><\/a><a href=\"https:\/\/thietbidienlama.com\/tu-dien-am-tuong-2-4-duong-ndp104-nanoco\/\"><img loading=\"lazy\" decoding=\"async\" class=\"alignnone size-medium wp-image-12652\" src=\"http:\/\/thietbidienlama.com\/wp-content\/uploads\/2025\/02\/Tu-Dien-Am-Tuong-2-4-Modules-MatDe-Nhua-NDP104P-Nanoco-300x300.jpg\" alt=\"\" width=\"300\" height=\"300\" srcset=\"https:\/\/www.thietbidienlama.com\/wp-content\/uploads\/2025\/02\/Tu-Dien-Am-Tuong-2-4-Modules-MatDe-Nhua-NDP104P-Nanoco-300x300.jpg 300w, https:\/\/www.thietbidienlama.com\/wp-content\/uploads\/2025\/02\/Tu-Dien-Am-Tuong-2-4-Modules-MatDe-Nhua-NDP104P-Nanoco-150x150.jpg 150w, https:\/\/www.thietbidienlama.com\/wp-content\/uploads\/2025\/02\/Tu-Dien-Am-Tuong-2-4-Modules-MatDe-Nhua-NDP104P-Nanoco-12x12.jpg 12w, https:\/\/www.thietbidienlama.com\/wp-content\/uploads\/2025\/02\/Tu-Dien-Am-Tuong-2-4-Modules-MatDe-Nhua-NDP104P-Nanoco.jpg 500w\" sizes=\"(max-width: 300px) 100vw, 300px\" \/><\/a><\/div>\n<div><span style=\"font-size: 12pt; color: #000000;\">\u00a0\u00a0<\/span><\/div>\n<p><span style=\"font-size: 12pt; color: #000000;\"><strong>LI\u00caN H\u1ec6 :Hotline: 0935 228 204 ( Ms Lam )<\/strong><\/span><\/p>\n<p><span style=\"font-size: 12pt; color: #000000;\"><strong>Facebook:\u00a0<span style=\"color: #ff6600;\"><a style=\"color: #ff6600;\" href=\"https:\/\/www.facebook.com\/thietbidienlama\" target=\"_blank\" rel=\"noopener\">THI\u1ebeT\u00a0B\u1eca \u0110I\u1ec6N LAMA<\/a><\/span><\/strong><\/span><\/p>\n<p><span style=\"font-size: 12pt; color: #000000;\"><strong>Tiktok:\u00a0<span style=\"color: #ff6600;\"><a style=\"color: #ff6600;\" href=\"https:\/\/www.tiktok.com\/@thietbidienlama\" target=\"_blank\" rel=\"noopener\">THI\u1ebeT\u00a0B\u1eca \u0110I\u1ec6N LAMA<\/a><\/span><\/strong><\/span><\/p>","protected":false},"excerpt":{"rendered":"<p>T\u1ee7 \u0110i\u1ec7n \u00c2m T\u01b0\u1eddng 24 Module &#8211; 2 T\u1ea7ng &#8211; NDP128 &#8211; Nanoco T\u1ee7 \u0111i\u1ec7n \u00e2m t\u01b0\u1eddng 24 module NDP128<\/p>","protected":false},"featured_media":12658,"comment_status":"closed","ping_status":"closed","template":"","meta":[],"product_brand":[],"product_cat":[866,867],"product_tag":[],"class_list":{"0":"post-12988","1":"product","2":"type-product","3":"status-publish","4":"has-post-thumbnail","6":"product_cat-thiet-bi-dien-nanoco","7":"product_cat-tu-dien-am-tuong-nanoco","9":"first","10":"instock","11":"sale","12":"shipping-taxable","13":"purchasable","14":"product-type-simple"},"_links":{"self":[{"href":"https:\/\/www.thietbidienlama.com\/en\/wp-json\/wp\/v2\/product\/12988","targetHints":{"allow":["GET"]}}],"collection":[{"href":"https:\/\/www.thietbidienlama.com\/en\/wp-json\/wp\/v2\/product"}],"about":[{"href":"https:\/\/www.thietbidienlama.com\/en\/wp-json\/wp\/v2\/types\/product"}],"replies":[{"embeddable":true,"href":"https:\/\/www.thietbidienlama.com\/en\/wp-json\/wp\/v2\/comments?post=12988"}],"version-history":[{"count":4,"href":"https:\/\/www.thietbidienlama.com\/en\/wp-json\/wp\/v2\/product\/12988\/revisions"}],"predecessor-version":[{"id":13101,"href":"https:\/\/www.thietbidienlama.com\/en\/wp-json\/wp\/v2\/product\/12988\/revisions\/13101"}],"wp:featuredmedia":[{"embeddable":true,"href":"https:\/\/www.thietbidienlama.com\/en\/wp-json\/wp\/v2\/media\/12658"}],"wp:attachment":[{"href":"https:\/\/www.thietbidienlama.com\/en\/wp-json\/wp\/v2\/media?parent=12988"}],"wp:term":[{"taxonomy":"product_brand","embeddable":true,"href":"https:\/\/www.thietbidienlama.com\/en\/wp-json\/wp\/v2\/product_brand?post=12988"},{"taxonomy":"product_cat","embeddable":true,"href":"https:\/\/www.thietbidienlama.com\/en\/wp-json\/wp\/v2\/product_cat?post=12988"},{"taxonomy":"product_tag","embeddable":true,"href":"https:\/\/www.thietbidienlama.com\/en\/wp-json\/wp\/v2\/product_tag?post=12988"}],"curies":[{"name":"wp","href":"https:\/\/api.w.org\/{rel}","templated":true}]}}