{"id":12984,"date":"2025-09-12T05:58:14","date_gmt":"2025-09-11T22:58:14","guid":{"rendered":"https:\/\/thietbidienlama.com\/?post_type=product&#038;p=12984"},"modified":"2025-09-23T16:11:27","modified_gmt":"2025-09-23T09:11:27","slug":"tu-dien-am-tuong-12-20-duong-ndp120-nanoco","status":"publish","type":"product","link":"https:\/\/www.thietbidienlama.com\/en\/tu-dien-am-tuong-12-20-duong-ndp120-nanoco\/","title":{"rendered":"T\u1ee7 \u0110i\u1ec7n \u00c2m T\u01b0\u1eddng 12-20 \u0110\u01b0\u1eddng &#8211; 2 T\u1ea7ng &#8211; NDP120 &#8211; Nanoco"},"content":{"rendered":"<h2 style=\"text-align: center;\"><span style=\"color: #000000;\">T\u1ee7 \u0110i\u1ec7n \u00c2m T\u01b0\u1eddng 12-20 \u0110\u01b0\u1eddng &#8211; 2 T\u1ea7ng &#8211; NDP120 &#8211; Nanoco<\/span><\/h2>\n<h3><span style=\"color: #000000;\">T\u1ee7 \u0111i\u1ec7n \u00e2m t\u01b0\u1eddng NDP<\/span><\/h3>\n<ul>\n<li><span style=\"color: #000000;\">T\u1ee7 \u0111i\u1ec7n \u0111\u00e3 bao g\u1ed3m \u0111\u1ebf, ray g\u1eafn Aptomat, c\u1ea7u \u0111\u1ea5u ti\u1ebfp \u0111\u1ecba.<\/span><\/li>\n<li><span style=\"color: #000000;\"><span style=\"color: #ff6600;\"><strong><a href=\"https:\/\/thietbidienlama.com\/tu-dien-am-tuong-18-26-duong-ndp126-nanoco\/\"><span style=\"color: #ff6600;\">T\u1ee7 \u0111i\u1ec7n \u00e2m t\u01b0\u1eddng<\/span><\/a> v\u1ecf v\u00e0 \u0111\u1ebf kim lo\u1ea1i<\/strong><\/span>\u00a0ch\u1ee9a 12 \u2013 20 modules<\/span><\/li>\n<li><span style=\"color: #000000;\">K\u00edch th\u01b0\u1edbc \u00e2m t\u01b0\u1eddng: 380x283x58mm<\/span><\/li>\n<li><span style=\"color: #000000;\">\u0110\u00f3ng g\u00f3i 1 c\u00e1i\/h\u1ed9p<\/span><\/li>\n<\/ul>\n<h3><span style=\"color: #000000;\"><img fetchpriority=\"high\" decoding=\"async\" class=\"size-medium wp-image-12656 aligncenter\" src=\"http:\/\/thietbidienlama.com\/wp-content\/uploads\/2025\/02\/Tu-Dien-Am-Tuong-12-20-Modules-Mat-De-Kim-Loai-NDP120-Nanoco-300x300.jpg\" alt=\"\" width=\"300\" height=\"300\" srcset=\"https:\/\/www.thietbidienlama.com\/wp-content\/uploads\/2025\/02\/Tu-Dien-Am-Tuong-12-20-Modules-Mat-De-Kim-Loai-NDP120-Nanoco-300x300.jpg 300w, https:\/\/www.thietbidienlama.com\/wp-content\/uploads\/2025\/02\/Tu-Dien-Am-Tuong-12-20-Modules-Mat-De-Kim-Loai-NDP120-Nanoco-150x150.jpg 150w, https:\/\/www.thietbidienlama.com\/wp-content\/uploads\/2025\/02\/Tu-Dien-Am-Tuong-12-20-Modules-Mat-De-Kim-Loai-NDP120-Nanoco-12x12.jpg 12w, https:\/\/www.thietbidienlama.com\/wp-content\/uploads\/2025\/02\/Tu-Dien-Am-Tuong-12-20-Modules-Mat-De-Kim-Loai-NDP120-Nanoco.jpg 500w\" sizes=\"(max-width: 300px) 100vw, 300px\" \/><\/span><\/h3>\n<p style=\"text-align: justify;\"><span style=\"font-size: 12pt; color: #000000;\"><strong>S\u1ea3n Ph\u1ea9m T\u01b0\u01a1ng T\u1ef1 :<\/strong><a style=\"color: #000000;\" href=\"https:\/\/thietbidienlama.com\/den-trang-tri-ngoai-troi-nbls031-nanoco\/\"><br \/>\n<\/a><\/span><\/p>\n<p><span style=\"font-size: 12pt; color: #000000;\"><a style=\"color: #000000;\" href=\"https:\/\/thietbidienlama.com\/tu-dien-am-tuong-10-14-duong-ndp114-nanoco\/\"><img decoding=\"async\" class=\"alignnone size-medium wp-image-12659\" src=\"http:\/\/thietbidienlama.com\/wp-content\/uploads\/2025\/02\/Tu-Dien-Am-Tuong-10-14-Modules-Mat-De-Kim-Loai-NDP114-Nanoco-300x300.jpg\" alt=\"\" width=\"300\" height=\"300\" srcset=\"https:\/\/www.thietbidienlama.com\/wp-content\/uploads\/2025\/02\/Tu-Dien-Am-Tuong-10-14-Modules-Mat-De-Kim-Loai-NDP114-Nanoco-300x300.jpg 300w, https:\/\/www.thietbidienlama.com\/wp-content\/uploads\/2025\/02\/Tu-Dien-Am-Tuong-10-14-Modules-Mat-De-Kim-Loai-NDP114-Nanoco-150x150.jpg 150w, https:\/\/www.thietbidienlama.com\/wp-content\/uploads\/2025\/02\/Tu-Dien-Am-Tuong-10-14-Modules-Mat-De-Kim-Loai-NDP114-Nanoco-12x12.jpg 12w, https:\/\/www.thietbidienlama.com\/wp-content\/uploads\/2025\/02\/Tu-Dien-Am-Tuong-10-14-Modules-Mat-De-Kim-Loai-NDP114-Nanoco.jpg 500w\" sizes=\"(max-width: 300px) 100vw, 300px\" \/><\/a> <a style=\"color: #000000;\" href=\"https:\/\/thietbidienlama.com\/tu-dien-am-tuong-5-10-duong-ndp110-nanoco\/\"><img decoding=\"async\" class=\"alignnone size-medium wp-image-12654\" src=\"http:\/\/thietbidienlama.com\/wp-content\/uploads\/2025\/02\/Tu-Dien-Am-Tuong-5-10-Modules-Mat-De-Kim-Loai-NDP110-Nanoco-300x300.jpg\" alt=\"\" width=\"300\" height=\"300\" srcset=\"https:\/\/www.thietbidienlama.com\/wp-content\/uploads\/2025\/02\/Tu-Dien-Am-Tuong-5-10-Modules-Mat-De-Kim-Loai-NDP110-Nanoco-300x300.jpg 300w, https:\/\/www.thietbidienlama.com\/wp-content\/uploads\/2025\/02\/Tu-Dien-Am-Tuong-5-10-Modules-Mat-De-Kim-Loai-NDP110-Nanoco-150x150.jpg 150w, https:\/\/www.thietbidienlama.com\/wp-content\/uploads\/2025\/02\/Tu-Dien-Am-Tuong-5-10-Modules-Mat-De-Kim-Loai-NDP110-Nanoco-12x12.jpg 12w, https:\/\/www.thietbidienlama.com\/wp-content\/uploads\/2025\/02\/Tu-Dien-Am-Tuong-5-10-Modules-Mat-De-Kim-Loai-NDP110-Nanoco.jpg 500w\" sizes=\"(max-width: 300px) 100vw, 300px\" \/><\/a><a style=\"color: #000000;\" href=\"https:\/\/thietbidienlama.com\/tu-dien-am-tuong-2-4-duong-ndp104-nanoco\/\"><img loading=\"lazy\" decoding=\"async\" class=\"alignnone size-medium wp-image-12652\" src=\"http:\/\/thietbidienlama.com\/wp-content\/uploads\/2025\/02\/Tu-Dien-Am-Tuong-2-4-Modules-MatDe-Nhua-NDP104P-Nanoco-300x300.jpg\" alt=\"\" width=\"300\" height=\"300\" srcset=\"https:\/\/www.thietbidienlama.com\/wp-content\/uploads\/2025\/02\/Tu-Dien-Am-Tuong-2-4-Modules-MatDe-Nhua-NDP104P-Nanoco-300x300.jpg 300w, https:\/\/www.thietbidienlama.com\/wp-content\/uploads\/2025\/02\/Tu-Dien-Am-Tuong-2-4-Modules-MatDe-Nhua-NDP104P-Nanoco-150x150.jpg 150w, https:\/\/www.thietbidienlama.com\/wp-content\/uploads\/2025\/02\/Tu-Dien-Am-Tuong-2-4-Modules-MatDe-Nhua-NDP104P-Nanoco-12x12.jpg 12w, https:\/\/www.thietbidienlama.com\/wp-content\/uploads\/2025\/02\/Tu-Dien-Am-Tuong-2-4-Modules-MatDe-Nhua-NDP104P-Nanoco.jpg 500w\" sizes=\"(max-width: 300px) 100vw, 300px\" \/><\/a><\/span><\/p>\n<p><span style=\"font-size: 12pt; color: #000000;\">\u00a0\u00a0<\/span><\/p>\n<p><span style=\"font-size: 12pt; color: #000000;\"><strong>LI\u00caN H\u1ec6 :Hotline: 0935 228 204 ( Ms Lam )<\/strong><\/span><\/p>\n<p><span style=\"font-size: 12pt; color: #000000;\"><strong>Facebook:\u00a0<span style=\"color: #ff6600;\"><a style=\"color: #ff6600;\" href=\"https:\/\/www.facebook.com\/thietbidienlama\" target=\"_blank\" rel=\"noopener\">THI\u1ebeT\u00a0B\u1eca \u0110I\u1ec6N LAMA<\/a><\/span><\/strong><\/span><\/p>\n<p><span style=\"font-size: 12pt; color: #000000;\"><strong>Tiktok:\u00a0<span style=\"color: #ff6600;\"><a style=\"color: #ff6600;\" href=\"https:\/\/www.tiktok.com\/@thietbidienlama\" target=\"_blank\" rel=\"noopener\">THI\u1ebeT\u00a0B\u1eca \u0110I\u1ec6N LAMA<\/a><\/span><\/strong><\/span><\/p>","protected":false},"excerpt":{"rendered":"<p>T\u1ee7 \u0110i\u1ec7n \u00c2m T\u01b0\u1eddng 12-20 \u0110\u01b0\u1eddng &#8211; 2 T\u1ea7ng &#8211; NDP120 &#8211; Nanoco T\u1ee7 \u0111i\u1ec7n \u00e2m t\u01b0\u1eddng NDP T\u1ee7 \u0111i\u1ec7n<\/p>","protected":false},"featured_media":12656,"comment_status":"closed","ping_status":"closed","template":"","meta":[],"product_brand":[],"product_cat":[866,867],"product_tag":[],"class_list":{"0":"post-12984","1":"product","2":"type-product","3":"status-publish","4":"has-post-thumbnail","6":"product_cat-thiet-bi-dien-nanoco","7":"product_cat-tu-dien-am-tuong-nanoco","9":"first","10":"instock","11":"sale","12":"shipping-taxable","13":"purchasable","14":"product-type-simple"},"_links":{"self":[{"href":"https:\/\/www.thietbidienlama.com\/en\/wp-json\/wp\/v2\/product\/12984","targetHints":{"allow":["GET"]}}],"collection":[{"href":"https:\/\/www.thietbidienlama.com\/en\/wp-json\/wp\/v2\/product"}],"about":[{"href":"https:\/\/www.thietbidienlama.com\/en\/wp-json\/wp\/v2\/types\/product"}],"replies":[{"embeddable":true,"href":"https:\/\/www.thietbidienlama.com\/en\/wp-json\/wp\/v2\/comments?post=12984"}],"version-history":[{"count":3,"href":"https:\/\/www.thietbidienlama.com\/en\/wp-json\/wp\/v2\/product\/12984\/revisions"}],"predecessor-version":[{"id":13104,"href":"https:\/\/www.thietbidienlama.com\/en\/wp-json\/wp\/v2\/product\/12984\/revisions\/13104"}],"wp:featuredmedia":[{"embeddable":true,"href":"https:\/\/www.thietbidienlama.com\/en\/wp-json\/wp\/v2\/media\/12656"}],"wp:attachment":[{"href":"https:\/\/www.thietbidienlama.com\/en\/wp-json\/wp\/v2\/media?parent=12984"}],"wp:term":[{"taxonomy":"product_brand","embeddable":true,"href":"https:\/\/www.thietbidienlama.com\/en\/wp-json\/wp\/v2\/product_brand?post=12984"},{"taxonomy":"product_cat","embeddable":true,"href":"https:\/\/www.thietbidienlama.com\/en\/wp-json\/wp\/v2\/product_cat?post=12984"},{"taxonomy":"product_tag","embeddable":true,"href":"https:\/\/www.thietbidienlama.com\/en\/wp-json\/wp\/v2\/product_tag?post=12984"}],"curies":[{"name":"wp","href":"https:\/\/api.w.org\/{rel}","templated":true}]}}