{"id":12887,"date":"2025-08-28T10:47:44","date_gmt":"2025-08-28T03:47:44","guid":{"rendered":"https:\/\/thietbidienlama.com\/?post_type=product&#038;p=12887"},"modified":"2025-10-15T15:09:57","modified_gmt":"2025-10-15T08:09:57","slug":"quat-hut-gan-tuong-fv-20au1-loai-1-chieu","status":"publish","type":"product","link":"https:\/\/www.thietbidienlama.com\/en\/quat-hut-gan-tuong-fv-20au1-loai-1-chieu\/","title":{"rendered":"Qu\u1ea1t H\u00fat G\u1eafn T\u01b0\u1eddng &#8211; FV-20AU1 &#8211; Lo\u1ea1i 1 Chi\u1ec1u &#8211; Kh\u00f4ng C\u00f3 M\u00e0n Che &#8211; 18W &#8211; Panasonic"},"content":{"rendered":"<h2 style=\"text-align: center;\"><span style=\"color: #000000;\">Qu\u1ea1t H\u00fat G\u1eafn T\u01b0\u1eddng &#8211; FV-\u00a0&#8211; Lo\u1ea1i 1 Chi\u1ec1u &#8211; Kh\u00f4ng C\u00f3 M\u00e0n Che &#8211; 18W &#8211; Panasonic<\/span><\/h2>\n<h3><span style=\"color: #000000;\"><strong>Th\u00f4ng s\u1ed1 k\u0129 thu\u1eadt<\/strong><\/span><\/h3>\n<table dir=\"ltr\" style=\"width: 61.6395%; height: 360px;\" border=\"1\" cellspacing=\"0\" cellpadding=\"0\">\n<colgroup>\n<col width=\"191\" \/>\n<col width=\"424\" \/><\/colgroup>\n<tbody>\n<tr style=\"height: 24px;\">\n<td style=\"height: 24px; width: 113.776%;\" colspan=\"2\" rowspan=\"1\" data-sheets-value=\"{&quot;1&quot;:2,&quot;2&quot;:&quot;T\u00ean s\u1ea3n ph\u1ea9m: Qu\u1ea1t h\u00fat \u00e2m t\u01b0\u1eddng 1 chi\u1ec1u kh\u00f4ng c\u00f3 m\u00e0n che&quot;}\"><span style=\"color: #000000;\"><strong>T\u00ean s\u1ea3n ph\u1ea9m: Qu\u1ea1t h\u00fat \u00e2m t\u01b0\u1eddng 1 chi\u1ec1u kh\u00f4ng c\u00f3 m\u00e0n che<\/strong><\/span><\/td>\n<\/tr>\n<tr style=\"height: 24px;\">\n<td style=\"height: 24px; width: 30.9562%;\" data-sheets-value=\"{&quot;1&quot;:2,&quot;2&quot;:&quot;S\u1ea3n xu\u1ea5t&quot;}\"><span style=\"color: #000000;\">\u00a0S\u1ea3n xu\u1ea5t<\/span><\/td>\n<td style=\"height: 24px; width: 82.8201%;\" data-sheets-value=\"{&quot;1&quot;:2,&quot;2&quot;:&quot;Vi\u1ec7t Nam&quot;}\"><span style=\"color: #000000;\">\u00a0Vi\u1ec7t Nam<\/span><\/td>\n<\/tr>\n<tr style=\"height: 24px;\">\n<td style=\"height: 24px; width: 30.9562%;\" data-sheets-value=\"{&quot;1&quot;:2,&quot;2&quot;:&quot;M\u00e3 s\u1ea3n ph\u1ea9m&quot;}\"><span style=\"color: #000000;\">\u00a0M\u00e3 s\u1ea3n ph\u1ea9m<\/span><\/td>\n<td style=\"height: 24px; width: 82.8201%;\" data-sheets-value=\"{&quot;1&quot;:2,&quot;2&quot;:&quot;FV-20AU1&quot;}\"><strong><span style=\"color: #000000;\">\u00a0<span style=\"color: #ff6600;\">FV-20AU1<\/span><\/span><\/strong><\/td>\n<\/tr>\n<tr style=\"height: 24px;\">\n<td style=\"height: 24px; width: 30.9562%;\" data-sheets-value=\"{&quot;1&quot;:2,&quot;2&quot;:&quot;C\u1ea5p \u0111\u1ed9 gi\u00f3&quot;}\"><span style=\"color: #000000;\">\u00a0C\u1ea5p \u0111\u1ed9 gi\u00f3<\/span><\/td>\n<td style=\"height: 24px; width: 82.8201%;\" data-sheets-value=\"{&quot;1&quot;:3,&quot;3&quot;:1}\"><span style=\"color: #000000;\">\u00a01 c\u1ea5p \u0111\u1ed9<\/span><\/td>\n<\/tr>\n<tr style=\"height: 24px;\">\n<td style=\"height: 24px; width: 30.9562%;\" data-sheets-value=\"{&quot;1&quot;:2,&quot;2&quot;:&quot;C\u00f4ng su\u1ea5t \u0111\u1ecbnh m\u1ee9c (W)&quot;}\"><span style=\"color: #000000;\">\u00a0C\u00f4ng su\u1ea5t \u0111\u1ecbnh m\u1ee9c (W)<\/span><\/td>\n<td style=\"height: 24px; width: 82.8201%;\" data-sheets-value=\"{&quot;1&quot;:2,&quot;2&quot;:&quot;18W&quot;}\"><span style=\"color: #000000;\">\u00a018W<\/span><\/td>\n<\/tr>\n<tr style=\"height: 24px;\">\n<td style=\"height: 24px; width: 30.9562%;\" data-sheets-value=\"{&quot;1&quot;:2,&quot;2&quot;:&quot;L\u01b0u l\u01b0\u1ee3ng gi\u00f3 (m\u00b3\/h)&quot;}\"><span style=\"color: #000000;\">\u00a0L\u01b0u l\u01b0\u1ee3ng gi\u00f3 (m\u00b3\/h)<\/span><\/td>\n<td style=\"height: 24px; width: 82.8201%;\" data-sheets-value=\"{&quot;1&quot;:2,&quot;2&quot;:&quot;590m\u00b3\/h&quot;}\"><span style=\"color: #000000;\">\u00a0590m\u00b3\/h<\/span><\/td>\n<\/tr>\n<tr style=\"height: 24px;\">\n<td style=\"height: 24px; width: 30.9562%;\" data-sheets-value=\"{&quot;1&quot;:2,&quot;2&quot;:&quot;\u0110\u1ed9 \u1ed3n&quot;}\"><span style=\"color: #000000;\">\u00a0\u0110\u1ed9 \u1ed3n<\/span><\/td>\n<td style=\"height: 24px; width: 82.8201%;\" data-sheets-value=\"{&quot;1&quot;:2,&quot;2&quot;:&quot;36dB&quot;}\"><span style=\"color: #000000;\">\u00a036dB<\/span><\/td>\n<\/tr>\n<tr style=\"height: 24px;\">\n<td style=\"height: 24px; width: 30.9562%;\" data-sheets-value=\"{&quot;1&quot;:2,&quot;2&quot;:&quot;K\u00edch th\u01b0\u1edbc l\u1eafp \u0111\u1eb7t&quot;}\"><span style=\"color: #000000;\">\u00a0K\u00edch th\u01b0\u1edbc l\u1eafp \u0111\u1eb7t<\/span><\/td>\n<td style=\"height: 24px; width: 82.8201%;\" data-sheets-value=\"{&quot;1&quot;:2,&quot;2&quot;:&quot;25m2&quot;}\"><span style=\"color: #000000;\">\u00a025m2<\/span><\/td>\n<\/tr>\n<tr style=\"height: 24px;\">\n<td style=\"height: 24px; width: 30.9562%;\" data-sheets-value=\"{&quot;1&quot;:2,&quot;2&quot;:&quot;T\u1ea7n s\u1ed1&quot;}\"><span style=\"color: #000000;\">\u00a0T\u1ea7n s\u1ed1<\/span><\/td>\n<td style=\"height: 24px; width: 82.8201%;\" data-sheets-value=\"{&quot;1&quot;:2,&quot;2&quot;:&quot;50 - 60Hz&quot;}\"><span style=\"color: #000000;\">\u00a050 \u2013 60Hz<\/span><\/td>\n<\/tr>\n<tr style=\"height: 48px;\">\n<td style=\"height: 48px; width: 30.9562%;\" data-sheets-value=\"{&quot;1&quot;:2,&quot;2&quot;:&quot;T\u00ednh n\u0103ng&quot;}\"><span style=\"color: #000000;\">\u00a0T\u00ednh n\u0103ng<\/span><\/td>\n<td style=\"height: 48px; width: 82.8201%;\" data-sheets-value=\"{&quot;1&quot;:2,&quot;2&quot;:&quot;T\u1ef1 \u0111\u1ed9ng t\u1eaft khi qu\u1ea1t n\u00f3ng, ch\u1ebf \u0111\u1ed9 t\u1ef1 \u0111\u1ed9ng kh\u00f4ng \u0111\u00f3ng m\u1edf qu\u1ea1t&quot;}\"><span style=\"color: #000000;\">\u00a0T\u1ef1 \u0111\u1ed9ng t\u1eaft khi qu\u1ea1t n\u00f3ng, ch\u1ebf \u0111\u1ed9 t\u1ef1 \u0111\u1ed9ng kh\u00f4ng \u0111\u00f3ng m\u1edf qu\u1ea1t<\/span><\/td>\n<\/tr>\n<tr style=\"height: 24px;\">\n<td style=\"height: 24px; width: 30.9562%;\" data-sheets-value=\"{&quot;1&quot;:2,&quot;2&quot;:&quot;Th\u01b0\u01a1ng hi\u1ec7u&quot;}\"><span style=\"color: #000000;\">\u00a0Th\u01b0\u01a1ng hi\u1ec7u<\/span><\/td>\n<td style=\"height: 24px; width: 82.8201%;\" data-sheets-value=\"{&quot;1&quot;:2,&quot;2&quot;:&quot;Panasonic&quot;}\"><span style=\"color: #000000;\">\u00a0Panasonic<\/span><\/td>\n<\/tr>\n<tr style=\"height: 24px;\">\n<td style=\"height: 24px; width: 30.9562%;\" data-sheets-value=\"{&quot;1&quot;:2,&quot;2&quot;:&quot;C\u00f4ng ngh\u1ec7&quot;}\"><span style=\"color: #000000;\">\u00a0C\u00f4ng ngh\u1ec7<\/span><\/td>\n<td style=\"height: 24px; width: 82.8201%;\" data-sheets-value=\"{&quot;1&quot;:2,&quot;2&quot;:&quot;Nh\u1eadt B\u1ea3n&quot;}\"><span style=\"color: #000000;\">\u00a0Nh\u1eadt B\u1ea3n<\/span><\/td>\n<\/tr>\n<tr style=\"height: 24px;\">\n<td style=\"height: 24px; width: 30.9562%;\" data-sheets-value=\"{&quot;1&quot;:2,&quot;2&quot;:&quot;Lo\u1ea1i h\u00e0ng&quot;}\"><span style=\"color: #000000;\">\u00a0Lo\u1ea1i h\u00e0ng<\/span><\/td>\n<td style=\"height: 24px; width: 82.8201%;\" data-sheets-value=\"{&quot;1&quot;:2,&quot;2&quot;:&quot;Ch\u00ednh h\u00e3ng&quot;}\"><span style=\"color: #000000;\">\u00a0Ch\u00ednh h\u00e3ng<\/span><\/td>\n<\/tr>\n<tr style=\"height: 24px;\">\n<td style=\"height: 24px; width: 30.9562%;\" data-sheets-value=\"{&quot;1&quot;:2,&quot;2&quot;:&quot;B\u1ea3o H\u00e0nh &quot;}\"><span style=\"color: #000000;\">\u00a0B\u1ea3o H\u00e0nh<\/span><\/td>\n<td style=\"height: 24px; width: 82.8201%;\" data-sheets-value=\"{&quot;1&quot;:2,&quot;2&quot;:&quot;12 th\u00e1ng&quot;}\"><span style=\"color: #000000;\">\u00a012 th\u00e1ng<\/span><\/td>\n<\/tr>\n<\/tbody>\n<\/table>\n<h2 style=\"text-align: center;\"><span style=\"color: #000000;\"><img fetchpriority=\"high\" decoding=\"async\" class=\"alignnone size-medium wp-image-12617\" src=\"http:\/\/thietbidienlama.com\/wp-content\/uploads\/2025\/02\/Quat-Hut-Gan-Tuong-Dan-Dung-Loai-1-Chieu-Khong-Co-Man-Che-FV-20AU1-18W-Panasonic-300x300.jpg\" alt=\"\" width=\"300\" height=\"300\" srcset=\"https:\/\/www.thietbidienlama.com\/wp-content\/uploads\/2025\/02\/Quat-Hut-Gan-Tuong-Dan-Dung-Loai-1-Chieu-Khong-Co-Man-Che-FV-20AU1-18W-Panasonic-300x300.jpg 300w, https:\/\/www.thietbidienlama.com\/wp-content\/uploads\/2025\/02\/Quat-Hut-Gan-Tuong-Dan-Dung-Loai-1-Chieu-Khong-Co-Man-Che-FV-20AU1-18W-Panasonic-150x150.jpg 150w, https:\/\/www.thietbidienlama.com\/wp-content\/uploads\/2025\/02\/Quat-Hut-Gan-Tuong-Dan-Dung-Loai-1-Chieu-Khong-Co-Man-Che-FV-20AU1-18W-Panasonic-12x12.jpg 12w, https:\/\/www.thietbidienlama.com\/wp-content\/uploads\/2025\/02\/Quat-Hut-Gan-Tuong-Dan-Dung-Loai-1-Chieu-Khong-Co-Man-Che-FV-20AU1-18W-Panasonic.jpg 500w\" sizes=\"(max-width: 300px) 100vw, 300px\" \/><\/span><\/h2>\n<p><span style=\"font-size: 12pt; color: #000000;\"><strong>S\u1ea3n Ph\u1ea9m T\u01b0\u01a1ng T\u1ef1 :<\/strong><a style=\"color: #000000;\" href=\"https:\/\/thietbidienlama.com\/den-trang-tri-ngoai-troi-nbls031-nanoco\/\"><br \/>\n<\/a><\/span><\/p>\n<p><span style=\"font-size: 12pt; color: #000000;\"> <a href=\"https:\/\/thietbidienlama.com\/quat-hut-gan-tuong-dan-dung-fv-25au1\/\"><img decoding=\"async\" class=\"alignnone wp-image-12881 size-medium\" src=\"http:\/\/thietbidienlama.com\/wp-content\/uploads\/2025\/08\/Quat-Hut-Gan-Tuong-Dan-Dung-Loai-1-Chieu-Khong-Co-Man-Che-FV-20AU1-18W-Panasonic-300x300.jpg\" alt=\"\" width=\"300\" height=\"300\" srcset=\"https:\/\/www.thietbidienlama.com\/wp-content\/uploads\/2025\/08\/Quat-Hut-Gan-Tuong-Dan-Dung-Loai-1-Chieu-Khong-Co-Man-Che-FV-20AU1-18W-Panasonic-300x300.jpg 300w, https:\/\/www.thietbidienlama.com\/wp-content\/uploads\/2025\/08\/Quat-Hut-Gan-Tuong-Dan-Dung-Loai-1-Chieu-Khong-Co-Man-Che-FV-20AU1-18W-Panasonic-150x150.jpg 150w, https:\/\/www.thietbidienlama.com\/wp-content\/uploads\/2025\/08\/Quat-Hut-Gan-Tuong-Dan-Dung-Loai-1-Chieu-Khong-Co-Man-Che-FV-20AU1-18W-Panasonic-12x12.jpg 12w, https:\/\/www.thietbidienlama.com\/wp-content\/uploads\/2025\/08\/Quat-Hut-Gan-Tuong-Dan-Dung-Loai-1-Chieu-Khong-Co-Man-Che-FV-20AU1-18W-Panasonic.jpg 500w\" sizes=\"(max-width: 300px) 100vw, 300px\" \/><\/a> <a href=\"https:\/\/thietbidienlama.com\/quat-hut-gan-tuong-dan-dung-fv-30au1\/\"><img decoding=\"async\" class=\"alignnone wp-image-12882 size-medium\" src=\"http:\/\/thietbidienlama.com\/wp-content\/uploads\/2025\/08\/Quat-Hut-Gan-Tuong-Dan-Dung-Loai-1-Chieu-Khong-Co-Man-Che-FV-30AU1-28W-Panasonic-300x300.jpg\" alt=\"\" width=\"300\" height=\"300\" srcset=\"https:\/\/www.thietbidienlama.com\/wp-content\/uploads\/2025\/08\/Quat-Hut-Gan-Tuong-Dan-Dung-Loai-1-Chieu-Khong-Co-Man-Che-FV-30AU1-28W-Panasonic-300x300.jpg 300w, https:\/\/www.thietbidienlama.com\/wp-content\/uploads\/2025\/08\/Quat-Hut-Gan-Tuong-Dan-Dung-Loai-1-Chieu-Khong-Co-Man-Che-FV-30AU1-28W-Panasonic-150x150.jpg 150w, https:\/\/www.thietbidienlama.com\/wp-content\/uploads\/2025\/08\/Quat-Hut-Gan-Tuong-Dan-Dung-Loai-1-Chieu-Khong-Co-Man-Che-FV-30AU1-28W-Panasonic-12x12.jpg 12w, https:\/\/www.thietbidienlama.com\/wp-content\/uploads\/2025\/08\/Quat-Hut-Gan-Tuong-Dan-Dung-Loai-1-Chieu-Khong-Co-Man-Che-FV-30AU1-28W-Panasonic.jpg 500w\" sizes=\"(max-width: 300px) 100vw, 300px\" \/><\/a> <a href=\"https:\/\/thietbidienlama.com\/quat-hut-gan-tuong-fv-20al1-loai-1-chieu\/\"><img loading=\"lazy\" decoding=\"async\" class=\"alignnone wp-image-12935 size-medium\" src=\"http:\/\/thietbidienlama.com\/wp-content\/uploads\/2025\/08\/Quat-Hut-Gan-Tuong-Dan-Dung-Loai-1-Chieu-Co-Man-Che-FV-20AL1-18W-Panasonic-300x300.jpg\" alt=\"\" width=\"300\" height=\"300\" srcset=\"https:\/\/www.thietbidienlama.com\/wp-content\/uploads\/2025\/08\/Quat-Hut-Gan-Tuong-Dan-Dung-Loai-1-Chieu-Co-Man-Che-FV-20AL1-18W-Panasonic-300x300.jpg 300w, https:\/\/www.thietbidienlama.com\/wp-content\/uploads\/2025\/08\/Quat-Hut-Gan-Tuong-Dan-Dung-Loai-1-Chieu-Co-Man-Che-FV-20AL1-18W-Panasonic-150x150.jpg 150w, https:\/\/www.thietbidienlama.com\/wp-content\/uploads\/2025\/08\/Quat-Hut-Gan-Tuong-Dan-Dung-Loai-1-Chieu-Co-Man-Che-FV-20AL1-18W-Panasonic-12x12.jpg 12w, https:\/\/www.thietbidienlama.com\/wp-content\/uploads\/2025\/08\/Quat-Hut-Gan-Tuong-Dan-Dung-Loai-1-Chieu-Co-Man-Che-FV-20AL1-18W-Panasonic.jpg 500w\" sizes=\"(max-width: 300px) 100vw, 300px\" \/><\/a><\/span><\/p>\n<p><span style=\"font-size: 12pt; color: #000000;\"><strong>LI\u00caN H\u1ec6 : Hotline: 0935 228 204 ( Ms Lam )<\/strong><\/span><\/p>\n<p><span style=\"font-size: 12pt; color: #000000;\"><strong>Facebook:\u00a0<span style=\"color: #ff6600;\"><a style=\"color: #ff6600;\" href=\"https:\/\/www.facebook.com\/thietbidienlama\" target=\"_blank\" rel=\"noopener\">THI\u1ebeT\u00a0B\u1eca \u0110I\u1ec6N LAMA<\/a><\/span><\/strong><\/span><\/p>\n<p><span style=\"font-size: 12pt; color: #000000;\"><strong>Tiktok:\u00a0<span style=\"color: #ff6600;\"><a style=\"color: #ff6600;\" href=\"https:\/\/www.tiktok.com\/@thietbidienlama\" target=\"_blank\" rel=\"noopener\">THI\u1ebeT\u00a0B\u1eca \u0110I\u1ec6N LAMA<\/a><\/span><\/strong><\/span><\/p>","protected":false},"excerpt":{"rendered":"<p>Qu\u1ea1t H\u00fat G\u1eafn T\u01b0\u1eddng &#8211; FV-\u00a0&#8211; Lo\u1ea1i 1 Chi\u1ec1u &#8211; Kh\u00f4ng C\u00f3 M\u00e0n Che &#8211; 18W &#8211; Panasonic Th\u00f4ng s\u1ed1<\/p>","protected":false},"featured_media":12617,"comment_status":"closed","ping_status":"closed","template":"","meta":[],"product_brand":[],"product_cat":[562,808],"product_tag":[],"class_list":{"0":"post-12887","1":"product","2":"type-product","3":"status-publish","4":"has-post-thumbnail","6":"product_cat-thiet-bi-dien-panasonic","7":"product_cat-quat-hut-panasonic","9":"first","10":"instock","11":"sale","12":"shipping-taxable","13":"purchasable","14":"product-type-simple"},"_links":{"self":[{"href":"https:\/\/www.thietbidienlama.com\/en\/wp-json\/wp\/v2\/product\/12887","targetHints":{"allow":["GET"]}}],"collection":[{"href":"https:\/\/www.thietbidienlama.com\/en\/wp-json\/wp\/v2\/product"}],"about":[{"href":"https:\/\/www.thietbidienlama.com\/en\/wp-json\/wp\/v2\/types\/product"}],"replies":[{"embeddable":true,"href":"https:\/\/www.thietbidienlama.com\/en\/wp-json\/wp\/v2\/comments?post=12887"}],"version-history":[{"count":4,"href":"https:\/\/www.thietbidienlama.com\/en\/wp-json\/wp\/v2\/product\/12887\/revisions"}],"predecessor-version":[{"id":13144,"href":"https:\/\/www.thietbidienlama.com\/en\/wp-json\/wp\/v2\/product\/12887\/revisions\/13144"}],"wp:featuredmedia":[{"embeddable":true,"href":"https:\/\/www.thietbidienlama.com\/en\/wp-json\/wp\/v2\/media\/12617"}],"wp:attachment":[{"href":"https:\/\/www.thietbidienlama.com\/en\/wp-json\/wp\/v2\/media?parent=12887"}],"wp:term":[{"taxonomy":"product_brand","embeddable":true,"href":"https:\/\/www.thietbidienlama.com\/en\/wp-json\/wp\/v2\/product_brand?post=12887"},{"taxonomy":"product_cat","embeddable":true,"href":"https:\/\/www.thietbidienlama.com\/en\/wp-json\/wp\/v2\/product_cat?post=12887"},{"taxonomy":"product_tag","embeddable":true,"href":"https:\/\/www.thietbidienlama.com\/en\/wp-json\/wp\/v2\/product_tag?post=12887"}],"curies":[{"name":"wp","href":"https:\/\/api.w.org\/{rel}","templated":true}]}}