{"id":12869,"date":"2025-08-26T11:45:02","date_gmt":"2025-08-26T04:45:02","guid":{"rendered":"https:\/\/thietbidienlama.com\/?post_type=product&#038;p=12869"},"modified":"2025-11-14T11:30:18","modified_gmt":"2025-11-14T04:30:18","slug":"den-led-panel-dn-2g-600x600-40w-6500k","status":"publish","type":"product","link":"https:\/\/www.thietbidienlama.com\/en\/den-led-panel-dn-2g-600x600-40w-6500k\/","title":{"rendered":"\u0110\u00e8n Led Panel DN 2G ( 600&#215;600, 40W, 6500K ) &#8211; NVV40226WE1 &#8211; Panasonic"},"content":{"rendered":"<h2 class=\"title ng-binding\" style=\"text-align: center;\">\u0110\u00e8n Led Panel DN 2G ( 600&#215;600, 40W, 6500K ) &#8211; NVV40226WE1 &#8211; Panasonic<\/h2>\n<h3><span style=\"color: #000000;\"><strong>Th\u00f4ng s\u1ed1 k\u1ef9 thu\u1eadt <span style=\"color: #ff6600;\"><a style=\"color: #ff6600;\" href=\"https:\/\/thietbidienlama.com\/den-led-panel-dn-2g-600x600-40w-6500k\/\">\u0111\u00e8n LED Panel DN 2G<\/a><\/span>:<\/strong><\/span><\/h3>\n<p><img fetchpriority=\"high\" decoding=\"async\" class=\"alignnone size-medium wp-image-12870 aligncenter\" src=\"http:\/\/thietbidienlama.com\/wp-content\/uploads\/2025\/08\/Den-Led-Panel-DN-2G-600x600-40W-6500K-NVV40226WE1-Panasonic-300x300.jpg\" alt=\"\" width=\"300\" height=\"300\" srcset=\"https:\/\/www.thietbidienlama.com\/wp-content\/uploads\/2025\/08\/Den-Led-Panel-DN-2G-600x600-40W-6500K-NVV40226WE1-Panasonic-300x300.jpg 300w, https:\/\/www.thietbidienlama.com\/wp-content\/uploads\/2025\/08\/Den-Led-Panel-DN-2G-600x600-40W-6500K-NVV40226WE1-Panasonic-150x150.jpg 150w, https:\/\/www.thietbidienlama.com\/wp-content\/uploads\/2025\/08\/Den-Led-Panel-DN-2G-600x600-40W-6500K-NVV40226WE1-Panasonic-12x12.jpg 12w, https:\/\/www.thietbidienlama.com\/wp-content\/uploads\/2025\/08\/Den-Led-Panel-DN-2G-600x600-40W-6500K-NVV40226WE1-Panasonic.jpg 500w\" sizes=\"(max-width: 300px) 100vw, 300px\" \/><\/p>\n<table dir=\"ltr\" style=\"width: 39.9491%;\" border=\"1\" cellspacing=\"0\" cellpadding=\"0\">\n<tbody>\n<tr>\n<td style=\"width: 65.6566%;\" data-sheets-value=\"{&quot;1&quot;:2,&quot;2&quot;:&quot;C\u00f4ng su\u1ea5t&quot;}\"><span style=\"color: #000000;\">\u00a0C\u00f4ng su\u1ea5t<\/span><\/td>\n<td style=\"width: 80.5636%;\" data-sheets-value=\"{&quot;1&quot;:2,&quot;2&quot;:&quot;18W&quot;}\"><span style=\"color: #000000;\">\u00a040W<\/span><\/td>\n<\/tr>\n<tr>\n<td style=\"width: 65.6566%;\" data-sheets-value=\"{&quot;1&quot;:2,&quot;2&quot;:&quot;Quang th\u00f4ng&quot;}\"><span style=\"color: #000000;\">\u00a0Quang th\u00f4ng<\/span><\/td>\n<td style=\"width: 80.5636%;\" data-sheets-value=\"{&quot;1&quot;:2,&quot;2&quot;:&quot;1140lm&quot;}\"><span style=\"color: #000000;\">\u00a04400lm<\/span><\/td>\n<\/tr>\n<tr>\n<td style=\"width: 65.6566%;\"><span style=\"color: #000000;\">\u00a0Hi\u1ec7u su\u1ea5t<\/span><\/td>\n<td style=\"width: 80.5636%;\"><span style=\"color: #000000;\">\u00a0108 lm\/W<\/span><\/td>\n<\/tr>\n<tr>\n<td style=\"width: 65.6566%;\" data-sheets-value=\"{&quot;1&quot;:2,&quot;2&quot;:&quot;Ngu\u1ed3n \u0111i\u1ec7n&quot;}\"><span style=\"color: #000000;\">\u00a0Ngu\u1ed3n \u0111i\u1ec7n<\/span><\/td>\n<td style=\"width: 80.5636%;\" data-sheets-value=\"{&quot;1&quot;:2,&quot;2&quot;:&quot;AC220 - 240V&quot;}\"><span style=\"color: #000000;\">\u00a0AC220 \u2013 240V<\/span><\/td>\n<\/tr>\n<tr>\n<td style=\"width: 65.6566%;\" data-sheets-value=\"{&quot;1&quot;:2,&quot;2&quot;:&quot;K\u00edch th\u01b0\u1edbc&quot;}\"><span style=\"color: #000000;\">\u00a0K\u00edch th\u01b0\u1edbc<\/span><\/td>\n<td style=\"width: 80.5636%;\" data-sheets-value=\"{&quot;1&quot;:2,&quot;2&quot;:&quot;\u00d8194mm; H:32mm&quot;}\"><span style=\"color: #000000;\">\u00a0595 x 595mm; H:35mm<\/span><\/td>\n<\/tr>\n<tr>\n<td style=\"width: 65.6566%;\"><span style=\"color: #000000;\">\u00a0C\u00e2n n\u1eb7ng<\/span><\/td>\n<td style=\"width: 80.5636%;\"><span style=\"color: #000000;\">\u00a02kg<\/span><\/td>\n<\/tr>\n<tr>\n<td style=\"width: 65.6566%;\"><span style=\"color: #000000;\">\u00a0<strong>NVV40223WE1<\/strong><\/span><\/td>\n<td style=\"width: 80.5636%;\"><span style=\"color: #000000;\">\u00a0V\u00e0ng (3000k)<\/span><\/td>\n<\/tr>\n<tr>\n<td style=\"width: 65.6566%;\"><span style=\"color: #000000;\">\u00a0<strong>NVV40224WE1<\/strong><\/span><\/td>\n<td style=\"width: 80.5636%;\"><span style=\"color: #000000;\">\u00a0Trung T\u00ednh (4000k)<\/span><\/td>\n<\/tr>\n<tr>\n<td style=\"width: 65.6566%;\"><span style=\"color: #000000;\">\u00a0<strong>NVV40226WE1<\/strong><\/span><\/td>\n<td style=\"width: 80.5636%;\"><span style=\"color: #000000;\">\u00a0Tr\u1eafng (6500k)<\/span><\/td>\n<\/tr>\n<tr>\n<td style=\"width: 65.6566%;\" data-sheets-value=\"{&quot;1&quot;:2,&quot;2&quot;:&quot;Tu\u1ed5i th\u1ecd&quot;}\"><span style=\"color: #000000;\">\u00a0Tu\u1ed5i th\u1ecd<\/span><\/td>\n<td style=\"width: 80.5636%;\" data-sheets-value=\"{&quot;1&quot;:2,&quot;2&quot;:&quot;20,00 gi\u1edd&quot;}\"><span style=\"color: #000000;\">\u00a030,000 gi\u1edd<\/span><\/td>\n<\/tr>\n<tr>\n<td style=\"width: 65.6566%;\"><span style=\"color: #000000;\">\u00a0CRI<\/span><\/td>\n<td style=\"width: 80.5636%;\"><span style=\"color: #000000;\">\u00a0Ra 80<\/span><\/td>\n<\/tr>\n<tr>\n<td style=\"width: 65.6566%;\" data-sheets-value=\"{&quot;1&quot;:2,&quot;2&quot;:&quot;IP&quot;}\"><span style=\"color: #000000;\">\u00a0IP<\/span><\/td>\n<td style=\"width: 80.5636%;\" data-sheets-value=\"{&quot;1&quot;:3,&quot;3&quot;:20}\"><span style=\"color: #000000;\">\u00a020<\/span><\/td>\n<\/tr>\n<tr>\n<td style=\"width: 65.6566%;\"><span style=\"color: #000000;\">\u00a0B\u1ed9 ngu\u1ed3n<\/span><\/td>\n<td style=\"width: 80.5636%;\"><span style=\"color: #000000;\">\u00a0L\u1eafp trong<\/span><\/td>\n<\/tr>\n<tr>\n<td style=\"width: 65.6566%;\" data-sheets-value=\"{&quot;1&quot;:2,&quot;2&quot;:&quot;B\u1ea3o h\u00e0nh&quot;}\"><span style=\"color: #000000;\">\u00a0B\u1ea3o h\u00e0nh<\/span><\/td>\n<td style=\"width: 80.5636%;\" data-sheets-value=\"{&quot;1&quot;:2,&quot;2&quot;:&quot;12 th\u00e1ng&quot;}\"><span style=\"color: #000000;\">\u00a012 th\u00e1ng<\/span><\/td>\n<\/tr>\n<\/tbody>\n<\/table>\n<p class=\"Y3BBE\" data-hveid=\"CAEICBAA\" data-complete=\"true\" data-processed=\"true\"><span style=\"font-size: 12pt; color: #000000;\"><strong>LI\u00caN H\u1ec6 : Hotline: 0935 228 204 ( Ms Lam )<\/strong><\/span><\/p>\n<p><span style=\"font-size: 12pt; color: #000000;\"><strong>Facebook:\u00a0<span style=\"color: #ff6600;\"><a style=\"color: #ff6600;\" href=\"https:\/\/www.facebook.com\/thietbidienlama\" target=\"_blank\" rel=\"noopener\">THI\u1ebeT\u00a0B\u1eca \u0110I\u1ec6N LAMA<\/a><\/span><\/strong><\/span><\/p>\n<p><span style=\"font-size: 12pt; color: #000000;\"><strong>Tiktok:\u00a0<span style=\"color: #ff6600;\"><a style=\"color: #ff6600;\" href=\"https:\/\/www.tiktok.com\/@thietbidienlama\" target=\"_blank\" rel=\"noopener\">THI\u1ebeT\u00a0B\u1eca \u0110I\u1ec6N LAMA<\/a><\/span><\/strong><\/span><\/p>","protected":false},"excerpt":{"rendered":"<p>\u0110\u00e8n Led Panel DN 2G ( 600&#215;600, 40W, 6500K ) &#8211; NVV40226WE1 &#8211; Panasonic Th\u00f4ng s\u1ed1 k\u1ef9 thu\u1eadt \u0111\u00e8n LED<\/p>","protected":false},"featured_media":12870,"comment_status":"closed","ping_status":"closed","template":"","meta":[],"product_brand":[],"product_cat":[502,861,731],"product_tag":[976],"class_list":{"0":"post-12869","1":"product","2":"type-product","3":"status-publish","4":"has-post-thumbnail","6":"product_cat-den-chieu-sang","7":"product_cat-den-dowlight","8":"product_cat-den-led-panasonic","9":"product_tag-den-led-panel-dn-2g","11":"first","12":"instock","13":"sale","14":"shipping-taxable","15":"purchasable","16":"product-type-simple"},"_links":{"self":[{"href":"https:\/\/www.thietbidienlama.com\/en\/wp-json\/wp\/v2\/product\/12869","targetHints":{"allow":["GET"]}}],"collection":[{"href":"https:\/\/www.thietbidienlama.com\/en\/wp-json\/wp\/v2\/product"}],"about":[{"href":"https:\/\/www.thietbidienlama.com\/en\/wp-json\/wp\/v2\/types\/product"}],"replies":[{"embeddable":true,"href":"https:\/\/www.thietbidienlama.com\/en\/wp-json\/wp\/v2\/comments?post=12869"}],"version-history":[{"count":3,"href":"https:\/\/www.thietbidienlama.com\/en\/wp-json\/wp\/v2\/product\/12869\/revisions"}],"predecessor-version":[{"id":13570,"href":"https:\/\/www.thietbidienlama.com\/en\/wp-json\/wp\/v2\/product\/12869\/revisions\/13570"}],"wp:featuredmedia":[{"embeddable":true,"href":"https:\/\/www.thietbidienlama.com\/en\/wp-json\/wp\/v2\/media\/12870"}],"wp:attachment":[{"href":"https:\/\/www.thietbidienlama.com\/en\/wp-json\/wp\/v2\/media?parent=12869"}],"wp:term":[{"taxonomy":"product_brand","embeddable":true,"href":"https:\/\/www.thietbidienlama.com\/en\/wp-json\/wp\/v2\/product_brand?post=12869"},{"taxonomy":"product_cat","embeddable":true,"href":"https:\/\/www.thietbidienlama.com\/en\/wp-json\/wp\/v2\/product_cat?post=12869"},{"taxonomy":"product_tag","embeddable":true,"href":"https:\/\/www.thietbidienlama.com\/en\/wp-json\/wp\/v2\/product_tag?post=12869"}],"curies":[{"name":"wp","href":"https:\/\/api.w.org\/{rel}","templated":true}]}}