{"id":12865,"date":"2025-08-26T11:26:20","date_gmt":"2025-08-26T04:26:20","guid":{"rendered":"https:\/\/thietbidienlama.com\/?post_type=product&#038;p=12865"},"modified":"2025-11-14T11:49:55","modified_gmt":"2025-11-14T04:49:55","slug":"bo-1-cong-tac-c-2-chieu-dong-minerva-2","status":"publish","type":"product","link":"https:\/\/www.thietbidienlama.com\/en\/bo-1-cong-tac-c-2-chieu-dong-minerva-2\/","title":{"rendered":"B\u1ed9 1 C\u00f4ng T\u1eafc C 2 Chi\u1ec1u &#8211; D\u00f2ng Minerva &#8211; M\u00e0u V\u00e0ng \u00c1nh Kim &#8211; WMT502MYZ-VN"},"content":{"rendered":"<h2 style=\"text-align: center;\"><span style=\"color: #000000;\">B\u1ed9 1 C\u00f4ng T\u1eafc C 2 Chi\u1ec1u &#8211; D\u00f2ng Minerva &#8211; M\u00e0u V\u00e0ng \u00c1nh Kim &#8211; WMT502MYZ-VN<\/span><\/h2>\n<h3><span style=\"color: #000000;\"><strong>Th\u00f4ng tin <\/strong><\/span><span style=\"color: #ff6600;\"><a style=\"color: #ff6600;\" href=\"https:\/\/thietbidienlama.com\/bo-1-cong-tac-c-2-chieu-dong-minerva-2\/\">B\u1ed9 1 C\u00f4ng T\u1eafc C 2 Chi\u1ec1u<\/a><\/span><\/h3>\n<ul>\n<li><span style=\"color: #000000;\">B\u1ed9 1 c\u00f4ng t\u1eafc C<\/span><\/li>\n<li><span style=\"color: #000000;\">2 chi\u1ec1u, c\u1eafm nhanh<\/span><\/li>\n<li><span style=\"color: #000000;\">\u0110i\u1ec7n th\u1ebf: 250V<\/span><\/li>\n<li><span style=\"color: #000000;\">D\u00f2ng \u0111i\u1ec7n 16A<\/span><\/li>\n<li><span style=\"color: #000000;\">M\u00e0u s\u1eafc: V\u00e0ng \u00e1nh kim<\/span><\/li>\n<li><span style=\"color: #000000;\">S\u1ea3n ph\u1ea9n t\u01b0\u01a1ng t\u1ef1: WMT502-VN : M\u00e0u tr\u1eafng,\u00a0WMT502MYH-VN: M\u00e0u x\u00e1m \u00e1nh kim<\/span><\/li>\n<\/ul>\n<p><img fetchpriority=\"high\" decoding=\"async\" class=\"aligncenter wp-image-12866 size-medium\" src=\"http:\/\/thietbidienlama.com\/wp-content\/uploads\/2025\/08\/Bo-1-Cong-Tac-C-2-Chieu-Dong-Minerva-Mau-Vang-Anh-Kim-WMT502MYZ-VN-300x300.jpg\" alt=\"B\u1ed9 1 C\u00f4ng T\u1eafc C 2 Chi\u1ec1u - D\u00f2ng Minerva - M\u00e0u V\u00e0ng \u00c1nh Kim - WMT502MYZ-VN\" width=\"300\" height=\"300\" srcset=\"https:\/\/www.thietbidienlama.com\/wp-content\/uploads\/2025\/08\/Bo-1-Cong-Tac-C-2-Chieu-Dong-Minerva-Mau-Vang-Anh-Kim-WMT502MYZ-VN-300x300.jpg 300w, https:\/\/www.thietbidienlama.com\/wp-content\/uploads\/2025\/08\/Bo-1-Cong-Tac-C-2-Chieu-Dong-Minerva-Mau-Vang-Anh-Kim-WMT502MYZ-VN-150x150.jpg 150w, https:\/\/www.thietbidienlama.com\/wp-content\/uploads\/2025\/08\/Bo-1-Cong-Tac-C-2-Chieu-Dong-Minerva-Mau-Vang-Anh-Kim-WMT502MYZ-VN-12x12.jpg 12w, https:\/\/www.thietbidienlama.com\/wp-content\/uploads\/2025\/08\/Bo-1-Cong-Tac-C-2-Chieu-Dong-Minerva-Mau-Vang-Anh-Kim-WMT502MYZ-VN.jpg 500w\" sizes=\"(max-width: 300px) 100vw, 300px\" \/><\/p>\n<p class=\"Y3BBE\" data-hveid=\"CAEICBAA\" data-complete=\"true\" data-processed=\"true\"><span style=\"font-size: 12pt; color: #000000;\"><strong>LI\u00caN H\u1ec6 : Hotline: 0935 228 204 ( Ms Lam )<\/strong><\/span><\/p>\n<p><span style=\"font-size: 12pt; color: #000000;\"><strong>Facebook:\u00a0<span style=\"color: #ff6600;\"><a style=\"color: #ff6600;\" href=\"https:\/\/www.facebook.com\/thietbidienlama\" target=\"_blank\" rel=\"noopener\">THI\u1ebeT\u00a0B\u1eca \u0110I\u1ec6N LAMA<\/a><\/span><\/strong><\/span><\/p>\n<p><span style=\"font-size: 12pt; color: #000000;\"><strong>Tiktok:\u00a0<span style=\"color: #ff6600;\"><a style=\"color: #ff6600;\" href=\"https:\/\/www.tiktok.com\/@thietbidienlama\" target=\"_blank\" rel=\"noopener\">THI\u1ebeT\u00a0B\u1eca \u0110I\u1ec6N LAMA<\/a><\/span><\/strong><\/span><\/p>","protected":false},"excerpt":{"rendered":"<p>B\u1ed9 1 C\u00f4ng T\u1eafc C 2 Chi\u1ec1u &#8211; D\u00f2ng Minerva &#8211; M\u00e0u V\u00e0ng \u00c1nh Kim &#8211; WMT502MYZ-VN Th\u00f4ng tin B\u1ed9<\/p>","protected":false},"featured_media":12866,"comment_status":"closed","ping_status":"closed","template":"","meta":[],"product_brand":[],"product_cat":[562,856,859],"product_tag":[977],"class_list":{"0":"post-12865","1":"product","2":"type-product","3":"status-publish","4":"has-post-thumbnail","6":"product_cat-thiet-bi-dien-panasonic","7":"product_cat-cong-tac-panasonic","8":"product_cat-cong-tac-panasonic-minerva","9":"product_tag-bo-1-cong-tac-c-2-chieu","11":"first","12":"instock","13":"sale","14":"shipping-taxable","15":"purchasable","16":"product-type-simple"},"_links":{"self":[{"href":"https:\/\/www.thietbidienlama.com\/en\/wp-json\/wp\/v2\/product\/12865","targetHints":{"allow":["GET"]}}],"collection":[{"href":"https:\/\/www.thietbidienlama.com\/en\/wp-json\/wp\/v2\/product"}],"about":[{"href":"https:\/\/www.thietbidienlama.com\/en\/wp-json\/wp\/v2\/types\/product"}],"replies":[{"embeddable":true,"href":"https:\/\/www.thietbidienlama.com\/en\/wp-json\/wp\/v2\/comments?post=12865"}],"version-history":[{"count":3,"href":"https:\/\/www.thietbidienlama.com\/en\/wp-json\/wp\/v2\/product\/12865\/revisions"}],"predecessor-version":[{"id":13572,"href":"https:\/\/www.thietbidienlama.com\/en\/wp-json\/wp\/v2\/product\/12865\/revisions\/13572"}],"wp:featuredmedia":[{"embeddable":true,"href":"https:\/\/www.thietbidienlama.com\/en\/wp-json\/wp\/v2\/media\/12866"}],"wp:attachment":[{"href":"https:\/\/www.thietbidienlama.com\/en\/wp-json\/wp\/v2\/media?parent=12865"}],"wp:term":[{"taxonomy":"product_brand","embeddable":true,"href":"https:\/\/www.thietbidienlama.com\/en\/wp-json\/wp\/v2\/product_brand?post=12865"},{"taxonomy":"product_cat","embeddable":true,"href":"https:\/\/www.thietbidienlama.com\/en\/wp-json\/wp\/v2\/product_cat?post=12865"},{"taxonomy":"product_tag","embeddable":true,"href":"https:\/\/www.thietbidienlama.com\/en\/wp-json\/wp\/v2\/product_tag?post=12865"}],"curies":[{"name":"wp","href":"https:\/\/api.w.org\/{rel}","templated":true}]}}