{"id":12857,"date":"2025-08-24T15:02:47","date_gmt":"2025-08-24T08:02:47","guid":{"rendered":"https:\/\/thietbidienlama.com\/?post_type=product&#038;p=12857"},"modified":"2025-11-14T11:52:23","modified_gmt":"2025-11-14T04:52:23","slug":"bo-1-cong-tac-c-2-chieu-dong-minerva","status":"publish","type":"product","link":"https:\/\/www.thietbidienlama.com\/en\/bo-1-cong-tac-c-2-chieu-dong-minerva\/","title":{"rendered":"B\u1ed9 1 C\u00f4ng T\u1eafc C 2 Chi\u1ec1u &#8211; D\u00f2ng Minerva &#8211; M\u00e0u X\u00e1m \u00c1nh Kim &#8211; WMT502MYH-VN"},"content":{"rendered":"<h2 style=\"text-align: center;\"><span style=\"color: #000000;\">B\u1ed9 1 C\u00f4ng T\u1eafc C 2 Chi\u1ec1u &#8211; D\u00f2ng Minerva &#8211; M\u00e0u X\u00e1m \u00c1nh Kim &#8211; WMT502MYH-VN<\/span><\/h2>\n<h3><span style=\"color: #000000;\"><strong>Th\u00f4ng tin <\/strong><\/span><span style=\"color: #ff6600;\"><a style=\"color: #ff6600;\" href=\"https:\/\/thietbidienlama.com\/bo-1-cong-tac-c-2-chieu-dong-minerva\/\">B\u1ed9 1 C\u00f4ng T\u1eafc C 2 Chi\u1ec1u<\/a><\/span><\/h3>\n<ul>\n<li><span style=\"color: #000000;\">B\u1ed9 1 c\u00f4ng t\u1eafc C 2 chi\u1ec1u<\/span><\/li>\n<li><span style=\"color: #000000;\">2 chi\u1ec1u, c\u1eafm nhanh<\/span><\/li>\n<li><span style=\"color: #000000;\">\u0110i\u1ec7n th\u1ebf: 250V<\/span><\/li>\n<li><span style=\"color: #000000;\">D\u00f2ng \u0111i\u1ec7n 16A<\/span><\/li>\n<li><span style=\"color: #000000;\">M\u00e0u s\u1eafc: \u0110en \u00e1nh kim<\/span><\/li>\n<li><span style=\"color: #000000;\">S\u1ea3n ph\u1ea9n t\u01b0\u01a1ng t\u1ef1: WMT502MYZ-VN : M\u00e0u v\u00e0ng \u00e1nh kim,\u00a0WMT502-VN: M\u00e0u tr\u1eafng<\/span><\/li>\n<\/ul>\n<p><img fetchpriority=\"high\" decoding=\"async\" class=\"alignnone size-medium wp-image-12858 aligncenter\" src=\"http:\/\/thietbidienlama.com\/wp-content\/uploads\/2025\/08\/Bo-1-Cong-Tac-C-2-Chieu-Dong-Minerva-Mau-Xam-Anh-Kim-WMT502MYH-VN-300x300.jpg\" alt=\"\" width=\"300\" height=\"300\" srcset=\"https:\/\/www.thietbidienlama.com\/wp-content\/uploads\/2025\/08\/Bo-1-Cong-Tac-C-2-Chieu-Dong-Minerva-Mau-Xam-Anh-Kim-WMT502MYH-VN-300x300.jpg 300w, https:\/\/www.thietbidienlama.com\/wp-content\/uploads\/2025\/08\/Bo-1-Cong-Tac-C-2-Chieu-Dong-Minerva-Mau-Xam-Anh-Kim-WMT502MYH-VN-150x150.jpg 150w, https:\/\/www.thietbidienlama.com\/wp-content\/uploads\/2025\/08\/Bo-1-Cong-Tac-C-2-Chieu-Dong-Minerva-Mau-Xam-Anh-Kim-WMT502MYH-VN-12x12.jpg 12w, https:\/\/www.thietbidienlama.com\/wp-content\/uploads\/2025\/08\/Bo-1-Cong-Tac-C-2-Chieu-Dong-Minerva-Mau-Xam-Anh-Kim-WMT502MYH-VN.jpg 500w\" sizes=\"(max-width: 300px) 100vw, 300px\" \/><\/p>\n<p class=\"Y3BBE\" data-hveid=\"CAEICBAA\" data-complete=\"true\" data-processed=\"true\"><span style=\"font-size: 12pt; color: #000000;\"><strong>LI\u00caN H\u1ec6 : Hotline: 0935 228 204 ( Ms Lam )<\/strong><\/span><\/p>\n<p><span style=\"font-size: 12pt; color: #000000;\"><strong>Facebook:\u00a0<span style=\"color: #ff6600;\"><a style=\"color: #ff6600;\" href=\"https:\/\/www.facebook.com\/thietbidienlama\" target=\"_blank\" rel=\"noopener\">THI\u1ebeT\u00a0B\u1eca \u0110I\u1ec6N LAMA<\/a><\/span><\/strong><\/span><\/p>\n<p><span style=\"font-size: 12pt; color: #000000;\"><strong>Tiktok:\u00a0<span style=\"color: #ff6600;\"><a style=\"color: #ff6600;\" href=\"https:\/\/www.tiktok.com\/@thietbidienlama\" target=\"_blank\" rel=\"noopener\">THI\u1ebeT\u00a0B\u1eca \u0110I\u1ec6N LAMA<\/a><\/span><\/strong><\/span><\/p>","protected":false},"excerpt":{"rendered":"<p>B\u1ed9 1 C\u00f4ng T\u1eafc C 2 Chi\u1ec1u &#8211; D\u00f2ng Minerva &#8211; M\u00e0u X\u00e1m \u00c1nh Kim &#8211; WMT502MYH-VN Th\u00f4ng tin B\u1ed9<\/p>","protected":false},"featured_media":12858,"comment_status":"closed","ping_status":"closed","template":"","meta":[],"product_brand":[],"product_cat":[562,856,859],"product_tag":[977],"class_list":{"0":"post-12857","1":"product","2":"type-product","3":"status-publish","4":"has-post-thumbnail","6":"product_cat-thiet-bi-dien-panasonic","7":"product_cat-cong-tac-panasonic","8":"product_cat-cong-tac-panasonic-minerva","9":"product_tag-bo-1-cong-tac-c-2-chieu","11":"first","12":"instock","13":"sale","14":"shipping-taxable","15":"purchasable","16":"product-type-simple"},"_links":{"self":[{"href":"https:\/\/www.thietbidienlama.com\/en\/wp-json\/wp\/v2\/product\/12857","targetHints":{"allow":["GET"]}}],"collection":[{"href":"https:\/\/www.thietbidienlama.com\/en\/wp-json\/wp\/v2\/product"}],"about":[{"href":"https:\/\/www.thietbidienlama.com\/en\/wp-json\/wp\/v2\/types\/product"}],"replies":[{"embeddable":true,"href":"https:\/\/www.thietbidienlama.com\/en\/wp-json\/wp\/v2\/comments?post=12857"}],"version-history":[{"count":4,"href":"https:\/\/www.thietbidienlama.com\/en\/wp-json\/wp\/v2\/product\/12857\/revisions"}],"predecessor-version":[{"id":13574,"href":"https:\/\/www.thietbidienlama.com\/en\/wp-json\/wp\/v2\/product\/12857\/revisions\/13574"}],"wp:featuredmedia":[{"embeddable":true,"href":"https:\/\/www.thietbidienlama.com\/en\/wp-json\/wp\/v2\/media\/12858"}],"wp:attachment":[{"href":"https:\/\/www.thietbidienlama.com\/en\/wp-json\/wp\/v2\/media?parent=12857"}],"wp:term":[{"taxonomy":"product_brand","embeddable":true,"href":"https:\/\/www.thietbidienlama.com\/en\/wp-json\/wp\/v2\/product_brand?post=12857"},{"taxonomy":"product_cat","embeddable":true,"href":"https:\/\/www.thietbidienlama.com\/en\/wp-json\/wp\/v2\/product_cat?post=12857"},{"taxonomy":"product_tag","embeddable":true,"href":"https:\/\/www.thietbidienlama.com\/en\/wp-json\/wp\/v2\/product_tag?post=12857"}],"curies":[{"name":"wp","href":"https:\/\/api.w.org\/{rel}","templated":true}]}}