{"id":12849,"date":"2025-08-24T14:51:16","date_gmt":"2025-08-24T07:51:16","guid":{"rendered":"https:\/\/thietbidienlama.com\/?post_type=product&#038;p=12849"},"modified":"2025-08-24T14:51:16","modified_gmt":"2025-08-24T07:51:16","slug":"bo-2-cong-tac-c-2-chieu-dong-minerva","status":"publish","type":"product","link":"https:\/\/www.thietbidienlama.com\/en\/bo-2-cong-tac-c-2-chieu-dong-minerva\/","title":{"rendered":"B\u1ed9 2 C\u00f4ng T\u1eafc C 2 Chi\u1ec1u &#8211; D\u00f2ng Minerva &#8211; M\u00e0u X\u00e1m \u00c1nh Kim &#8211; WMT504MYH-VN"},"content":{"rendered":"<h2 style=\"text-align: center;\"><span style=\"color: #000000;\">B\u1ed9 2 C\u00f4ng T\u1eafc C 2 Chi\u1ec1u &#8211; D\u00f2ng Minerva &#8211; M\u00e0u X\u00e1m \u00c1nh Kim &#8211; WMT504MYH-VN<\/span><\/h2>\n<h3><span style=\"color: #000000;\"><strong>Th\u00f4ng tin c\u00f4ng t\u1eafc Panasonic\u00a0WMT504MYH d\u00f2ng Minerva<\/strong><\/span><\/h3>\n<ul>\n<li><span style=\"color: #000000;\">B\u1ed9 2 c\u00f4ng t\u1eafc C<\/span><\/li>\n<li><span style=\"color: #000000;\">2 chi\u1ec1u, c\u1eafm nhanh<\/span><\/li>\n<li><span style=\"color: #000000;\">\u0110i\u1ec7n th\u1ebf: 250V<\/span><\/li>\n<li><span style=\"color: #000000;\">D\u00f2ng \u0111i\u1ec7n 16A<\/span><\/li>\n<li><span style=\"color: #000000;\">M\u00e0u s\u1eafc: X\u00e1m \u00e1nh kim<\/span><\/li>\n<li><span style=\"color: #000000;\">S\u1ea3n ph\u1ea9n t\u01b0\u01a1ng t\u1ef1: WMT504MYZ-VN : M\u00e0u v\u00e0ng \u00e1nh kim,\u00a0WMT504-VN: M\u00e0u tr\u1eafng<\/span><\/li>\n<\/ul>\n<p><img fetchpriority=\"high\" decoding=\"async\" class=\"alignnone size-medium wp-image-12850 aligncenter\" src=\"http:\/\/thietbidienlama.com\/wp-content\/uploads\/2025\/08\/Bo-2-Cong-Tac-C-2-Chieu-Dong-Minerva-Mau-Xam-Anh-Kim-WMT504MYH-VN-300x300.jpg\" alt=\"\" width=\"300\" height=\"300\" srcset=\"https:\/\/www.thietbidienlama.com\/wp-content\/uploads\/2025\/08\/Bo-2-Cong-Tac-C-2-Chieu-Dong-Minerva-Mau-Xam-Anh-Kim-WMT504MYH-VN-300x300.jpg 300w, https:\/\/www.thietbidienlama.com\/wp-content\/uploads\/2025\/08\/Bo-2-Cong-Tac-C-2-Chieu-Dong-Minerva-Mau-Xam-Anh-Kim-WMT504MYH-VN-150x150.jpg 150w, https:\/\/www.thietbidienlama.com\/wp-content\/uploads\/2025\/08\/Bo-2-Cong-Tac-C-2-Chieu-Dong-Minerva-Mau-Xam-Anh-Kim-WMT504MYH-VN-12x12.jpg 12w, https:\/\/www.thietbidienlama.com\/wp-content\/uploads\/2025\/08\/Bo-2-Cong-Tac-C-2-Chieu-Dong-Minerva-Mau-Xam-Anh-Kim-WMT504MYH-VN.jpg 500w\" sizes=\"(max-width: 300px) 100vw, 300px\" \/><\/p>\n<p>&nbsp;<\/p>","protected":false},"excerpt":{"rendered":"<p>B\u1ed9 2 C\u00f4ng T\u1eafc C 2 Chi\u1ec1u &#8211; D\u00f2ng Minerva &#8211; M\u00e0u X\u00e1m \u00c1nh Kim &#8211; WMT504MYH-VN Th\u00f4ng tin c\u00f4ng<\/p>","protected":false},"featured_media":12850,"comment_status":"closed","ping_status":"closed","template":"","meta":[],"product_brand":[],"product_cat":[856,859,562],"product_tag":[],"class_list":{"0":"post-12849","1":"product","2":"type-product","3":"status-publish","4":"has-post-thumbnail","6":"product_cat-cong-tac-panasonic","7":"product_cat-cong-tac-panasonic-minerva","8":"product_cat-thiet-bi-dien-panasonic","10":"first","11":"instock","12":"sale","13":"shipping-taxable","14":"purchasable","15":"product-type-simple"},"_links":{"self":[{"href":"https:\/\/www.thietbidienlama.com\/en\/wp-json\/wp\/v2\/product\/12849","targetHints":{"allow":["GET"]}}],"collection":[{"href":"https:\/\/www.thietbidienlama.com\/en\/wp-json\/wp\/v2\/product"}],"about":[{"href":"https:\/\/www.thietbidienlama.com\/en\/wp-json\/wp\/v2\/types\/product"}],"replies":[{"embeddable":true,"href":"https:\/\/www.thietbidienlama.com\/en\/wp-json\/wp\/v2\/comments?post=12849"}],"version-history":[{"count":1,"href":"https:\/\/www.thietbidienlama.com\/en\/wp-json\/wp\/v2\/product\/12849\/revisions"}],"predecessor-version":[{"id":12851,"href":"https:\/\/www.thietbidienlama.com\/en\/wp-json\/wp\/v2\/product\/12849\/revisions\/12851"}],"wp:featuredmedia":[{"embeddable":true,"href":"https:\/\/www.thietbidienlama.com\/en\/wp-json\/wp\/v2\/media\/12850"}],"wp:attachment":[{"href":"https:\/\/www.thietbidienlama.com\/en\/wp-json\/wp\/v2\/media?parent=12849"}],"wp:term":[{"taxonomy":"product_brand","embeddable":true,"href":"https:\/\/www.thietbidienlama.com\/en\/wp-json\/wp\/v2\/product_brand?post=12849"},{"taxonomy":"product_cat","embeddable":true,"href":"https:\/\/www.thietbidienlama.com\/en\/wp-json\/wp\/v2\/product_cat?post=12849"},{"taxonomy":"product_tag","embeddable":true,"href":"https:\/\/www.thietbidienlama.com\/en\/wp-json\/wp\/v2\/product_tag?post=12849"}],"curies":[{"name":"wp","href":"https:\/\/api.w.org\/{rel}","templated":true}]}}