{"id":12837,"date":"2025-08-24T14:30:41","date_gmt":"2025-08-24T07:30:41","guid":{"rendered":"https:\/\/thietbidienlama.com\/?post_type=product&#038;p=12837"},"modified":"2025-08-24T14:30:41","modified_gmt":"2025-08-24T07:30:41","slug":"bo-4-cong-tac-b-1-chieu-dong-minerva-2","status":"publish","type":"product","link":"https:\/\/www.thietbidienlama.com\/en\/bo-4-cong-tac-b-1-chieu-dong-minerva-2\/","title":{"rendered":"B\u1ed9 4 C\u00f4ng T\u1eafc B 1 Chi\u1ec1u &#8211; D\u00f2ng Minerva &#8211; M\u00e0u V\u00e0ng \u00c1nh Kim &#8211; WMT507MYZ-VN"},"content":{"rendered":"<h2 style=\"text-align: center;\"><span style=\"color: #000000;\">B\u1ed9 4 C\u00f4ng T\u1eafc B 1 Chi\u1ec1u &#8211; D\u00f2ng Minerva &#8211; M\u00e0u V\u00e0ng \u00c1nh Kim &#8211; WMT507MYZ-VN<\/span><\/h2>\n<h3><span style=\"color: #000000;\"><strong>Th\u00f4ng tin c\u00f4ng t\u1eafc Panasonic\u00a0WMT507MYZ d\u00f2ng Minerva<\/strong><\/span><\/h3>\n<ul>\n<li><span style=\"color: #000000;\">B\u1ed9 4 c\u00f4ng t\u1eafc B<\/span><\/li>\n<li><span style=\"color: #000000;\">1 chi\u1ec1u, b\u1eaft v\u00edt<\/span><\/li>\n<li><span style=\"color: #000000;\">\u0110i\u1ec7n th\u1ebf: 250V<\/span><\/li>\n<li><span style=\"color: #000000;\">D\u00f2ng \u0111i\u1ec7n 16A<\/span><\/li>\n<li><span style=\"color: #000000;\">M\u00e0u s\u1eafc: V\u00e0ng \u00e1nh kim<\/span><\/li>\n<li><span style=\"color: #000000;\">S\u1ea3n ph\u1ea9n t\u01b0\u01a1ng t\u1ef1: WMT507-VN : M\u00e0u tr\u1eafng,\u00a0WMT507MYH-VN: M\u00e0u x\u00e1m \u00e1nh kim<\/span><\/li>\n<\/ul>\n<p><img fetchpriority=\"high\" decoding=\"async\" class=\"alignnone size-medium wp-image-12838 aligncenter\" src=\"http:\/\/thietbidienlama.com\/wp-content\/uploads\/2025\/08\/Bo-4-Cong-Tac-B-1-Chieu-Dong-Minerva-Mau-Vang-Anh-Kim-WMT507MYZ-VN-300x300.jpg\" alt=\"\" width=\"300\" height=\"300\" srcset=\"https:\/\/www.thietbidienlama.com\/wp-content\/uploads\/2025\/08\/Bo-4-Cong-Tac-B-1-Chieu-Dong-Minerva-Mau-Vang-Anh-Kim-WMT507MYZ-VN-300x300.jpg 300w, https:\/\/www.thietbidienlama.com\/wp-content\/uploads\/2025\/08\/Bo-4-Cong-Tac-B-1-Chieu-Dong-Minerva-Mau-Vang-Anh-Kim-WMT507MYZ-VN-150x150.jpg 150w, https:\/\/www.thietbidienlama.com\/wp-content\/uploads\/2025\/08\/Bo-4-Cong-Tac-B-1-Chieu-Dong-Minerva-Mau-Vang-Anh-Kim-WMT507MYZ-VN-12x12.jpg 12w, https:\/\/www.thietbidienlama.com\/wp-content\/uploads\/2025\/08\/Bo-4-Cong-Tac-B-1-Chieu-Dong-Minerva-Mau-Vang-Anh-Kim-WMT507MYZ-VN.jpg 500w\" sizes=\"(max-width: 300px) 100vw, 300px\" \/><\/p>","protected":false},"excerpt":{"rendered":"<p>B\u1ed9 4 C\u00f4ng T\u1eafc B 1 Chi\u1ec1u &#8211; D\u00f2ng Minerva &#8211; M\u00e0u V\u00e0ng \u00c1nh Kim &#8211; WMT507MYZ-VN Th\u00f4ng tin c\u00f4ng<\/p>","protected":false},"featured_media":12838,"comment_status":"closed","ping_status":"closed","template":"","meta":[],"product_brand":[],"product_cat":[562,856,859],"product_tag":[],"class_list":{"0":"post-12837","1":"product","2":"type-product","3":"status-publish","4":"has-post-thumbnail","6":"product_cat-thiet-bi-dien-panasonic","7":"product_cat-cong-tac-panasonic","8":"product_cat-cong-tac-panasonic-minerva","10":"first","11":"instock","12":"sale","13":"shipping-taxable","14":"purchasable","15":"product-type-simple"},"_links":{"self":[{"href":"https:\/\/www.thietbidienlama.com\/en\/wp-json\/wp\/v2\/product\/12837","targetHints":{"allow":["GET"]}}],"collection":[{"href":"https:\/\/www.thietbidienlama.com\/en\/wp-json\/wp\/v2\/product"}],"about":[{"href":"https:\/\/www.thietbidienlama.com\/en\/wp-json\/wp\/v2\/types\/product"}],"replies":[{"embeddable":true,"href":"https:\/\/www.thietbidienlama.com\/en\/wp-json\/wp\/v2\/comments?post=12837"}],"version-history":[{"count":1,"href":"https:\/\/www.thietbidienlama.com\/en\/wp-json\/wp\/v2\/product\/12837\/revisions"}],"predecessor-version":[{"id":12839,"href":"https:\/\/www.thietbidienlama.com\/en\/wp-json\/wp\/v2\/product\/12837\/revisions\/12839"}],"wp:featuredmedia":[{"embeddable":true,"href":"https:\/\/www.thietbidienlama.com\/en\/wp-json\/wp\/v2\/media\/12838"}],"wp:attachment":[{"href":"https:\/\/www.thietbidienlama.com\/en\/wp-json\/wp\/v2\/media?parent=12837"}],"wp:term":[{"taxonomy":"product_brand","embeddable":true,"href":"https:\/\/www.thietbidienlama.com\/en\/wp-json\/wp\/v2\/product_brand?post=12837"},{"taxonomy":"product_cat","embeddable":true,"href":"https:\/\/www.thietbidienlama.com\/en\/wp-json\/wp\/v2\/product_cat?post=12837"},{"taxonomy":"product_tag","embeddable":true,"href":"https:\/\/www.thietbidienlama.com\/en\/wp-json\/wp\/v2\/product_tag?post=12837"}],"curies":[{"name":"wp","href":"https:\/\/api.w.org\/{rel}","templated":true}]}}