{"id":12822,"date":"2025-08-23T14:53:08","date_gmt":"2025-08-23T07:53:08","guid":{"rendered":"https:\/\/thietbidienlama.com\/?post_type=product&#038;p=12822"},"modified":"2025-12-02T16:14:16","modified_gmt":"2025-12-02T09:14:16","slug":"cong-tac-b-1-chieu-co-den-bao-dong-halumie-3","status":"publish","type":"product","link":"https:\/\/www.thietbidienlama.com\/en\/cong-tac-b-1-chieu-co-den-bao-dong-halumie-3\/","title":{"rendered":"C\u00f4ng T\u1eafc B 1 Chi\u1ec1u C\u00f3 \u0110\u00e8n B\u00e1o &#8211; D\u00f2ng Halumie &#8211; M\u00e0u Tr\u1eafng -WEVH5151-51\/WEVH5151-7"},"content":{"rendered":"<h2 class=\"title ng-binding\" style=\"text-align: center;\"><span style=\"color: #000000;\">C\u00f4ng T\u1eafc B 1 Chi\u1ec1u C\u00f3 \u0110\u00e8n B\u00e1o &#8211; D\u00f2ng Halumie &#8211; M\u00e0u Tr\u1eafng -WEVH5151-51\/WEVH5151-7<\/span><\/h2>\n<h3><span style=\"font-size: 14pt; color: #000000;\"><strong>Th\u00f4ng tin <span style=\"color: #ff6600;\"><a style=\"color: #ff6600;\" href=\"https:\/\/thietbidienlama.com\/cong-tac-b-1-chieu-co-den-bao-dong-halumie-3\/\">C\u00f4ng t\u1eafc Panasonic<\/a><\/span>\u00a0WEVH5151-51\/WEVH5151-7<\/strong><\/span><\/h3>\n<ul>\n<li><span style=\"font-size: 12pt; color: #000000;\">D\u00f2ng s\u1ea3n ph\u1ea9m:\u00a0Halumie<\/span><\/li>\n<li><span style=\"font-size: 12pt; color: #000000;\">C\u00f4ng t\u1eafc B, 1 chi\u1ec1u<\/span><\/li>\n<li><span style=\"font-size: 12pt; color: #000000;\">C\u00f3 \u0111\u00e8n b\u00e1o khi OFF<\/span><\/li>\n<li><span style=\"font-size: 12pt; color: #000000;\">Ngu\u1ed3n \u0111i\u1ec7n: 250VAC &#8211; 16A<\/span><\/li>\n<li><span style=\"font-size: 12pt; color: #000000;\">WEVH5151-51: C\u1eafm nhanh<\/span><span style=\"font-size: 12pt; color: #000000;\">WEVH5151-7: B\u1eaft v\u00edt<\/span><\/li>\n<li><span style=\"font-size: 12pt; color: #000000;\">\u0110\u00f3ng g\u00f3i 10 c\u00e1i\/h\u1ed9p, 100 c\u00e1i\/th\u00f9ng<\/span><\/li>\n<li><span style=\"font-size: 12pt; color: #000000;\">M\u00e0u s\u1eafc: Tr\u1eafng<\/span><\/li>\n<\/ul>\n<p><img fetchpriority=\"high\" decoding=\"async\" class=\"alignnone size-medium wp-image-12486 aligncenter\" src=\"http:\/\/thietbidienlama.com\/wp-content\/uploads\/2025\/02\/Cong-Tac-B-1-Chieu-Co-Den-Bao-Dong-Halumie-Mau-Trang-WEVH5151-51WEVH5151-7-Panasonic-300x300.jpg\" alt=\"\" width=\"300\" height=\"300\" srcset=\"https:\/\/www.thietbidienlama.com\/wp-content\/uploads\/2025\/02\/Cong-Tac-B-1-Chieu-Co-Den-Bao-Dong-Halumie-Mau-Trang-WEVH5151-51WEVH5151-7-Panasonic-300x300.jpg 300w, https:\/\/www.thietbidienlama.com\/wp-content\/uploads\/2025\/02\/Cong-Tac-B-1-Chieu-Co-Den-Bao-Dong-Halumie-Mau-Trang-WEVH5151-51WEVH5151-7-Panasonic-150x150.jpg 150w, https:\/\/www.thietbidienlama.com\/wp-content\/uploads\/2025\/02\/Cong-Tac-B-1-Chieu-Co-Den-Bao-Dong-Halumie-Mau-Trang-WEVH5151-51WEVH5151-7-Panasonic-12x12.jpg 12w, https:\/\/www.thietbidienlama.com\/wp-content\/uploads\/2025\/02\/Cong-Tac-B-1-Chieu-Co-Den-Bao-Dong-Halumie-Mau-Trang-WEVH5151-51WEVH5151-7-Panasonic.jpg 500w\" sizes=\"(max-width: 300px) 100vw, 300px\" \/><\/p>\n<p class=\"Y3BBE\" data-hveid=\"CAEICBAA\" data-complete=\"true\" data-processed=\"true\"><span style=\"font-size: 12pt; color: #000000;\"><strong>LI\u00caN H\u1ec6 : Hotline: 0935 228 204 ( Ms Lam )<\/strong><\/span><\/p>\n<p><span style=\"font-size: 12pt; color: #000000;\"><strong>Facebook:\u00a0<span style=\"color: #ff6600;\"><a style=\"color: #ff6600;\" href=\"https:\/\/www.facebook.com\/thietbidienlama\" target=\"_blank\" rel=\"noopener\">THI\u1ebeT\u00a0B\u1eca \u0110I\u1ec6N LAMA<\/a><\/span><\/strong><\/span><\/p>\n<p><span style=\"font-size: 12pt; color: #000000;\"><strong>Tiktok:\u00a0<span style=\"color: #ff6600;\"><a style=\"color: #ff6600;\" href=\"https:\/\/www.tiktok.com\/@thietbidienlama\" target=\"_blank\" rel=\"noopener\">THI\u1ebeT\u00a0B\u1eca \u0110I\u1ec6N LAMA<\/a><\/span><\/strong><\/span><\/p>\n<p><span style=\"font-size: 12pt; color: #000000;\"><strong>Youtube: <span style=\"color: #ff6600;\"><a style=\"color: #ff6600;\" href=\"https:\/\/www.youtube.com\/@thietbidienlama\" target=\"_blank\" rel=\"noopener\">THI\u1ebeT\u00a0B\u1eca \u0110I\u1ec6N LAMA<\/a><\/span><\/strong><\/span><\/p>","protected":false},"excerpt":{"rendered":"<p>C\u00f4ng T\u1eafc B 1 Chi\u1ec1u C\u00f3 \u0110\u00e8n B\u00e1o &#8211; D\u00f2ng Halumie &#8211; M\u00e0u Tr\u1eafng -WEVH5151-51\/WEVH5151-7 Th\u00f4ng tin C\u00f4ng t\u1eafc Panasonic\u00a0WEVH5151-51\/WEVH5151-7<\/p>","protected":false},"featured_media":12486,"comment_status":"closed","ping_status":"closed","template":"","meta":[],"product_brand":[],"product_cat":[501,856,858,562],"product_tag":[],"class_list":{"0":"post-12822","1":"product","2":"type-product","3":"status-publish","4":"has-post-thumbnail","6":"product_cat-thiet-bi-dien","7":"product_cat-cong-tac-panasonic","8":"product_cat-cong-tac-panasonic-halumie","9":"product_cat-thiet-bi-dien-panasonic","11":"first","12":"instock","13":"sale","14":"shipping-taxable","15":"purchasable","16":"product-type-simple"},"_links":{"self":[{"href":"https:\/\/www.thietbidienlama.com\/en\/wp-json\/wp\/v2\/product\/12822","targetHints":{"allow":["GET"]}}],"collection":[{"href":"https:\/\/www.thietbidienlama.com\/en\/wp-json\/wp\/v2\/product"}],"about":[{"href":"https:\/\/www.thietbidienlama.com\/en\/wp-json\/wp\/v2\/types\/product"}],"replies":[{"embeddable":true,"href":"https:\/\/www.thietbidienlama.com\/en\/wp-json\/wp\/v2\/comments?post=12822"}],"version-history":[{"count":3,"href":"https:\/\/www.thietbidienlama.com\/en\/wp-json\/wp\/v2\/product\/12822\/revisions"}],"predecessor-version":[{"id":13797,"href":"https:\/\/www.thietbidienlama.com\/en\/wp-json\/wp\/v2\/product\/12822\/revisions\/13797"}],"wp:featuredmedia":[{"embeddable":true,"href":"https:\/\/www.thietbidienlama.com\/en\/wp-json\/wp\/v2\/media\/12486"}],"wp:attachment":[{"href":"https:\/\/www.thietbidienlama.com\/en\/wp-json\/wp\/v2\/media?parent=12822"}],"wp:term":[{"taxonomy":"product_brand","embeddable":true,"href":"https:\/\/www.thietbidienlama.com\/en\/wp-json\/wp\/v2\/product_brand?post=12822"},{"taxonomy":"product_cat","embeddable":true,"href":"https:\/\/www.thietbidienlama.com\/en\/wp-json\/wp\/v2\/product_cat?post=12822"},{"taxonomy":"product_tag","embeddable":true,"href":"https:\/\/www.thietbidienlama.com\/en\/wp-json\/wp\/v2\/product_tag?post=12822"}],"curies":[{"name":"wp","href":"https:\/\/api.w.org\/{rel}","templated":true}]}}