{"id":12819,"date":"2025-08-23T14:36:00","date_gmt":"2025-08-23T07:36:00","guid":{"rendered":"https:\/\/thietbidienlama.com\/?post_type=product&#038;p=12819"},"modified":"2025-08-23T14:36:27","modified_gmt":"2025-08-23T07:36:27","slug":"cong-tac-c-2-chieu-co-den-bao-dong-halumie-3","status":"publish","type":"product","link":"https:\/\/www.thietbidienlama.com\/en\/cong-tac-c-2-chieu-co-den-bao-dong-halumie-3\/","title":{"rendered":"C\u00f4ng T\u1eafc C 2 Chi\u1ec1u C\u00f3 \u0110\u00e8n B\u00e1o &#8211; D\u00f2ng Halumie &#8211; M\u00e0u Tr\u1eafng -WEVH5152-51\/WEVH5152-7"},"content":{"rendered":"<h2 style=\"text-align: center;\"><span style=\"color: #000000;\">C\u00f4ng T\u1eafc C 2 Chi\u1ec1u C\u00f3 \u0110\u00e8n B\u00e1o &#8211; D\u00f2ng Halumie &#8211; M\u00e0u Tr\u1eafng -WEVH5152-51\/WEVH5152-7- Panasonic<\/span><\/h2>\n<p><span style=\"color: #000000;\">Th\u00f4ng s\u1ed1 k\u1ef9 thu\u1eadt:<\/span><\/p>\n<table class=\"table table-bordered\">\n<tbody>\n<tr>\n<td><span style=\"color: #000000;\">M\u00e3 s\u1ea3n ph\u1ea9m<\/span><\/td>\n<td><span style=\"color: #000000;\">WEVH5152-51<\/span><\/td>\n<\/tr>\n<tr>\n<td><span style=\"color: #000000;\">D\u00f2ng s\u1ea3n ph\u1ea9m<\/span><\/td>\n<td><span style=\"color: #000000;\">Halumie<\/span><\/td>\n<\/tr>\n<tr>\n<td><span style=\"color: #000000;\">M\u00e0u s\u1eafc<\/span><\/td>\n<td><span style=\"color: #000000;\">Tr\u1eafng<\/span><\/td>\n<\/tr>\n<tr>\n<td><span style=\"color: #000000;\">D\u00f2ng \u0111i\u1ec7n \u0111\u1ecbnh m\u1ee9c<\/span><\/td>\n<td><span style=\"color: #000000;\">20A<\/span><\/td>\n<\/tr>\n<tr>\n<td><span style=\"color: #000000;\">\u0110i\u1ec7n \u00e1p \u0111\u1ecbnh m\u1ee9c<\/span><\/td>\n<td><span style=\"color: #000000;\">250VAC<\/span><\/td>\n<\/tr>\n<tr>\n<td><span style=\"color: #000000;\">Ti\u00eau chu\u1ea9n<\/span><\/td>\n<td><span style=\"color: #000000;\">JIS Nh\u1eadt B\u1ea3n<\/span><\/td>\n<\/tr>\n<tr>\n<td><span style=\"color: #000000;\">\u0110\u00f3ng g\u00f3i<\/span><\/td>\n<td><span style=\"color: #000000;\">10\u00a0ca\u0301i \/ h\u00f4\u0323p , 100 c\u00e1i \/ th\u00f9ng<\/span><\/td>\n<\/tr>\n<\/tbody>\n<\/table>\n<p><img fetchpriority=\"high\" decoding=\"async\" class=\"alignnone size-medium wp-image-12486 aligncenter\" src=\"http:\/\/thietbidienlama.com\/wp-content\/uploads\/2025\/02\/Cong-Tac-B-1-Chieu-Co-Den-Bao-Dong-Halumie-Mau-Trang-WEVH5151-51WEVH5151-7-Panasonic-300x300.jpg\" alt=\"\" width=\"300\" height=\"300\" srcset=\"https:\/\/www.thietbidienlama.com\/wp-content\/uploads\/2025\/02\/Cong-Tac-B-1-Chieu-Co-Den-Bao-Dong-Halumie-Mau-Trang-WEVH5151-51WEVH5151-7-Panasonic-300x300.jpg 300w, https:\/\/www.thietbidienlama.com\/wp-content\/uploads\/2025\/02\/Cong-Tac-B-1-Chieu-Co-Den-Bao-Dong-Halumie-Mau-Trang-WEVH5151-51WEVH5151-7-Panasonic-150x150.jpg 150w, https:\/\/www.thietbidienlama.com\/wp-content\/uploads\/2025\/02\/Cong-Tac-B-1-Chieu-Co-Den-Bao-Dong-Halumie-Mau-Trang-WEVH5151-51WEVH5151-7-Panasonic-12x12.jpg 12w, https:\/\/www.thietbidienlama.com\/wp-content\/uploads\/2025\/02\/Cong-Tac-B-1-Chieu-Co-Den-Bao-Dong-Halumie-Mau-Trang-WEVH5151-51WEVH5151-7-Panasonic.jpg 500w\" sizes=\"(max-width: 300px) 100vw, 300px\" \/><\/p>","protected":false},"excerpt":{"rendered":"<p>C\u00f4ng T\u1eafc C 2 Chi\u1ec1u C\u00f3 \u0110\u00e8n B\u00e1o &#8211; D\u00f2ng Halumie &#8211; M\u00e0u Tr\u1eafng -WEVH5152-51\/WEVH5152-7- Panasonic Th\u00f4ng s\u1ed1 k\u1ef9 thu\u1eadt:<\/p>","protected":false},"featured_media":12486,"comment_status":"closed","ping_status":"closed","template":"","meta":[],"product_brand":[],"product_cat":[562,856,858],"product_tag":[],"class_list":{"0":"post-12819","1":"product","2":"type-product","3":"status-publish","4":"has-post-thumbnail","6":"product_cat-thiet-bi-dien-panasonic","7":"product_cat-cong-tac-panasonic","8":"product_cat-cong-tac-panasonic-halumie","10":"first","11":"instock","12":"sale","13":"shipping-taxable","14":"purchasable","15":"product-type-simple"},"_links":{"self":[{"href":"https:\/\/www.thietbidienlama.com\/en\/wp-json\/wp\/v2\/product\/12819","targetHints":{"allow":["GET"]}}],"collection":[{"href":"https:\/\/www.thietbidienlama.com\/en\/wp-json\/wp\/v2\/product"}],"about":[{"href":"https:\/\/www.thietbidienlama.com\/en\/wp-json\/wp\/v2\/types\/product"}],"replies":[{"embeddable":true,"href":"https:\/\/www.thietbidienlama.com\/en\/wp-json\/wp\/v2\/comments?post=12819"}],"version-history":[{"count":2,"href":"https:\/\/www.thietbidienlama.com\/en\/wp-json\/wp\/v2\/product\/12819\/revisions"}],"predecessor-version":[{"id":12821,"href":"https:\/\/www.thietbidienlama.com\/en\/wp-json\/wp\/v2\/product\/12819\/revisions\/12821"}],"wp:featuredmedia":[{"embeddable":true,"href":"https:\/\/www.thietbidienlama.com\/en\/wp-json\/wp\/v2\/media\/12486"}],"wp:attachment":[{"href":"https:\/\/www.thietbidienlama.com\/en\/wp-json\/wp\/v2\/media?parent=12819"}],"wp:term":[{"taxonomy":"product_brand","embeddable":true,"href":"https:\/\/www.thietbidienlama.com\/en\/wp-json\/wp\/v2\/product_brand?post=12819"},{"taxonomy":"product_cat","embeddable":true,"href":"https:\/\/www.thietbidienlama.com\/en\/wp-json\/wp\/v2\/product_cat?post=12819"},{"taxonomy":"product_tag","embeddable":true,"href":"https:\/\/www.thietbidienlama.com\/en\/wp-json\/wp\/v2\/product_tag?post=12819"}],"curies":[{"name":"wp","href":"https:\/\/api.w.org\/{rel}","templated":true}]}}