{"id":12815,"date":"2025-08-21T16:49:22","date_gmt":"2025-08-21T09:49:22","guid":{"rendered":"https:\/\/thietbidienlama.com\/?post_type=product&#038;p=12815"},"modified":"2025-08-21T16:49:22","modified_gmt":"2025-08-21T09:49:22","slug":"cong-tac-d-2-tiep-diem-co-den-bao-dong-halumie-3","status":"publish","type":"product","link":"https:\/\/www.thietbidienlama.com\/en\/cong-tac-d-2-tiep-diem-co-den-bao-dong-halumie-3\/","title":{"rendered":"C\u00f4ng T\u1eafc D 2 Ti\u1ebfp \u0110i\u1ec3m C\u00f3 \u0110\u00e8n B\u00e1o &#8211; D\u00f2ng Halumie &#8211; M\u00e0u Tr\u1eafng -WEVH5033-7"},"content":{"rendered":"<h2 style=\"text-align: center;\"><span style=\"color: #000000;\">C\u00f4ng T\u1eafc D 2 Ti\u1ebfp \u0110i\u1ec3m C\u00f3 \u0110\u00e8n B\u00e1o &#8211; D\u00f2ng Halumie &#8211; M\u00e0u Tr\u1eafng -WEVH5033-7<\/span><\/h2>\n<table dir=\"ltr\" style=\"width: 43.5295%;\" border=\"1\" cellspacing=\"0\" cellpadding=\"0\">\n<tbody>\n<tr>\n<td style=\"width: 126.735%;\" colspan=\"2\" data-sheets-value=\"{&quot;1&quot;:2,&quot;2&quot;:&quot;T\u00ean s\u1ea3n ph\u1ea9m c\u00f4ng t\u1eafc 1 chi\u1ec1u lo\u1ea1i l\u1edbn Halumie&quot;}\"><span style=\"color: #000000;\">T\u00ean s\u1ea3n ph\u1ea9m c\u00f4ng t\u1eafc 2 c\u1ef1c 20A Halumie m\u00e0u tr\u1eafng<\/span><\/td>\n<\/tr>\n<tr>\n<td style=\"width: 44.473%;\" data-sheets-value=\"{&quot;1&quot;:2,&quot;2&quot;:&quot;D\u00f2ng s\u1ea3n ph\u1ea9m&quot;}\"><span style=\"color: #000000;\">\u00a0D\u00f2ng s\u1ea3n ph\u1ea9m<\/span><\/td>\n<td style=\"width: 82.2622%;\" data-sheets-value=\"{&quot;1&quot;:2,&quot;2&quot;:&quot;Halumie&quot;}\"><span style=\"color: #000000;\">\u00a0Halumie<\/span><\/td>\n<\/tr>\n<tr>\n<td style=\"width: 44.473%;\"><span style=\"color: #000000;\">\u00a0M\u00e3<\/span><\/td>\n<td style=\"width: 82.2622%;\"><span style=\"color: #000000;\">\u00a0WEVH503-7<\/span><\/td>\n<\/tr>\n<tr>\n<td style=\"width: 44.473%;\" data-sheets-value=\"{&quot;1&quot;:2,&quot;2&quot;:&quot;Lo\u1ea1i&quot;}\"><span style=\"color: #000000;\">\u00a0Lo\u1ea1i<\/span><\/td>\n<td style=\"width: 82.2622%;\" data-sheets-value=\"{&quot;1&quot;:2,&quot;2&quot;:&quot;C\u00f4ng t\u1eafc B, 1 chi\u1ec1u, size l\u1edbn&quot;}\"><span style=\"color: #000000;\">\u00a0C\u00f4ng t\u1eafc D, 2 ti\u1ebfp \u0111i\u1ec3m<\/span><\/td>\n<\/tr>\n<tr>\n<td style=\"width: 44.473%;\"><span style=\"color: #000000;\">\u00a0\u0110i\u1ec7n \u00e1p \u0111\u1ecbnh m\u1ee9c<\/span><\/td>\n<td style=\"width: 82.2622%;\"><span style=\"color: #000000;\">\u00a020A<\/span><\/td>\n<\/tr>\n<tr>\n<td style=\"width: 44.473%;\" data-sheets-value=\"{&quot;1&quot;:2,&quot;2&quot;:&quot;Ngu\u1ed3n \u0111i\u1ec7n&quot;}\"><span style=\"color: #000000;\">\u00a0D\u00f2ng \u0111i\u1ec7n \u0111\u1ecbnh m\u1ee9c<\/span><\/td>\n<td style=\"width: 82.2622%;\" data-sheets-value=\"{&quot;1&quot;:2,&quot;2&quot;:&quot;250VAC-16A&quot;}\"><span style=\"color: #000000;\">\u00a0250V<\/span><\/td>\n<\/tr>\n<tr>\n<td style=\"width: 44.473%;\" data-sheets-value=\"{&quot;1&quot;:2,&quot;2&quot;:&quot;\u0110\u00f3ng g\u00f3i &quot;}\"><span style=\"color: #000000;\">\u00a0\u0110\u00f3ng g\u00f3i<\/span><\/td>\n<td style=\"width: 82.2622%;\" data-sheets-value=\"{&quot;1&quot;:2,&quot;2&quot;:&quot;5 c\u00e1i\/h\u1ed9p, 50 c\u00e1i\/th\u00f9ng&quot;}\"><span style=\"color: #000000;\">\u00a010 c\u00e1i\/h\u1ed9p, 100 c\u00e1i\/th\u00f9ng<\/span><\/td>\n<\/tr>\n<tr>\n<td style=\"width: 44.473%;\" data-sheets-value=\"{&quot;1&quot;:2,&quot;2&quot;:&quot;M\u00e0u s\u1eafc&quot;}\"><span style=\"color: #000000;\">\u00a0M\u00e0u s\u1eafc<\/span><\/td>\n<td style=\"width: 82.2622%;\" data-sheets-value=\"{&quot;1&quot;:2,&quot;2&quot;:&quot;Tr\u1eafng&quot;}\"><span style=\"color: #000000;\">\u00a0tr\u1eafng<\/span><\/td>\n<\/tr>\n<tr>\n<td style=\"width: 44.473%;\" data-sheets-value=\"{&quot;1&quot;:2,&quot;2&quot;:&quot;Th\u01b0\u1eddng hi\u1ec7u&quot;}\"><span style=\"color: #000000;\">\u00a0Th\u01b0\u1eddng hi\u1ec7u<\/span><\/td>\n<td style=\"width: 82.2622%;\" data-sheets-value=\"{&quot;1&quot;:2,&quot;2&quot;:&quot;Panasonic&quot;}\"><span style=\"color: #000000;\">\u00a0Panasonic<\/span><\/td>\n<\/tr>\n<tr>\n<td style=\"width: 44.473%;\" data-sheets-value=\"{&quot;1&quot;:2,&quot;2&quot;:&quot;Xu\u1ea5t x\u1ee9&quot;}\"><span style=\"color: #000000;\">\u00a0Xu\u1ea5t x\u1ee9<\/span><\/td>\n<td style=\"width: 82.2622%;\" data-sheets-value=\"{&quot;1&quot;:2,&quot;2&quot;:&quot;Vi\u1ec7t Nam&quot;}\"><span style=\"color: #000000;\">\u00a0Vi\u1ec7t Nam<\/span><\/td>\n<\/tr>\n<tr>\n<td style=\"width: 44.473%;\" data-sheets-value=\"{&quot;1&quot;:2,&quot;2&quot;:&quot;B\u1ea3o h\u00e0nh&quot;}\"><span style=\"color: #000000;\">\u00a0B\u1ea3o h\u00e0nh<\/span><\/td>\n<td style=\"width: 82.2622%;\" data-sheets-value=\"{&quot;1&quot;:2,&quot;2&quot;:&quot;12 th\u00e1ng&quot;}\"><span style=\"color: #000000;\">\u00a012 th\u00e1ng<\/span><\/td>\n<\/tr>\n<\/tbody>\n<\/table>\n<div id=\"attachment_11780\" style=\"width: 310px\" class=\"wp-caption aligncenter\"><img fetchpriority=\"high\" decoding=\"async\" aria-describedby=\"caption-attachment-11780\" class=\"size-medium wp-image-11780\" src=\"http:\/\/thietbidienlama.com\/wp-content\/uploads\/2025\/03\/cong-tac-panasonic-wevh5033-7-halumie-300x300.jpg\" alt=\"Cong Tac Panasonic Wevh5033 7 Halumie\" width=\"300\" height=\"300\" srcset=\"https:\/\/www.thietbidienlama.com\/wp-content\/uploads\/2025\/03\/cong-tac-panasonic-wevh5033-7-halumie-300x300.jpg 300w, https:\/\/www.thietbidienlama.com\/wp-content\/uploads\/2025\/03\/cong-tac-panasonic-wevh5033-7-halumie-150x150.jpg 150w, https:\/\/www.thietbidienlama.com\/wp-content\/uploads\/2025\/03\/cong-tac-panasonic-wevh5033-7-halumie-12x12.jpg 12w, https:\/\/www.thietbidienlama.com\/wp-content\/uploads\/2025\/03\/cong-tac-panasonic-wevh5033-7-halumie.jpg 500w\" sizes=\"(max-width: 300px) 100vw, 300px\" \/><p id=\"caption-attachment-11780\" class=\"wp-caption-text\">Cong Tac Panasonic Wevh5033 7 Halumie<\/p><\/div>","protected":false},"excerpt":{"rendered":"<p>C\u00f4ng T\u1eafc D 2 Ti\u1ebfp \u0110i\u1ec3m C\u00f3 \u0110\u00e8n B\u00e1o &#8211; D\u00f2ng Halumie &#8211; M\u00e0u Tr\u1eafng -WEVH5033-7 T\u00ean s\u1ea3n ph\u1ea9m c\u00f4ng<\/p>","protected":false},"featured_media":11780,"comment_status":"closed","ping_status":"closed","template":"","meta":[],"product_brand":[],"product_cat":[562,856,858],"product_tag":[],"class_list":{"0":"post-12815","1":"product","2":"type-product","3":"status-publish","4":"has-post-thumbnail","6":"product_cat-thiet-bi-dien-panasonic","7":"product_cat-cong-tac-panasonic","8":"product_cat-cong-tac-panasonic-halumie","10":"first","11":"instock","12":"sale","13":"shipping-taxable","14":"purchasable","15":"product-type-simple"},"_links":{"self":[{"href":"https:\/\/www.thietbidienlama.com\/en\/wp-json\/wp\/v2\/product\/12815","targetHints":{"allow":["GET"]}}],"collection":[{"href":"https:\/\/www.thietbidienlama.com\/en\/wp-json\/wp\/v2\/product"}],"about":[{"href":"https:\/\/www.thietbidienlama.com\/en\/wp-json\/wp\/v2\/types\/product"}],"replies":[{"embeddable":true,"href":"https:\/\/www.thietbidienlama.com\/en\/wp-json\/wp\/v2\/comments?post=12815"}],"version-history":[{"count":1,"href":"https:\/\/www.thietbidienlama.com\/en\/wp-json\/wp\/v2\/product\/12815\/revisions"}],"predecessor-version":[{"id":12816,"href":"https:\/\/www.thietbidienlama.com\/en\/wp-json\/wp\/v2\/product\/12815\/revisions\/12816"}],"wp:featuredmedia":[{"embeddable":true,"href":"https:\/\/www.thietbidienlama.com\/en\/wp-json\/wp\/v2\/media\/11780"}],"wp:attachment":[{"href":"https:\/\/www.thietbidienlama.com\/en\/wp-json\/wp\/v2\/media?parent=12815"}],"wp:term":[{"taxonomy":"product_brand","embeddable":true,"href":"https:\/\/www.thietbidienlama.com\/en\/wp-json\/wp\/v2\/product_brand?post=12815"},{"taxonomy":"product_cat","embeddable":true,"href":"https:\/\/www.thietbidienlama.com\/en\/wp-json\/wp\/v2\/product_cat?post=12815"},{"taxonomy":"product_tag","embeddable":true,"href":"https:\/\/www.thietbidienlama.com\/en\/wp-json\/wp\/v2\/product_tag?post=12815"}],"curies":[{"name":"wp","href":"https:\/\/api.w.org\/{rel}","templated":true}]}}