{"id":12813,"date":"2025-08-21T16:35:24","date_gmt":"2025-08-21T09:35:24","guid":{"rendered":"https:\/\/thietbidienlama.com\/?post_type=product&#038;p=12813"},"modified":"2025-08-21T16:35:25","modified_gmt":"2025-08-21T09:35:25","slug":"nut-nhan-chuong-dong-halumie-mau-trang","status":"publish","type":"product","link":"https:\/\/www.thietbidienlama.com\/en\/nut-nhan-chuong-dong-halumie-mau-trang\/","title":{"rendered":"N\u00fat Nh\u1ea5n Chu\u00f4ng D\u00f2ng Halumie &#8211; M\u00e0u Tr\u1eafng &#8211; WEVH5401-011"},"content":{"rendered":"<h2 class=\"title ng-binding\" style=\"text-align: center;\"><span style=\"color: #000000;\">N\u00fat Nh\u1ea5n Chu\u00f4ng D\u00f2ng Halumie &#8211; M\u00e0u Tr\u1eafng &#8211; WEVH5401-011<\/span><\/h2>\n<p><strong><span style=\"color: #000000;\">Th\u00f4ng s\u1ed1 k\u1ef9 thu\u1eadt:<\/span><\/strong><\/p>\n<table class=\"table table-bordered\">\n<tbody>\n<tr>\n<td><span style=\"color: #000000;\">M\u00e3 s\u1ea3n ph\u1ea9m<\/span><\/td>\n<td><span style=\"color: #000000;\">WEVH5401-011<\/span><\/td>\n<\/tr>\n<tr>\n<td><span style=\"color: #000000;\">D\u00f2ng s\u1ea3n ph\u1ea9m<\/span><\/td>\n<td><span style=\"color: #000000;\">Halumie<\/span><\/td>\n<\/tr>\n<tr>\n<td><span style=\"color: #000000;\">M\u00e0u s\u1eafc<\/span><\/td>\n<td><span style=\"color: #000000;\">Tr\u1eafng<\/span><\/td>\n<\/tr>\n<tr>\n<td><span style=\"color: #000000;\">D\u00f2ng \u0111i\u1ec7n \u0111\u1ecbnh m\u1ee9c<\/span><\/td>\n<td><span style=\"color: #000000;\">10A<\/span><\/td>\n<\/tr>\n<tr>\n<td><span style=\"color: #000000;\">\u0110i\u1ec7n \u00e1p \u0111\u1ecbnh m\u1ee9c<\/span><\/td>\n<td><span style=\"color: #000000;\">250VAC<\/span><\/td>\n<\/tr>\n<tr>\n<td><span style=\"color: #000000;\">Ti\u00eau chu\u1ea9n<\/span><\/td>\n<td><span style=\"color: #000000;\">JIS Nh\u1eadt B\u1ea3n<\/span><\/td>\n<\/tr>\n<tr>\n<td><span style=\"color: #000000;\">\u0110\u00f3ng g\u00f3i<\/span><\/td>\n<td><span style=\"color: #000000;\">10\u00a0ca\u0301i \/ h\u00f4\u0323p , 100 c\u00e1i \/ th\u00f9ng<\/span><\/td>\n<\/tr>\n<\/tbody>\n<\/table>\n<p><img fetchpriority=\"high\" decoding=\"async\" class=\"alignnone size-medium wp-image-12487 aligncenter\" src=\"http:\/\/thietbidienlama.com\/wp-content\/uploads\/2025\/02\/Nut-Nhan-Chuong-Dong-Halumie-Mau-Trang-WEVH5401-011-Panasonic-300x300.jpg\" alt=\"\" width=\"300\" height=\"300\" srcset=\"https:\/\/www.thietbidienlama.com\/wp-content\/uploads\/2025\/02\/Nut-Nhan-Chuong-Dong-Halumie-Mau-Trang-WEVH5401-011-Panasonic-300x300.jpg 300w, https:\/\/www.thietbidienlama.com\/wp-content\/uploads\/2025\/02\/Nut-Nhan-Chuong-Dong-Halumie-Mau-Trang-WEVH5401-011-Panasonic-150x150.jpg 150w, https:\/\/www.thietbidienlama.com\/wp-content\/uploads\/2025\/02\/Nut-Nhan-Chuong-Dong-Halumie-Mau-Trang-WEVH5401-011-Panasonic-12x12.jpg 12w, https:\/\/www.thietbidienlama.com\/wp-content\/uploads\/2025\/02\/Nut-Nhan-Chuong-Dong-Halumie-Mau-Trang-WEVH5401-011-Panasonic.jpg 500w\" sizes=\"(max-width: 300px) 100vw, 300px\" \/><\/p>","protected":false},"excerpt":{"rendered":"<p>N\u00fat Nh\u1ea5n Chu\u00f4ng D\u00f2ng Halumie &#8211; M\u00e0u Tr\u1eafng &#8211; WEVH5401-011 Th\u00f4ng s\u1ed1 k\u1ef9 thu\u1eadt: M\u00e3 s\u1ea3n ph\u1ea9m WEVH5401-011 D\u00f2ng s\u1ea3n<\/p>","protected":false},"featured_media":12487,"comment_status":"closed","ping_status":"closed","template":"","meta":[],"product_brand":[],"product_cat":[562,856,858],"product_tag":[],"class_list":{"0":"post-12813","1":"product","2":"type-product","3":"status-publish","4":"has-post-thumbnail","6":"product_cat-thiet-bi-dien-panasonic","7":"product_cat-cong-tac-panasonic","8":"product_cat-cong-tac-panasonic-halumie","10":"first","11":"instock","12":"sale","13":"shipping-taxable","14":"purchasable","15":"product-type-simple"},"_links":{"self":[{"href":"https:\/\/www.thietbidienlama.com\/en\/wp-json\/wp\/v2\/product\/12813","targetHints":{"allow":["GET"]}}],"collection":[{"href":"https:\/\/www.thietbidienlama.com\/en\/wp-json\/wp\/v2\/product"}],"about":[{"href":"https:\/\/www.thietbidienlama.com\/en\/wp-json\/wp\/v2\/types\/product"}],"replies":[{"embeddable":true,"href":"https:\/\/www.thietbidienlama.com\/en\/wp-json\/wp\/v2\/comments?post=12813"}],"version-history":[{"count":1,"href":"https:\/\/www.thietbidienlama.com\/en\/wp-json\/wp\/v2\/product\/12813\/revisions"}],"predecessor-version":[{"id":12814,"href":"https:\/\/www.thietbidienlama.com\/en\/wp-json\/wp\/v2\/product\/12813\/revisions\/12814"}],"wp:featuredmedia":[{"embeddable":true,"href":"https:\/\/www.thietbidienlama.com\/en\/wp-json\/wp\/v2\/media\/12487"}],"wp:attachment":[{"href":"https:\/\/www.thietbidienlama.com\/en\/wp-json\/wp\/v2\/media?parent=12813"}],"wp:term":[{"taxonomy":"product_brand","embeddable":true,"href":"https:\/\/www.thietbidienlama.com\/en\/wp-json\/wp\/v2\/product_brand?post=12813"},{"taxonomy":"product_cat","embeddable":true,"href":"https:\/\/www.thietbidienlama.com\/en\/wp-json\/wp\/v2\/product_cat?post=12813"},{"taxonomy":"product_tag","embeddable":true,"href":"https:\/\/www.thietbidienlama.com\/en\/wp-json\/wp\/v2\/product_tag?post=12813"}],"curies":[{"name":"wp","href":"https:\/\/api.w.org\/{rel}","templated":true}]}}