{"id":12797,"date":"2025-08-21T14:52:44","date_gmt":"2025-08-21T07:52:44","guid":{"rendered":"https:\/\/thietbidienlama.com\/?post_type=product&#038;p=12797"},"modified":"2025-08-21T14:52:45","modified_gmt":"2025-08-21T07:52:45","slug":"nut-nhan-chuong-dong-halumie-mau-vang-anh-kim","status":"publish","type":"product","link":"https:\/\/www.thietbidienlama.com\/en\/nut-nhan-chuong-dong-halumie-mau-vang-anh-kim\/","title":{"rendered":"N\u00fat Nh\u1ea5n Chu\u00f4ng D\u00f2ng Halumie &#8211; M\u00e0u V\u00e0ng \u00c1nh Kim &#8211; WEVH5401-011MYZ"},"content":{"rendered":"<h2 class=\"title ng-binding\" style=\"text-align: center;\"><span style=\"color: #000000;\">N\u00fat Nh\u1ea5n Chu\u00f4ng D\u00f2ng Halumie &#8211; M\u00e0u V\u00e0ng \u00c1nh Kim &#8211; WEVH5401-011MYZ<\/span><\/h2>\n<table dir=\"ltr\" style=\"width: 51.0559%;\" border=\"1\" cellspacing=\"0\" cellpadding=\"0\">\n<tbody>\n<tr>\n<td style=\"width: 123.932%;\" colspan=\"2\" data-sheets-value=\"{&quot;1&quot;:2,&quot;2&quot;:&quot;T\u00ean s\u1ea3n ph\u1ea9m c\u00f4ng t\u1eafc 1 chi\u1ec1u lo\u1ea1i l\u1edbn Halumie&quot;}\"><span style=\"color: #000000;\">T\u00ean s\u1ea3n ph\u1ea9m n\u00fat nh\u1ea5n chu\u00f4ng d\u00f2ng Halumie m\u00e0u v\u00e0ng \u00e1nh kim<\/span><\/td>\n<\/tr>\n<tr>\n<td style=\"width: 48.4317%;\" data-sheets-value=\"{&quot;1&quot;:2,&quot;2&quot;:&quot;D\u00f2ng s\u1ea3n ph\u1ea9m&quot;}\"><span style=\"color: #000000;\">\u00a0D\u00f2ng s\u1ea3n ph\u1ea9m<\/span><\/td>\n<td style=\"width: 75.4999%;\" data-sheets-value=\"{&quot;1&quot;:2,&quot;2&quot;:&quot;Halumie&quot;}\"><span style=\"color: #000000;\">\u00a0Halumie<\/span><\/td>\n<\/tr>\n<tr>\n<td style=\"width: 48.4317%;\"><span style=\"color: #000000;\">\u00a0M\u00e3<\/span><\/td>\n<td style=\"width: 75.4999%;\"><span style=\"color: #000000;\">\u00a0WEVH5401-011MYZ<\/span><\/td>\n<\/tr>\n<tr>\n<td style=\"width: 48.4317%;\"><span style=\"color: #000000;\">\u00a0\u0110i\u1ec7n \u00e1p \u0111\u1ecbnh m\u1ee9c<\/span><\/td>\n<td style=\"width: 75.4999%;\"><span style=\"color: #000000;\">\u00a010A<\/span><\/td>\n<\/tr>\n<tr>\n<td style=\"width: 48.4317%;\" data-sheets-value=\"{&quot;1&quot;:2,&quot;2&quot;:&quot;Ngu\u1ed3n \u0111i\u1ec7n&quot;}\"><span style=\"color: #000000;\">\u00a0D\u00f2ng \u0111i\u1ec7n \u0111\u1ecbnh m\u1ee9c<\/span><\/td>\n<td style=\"width: 75.4999%;\" data-sheets-value=\"{&quot;1&quot;:2,&quot;2&quot;:&quot;250VAC-16A&quot;}\"><span style=\"color: #000000;\">\u00a0250V<\/span><\/td>\n<\/tr>\n<tr>\n<td style=\"width: 48.4317%;\" data-sheets-value=\"{&quot;1&quot;:2,&quot;2&quot;:&quot;\u0110\u00f3ng g\u00f3i &quot;}\"><span style=\"color: #000000;\">\u00a0\u0110\u00f3ng g\u00f3i<\/span><\/td>\n<td style=\"width: 75.4999%;\" data-sheets-value=\"{&quot;1&quot;:2,&quot;2&quot;:&quot;5 c\u00e1i\/h\u1ed9p, 50 c\u00e1i\/th\u00f9ng&quot;}\"><span style=\"color: #000000;\">\u00a010 c\u00e1i\/h\u1ed9p, 100 c\u00e1i\/th\u00f9ng<\/span><\/td>\n<\/tr>\n<tr>\n<td style=\"width: 48.4317%;\" data-sheets-value=\"{&quot;1&quot;:2,&quot;2&quot;:&quot;M\u00e0u s\u1eafc&quot;}\"><span style=\"color: #000000;\">\u00a0M\u00e0u s\u1eafc<\/span><\/td>\n<td style=\"width: 75.4999%;\" data-sheets-value=\"{&quot;1&quot;:2,&quot;2&quot;:&quot;Tr\u1eafng&quot;}\"><span style=\"color: #000000;\">\u00a0v\u00e0ng \u00e1nh kim<\/span><\/td>\n<\/tr>\n<tr>\n<td style=\"width: 48.4317%;\" data-sheets-value=\"{&quot;1&quot;:2,&quot;2&quot;:&quot;Th\u01b0\u1eddng hi\u1ec7u&quot;}\"><span style=\"color: #000000;\">\u00a0Th\u01b0\u1eddng hi\u1ec7u<\/span><\/td>\n<td style=\"width: 75.4999%;\" data-sheets-value=\"{&quot;1&quot;:2,&quot;2&quot;:&quot;Panasonic&quot;}\"><span style=\"color: #000000;\">\u00a0Panasonic<\/span><\/td>\n<\/tr>\n<tr>\n<td style=\"width: 48.4317%;\" data-sheets-value=\"{&quot;1&quot;:2,&quot;2&quot;:&quot;Xu\u1ea5t x\u1ee9&quot;}\"><span style=\"color: #000000;\">\u00a0Xu\u1ea5t x\u1ee9<\/span><\/td>\n<td style=\"width: 75.4999%;\" data-sheets-value=\"{&quot;1&quot;:2,&quot;2&quot;:&quot;Vi\u1ec7t Nam&quot;}\"><span style=\"color: #000000;\">\u00a0Vi\u1ec7t Nam<\/span><\/td>\n<\/tr>\n<tr>\n<td style=\"width: 48.4317%;\" data-sheets-value=\"{&quot;1&quot;:2,&quot;2&quot;:&quot;B\u1ea3o h\u00e0nh&quot;}\"><span style=\"color: #000000;\">\u00a0B\u1ea3o h\u00e0nh<\/span><\/td>\n<td style=\"width: 75.4999%;\" data-sheets-value=\"{&quot;1&quot;:2,&quot;2&quot;:&quot;12 th\u00e1ng&quot;}\"><span style=\"color: #000000;\">\u00a012 th\u00e1ng<\/span><\/td>\n<\/tr>\n<\/tbody>\n<\/table>\n<p><img fetchpriority=\"high\" decoding=\"async\" class=\"alignnone size-medium wp-image-12496 aligncenter\" src=\"http:\/\/thietbidienlama.com\/wp-content\/uploads\/2025\/02\/Nut-Nhan-Chuong-Dong-Halumie-Mau-Vang-Anh-Kim-WEVH5401-011MYZ-Panasonic-300x300.jpg\" alt=\"\" width=\"300\" height=\"300\" srcset=\"https:\/\/www.thietbidienlama.com\/wp-content\/uploads\/2025\/02\/Nut-Nhan-Chuong-Dong-Halumie-Mau-Vang-Anh-Kim-WEVH5401-011MYZ-Panasonic-300x300.jpg 300w, https:\/\/www.thietbidienlama.com\/wp-content\/uploads\/2025\/02\/Nut-Nhan-Chuong-Dong-Halumie-Mau-Vang-Anh-Kim-WEVH5401-011MYZ-Panasonic-150x150.jpg 150w, https:\/\/www.thietbidienlama.com\/wp-content\/uploads\/2025\/02\/Nut-Nhan-Chuong-Dong-Halumie-Mau-Vang-Anh-Kim-WEVH5401-011MYZ-Panasonic-12x12.jpg 12w, https:\/\/www.thietbidienlama.com\/wp-content\/uploads\/2025\/02\/Nut-Nhan-Chuong-Dong-Halumie-Mau-Vang-Anh-Kim-WEVH5401-011MYZ-Panasonic.jpg 500w\" sizes=\"(max-width: 300px) 100vw, 300px\" \/><\/p>","protected":false},"excerpt":{"rendered":"<p>N\u00fat Nh\u1ea5n Chu\u00f4ng D\u00f2ng Halumie &#8211; M\u00e0u V\u00e0ng \u00c1nh Kim &#8211; WEVH5401-011MYZ T\u00ean s\u1ea3n ph\u1ea9m n\u00fat nh\u1ea5n chu\u00f4ng d\u00f2ng Halumie<\/p>","protected":false},"featured_media":12496,"comment_status":"closed","ping_status":"closed","template":"","meta":[],"product_brand":[],"product_cat":[562,856,858],"product_tag":[],"class_list":{"0":"post-12797","1":"product","2":"type-product","3":"status-publish","4":"has-post-thumbnail","6":"product_cat-thiet-bi-dien-panasonic","7":"product_cat-cong-tac-panasonic","8":"product_cat-cong-tac-panasonic-halumie","10":"first","11":"instock","12":"sale","13":"shipping-taxable","14":"purchasable","15":"product-type-simple"},"_links":{"self":[{"href":"https:\/\/www.thietbidienlama.com\/en\/wp-json\/wp\/v2\/product\/12797","targetHints":{"allow":["GET"]}}],"collection":[{"href":"https:\/\/www.thietbidienlama.com\/en\/wp-json\/wp\/v2\/product"}],"about":[{"href":"https:\/\/www.thietbidienlama.com\/en\/wp-json\/wp\/v2\/types\/product"}],"replies":[{"embeddable":true,"href":"https:\/\/www.thietbidienlama.com\/en\/wp-json\/wp\/v2\/comments?post=12797"}],"version-history":[{"count":2,"href":"https:\/\/www.thietbidienlama.com\/en\/wp-json\/wp\/v2\/product\/12797\/revisions"}],"predecessor-version":[{"id":12800,"href":"https:\/\/www.thietbidienlama.com\/en\/wp-json\/wp\/v2\/product\/12797\/revisions\/12800"}],"wp:featuredmedia":[{"embeddable":true,"href":"https:\/\/www.thietbidienlama.com\/en\/wp-json\/wp\/v2\/media\/12496"}],"wp:attachment":[{"href":"https:\/\/www.thietbidienlama.com\/en\/wp-json\/wp\/v2\/media?parent=12797"}],"wp:term":[{"taxonomy":"product_brand","embeddable":true,"href":"https:\/\/www.thietbidienlama.com\/en\/wp-json\/wp\/v2\/product_brand?post=12797"},{"taxonomy":"product_cat","embeddable":true,"href":"https:\/\/www.thietbidienlama.com\/en\/wp-json\/wp\/v2\/product_cat?post=12797"},{"taxonomy":"product_tag","embeddable":true,"href":"https:\/\/www.thietbidienlama.com\/en\/wp-json\/wp\/v2\/product_tag?post=12797"}],"curies":[{"name":"wp","href":"https:\/\/api.w.org\/{rel}","templated":true}]}}