{"id":12795,"date":"2025-08-21T14:44:42","date_gmt":"2025-08-21T07:44:42","guid":{"rendered":"https:\/\/thietbidienlama.com\/?post_type=product&#038;p=12795"},"modified":"2025-08-21T14:46:18","modified_gmt":"2025-08-21T07:46:18","slug":"cong-tac-b-1-chieu-dong-halumie-mau-xam-anh-kim","status":"publish","type":"product","link":"https:\/\/www.thietbidienlama.com\/en\/cong-tac-b-1-chieu-dong-halumie-mau-xam-anh-kim\/","title":{"rendered":"C\u00f4ng T\u1eafc B 1 Chi\u1ec1u &#8211; D\u00f2ng Halumie &#8211; M\u00e0u X\u00e1m \u00c1nh Kim -WEVH5531MYHK\/WEVH5531-7MYHK"},"content":{"rendered":"<h3 class=\"title ng-binding\" style=\"text-align: center;\">C\u00f4ng T\u1eafc B 1 Chi\u1ec1u &#8211; D\u00f2ng Halumie &#8211; M\u00e0u X\u00e1m \u00c1nh Kim -WEVH5531MYHK\/WEVH5531-7MYHK<\/h3>\n<table dir=\"ltr\" style=\"width: 48.2631%;\" border=\"1\" cellspacing=\"0\" cellpadding=\"0\">\n<tbody>\n<tr>\n<td style=\"width: 114.792%;\" colspan=\"2\" data-sheets-value=\"{&quot;1&quot;:2,&quot;2&quot;:&quot;T\u00ean s\u1ea3n ph\u1ea9m c\u00f4ng t\u1eafc 1 chi\u1ec1u lo\u1ea1i l\u1edbn Halumie&quot;}\"><span style=\"color: #000000;\">T\u00ean s\u1ea3n ph\u1ea9m c\u00f4ng t\u1eafc 1 chi\u1ec1u lo\u1ea1i nh\u1ecf Halumie m\u00e0u x\u00e1m \u00e1nh kim<\/span><\/td>\n<\/tr>\n<tr>\n<td style=\"width: 38.9583%;\" data-sheets-value=\"{&quot;1&quot;:2,&quot;2&quot;:&quot;D\u00f2ng s\u1ea3n ph\u1ea9m&quot;}\"><span style=\"color: #000000;\">\u00a0D\u00f2ng s\u1ea3n ph\u1ea9m<\/span><\/td>\n<td style=\"width: 75.8333%;\" data-sheets-value=\"{&quot;1&quot;:2,&quot;2&quot;:&quot;Halumie&quot;}\"><span style=\"color: #000000;\">\u00a0Halumie<\/span><\/td>\n<\/tr>\n<tr>\n<td style=\"width: 38.9583%;\" rowspan=\"2\" data-sheets-value=\"{&quot;1&quot;:2,&quot;2&quot;:&quot;M\u00e3 s\u1ea3n ph\u1ea9m&quot;}\">\n<div><span style=\"color: #000000;\">\u00a0M\u00e3 s\u1ea3n ph\u1ea9m<\/span><\/div>\n<\/td>\n<td style=\"width: 75.8333%;\" data-sheets-value=\"{&quot;1&quot;:2,&quot;2&quot;:&quot;WEVH5511K : C\u1eafm nhanh&quot;}\"><span style=\"color: #000000;\">\u00a0<strong>WEVH5531MYHK<\/strong>\u00a0: C\u1eafm nhanh<\/span><\/td>\n<\/tr>\n<tr>\n<td style=\"width: 75.8333%;\" data-sheets-value=\"{&quot;1&quot;:2,&quot;2&quot;:&quot;WEVH5511-7K : B\u1eaft v\u00edt&quot;}\"><span style=\"color: #000000;\">\u00a0<strong>WEVH5531-7MYHK<\/strong>\u00a0: B\u1eaft v\u00edt<\/span><\/td>\n<\/tr>\n<tr>\n<td style=\"width: 38.9583%;\" data-sheets-value=\"{&quot;1&quot;:2,&quot;2&quot;:&quot;Lo\u1ea1i&quot;}\"><span style=\"color: #000000;\">\u00a0Lo\u1ea1i<\/span><\/td>\n<td style=\"width: 75.8333%;\" data-sheets-value=\"{&quot;1&quot;:2,&quot;2&quot;:&quot;C\u00f4ng t\u1eafc B, 1 chi\u1ec1u, size l\u1edbn&quot;}\"><span style=\"color: #000000;\">\u00a0C\u00f4ng t\u1eafc B, 1 chi\u1ec1u, size nh\u1ecf<\/span><\/td>\n<\/tr>\n<tr>\n<td style=\"width: 38.9583%;\" data-sheets-value=\"{&quot;1&quot;:2,&quot;2&quot;:&quot;T\u00ednh n\u0103ng&quot;}\"><span style=\"color: #000000;\">\u00a0T\u00ednh n\u0103ng<\/span><\/td>\n<td style=\"width: 75.8333%;\" data-sheets-value=\"{&quot;1&quot;:2,&quot;2&quot;:&quot;Ch\u1ec9 c\u00f3 d\u1ea5u ON\/OFF&quot;}\"><span style=\"color: #000000;\">\u00a0Ch\u1ec9 c\u00f3 d\u1ea5u ON\/OFF<\/span><\/td>\n<\/tr>\n<tr>\n<td style=\"width: 38.9583%;\"><span style=\"color: #000000;\">\u00a0\u0110i\u1ec7n \u00e1p \u0111\u1ecbnh m\u1ee9c<\/span><\/td>\n<td style=\"width: 75.8333%;\"><span style=\"color: #000000;\">\u00a016A<\/span><\/td>\n<\/tr>\n<tr>\n<td style=\"width: 38.9583%;\" data-sheets-value=\"{&quot;1&quot;:2,&quot;2&quot;:&quot;Ngu\u1ed3n \u0111i\u1ec7n&quot;}\"><span style=\"color: #000000;\">\u00a0D\u00f2ng \u0111i\u1ec7n \u0111\u1ecbnh m\u1ee9c<\/span><\/td>\n<td style=\"width: 75.8333%;\" data-sheets-value=\"{&quot;1&quot;:2,&quot;2&quot;:&quot;250VAC-16A&quot;}\"><span style=\"color: #000000;\">\u00a0250V<\/span><\/td>\n<\/tr>\n<tr>\n<td style=\"width: 38.9583%;\" data-sheets-value=\"{&quot;1&quot;:2,&quot;2&quot;:&quot;\u0110\u00f3ng g\u00f3i &quot;}\"><span style=\"color: #000000;\">\u00a0\u0110\u00f3ng g\u00f3i<\/span><\/td>\n<td style=\"width: 75.8333%;\" data-sheets-value=\"{&quot;1&quot;:2,&quot;2&quot;:&quot;5 c\u00e1i\/h\u1ed9p, 50 c\u00e1i\/th\u00f9ng&quot;}\"><span style=\"color: #000000;\">\u00a05 c\u00e1i\/h\u1ed9p, 50 c\u00e1i\/th\u00f9ng<\/span><\/td>\n<\/tr>\n<tr>\n<td style=\"width: 38.9583%;\" data-sheets-value=\"{&quot;1&quot;:2,&quot;2&quot;:&quot;M\u00e0u s\u1eafc&quot;}\"><span style=\"color: #000000;\">\u00a0M\u00e0u s\u1eafc<\/span><\/td>\n<td style=\"width: 75.8333%;\" data-sheets-value=\"{&quot;1&quot;:2,&quot;2&quot;:&quot;Tr\u1eafng&quot;}\"><span style=\"color: #000000;\">\u00a0X\u00e1m \u00e1nh kim<\/span><\/td>\n<\/tr>\n<tr>\n<td style=\"width: 38.9583%;\" data-sheets-value=\"{&quot;1&quot;:2,&quot;2&quot;:&quot;Th\u01b0\u1eddng hi\u1ec7u&quot;}\"><span style=\"color: #000000;\">\u00a0Th\u01b0\u1eddng hi\u1ec7u<\/span><\/td>\n<td style=\"width: 75.8333%;\" data-sheets-value=\"{&quot;1&quot;:2,&quot;2&quot;:&quot;Panasonic&quot;}\"><span style=\"color: #000000;\">\u00a0Panasonic<\/span><\/td>\n<\/tr>\n<tr>\n<td style=\"width: 38.9583%;\" data-sheets-value=\"{&quot;1&quot;:2,&quot;2&quot;:&quot;Xu\u1ea5t x\u1ee9&quot;}\"><span style=\"color: #000000;\">\u00a0Xu\u1ea5t x\u1ee9<\/span><\/td>\n<td style=\"width: 75.8333%;\" data-sheets-value=\"{&quot;1&quot;:2,&quot;2&quot;:&quot;Vi\u1ec7t Nam&quot;}\"><span style=\"color: #000000;\">\u00a0Vi\u1ec7t Nam<\/span><\/td>\n<\/tr>\n<tr>\n<td style=\"width: 38.9583%;\" data-sheets-value=\"{&quot;1&quot;:2,&quot;2&quot;:&quot;B\u1ea3o h\u00e0nh&quot;}\"><span style=\"color: #000000;\">\u00a0B\u1ea3o h\u00e0nh<\/span><\/td>\n<td style=\"width: 75.8333%;\" data-sheets-value=\"{&quot;1&quot;:2,&quot;2&quot;:&quot;12 th\u00e1ng&quot;}\"><span style=\"color: #000000;\">\u00a012 th\u00e1ng<\/span><\/td>\n<\/tr>\n<\/tbody>\n<\/table>\n<p><img fetchpriority=\"high\" decoding=\"async\" class=\"alignnone size-medium wp-image-12499 aligncenter\" src=\"http:\/\/thietbidienlama.com\/wp-content\/uploads\/2025\/02\/Cong-Tac-B-1-Chieu-Dong-Halumie-Mau-Xam-Anh-Kim-WEVH5531MYHKWEVH5531-7MYHK-Panasonic-300x300.jpg\" alt=\"\" width=\"300\" height=\"300\" srcset=\"https:\/\/www.thietbidienlama.com\/wp-content\/uploads\/2025\/02\/Cong-Tac-B-1-Chieu-Dong-Halumie-Mau-Xam-Anh-Kim-WEVH5531MYHKWEVH5531-7MYHK-Panasonic-300x300.jpg 300w, https:\/\/www.thietbidienlama.com\/wp-content\/uploads\/2025\/02\/Cong-Tac-B-1-Chieu-Dong-Halumie-Mau-Xam-Anh-Kim-WEVH5531MYHKWEVH5531-7MYHK-Panasonic-150x150.jpg 150w, https:\/\/www.thietbidienlama.com\/wp-content\/uploads\/2025\/02\/Cong-Tac-B-1-Chieu-Dong-Halumie-Mau-Xam-Anh-Kim-WEVH5531MYHKWEVH5531-7MYHK-Panasonic-12x12.jpg 12w, https:\/\/www.thietbidienlama.com\/wp-content\/uploads\/2025\/02\/Cong-Tac-B-1-Chieu-Dong-Halumie-Mau-Xam-Anh-Kim-WEVH5531MYHKWEVH5531-7MYHK-Panasonic.jpg 500w\" sizes=\"(max-width: 300px) 100vw, 300px\" \/><\/p>","protected":false},"excerpt":{"rendered":"<p>C\u00f4ng T\u1eafc B 1 Chi\u1ec1u &#8211; D\u00f2ng Halumie &#8211; M\u00e0u X\u00e1m \u00c1nh Kim -WEVH5531MYHK\/WEVH5531-7MYHK T\u00ean s\u1ea3n ph\u1ea9m c\u00f4ng t\u1eafc 1<\/p>","protected":false},"featured_media":12499,"comment_status":"closed","ping_status":"closed","template":"","meta":[],"product_brand":[],"product_cat":[562,856,858],"product_tag":[],"class_list":{"0":"post-12795","1":"product","2":"type-product","3":"status-publish","4":"has-post-thumbnail","6":"product_cat-thiet-bi-dien-panasonic","7":"product_cat-cong-tac-panasonic","8":"product_cat-cong-tac-panasonic-halumie","10":"first","11":"instock","12":"sale","13":"shipping-taxable","14":"purchasable","15":"product-type-simple"},"_links":{"self":[{"href":"https:\/\/www.thietbidienlama.com\/en\/wp-json\/wp\/v2\/product\/12795","targetHints":{"allow":["GET"]}}],"collection":[{"href":"https:\/\/www.thietbidienlama.com\/en\/wp-json\/wp\/v2\/product"}],"about":[{"href":"https:\/\/www.thietbidienlama.com\/en\/wp-json\/wp\/v2\/types\/product"}],"replies":[{"embeddable":true,"href":"https:\/\/www.thietbidienlama.com\/en\/wp-json\/wp\/v2\/comments?post=12795"}],"version-history":[{"count":2,"href":"https:\/\/www.thietbidienlama.com\/en\/wp-json\/wp\/v2\/product\/12795\/revisions"}],"predecessor-version":[{"id":12798,"href":"https:\/\/www.thietbidienlama.com\/en\/wp-json\/wp\/v2\/product\/12795\/revisions\/12798"}],"wp:featuredmedia":[{"embeddable":true,"href":"https:\/\/www.thietbidienlama.com\/en\/wp-json\/wp\/v2\/media\/12499"}],"wp:attachment":[{"href":"https:\/\/www.thietbidienlama.com\/en\/wp-json\/wp\/v2\/media?parent=12795"}],"wp:term":[{"taxonomy":"product_brand","embeddable":true,"href":"https:\/\/www.thietbidienlama.com\/en\/wp-json\/wp\/v2\/product_brand?post=12795"},{"taxonomy":"product_cat","embeddable":true,"href":"https:\/\/www.thietbidienlama.com\/en\/wp-json\/wp\/v2\/product_cat?post=12795"},{"taxonomy":"product_tag","embeddable":true,"href":"https:\/\/www.thietbidienlama.com\/en\/wp-json\/wp\/v2\/product_tag?post=12795"}],"curies":[{"name":"wp","href":"https:\/\/api.w.org\/{rel}","templated":true}]}}