{"id":12413,"date":"2025-07-27T16:00:13","date_gmt":"2025-07-27T09:00:13","guid":{"rendered":"https:\/\/thietbidienlama.com\/?post_type=product&#038;p=12413"},"modified":"2026-03-30T06:44:40","modified_gmt":"2026-03-29T23:44:40","slug":"den-am-tran-philips-9w-sieu-mong-dl262","status":"publish","type":"product","link":"https:\/\/www.thietbidienlama.com\/en\/den-am-tran-philips-9w-sieu-mong-dl262\/","title":{"rendered":"\u0110\u00e8n \u00c2m Tr\u1ea7n Philips 9W Si\u00eau M\u1ecfng DL262 EC RD 125 HV SNI 02"},"content":{"rendered":"<h2 style=\"text-align: center;\"><span style=\"color: #000000;\">\u0110\u00e8n \u00c2m Tr\u1ea7n Philips 9W Si\u00eau M\u1ecfng DL262 EC RD 125 HV SNI 02<\/span><\/h2>\n<p><img fetchpriority=\"high\" decoding=\"async\" class=\"alignnone size-medium wp-image-12414 aligncenter\" src=\"http:\/\/thietbidienlama.com\/wp-content\/uploads\/2025\/07\/Den-Am-Tran-Philips-Sieu-Mong-DL262-EC-RD-125-HV-SNI-02-300x300.jpg\" alt=\"\" width=\"300\" height=\"300\" srcset=\"https:\/\/www.thietbidienlama.com\/wp-content\/uploads\/2025\/07\/Den-Am-Tran-Philips-Sieu-Mong-DL262-EC-RD-125-HV-SNI-02-300x300.jpg 300w, https:\/\/www.thietbidienlama.com\/wp-content\/uploads\/2025\/07\/Den-Am-Tran-Philips-Sieu-Mong-DL262-EC-RD-125-HV-SNI-02-150x150.jpg 150w, https:\/\/www.thietbidienlama.com\/wp-content\/uploads\/2025\/07\/Den-Am-Tran-Philips-Sieu-Mong-DL262-EC-RD-125-HV-SNI-02-12x12.jpg 12w, https:\/\/www.thietbidienlama.com\/wp-content\/uploads\/2025\/07\/Den-Am-Tran-Philips-Sieu-Mong-DL262-EC-RD-125-HV-SNI-02.jpg 500w\" sizes=\"(max-width: 300px) 100vw, 300px\" \/><\/p>\n<table class=\"le1tbl aligncenter\" style=\"width: 28.8537%;\">\n<tbody>\n<tr>\n<td style=\"width: 97.8852%;\" colspan=\"2\">\n<h3><span style=\"color: #000000;\"><strong>Th\u00f4ng s\u1ed1 \u0111i\u1ec7n<\/strong><\/span><\/h3>\n<\/td>\n<\/tr>\n<tr>\n<td style=\"width: 58.3311%;\"><span style=\"color: #000000;\">\u00a0\u0110i\u1ec7n \u00e1p (V)<\/span><\/td>\n<td style=\"width: 39.5541%;\"><span style=\"color: #000000;\">\u00a0220-240V<\/span><\/td>\n<\/tr>\n<tr>\n<td style=\"width: 58.3311%;\"><span style=\"color: #000000;\">\u00a0C\u00f4ng su\u1ea5t (W)<\/span><\/td>\n<td style=\"width: 39.5541%;\"><span style=\"color: #000000;\">\u00a09W<\/span><\/td>\n<\/tr>\n<tr>\n<td style=\"width: 58.3311%;\"><span style=\"color: #000000;\">\u00a0Tu\u1ed5i th\u1ecd (h)<\/span><\/td>\n<td style=\"width: 39.5541%;\"><span style=\"color: #000000;\">\u00a015.000h<\/span><\/td>\n<\/tr>\n<tr>\n<td style=\"width: 97.8852%;\" colspan=\"2\"><span style=\"color: #000000;\"><strong>Th\u00f4ng s\u1ed1 quang<\/strong><\/span><\/td>\n<\/tr>\n<tr>\n<td style=\"width: 58.3311%;\"><span style=\"color: #000000;\">\u00a0Quang th\u00f4ng (Lm)<\/span><\/td>\n<td style=\"width: 39.5541%;\"><span style=\"color: #000000;\">\u00a0720Lm<\/span><\/td>\n<\/tr>\n<tr>\n<td style=\"width: 58.3311%;\"><span style=\"color: #000000;\">\u00a0Nhi\u1ec7t \u0111\u1ed9 m\u00e0u (K)<\/span><\/td>\n<td style=\"width: 39.5541%;\"><span style=\"color: #000000;\">\u00a03000K\/4000K\/6500K<\/span><\/td>\n<\/tr>\n<tr>\n<td style=\"width: 58.3311%;\"><span style=\"color: #000000;\">\u00a0Ch\u1ec9 s\u1ed1 ho\u00e0n m\u00e0u (Ra)<\/span><\/td>\n<td style=\"width: 39.5541%;\"><span style=\"color: #000000;\">\u00a0Ra80<\/span><\/td>\n<\/tr>\n<tr>\n<td style=\"width: 97.8852%;\" colspan=\"2\"><span style=\"color: #000000;\"><strong>Th\u00f4ng s\u1ed1 h\u00ecnh h\u1ecdc<\/strong><\/span><\/td>\n<\/tr>\n<tr>\n<td style=\"width: 58.3311%;\"><span style=\"color: #000000;\">\u00a0K\u00edch th\u01b0\u1edbc<\/span><\/td>\n<td style=\"width: 39.5541%;\"><span style=\"color: #000000;\">\u00a0\u00d8145mm \/ H: 18mm<\/span><\/td>\n<\/tr>\n<tr>\n<td style=\"width: 58.3311%;\"><span style=\"color: #000000;\">\u00a0L\u1ed7 c\u1eaft<\/span><\/td>\n<td style=\"width: 39.5541%;\"><span style=\"color: #000000;\">\u00a0(\u00d8)125mm<\/span><\/td>\n<\/tr>\n<tr>\n<td style=\"width: 58.3311%;\"><span style=\"color: #000000;\"><strong>\u00a0Ch\u00ednh s\u00e1ch b\u1ea3o h\u00e0nh<\/strong><\/span><\/td>\n<td style=\"width: 39.5541%;\"><span style=\"color: #000000;\"><strong>\u00a024 th\u00e1ng\u00a0<\/strong><\/span><\/td>\n<\/tr>\n<\/tbody>\n<\/table>\n<p style=\"text-align: center;\">\n<p><img decoding=\"async\" class=\"alignnone size-medium wp-image-12415 aligncenter\" src=\"http:\/\/thietbidienlama.com\/wp-content\/uploads\/2025\/07\/Den-Am-Tran-Philips-Sieu-Mong-DL262-EC-RD-125-300x300.jpg\" alt=\"\" width=\"300\" height=\"300\" srcset=\"https:\/\/www.thietbidienlama.com\/wp-content\/uploads\/2025\/07\/Den-Am-Tran-Philips-Sieu-Mong-DL262-EC-RD-125-300x300.jpg 300w, https:\/\/www.thietbidienlama.com\/wp-content\/uploads\/2025\/07\/Den-Am-Tran-Philips-Sieu-Mong-DL262-EC-RD-125-150x150.jpg 150w, https:\/\/www.thietbidienlama.com\/wp-content\/uploads\/2025\/07\/Den-Am-Tran-Philips-Sieu-Mong-DL262-EC-RD-125-12x12.jpg 12w, https:\/\/www.thietbidienlama.com\/wp-content\/uploads\/2025\/07\/Den-Am-Tran-Philips-Sieu-Mong-DL262-EC-RD-125.jpg 500w\" sizes=\"(max-width: 300px) 100vw, 300px\" \/><\/p>","protected":false},"excerpt":{"rendered":"<p>\u0110\u00e8n \u00c2m Tr\u1ea7n Philips 9W Si\u00eau M\u1ecfng DL262 EC RD 125 HV SNI 02 Th\u00f4ng s\u1ed1 \u0111i\u1ec7n \u00a0\u0110i\u1ec7n \u00e1p (V)<\/p>","protected":false},"featured_media":12414,"comment_status":"closed","ping_status":"closed","template":"","meta":[],"product_brand":[],"product_cat":[502,1064,861,852],"product_tag":[],"class_list":{"0":"post-12413","1":"product","2":"type-product","3":"status-publish","4":"has-post-thumbnail","6":"product_cat-den-chieu-sang","7":"product_cat-den-am-tran-philips","8":"product_cat-den-dowlight","9":"product_cat-den-led-philips","11":"first","12":"instock","13":"sale","14":"shipping-taxable","15":"purchasable","16":"product-type-simple"},"_links":{"self":[{"href":"https:\/\/www.thietbidienlama.com\/en\/wp-json\/wp\/v2\/product\/12413","targetHints":{"allow":["GET"]}}],"collection":[{"href":"https:\/\/www.thietbidienlama.com\/en\/wp-json\/wp\/v2\/product"}],"about":[{"href":"https:\/\/www.thietbidienlama.com\/en\/wp-json\/wp\/v2\/types\/product"}],"replies":[{"embeddable":true,"href":"https:\/\/www.thietbidienlama.com\/en\/wp-json\/wp\/v2\/comments?post=12413"}],"version-history":[{"count":1,"href":"https:\/\/www.thietbidienlama.com\/en\/wp-json\/wp\/v2\/product\/12413\/revisions"}],"predecessor-version":[{"id":12416,"href":"https:\/\/www.thietbidienlama.com\/en\/wp-json\/wp\/v2\/product\/12413\/revisions\/12416"}],"wp:featuredmedia":[{"embeddable":true,"href":"https:\/\/www.thietbidienlama.com\/en\/wp-json\/wp\/v2\/media\/12414"}],"wp:attachment":[{"href":"https:\/\/www.thietbidienlama.com\/en\/wp-json\/wp\/v2\/media?parent=12413"}],"wp:term":[{"taxonomy":"product_brand","embeddable":true,"href":"https:\/\/www.thietbidienlama.com\/en\/wp-json\/wp\/v2\/product_brand?post=12413"},{"taxonomy":"product_cat","embeddable":true,"href":"https:\/\/www.thietbidienlama.com\/en\/wp-json\/wp\/v2\/product_cat?post=12413"},{"taxonomy":"product_tag","embeddable":true,"href":"https:\/\/www.thietbidienlama.com\/en\/wp-json\/wp\/v2\/product_tag?post=12413"}],"curies":[{"name":"wp","href":"https:\/\/api.w.org\/{rel}","templated":true}]}}