{"id":12410,"date":"2025-07-27T14:50:53","date_gmt":"2025-07-27T07:50:53","guid":{"rendered":"https:\/\/thietbidienlama.com\/?post_type=product&#038;p=12410"},"modified":"2025-12-20T14:57:32","modified_gmt":"2025-12-20T07:57:32","slug":"den-spotlight-am-tran-panasonic-7w-nnnc7629188","status":"publish","type":"product","link":"https:\/\/www.thietbidienlama.com\/en\/den-spotlight-am-tran-panasonic-7w-nnnc7629188\/","title":{"rendered":"\u0110\u00e8n Dowlight Ch\u1ec9nh G\u00f3c \u00c2m Tr\u1ea7n Panasonic 7W NNNC7629188"},"content":{"rendered":"<h2 style=\"text-align: center;\"><span style=\"color: #000000;\">\u0110\u00e8n Dowlight Ch\u1ec9nh G\u00f3c \u00c2m Tr\u1ea7n Panasonic 7W NNNC7629188<\/span><\/h2>\n<p><img fetchpriority=\"high\" decoding=\"async\" class=\"alignnone size-medium wp-image-12339 aligncenter\" src=\"http:\/\/thietbidienlama.com\/wp-content\/uploads\/2025\/07\/Den-Spotlight-Panasonic-7w-NNNC7629188-300x300.jpg\" alt=\"\" width=\"300\" height=\"300\" srcset=\"https:\/\/www.thietbidienlama.com\/wp-content\/uploads\/2025\/07\/Den-Spotlight-Panasonic-7w-NNNC7629188-300x300.jpg 300w, https:\/\/www.thietbidienlama.com\/wp-content\/uploads\/2025\/07\/Den-Spotlight-Panasonic-7w-NNNC7629188-150x150.jpg 150w, https:\/\/www.thietbidienlama.com\/wp-content\/uploads\/2025\/07\/Den-Spotlight-Panasonic-7w-NNNC7629188-12x12.jpg 12w, https:\/\/www.thietbidienlama.com\/wp-content\/uploads\/2025\/07\/Den-Spotlight-Panasonic-7w-NNNC7629188.jpg 500w\" sizes=\"(max-width: 300px) 100vw, 300px\" \/><\/p>\n<h3 style=\"text-align: left;\"><span style=\"color: #000000;\">\u0110\u00e8n <\/span><span style=\"color: #000000;\">Dowlight Ch\u1ec9nh G\u00f3c <\/span><span style=\"color: #000000;\">\u00c2m Tr\u1ea7n Panasonic 7W NNNC7629188<\/span><\/h3>\n<ul>\n<li><span style=\"color: #000000;\">C\u00f4ng su\u1ea5t: 7W<\/span><\/li>\n<li><span style=\"color: #000000;\">Ch\u1ec9nh g\u00f3c 60\u00b0<\/span><\/li>\n<li><span style=\"color: #000000;\">CRI: Ra80 \u2013 Tu\u1ed5i th\u1ecd 15,000 gi\u1edd<\/span><\/li>\n<li><span style=\"color: #000000;\">K\u00edch th\u01b0\u1edbc: \u00d890mm\/H: 43.5mm<\/span><\/li>\n<li><span style=\"color: #000000;\">K\u00edch th\u01b0\u1edbc kho\u00e9t l\u1ed7: \u00d880mm<\/span><\/li>\n<li><span style=\"color: #000000;\">Quang th\u00f4ng: 500lm<\/span><\/li>\n<li><span style=\"color: #000000;\">M\u00e0u \u00e1nh s\u00e1ng: Trung t\u00ednh 4000K<\/span><\/li>\n<\/ul>","protected":false},"excerpt":{"rendered":"<p>\u0110\u00e8n Dowlight Ch\u1ec9nh G\u00f3c \u00c2m Tr\u1ea7n Panasonic 7W NNNC7629188 \u0110\u00e8n Dowlight Ch\u1ec9nh G\u00f3c \u00c2m Tr\u1ea7n Panasonic 7W NNNC7629188 C\u00f4ng su\u1ea5t:<\/p>","protected":false},"featured_media":12339,"comment_status":"closed","ping_status":"closed","template":"","meta":[],"product_brand":[],"product_cat":[502,924,861,923,731],"product_tag":[],"class_list":{"0":"post-12410","1":"product","2":"type-product","3":"status-publish","4":"has-post-thumbnail","6":"product_cat-den-chieu-sang","7":"product_cat-den-am-tran-panasonic","8":"product_cat-den-dowlight","9":"product_cat-den-panasonic","10":"product_cat-den-led-panasonic","12":"first","13":"instock","14":"sale","15":"shipping-taxable","16":"purchasable","17":"product-type-simple"},"_links":{"self":[{"href":"https:\/\/www.thietbidienlama.com\/en\/wp-json\/wp\/v2\/product\/12410","targetHints":{"allow":["GET"]}}],"collection":[{"href":"https:\/\/www.thietbidienlama.com\/en\/wp-json\/wp\/v2\/product"}],"about":[{"href":"https:\/\/www.thietbidienlama.com\/en\/wp-json\/wp\/v2\/types\/product"}],"replies":[{"embeddable":true,"href":"https:\/\/www.thietbidienlama.com\/en\/wp-json\/wp\/v2\/comments?post=12410"}],"version-history":[{"count":3,"href":"https:\/\/www.thietbidienlama.com\/en\/wp-json\/wp\/v2\/product\/12410\/revisions"}],"predecessor-version":[{"id":13851,"href":"https:\/\/www.thietbidienlama.com\/en\/wp-json\/wp\/v2\/product\/12410\/revisions\/13851"}],"wp:featuredmedia":[{"embeddable":true,"href":"https:\/\/www.thietbidienlama.com\/en\/wp-json\/wp\/v2\/media\/12339"}],"wp:attachment":[{"href":"https:\/\/www.thietbidienlama.com\/en\/wp-json\/wp\/v2\/media?parent=12410"}],"wp:term":[{"taxonomy":"product_brand","embeddable":true,"href":"https:\/\/www.thietbidienlama.com\/en\/wp-json\/wp\/v2\/product_brand?post=12410"},{"taxonomy":"product_cat","embeddable":true,"href":"https:\/\/www.thietbidienlama.com\/en\/wp-json\/wp\/v2\/product_cat?post=12410"},{"taxonomy":"product_tag","embeddable":true,"href":"https:\/\/www.thietbidienlama.com\/en\/wp-json\/wp\/v2\/product_tag?post=12410"}],"curies":[{"name":"wp","href":"https:\/\/api.w.org\/{rel}","templated":true}]}}