{"id":12379,"date":"2025-07-27T13:34:27","date_gmt":"2025-07-27T06:34:27","guid":{"rendered":"https:\/\/thietbidienlama.com\/?post_type=product&#038;p=12379"},"modified":"2025-07-27T13:34:59","modified_gmt":"2025-07-27T06:34:59","slug":"den-spotlight-am-tran-philips-oem-12w-th-dl8","status":"publish","type":"product","link":"https:\/\/www.thietbidienlama.com\/en\/den-spotlight-am-tran-philips-oem-12w-th-dl8\/","title":{"rendered":"\u0110\u00e8n Spotlight \u00c2m Tr\u1ea7n Philips OEM 12W TH-DL8"},"content":{"rendered":"<h2 style=\"text-align: center;\"><span style=\"color: #000000;\">\u0110\u00e8n Spotlight \u00c2m Tr\u1ea7n Philips OEM 12W TH-DL8<\/span><\/h2>\n<p><img fetchpriority=\"high\" decoding=\"async\" class=\"alignnone size-medium wp-image-12381 aligncenter\" src=\"http:\/\/thietbidienlama.com\/wp-content\/uploads\/2025\/07\/Den-Spotlight-Am-Tran-Philips-OEM-12W-TH-DL8-300x300.jpg\" alt=\"\" width=\"300\" height=\"300\" srcset=\"https:\/\/www.thietbidienlama.com\/wp-content\/uploads\/2025\/07\/Den-Spotlight-Am-Tran-Philips-OEM-12W-TH-DL8-300x300.jpg 300w, https:\/\/www.thietbidienlama.com\/wp-content\/uploads\/2025\/07\/Den-Spotlight-Am-Tran-Philips-OEM-12W-TH-DL8-150x150.jpg 150w, https:\/\/www.thietbidienlama.com\/wp-content\/uploads\/2025\/07\/Den-Spotlight-Am-Tran-Philips-OEM-12W-TH-DL8-12x12.jpg 12w, https:\/\/www.thietbidienlama.com\/wp-content\/uploads\/2025\/07\/Den-Spotlight-Am-Tran-Philips-OEM-12W-TH-DL8.jpg 500w\" sizes=\"(max-width: 300px) 100vw, 300px\" \/><\/p>\n<table class=\"table le1tbl\">\n<tbody>\n<tr>\n<td colspan=\"2\">\n<h3><span style=\"color: #000000;\"><strong>Th\u00f4ng tin s\u1ea3n ph\u1ea9m<\/strong><\/span><\/h3>\n<\/td>\n<\/tr>\n<tr>\n<td><span style=\"color: #000000;\"><strong>\u00a0C\u00f4ng su\u1ea5t\u00a0 \u00a0 \u00a0 \u00a0 \u00a0 \u00a0 \u00a0 \u00a0 \u00a0 \u00a0\u00a0<\/strong><\/span><\/td>\n<td><span style=\"color: #000000;\"><strong>\u00a012W\u00a0 \u00a0 \u00a0 \u00a0 \u00a0 \u00a0 \u00a0 \u00a0 \u00a0 \u00a0 \u00a0 \u00a0 \u00a0 \u00a0 \u00a0<\/strong><\/span><\/td>\n<\/tr>\n<tr>\n<td><span style=\"color: #000000;\"><strong>\u00a0Nhi\u1ec7t \u0111\u1ed9 m\u00e0u\u00a0 \u00a0 \u00a0 \u00a0 \u00a0 \u00a0 \u00a0 \u00a0 \u00a0 \u00a0 \u00a0 \u00a0 \u00a0 \u00a0 \u00a0 \u00a0 \u00a0 \u00a0 \u00a0 \u00a0 \u00a0 \u00a0 \u00a0 \u00a0 \u00a0 \u00a0 \u00a0 \u00a0\u00a0<\/strong><\/span><\/td>\n<td><span style=\"color: #000000;\"><strong>\u00a02700K \/ 3000K \/ 3500K \/ 4000K \/ 5000K \/ 6000K<\/strong><\/span><\/td>\n<\/tr>\n<tr>\n<td><span style=\"color: #000000;\"><strong>\u00a0G\u00f3c chi\u1ebfu<\/strong><\/span><\/td>\n<td><span style=\"color: #000000;\"><strong>\u00a015\u00b0 \/ 24\u00b0 \/ 36\u00b0 \/ 60\u00b0<\/strong><\/span><\/td>\n<\/tr>\n<tr>\n<td><span style=\"color: #000000;\"><strong>\u00a0Ch\u1ec9 s\u1ed1 ho\u00e0n m\u00e0u<\/strong><\/span><\/td>\n<td><span style=\"color: #000000;\"><strong>\u00a0&gt;90<\/strong><\/span><\/td>\n<\/tr>\n<tr>\n<td><span style=\"color: #000000;\"><strong>\u00a0Quang Th\u00f4ng<\/strong><\/span><\/td>\n<td><span style=\"color: #000000;\"><b>\u00a01200lm<\/b><\/span><\/td>\n<\/tr>\n<tr>\n<td><span style=\"color: #000000;\"><strong>\u00a0\u0110\u1ed9 b\u1ea3o v\u1ec7<\/strong><\/span><\/td>\n<td><span style=\"color: #000000;\"><strong>\u00a0IP54<\/strong><\/span><\/td>\n<\/tr>\n<tr>\n<td><span style=\"color: #000000;\"><strong>\u00a0K\u00edch th\u01b0\u1edbc<\/strong><\/span><\/td>\n<td><span style=\"color: #000000;\"><strong>\u00a075 x 100 mm<\/strong><\/span><\/td>\n<\/tr>\n<tr>\n<td><span style=\"color: #000000;\"><strong>\u00a0L\u1ed7 c\u1eaft<\/strong><\/span><\/td>\n<td><span style=\"color: #000000;\"><strong>\u00a0\u00d890mm<\/strong><\/span><\/td>\n<\/tr>\n<\/tbody>\n<\/table>\n<table class=\"table le1tbl\">\n<tbody>\n<tr>\n<td colspan=\"2\"><span style=\"color: #000000;\"><strong>Ch\u00ednh s\u00e1ch b\u1ea3o h\u00e0nh\u00a0<\/strong><\/span><\/td>\n<\/tr>\n<tr>\n<td><span style=\"color: #000000;\"><strong>\u00a0Ch\u00ednh s\u00e1ch b\u1ea3o h\u00e0nh\u00a0 \u00a0 \u00a0 \u00a0 \u00a0 \u00a0 \u00a0 \u00a0 \u00a0 \u00a0 \u00a0 \u00a0 \u00a0 \u00a0 \u00a0 \u00a0 \u00a0 \u00a0 \u00a0 \u00a0 \u00a0 \u00a0 \u00a0 \u00a0\u00a0<\/strong><\/span><\/td>\n<td><span style=\"color: #000000;\"><strong>\u00a012 th\u00e1ng\u00a0 \u00a0<\/strong><\/span><\/td>\n<\/tr>\n<\/tbody>\n<\/table>\n<p style=\"text-align: center;\"><img decoding=\"async\" class=\"alignnone size-medium wp-image-12380\" src=\"http:\/\/thietbidienlama.com\/wp-content\/uploads\/2025\/07\/Den-Spotlight-Am-Tran-Philips-12W-300x300.jpg\" alt=\"\" width=\"300\" height=\"300\" srcset=\"https:\/\/www.thietbidienlama.com\/wp-content\/uploads\/2025\/07\/Den-Spotlight-Am-Tran-Philips-12W-300x300.jpg 300w, https:\/\/www.thietbidienlama.com\/wp-content\/uploads\/2025\/07\/Den-Spotlight-Am-Tran-Philips-12W-150x150.jpg 150w, https:\/\/www.thietbidienlama.com\/wp-content\/uploads\/2025\/07\/Den-Spotlight-Am-Tran-Philips-12W-12x12.jpg 12w, https:\/\/www.thietbidienlama.com\/wp-content\/uploads\/2025\/07\/Den-Spotlight-Am-Tran-Philips-12W.jpg 500w\" sizes=\"(max-width: 300px) 100vw, 300px\" \/> <img decoding=\"async\" class=\"alignnone size-medium wp-image-12382\" src=\"http:\/\/thietbidienlama.com\/wp-content\/uploads\/2025\/07\/Den-Spotlight-Am-Tran-Philips-1-300x300.jpg\" alt=\"\" width=\"300\" height=\"300\" srcset=\"https:\/\/www.thietbidienlama.com\/wp-content\/uploads\/2025\/07\/Den-Spotlight-Am-Tran-Philips-1-300x300.jpg 300w, https:\/\/www.thietbidienlama.com\/wp-content\/uploads\/2025\/07\/Den-Spotlight-Am-Tran-Philips-1-150x150.jpg 150w, https:\/\/www.thietbidienlama.com\/wp-content\/uploads\/2025\/07\/Den-Spotlight-Am-Tran-Philips-1-12x12.jpg 12w, https:\/\/www.thietbidienlama.com\/wp-content\/uploads\/2025\/07\/Den-Spotlight-Am-Tran-Philips-1.jpg 500w\" sizes=\"(max-width: 300px) 100vw, 300px\" \/><\/p>","protected":false},"excerpt":{"rendered":"<p>\u0110\u00e8n Spotlight \u00c2m Tr\u1ea7n Philips OEM 12W TH-DL8 Th\u00f4ng tin s\u1ea3n ph\u1ea9m \u00a0C\u00f4ng su\u1ea5t\u00a0 \u00a0 \u00a0 \u00a0 \u00a0 \u00a0 \u00a0<\/p>","protected":false},"featured_media":12381,"comment_status":"closed","ping_status":"closed","template":"","meta":[],"product_brand":[],"product_cat":[502,862,864],"product_tag":[],"class_list":{"0":"post-12379","1":"product","2":"type-product","3":"status-publish","4":"has-post-thumbnail","6":"product_cat-den-chieu-sang","7":"product_cat-den-spotlight","8":"product_cat-den-spotlight-philips","10":"first","11":"instock","12":"shipping-taxable","13":"product-type-simple"},"_links":{"self":[{"href":"https:\/\/www.thietbidienlama.com\/en\/wp-json\/wp\/v2\/product\/12379","targetHints":{"allow":["GET"]}}],"collection":[{"href":"https:\/\/www.thietbidienlama.com\/en\/wp-json\/wp\/v2\/product"}],"about":[{"href":"https:\/\/www.thietbidienlama.com\/en\/wp-json\/wp\/v2\/types\/product"}],"replies":[{"embeddable":true,"href":"https:\/\/www.thietbidienlama.com\/en\/wp-json\/wp\/v2\/comments?post=12379"}],"version-history":[{"count":1,"href":"https:\/\/www.thietbidienlama.com\/en\/wp-json\/wp\/v2\/product\/12379\/revisions"}],"predecessor-version":[{"id":12383,"href":"https:\/\/www.thietbidienlama.com\/en\/wp-json\/wp\/v2\/product\/12379\/revisions\/12383"}],"wp:featuredmedia":[{"embeddable":true,"href":"https:\/\/www.thietbidienlama.com\/en\/wp-json\/wp\/v2\/media\/12381"}],"wp:attachment":[{"href":"https:\/\/www.thietbidienlama.com\/en\/wp-json\/wp\/v2\/media?parent=12379"}],"wp:term":[{"taxonomy":"product_brand","embeddable":true,"href":"https:\/\/www.thietbidienlama.com\/en\/wp-json\/wp\/v2\/product_brand?post=12379"},{"taxonomy":"product_cat","embeddable":true,"href":"https:\/\/www.thietbidienlama.com\/en\/wp-json\/wp\/v2\/product_cat?post=12379"},{"taxonomy":"product_tag","embeddable":true,"href":"https:\/\/www.thietbidienlama.com\/en\/wp-json\/wp\/v2\/product_tag?post=12379"}],"curies":[{"name":"wp","href":"https:\/\/api.w.org\/{rel}","templated":true}]}}