{"id":12358,"date":"2025-07-27T10:25:54","date_gmt":"2025-07-27T03:25:54","guid":{"rendered":"https:\/\/thietbidienlama.com\/?post_type=product&#038;p=12358"},"modified":"2025-07-27T10:25:54","modified_gmt":"2025-07-27T03:25:54","slug":"den-spotlight-7w-philips-pomeron-59776","status":"publish","type":"product","link":"https:\/\/www.thietbidienlama.com\/en\/den-spotlight-7w-philips-pomeron-59776\/","title":{"rendered":"\u0110\u00e8n Spotlight 7w Philips Pomeron 59776 \u00c2m Tr\u1ea7n Chi\u1ebfu \u0110i\u1ec3m \u0110\u1ed5i G\u00f3c Linh Ho\u1ea1t"},"content":{"rendered":"<h2 style=\"text-align: center;\"><span style=\"color: #000000;\">\u0110\u00e8n Spotlight 7w Philips Pomeron 59776 \u00c2m Tr\u1ea7n Chi\u1ebfu \u0110i\u1ec3m \u0110\u1ed5i G\u00f3c Linh Ho\u1ea1t<\/span><\/h2>\n<p><span style=\"color: #000000;\"><img fetchpriority=\"high\" decoding=\"async\" class=\"alignnone size-medium wp-image-12361 aligncenter\" src=\"http:\/\/thietbidienlama.com\/wp-content\/uploads\/2025\/07\/den-spotlight-7w-chieu-diem-300x300.jpg\" alt=\"\" width=\"300\" height=\"300\" srcset=\"https:\/\/www.thietbidienlama.com\/wp-content\/uploads\/2025\/07\/den-spotlight-7w-chieu-diem-300x300.jpg 300w, https:\/\/www.thietbidienlama.com\/wp-content\/uploads\/2025\/07\/den-spotlight-7w-chieu-diem-150x150.jpg 150w, https:\/\/www.thietbidienlama.com\/wp-content\/uploads\/2025\/07\/den-spotlight-7w-chieu-diem-12x12.jpg 12w, https:\/\/www.thietbidienlama.com\/wp-content\/uploads\/2025\/07\/den-spotlight-7w-chieu-diem.jpg 500w\" sizes=\"(max-width: 300px) 100vw, 300px\" \/><\/span><\/p>\n<h3><span style=\"color: #000000;\"><strong>Th\u00f4ng s\u1ed1 k\u1ef9 thu\u1eadt<\/strong><\/span><\/h3>\n<p><span style=\"color: #000000;\">C\u00f4ng su\u1ea5t : 7W<\/span><\/p>\n<p><span style=\"color: #000000;\">Quang th\u00f4ng : 450lm<\/span><\/p>\n<p><span style=\"color: #000000;\">Nhi\u1ec7t \u0111\u1ed9 m\u00e0u : 2700K\/4000K<\/span><\/p>\n<p><span style=\"color: #000000;\">K\u00edch th\u01b0\u1edbc : D90 H80<\/span><\/p>\n<p><span style=\"color: #000000;\">L\u1ed7 c\u1eaft : D70<\/span><\/p>\n<p><span style=\"color: #000000;\">\u0110i\u1ec7n \u00e1p : 220-240V<\/span><\/p>\n<p><span style=\"color: #000000;\">Tu\u1ed5i th\u1ecd : 15.000h<\/span><\/p>\n<p style=\"text-align: center;\"><img decoding=\"async\" class=\"alignnone size-medium wp-image-12359\" src=\"http:\/\/thietbidienlama.com\/wp-content\/uploads\/2025\/07\/den-spotlight-7w-chieu-diem-anh-sang-2700k-4000k-300x300.jpg\" alt=\"\" width=\"300\" height=\"300\" srcset=\"https:\/\/www.thietbidienlama.com\/wp-content\/uploads\/2025\/07\/den-spotlight-7w-chieu-diem-anh-sang-2700k-4000k-300x300.jpg 300w, https:\/\/www.thietbidienlama.com\/wp-content\/uploads\/2025\/07\/den-spotlight-7w-chieu-diem-anh-sang-2700k-4000k-150x150.jpg 150w, https:\/\/www.thietbidienlama.com\/wp-content\/uploads\/2025\/07\/den-spotlight-7w-chieu-diem-anh-sang-2700k-4000k-12x12.jpg 12w, https:\/\/www.thietbidienlama.com\/wp-content\/uploads\/2025\/07\/den-spotlight-7w-chieu-diem-anh-sang-2700k-4000k.jpg 500w\" sizes=\"(max-width: 300px) 100vw, 300px\" \/> <img decoding=\"async\" class=\"alignnone size-medium wp-image-12360\" src=\"http:\/\/thietbidienlama.com\/wp-content\/uploads\/2025\/07\/den-spotlight-7w-chieu-diem-tich-hop-nguon-chung-300x300.jpg\" alt=\"\" width=\"300\" height=\"300\" srcset=\"https:\/\/www.thietbidienlama.com\/wp-content\/uploads\/2025\/07\/den-spotlight-7w-chieu-diem-tich-hop-nguon-chung-300x300.jpg 300w, https:\/\/www.thietbidienlama.com\/wp-content\/uploads\/2025\/07\/den-spotlight-7w-chieu-diem-tich-hop-nguon-chung-150x150.jpg 150w, https:\/\/www.thietbidienlama.com\/wp-content\/uploads\/2025\/07\/den-spotlight-7w-chieu-diem-tich-hop-nguon-chung-12x12.jpg 12w, https:\/\/www.thietbidienlama.com\/wp-content\/uploads\/2025\/07\/den-spotlight-7w-chieu-diem-tich-hop-nguon-chung.jpg 500w\" sizes=\"(max-width: 300px) 100vw, 300px\" \/><\/p>","protected":false},"excerpt":{"rendered":"<p>\u0110\u00e8n Spotlight 7w Philips Pomeron 59776 \u00c2m Tr\u1ea7n Chi\u1ebfu \u0110i\u1ec3m \u0110\u1ed5i G\u00f3c Linh Ho\u1ea1t Th\u00f4ng s\u1ed1 k\u1ef9 thu\u1eadt C\u00f4ng su\u1ea5t<\/p>","protected":false},"featured_media":12361,"comment_status":"closed","ping_status":"closed","template":"","meta":[],"product_brand":[],"product_cat":[502,862,864],"product_tag":[],"class_list":{"0":"post-12358","1":"product","2":"type-product","3":"status-publish","4":"has-post-thumbnail","6":"product_cat-den-chieu-sang","7":"product_cat-den-spotlight","8":"product_cat-den-spotlight-philips","10":"first","11":"instock","12":"shipping-taxable","13":"product-type-simple"},"_links":{"self":[{"href":"https:\/\/www.thietbidienlama.com\/en\/wp-json\/wp\/v2\/product\/12358","targetHints":{"allow":["GET"]}}],"collection":[{"href":"https:\/\/www.thietbidienlama.com\/en\/wp-json\/wp\/v2\/product"}],"about":[{"href":"https:\/\/www.thietbidienlama.com\/en\/wp-json\/wp\/v2\/types\/product"}],"replies":[{"embeddable":true,"href":"https:\/\/www.thietbidienlama.com\/en\/wp-json\/wp\/v2\/comments?post=12358"}],"version-history":[{"count":1,"href":"https:\/\/www.thietbidienlama.com\/en\/wp-json\/wp\/v2\/product\/12358\/revisions"}],"predecessor-version":[{"id":12362,"href":"https:\/\/www.thietbidienlama.com\/en\/wp-json\/wp\/v2\/product\/12358\/revisions\/12362"}],"wp:featuredmedia":[{"embeddable":true,"href":"https:\/\/www.thietbidienlama.com\/en\/wp-json\/wp\/v2\/media\/12361"}],"wp:attachment":[{"href":"https:\/\/www.thietbidienlama.com\/en\/wp-json\/wp\/v2\/media?parent=12358"}],"wp:term":[{"taxonomy":"product_brand","embeddable":true,"href":"https:\/\/www.thietbidienlama.com\/en\/wp-json\/wp\/v2\/product_brand?post=12358"},{"taxonomy":"product_cat","embeddable":true,"href":"https:\/\/www.thietbidienlama.com\/en\/wp-json\/wp\/v2\/product_cat?post=12358"},{"taxonomy":"product_tag","embeddable":true,"href":"https:\/\/www.thietbidienlama.com\/en\/wp-json\/wp\/v2\/product_tag?post=12358"}],"curies":[{"name":"wp","href":"https:\/\/api.w.org\/{rel}","templated":true}]}}