{"id":12340,"date":"2025-07-27T10:06:06","date_gmt":"2025-07-27T03:06:06","guid":{"rendered":"https:\/\/thietbidienlama.com\/?post_type=product&#038;p=12340"},"modified":"2025-07-27T10:08:29","modified_gmt":"2025-07-27T03:08:29","slug":"den-spotlight-9w-philips-am-tran-chieu-diem","status":"publish","type":"product","link":"https:\/\/www.thietbidienlama.com\/en\/den-spotlight-9w-philips-am-tran-chieu-diem\/","title":{"rendered":"\u0110\u00e8n Spotlight 9W Philips \u2013 \u00c2m Tr\u1ea7n Chi\u1ebfu \u0110i\u1ec3m \u0110\u1ed5i G\u00f3c Linh Ho\u1ea1t &#8211; SL190 RD 090"},"content":{"rendered":"<h2 style=\"text-align: center;\"><span style=\"color: #000000;\">\u0110\u00e8n Spotlight 9W Philips \u2013 \u00c2m Tr\u1ea7n Chi\u1ebfu \u0110i\u1ec3m \u0110\u1ed5i G\u00f3c Linh Ho\u1ea1t &#8211; SL190 RD 090<\/span><\/h2>\n<p><img fetchpriority=\"high\" decoding=\"async\" class=\"alignnone size-medium wp-image-12347 aligncenter\" src=\"http:\/\/thietbidienlama.com\/wp-content\/uploads\/2025\/07\/Den-Spotlight-Doi-Goc-Linh-Hoat-300x300.jpg\" alt=\"\" width=\"300\" height=\"300\" srcset=\"https:\/\/www.thietbidienlama.com\/wp-content\/uploads\/2025\/07\/Den-Spotlight-Doi-Goc-Linh-Hoat-300x300.jpg 300w, https:\/\/www.thietbidienlama.com\/wp-content\/uploads\/2025\/07\/Den-Spotlight-Doi-Goc-Linh-Hoat-150x150.jpg 150w, https:\/\/www.thietbidienlama.com\/wp-content\/uploads\/2025\/07\/Den-Spotlight-Doi-Goc-Linh-Hoat-12x12.jpg 12w, https:\/\/www.thietbidienlama.com\/wp-content\/uploads\/2025\/07\/Den-Spotlight-Doi-Goc-Linh-Hoat.jpg 500w\" sizes=\"(max-width: 300px) 100vw, 300px\" \/><\/p>\n<h3><span id=\"Dac_Diem_Ky_Thuat\" style=\"color: #000000;\">\u0110\u1eb7c \u0110i\u1ec3m K\u1ef9 Thu\u1eadt<\/span><\/h3>\n<ul>\n<li><span style=\"color: #000000;\"><strong>C\u00f4ng Su\u1ea5t:<\/strong>\u00a09W<\/span><\/li>\n<li><span style=\"color: #000000;\"><strong>L\u1ed7 kho\u00e9t Tr\u1ea7n :<\/strong>\u00a0D85- D90mm<\/span><\/li>\n<li><span style=\"color: #000000;\"><strong>Quang Th\u00f4ng:<\/strong>\u00a01200 lumen<\/span><\/li>\n<li><span style=\"color: #000000;\"><strong>G\u00f3c Chi\u1ebfu S\u00e1ng:<\/strong>\u00a036 \u0111\u1ed9<\/span><\/li>\n<li><span style=\"color: #000000;\"><strong>\u0110i\u1ec7n \u00c1p:<\/strong>\u00a0220V \u2013 240V, 50-60Hz<\/span><\/li>\n<li><span style=\"color: #000000;\"><strong>Tu\u1ed5i Th\u1ecd:<\/strong>\u00a025,000 gi\u1edd<\/span><\/li>\n<li><span style=\"color: #000000;\"><strong>Ch\u1ea5t Li\u1ec7u:<\/strong>\u00a0H\u1ee3p kim nh\u00f4m cao c\u1ea5p<\/span><\/li>\n<li><span style=\"color: #000000;\"><strong>M\u00e0u S\u1eafc \u00c1nh S\u00e1ng:<\/strong>\u00a0V\u00e0ng ( 2700K) v\u00e0 Trung t\u00ednh (4000K)<\/span><\/li>\n<li><span style=\"color: #000000;\"><strong>Ti\u00eau Chu\u1ea9n:<\/strong>\u00a0IP20 (ch\u1ed1ng b\u1ee5i)<\/span><\/li>\n<\/ul>\n<p><img decoding=\"async\" class=\"size-medium wp-image-12344 aligncenter\" src=\"http:\/\/thietbidienlama.com\/wp-content\/uploads\/2025\/07\/Den-Spotlight-9w-300x300.jpg\" alt=\"\" width=\"300\" height=\"300\" srcset=\"https:\/\/www.thietbidienlama.com\/wp-content\/uploads\/2025\/07\/Den-Spotlight-9w-300x300.jpg 300w, https:\/\/www.thietbidienlama.com\/wp-content\/uploads\/2025\/07\/Den-Spotlight-9w-150x150.jpg 150w, https:\/\/www.thietbidienlama.com\/wp-content\/uploads\/2025\/07\/Den-Spotlight-9w-12x12.jpg 12w, https:\/\/www.thietbidienlama.com\/wp-content\/uploads\/2025\/07\/Den-Spotlight-9w.jpg 500w\" sizes=\"(max-width: 300px) 100vw, 300px\" \/> <img decoding=\"async\" class=\"size-medium wp-image-12343 aligncenter\" src=\"http:\/\/thietbidienlama.com\/wp-content\/uploads\/2025\/07\/Den-Spotlight-9w-Xoay-30-Do-300x300.jpg\" alt=\"\" width=\"300\" height=\"300\" srcset=\"https:\/\/www.thietbidienlama.com\/wp-content\/uploads\/2025\/07\/Den-Spotlight-9w-Xoay-30-Do-300x300.jpg 300w, https:\/\/www.thietbidienlama.com\/wp-content\/uploads\/2025\/07\/Den-Spotlight-9w-Xoay-30-Do-150x150.jpg 150w, https:\/\/www.thietbidienlama.com\/wp-content\/uploads\/2025\/07\/Den-Spotlight-9w-Xoay-30-Do-12x12.jpg 12w, https:\/\/www.thietbidienlama.com\/wp-content\/uploads\/2025\/07\/Den-Spotlight-9w-Xoay-30-Do.jpg 500w\" sizes=\"(max-width: 300px) 100vw, 300px\" \/> <img loading=\"lazy\" decoding=\"async\" class=\"size-medium wp-image-12342 aligncenter\" src=\"http:\/\/thietbidienlama.com\/wp-content\/uploads\/2025\/07\/Den-Spotlight-9w-Goc-Chieu-Sang-36-Do-300x300.jpg\" alt=\"\" width=\"300\" height=\"300\" srcset=\"https:\/\/www.thietbidienlama.com\/wp-content\/uploads\/2025\/07\/Den-Spotlight-9w-Goc-Chieu-Sang-36-Do-300x300.jpg 300w, https:\/\/www.thietbidienlama.com\/wp-content\/uploads\/2025\/07\/Den-Spotlight-9w-Goc-Chieu-Sang-36-Do-150x150.jpg 150w, https:\/\/www.thietbidienlama.com\/wp-content\/uploads\/2025\/07\/Den-Spotlight-9w-Goc-Chieu-Sang-36-Do-12x12.jpg 12w, https:\/\/www.thietbidienlama.com\/wp-content\/uploads\/2025\/07\/Den-Spotlight-9w-Goc-Chieu-Sang-36-Do.jpg 500w\" sizes=\"(max-width: 300px) 100vw, 300px\" \/> <img loading=\"lazy\" decoding=\"async\" class=\"size-medium wp-image-12345 aligncenter\" src=\"http:\/\/thietbidienlama.com\/wp-content\/uploads\/2025\/07\/Den-Spotlight-Am-Tran-Anh-Sang-2700k-300x300.jpg\" alt=\"\" width=\"300\" height=\"300\" srcset=\"https:\/\/www.thietbidienlama.com\/wp-content\/uploads\/2025\/07\/Den-Spotlight-Am-Tran-Anh-Sang-2700k-300x300.jpg 300w, https:\/\/www.thietbidienlama.com\/wp-content\/uploads\/2025\/07\/Den-Spotlight-Am-Tran-Anh-Sang-2700k-150x150.jpg 150w, https:\/\/www.thietbidienlama.com\/wp-content\/uploads\/2025\/07\/Den-Spotlight-Am-Tran-Anh-Sang-2700k-12x12.jpg 12w, https:\/\/www.thietbidienlama.com\/wp-content\/uploads\/2025\/07\/Den-Spotlight-Am-Tran-Anh-Sang-2700k.jpg 500w\" sizes=\"(max-width: 300px) 100vw, 300px\" \/> <img loading=\"lazy\" decoding=\"async\" class=\"size-medium wp-image-12346 aligncenter\" src=\"http:\/\/thietbidienlama.com\/wp-content\/uploads\/2025\/07\/Den-Spotlight-Am-Tran-Anh-Sang-4000k-300x300.jpg\" alt=\"\" width=\"300\" height=\"300\" srcset=\"https:\/\/www.thietbidienlama.com\/wp-content\/uploads\/2025\/07\/Den-Spotlight-Am-Tran-Anh-Sang-4000k-300x300.jpg 300w, https:\/\/www.thietbidienlama.com\/wp-content\/uploads\/2025\/07\/Den-Spotlight-Am-Tran-Anh-Sang-4000k-150x150.jpg 150w, https:\/\/www.thietbidienlama.com\/wp-content\/uploads\/2025\/07\/Den-Spotlight-Am-Tran-Anh-Sang-4000k-12x12.jpg 12w, https:\/\/www.thietbidienlama.com\/wp-content\/uploads\/2025\/07\/Den-Spotlight-Am-Tran-Anh-Sang-4000k.jpg 500w\" sizes=\"(max-width: 300px) 100vw, 300px\" \/><\/p>","protected":false},"excerpt":{"rendered":"<p>\u0110\u00e8n Spotlight 9W Philips \u2013 \u00c2m Tr\u1ea7n Chi\u1ebfu \u0110i\u1ec3m \u0110\u1ed5i G\u00f3c Linh Ho\u1ea1t &#8211; SL190 RD 090 \u0110\u1eb7c \u0110i\u1ec3m K\u1ef9<\/p>","protected":false},"featured_media":12347,"comment_status":"closed","ping_status":"closed","template":"","meta":[],"product_brand":[],"product_cat":[862,864],"product_tag":[],"class_list":{"0":"post-12340","1":"product","2":"type-product","3":"status-publish","4":"has-post-thumbnail","6":"product_cat-den-spotlight","7":"product_cat-den-spotlight-philips","9":"first","10":"instock","11":"shipping-taxable","12":"product-type-simple"},"_links":{"self":[{"href":"https:\/\/www.thietbidienlama.com\/en\/wp-json\/wp\/v2\/product\/12340","targetHints":{"allow":["GET"]}}],"collection":[{"href":"https:\/\/www.thietbidienlama.com\/en\/wp-json\/wp\/v2\/product"}],"about":[{"href":"https:\/\/www.thietbidienlama.com\/en\/wp-json\/wp\/v2\/types\/product"}],"replies":[{"embeddable":true,"href":"https:\/\/www.thietbidienlama.com\/en\/wp-json\/wp\/v2\/comments?post=12340"}],"version-history":[{"count":4,"href":"https:\/\/www.thietbidienlama.com\/en\/wp-json\/wp\/v2\/product\/12340\/revisions"}],"predecessor-version":[{"id":12351,"href":"https:\/\/www.thietbidienlama.com\/en\/wp-json\/wp\/v2\/product\/12340\/revisions\/12351"}],"wp:featuredmedia":[{"embeddable":true,"href":"https:\/\/www.thietbidienlama.com\/en\/wp-json\/wp\/v2\/media\/12347"}],"wp:attachment":[{"href":"https:\/\/www.thietbidienlama.com\/en\/wp-json\/wp\/v2\/media?parent=12340"}],"wp:term":[{"taxonomy":"product_brand","embeddable":true,"href":"https:\/\/www.thietbidienlama.com\/en\/wp-json\/wp\/v2\/product_brand?post=12340"},{"taxonomy":"product_cat","embeddable":true,"href":"https:\/\/www.thietbidienlama.com\/en\/wp-json\/wp\/v2\/product_cat?post=12340"},{"taxonomy":"product_tag","embeddable":true,"href":"https:\/\/www.thietbidienlama.com\/en\/wp-json\/wp\/v2\/product_tag?post=12340"}],"curies":[{"name":"wp","href":"https:\/\/api.w.org\/{rel}","templated":true}]}}