{"id":12329,"date":"2025-07-24T14:42:52","date_gmt":"2025-07-24T07:42:52","guid":{"rendered":"https:\/\/thietbidienlama.com\/?post_type=product&#038;p=12329"},"modified":"2025-08-24T14:12:43","modified_gmt":"2025-08-24T07:12:43","slug":"cong-tac-panasonic-wmt501myh-vn-minerva","status":"publish","type":"product","link":"https:\/\/www.thietbidienlama.com\/en\/cong-tac-panasonic-wmt501myh-vn-minerva\/","title":{"rendered":"C\u00f4ng T\u1eafc Panasonic WMT501MYH-VN Minerva 1 Chi\u1ec1u M\u00e0u X\u00e1m \u00c1nh Kim"},"content":{"rendered":"<h2 style=\"text-align: center;\"><span style=\"color: #000000;\">C\u00f4ng T\u1eafc Panasonic WMT501MYH-VN Minerva 1 Chi\u1ec1u M\u00e0u X\u00e1m \u00c1nh Kim<\/span><\/h2>\n<p><img fetchpriority=\"high\" decoding=\"async\" class=\"alignnone size-medium wp-image-12333 aligncenter\" src=\"http:\/\/thietbidienlama.com\/wp-content\/uploads\/2025\/07\/Untitled-design-32-300x300.jpg\" alt=\"\" width=\"300\" height=\"300\" srcset=\"https:\/\/www.thietbidienlama.com\/wp-content\/uploads\/2025\/07\/Untitled-design-32-300x300.jpg 300w, https:\/\/www.thietbidienlama.com\/wp-content\/uploads\/2025\/07\/Untitled-design-32-150x150.jpg 150w, https:\/\/www.thietbidienlama.com\/wp-content\/uploads\/2025\/07\/Untitled-design-32-12x12.jpg 12w, https:\/\/www.thietbidienlama.com\/wp-content\/uploads\/2025\/07\/Untitled-design-32.jpg 500w\" sizes=\"(max-width: 300px) 100vw, 300px\" \/><\/p>\n<h3><span style=\"color: #000000;\"><strong>Th\u00f4ng tin c\u00f4ng t\u1eafc Panasonic\u00a0WMT501MYH d\u00f2ng Minerva<\/strong><\/span><\/h3>\n<ul>\n<li><span style=\"color: #000000;\">B\u1ed9 c\u00f4ng t\u1eafc B<\/span><\/li>\n<li><span style=\"color: #000000;\">1 chi\u1ec1u, c\u1eafm nhanh<\/span><\/li>\n<li><span style=\"color: #000000;\">\u0110i\u1ec7n th\u1ebf: 250V<\/span><\/li>\n<li><span style=\"color: #000000;\">D\u00f2ng \u0111i\u1ec7n 16A<\/span><\/li>\n<li><span style=\"color: #000000;\">M\u00e0u s\u1eafc: X\u00e1m \u00e1nh kim<\/span><\/li>\n<\/ul>","protected":false},"excerpt":{"rendered":"<p>C\u00f4ng T\u1eafc Panasonic WMT501MYH-VN Minerva 1 Chi\u1ec1u M\u00e0u X\u00e1m \u00c1nh Kim Th\u00f4ng tin c\u00f4ng t\u1eafc Panasonic\u00a0WMT501MYH d\u00f2ng Minerva B\u1ed9 c\u00f4ng<\/p>","protected":false},"featured_media":12333,"comment_status":"closed","ping_status":"closed","template":"","meta":[],"product_brand":[],"product_cat":[562,856,859],"product_tag":[],"class_list":{"0":"post-12329","1":"product","2":"type-product","3":"status-publish","4":"has-post-thumbnail","6":"product_cat-thiet-bi-dien-panasonic","7":"product_cat-cong-tac-panasonic","8":"product_cat-cong-tac-panasonic-minerva","10":"first","11":"instock","12":"sale","13":"shipping-taxable","14":"purchasable","15":"product-type-simple"},"_links":{"self":[{"href":"https:\/\/www.thietbidienlama.com\/en\/wp-json\/wp\/v2\/product\/12329","targetHints":{"allow":["GET"]}}],"collection":[{"href":"https:\/\/www.thietbidienlama.com\/en\/wp-json\/wp\/v2\/product"}],"about":[{"href":"https:\/\/www.thietbidienlama.com\/en\/wp-json\/wp\/v2\/types\/product"}],"replies":[{"embeddable":true,"href":"https:\/\/www.thietbidienlama.com\/en\/wp-json\/wp\/v2\/comments?post=12329"}],"version-history":[{"count":1,"href":"https:\/\/www.thietbidienlama.com\/en\/wp-json\/wp\/v2\/product\/12329\/revisions"}],"predecessor-version":[{"id":12334,"href":"https:\/\/www.thietbidienlama.com\/en\/wp-json\/wp\/v2\/product\/12329\/revisions\/12334"}],"wp:featuredmedia":[{"embeddable":true,"href":"https:\/\/www.thietbidienlama.com\/en\/wp-json\/wp\/v2\/media\/12333"}],"wp:attachment":[{"href":"https:\/\/www.thietbidienlama.com\/en\/wp-json\/wp\/v2\/media?parent=12329"}],"wp:term":[{"taxonomy":"product_brand","embeddable":true,"href":"https:\/\/www.thietbidienlama.com\/en\/wp-json\/wp\/v2\/product_brand?post=12329"},{"taxonomy":"product_cat","embeddable":true,"href":"https:\/\/www.thietbidienlama.com\/en\/wp-json\/wp\/v2\/product_cat?post=12329"},{"taxonomy":"product_tag","embeddable":true,"href":"https:\/\/www.thietbidienlama.com\/en\/wp-json\/wp\/v2\/product_tag?post=12329"}],"curies":[{"name":"wp","href":"https:\/\/api.w.org\/{rel}","templated":true}]}}