{"id":12305,"date":"2025-07-23T13:50:52","date_gmt":"2025-07-23T06:50:52","guid":{"rendered":"https:\/\/thietbidienlama.com\/?post_type=product&#038;p=12305"},"modified":"2025-07-23T13:52:45","modified_gmt":"2025-07-23T06:52:45","slug":"o-cam-doi-panasonic-wev1582myz-mau-vang-anh-kim","status":"publish","type":"product","link":"https:\/\/www.thietbidienlama.com\/en\/o-cam-doi-panasonic-wev1582myz-mau-vang-anh-kim\/","title":{"rendered":"\u1ed4 C\u1eafm \u0110\u00f4i Panasonic WEV1582MYZ M\u00e0u V\u00e0ng \u00c1nh Kim C\u00f3 M\u00e0n Che"},"content":{"rendered":"<h2 style=\"text-align: center;\"><span style=\"color: #000000;\">\u1ed4 C\u1eafm \u0110\u00f4i Panasonic WEV1582MYZ M\u00e0u V\u00e0ng \u00c1nh Kim C\u00f3 M\u00e0n Che<\/span><\/h2>\n<p><img fetchpriority=\"high\" decoding=\"async\" class=\"alignnone size-medium wp-image-12306 aligncenter\" src=\"http:\/\/thietbidienlama.com\/wp-content\/uploads\/2025\/07\/O-cam-doi-co-man-che-va-day-noi-dat-Panasonic-WEV1582MYZ-300x300.jpg\" alt=\"\" width=\"300\" height=\"300\" srcset=\"https:\/\/www.thietbidienlama.com\/wp-content\/uploads\/2025\/07\/O-cam-doi-co-man-che-va-day-noi-dat-Panasonic-WEV1582MYZ-300x300.jpg 300w, https:\/\/www.thietbidienlama.com\/wp-content\/uploads\/2025\/07\/O-cam-doi-co-man-che-va-day-noi-dat-Panasonic-WEV1582MYZ-150x150.jpg 150w, https:\/\/www.thietbidienlama.com\/wp-content\/uploads\/2025\/07\/O-cam-doi-co-man-che-va-day-noi-dat-Panasonic-WEV1582MYZ-12x12.jpg 12w, https:\/\/www.thietbidienlama.com\/wp-content\/uploads\/2025\/07\/O-cam-doi-co-man-che-va-day-noi-dat-Panasonic-WEV1582MYZ.jpg 500w\" sizes=\"(max-width: 300px) 100vw, 300px\" \/><\/p>\n<h3><strong>Th\u00f4ng tin \u1ed4 c\u1eafm \u0110\u00f4i Panasonic <\/strong><span style=\"color: #000000;\">WEV1582MYZ M\u00e0u V\u00e0ng \u00c1nh Kim C\u00f3 M\u00e0n Che<\/span><\/h3>\n<ul>\n<li><span style=\"color: #000000;\">D\u00f2ng s\u1ea3n ph\u1ea9m: Halumie<\/span><\/li>\n<li><span style=\"color: #000000;\">\u1ed4 c\u1eafm \u0111\u01a1n c\u00f3 m\u00e0n che<\/span><\/li>\n<li><span style=\"color: #000000;\">Ngu\u1ed3n \u0111i\u1ec7n: 250VAC \u2013\u00a016A<\/span><\/li>\n<li><span style=\"color: #000000;\">\u0110\u00f3ng g\u00f3i 10 c\u00e1i\/h\u1ed9p, 100 c\u00e1i\/th\u00f9ng<\/span><\/li>\n<li><span style=\"color: #000000;\">WEV1582MYZ : C\u1eafm nhanh<\/span><\/li>\n<li><span style=\"color: #000000;\">WEV1582-7MYZ : B\u1eaft v\u00edt<\/span><\/li>\n<\/ul>","protected":false},"excerpt":{"rendered":"<p>\u1ed4 C\u1eafm \u0110\u00f4i Panasonic WEV1582MYZ M\u00e0u V\u00e0ng \u00c1nh Kim C\u00f3 M\u00e0n Che Th\u00f4ng tin \u1ed4 c\u1eafm \u0110\u00f4i Panasonic WEV1582MYZ M\u00e0u<\/p>","protected":false},"featured_media":12306,"comment_status":"closed","ping_status":"closed","template":"","meta":[],"product_brand":[],"product_cat":[562,860],"product_tag":[],"class_list":{"0":"post-12305","1":"product","2":"type-product","3":"status-publish","4":"has-post-thumbnail","6":"product_cat-thiet-bi-dien-panasonic","7":"product_cat-o-cam-panasonic","9":"first","10":"instock","11":"sale","12":"shipping-taxable","13":"purchasable","14":"product-type-simple"},"_links":{"self":[{"href":"https:\/\/www.thietbidienlama.com\/en\/wp-json\/wp\/v2\/product\/12305","targetHints":{"allow":["GET"]}}],"collection":[{"href":"https:\/\/www.thietbidienlama.com\/en\/wp-json\/wp\/v2\/product"}],"about":[{"href":"https:\/\/www.thietbidienlama.com\/en\/wp-json\/wp\/v2\/types\/product"}],"replies":[{"embeddable":true,"href":"https:\/\/www.thietbidienlama.com\/en\/wp-json\/wp\/v2\/comments?post=12305"}],"version-history":[{"count":1,"href":"https:\/\/www.thietbidienlama.com\/en\/wp-json\/wp\/v2\/product\/12305\/revisions"}],"predecessor-version":[{"id":12307,"href":"https:\/\/www.thietbidienlama.com\/en\/wp-json\/wp\/v2\/product\/12305\/revisions\/12307"}],"wp:featuredmedia":[{"embeddable":true,"href":"https:\/\/www.thietbidienlama.com\/en\/wp-json\/wp\/v2\/media\/12306"}],"wp:attachment":[{"href":"https:\/\/www.thietbidienlama.com\/en\/wp-json\/wp\/v2\/media?parent=12305"}],"wp:term":[{"taxonomy":"product_brand","embeddable":true,"href":"https:\/\/www.thietbidienlama.com\/en\/wp-json\/wp\/v2\/product_brand?post=12305"},{"taxonomy":"product_cat","embeddable":true,"href":"https:\/\/www.thietbidienlama.com\/en\/wp-json\/wp\/v2\/product_cat?post=12305"},{"taxonomy":"product_tag","embeddable":true,"href":"https:\/\/www.thietbidienlama.com\/en\/wp-json\/wp\/v2\/product_tag?post=12305"}],"curies":[{"name":"wp","href":"https:\/\/api.w.org\/{rel}","templated":true}]}}