{"id":12211,"date":"2025-07-06T09:23:44","date_gmt":"2025-07-06T02:23:44","guid":{"rendered":"https:\/\/thietbidienlama.com\/?post_type=product&#038;p=12211"},"modified":"2025-07-06T09:23:44","modified_gmt":"2025-07-06T02:23:44","slug":"den-ray-nam-cham-tan-quang-12w-euroto-rnc-11","status":"publish","type":"product","link":"https:\/\/www.thietbidienlama.com\/en\/den-ray-nam-cham-tan-quang-12w-euroto-rnc-11\/","title":{"rendered":"\u0110\u00e8n Ray Nam Ch\u00e2m T\u00e1n Quang 12W Euroto \u2013 RNC-11"},"content":{"rendered":"<h2 style=\"text-align: center;\"><span style=\"color: #000000;\">\u0110\u00e8n Ray Nam Ch\u00e2m T\u00e1n Quang 12W Euroto \u2013 RNC-11<\/span><\/h2>\n<p style=\"text-align: center;\"><img fetchpriority=\"high\" decoding=\"async\" class=\"alignnone size-medium wp-image-12212\" src=\"http:\/\/thietbidienlama.com\/wp-content\/uploads\/2025\/07\/Den-Ray-Nam-Cham-Tan-Quang-12W-Goc-Chieu-Co-Dinh-24-Do-Euroto-300x300.jpg\" alt=\"\" width=\"300\" height=\"300\" srcset=\"https:\/\/www.thietbidienlama.com\/wp-content\/uploads\/2025\/07\/Den-Ray-Nam-Cham-Tan-Quang-12W-Goc-Chieu-Co-Dinh-24-Do-Euroto-300x300.jpg 300w, https:\/\/www.thietbidienlama.com\/wp-content\/uploads\/2025\/07\/Den-Ray-Nam-Cham-Tan-Quang-12W-Goc-Chieu-Co-Dinh-24-Do-Euroto-150x150.jpg 150w, https:\/\/www.thietbidienlama.com\/wp-content\/uploads\/2025\/07\/Den-Ray-Nam-Cham-Tan-Quang-12W-Goc-Chieu-Co-Dinh-24-Do-Euroto-12x12.jpg 12w, https:\/\/www.thietbidienlama.com\/wp-content\/uploads\/2025\/07\/Den-Ray-Nam-Cham-Tan-Quang-12W-Goc-Chieu-Co-Dinh-24-Do-Euroto.jpg 600w\" sizes=\"(max-width: 300px) 100vw, 300px\" \/><\/p>\n<h3><strong><span style=\"color: #000000;\">Th\u00f4ng s\u1ed1 k\u1ef9 thu\u1eadt:<\/span><\/strong><\/h3>\n<p><span style=\"color: #000000;\">\u00c1nh s\u00e1ng \u0111\u01a1n m\u00e0u:<\/span><\/p>\n<p><span style=\"color: #000000;\">\u00c1nh s\u00e1ng tr\u1eafng<\/span><\/p>\n<p><span style=\"color: #000000;\">\u00c1nh s\u00e1ng v\u00e0ng<\/span><\/p>\n<p><span style=\"color: #000000;\">K\u00edch th\u01b0\u1edbc \u0111\u00e8n: L305 x W23 x H43 mm<\/span><\/p>\n<p><span style=\"color: #000000;\">Th\u00f4ng s\u1ed1 k\u1ef9 thu\u1eadt:<\/span><\/p>\n<p><span style=\"color: #000000;\">Chip led: Osram Germany<\/span><\/p>\n<p><span style=\"color: #000000;\">Power: COB 6W \u2013 40W<\/span><\/p>\n<p><span style=\"color: #000000;\">Lumen: 90\/W<\/span><\/p>\n<p><span style=\"color: #000000;\">G\u00f3c chi\u1ebfu: 120\u00ba<\/span><\/p>\n<p><span style=\"color: #000000;\">Ch\u1ec9 s\u1ed1 ho\u00e0n m\u00e0u: CRI \u2013 RA \u2265 90<\/span><\/p>\n<p><span style=\"color: #000000;\">Ch\u1ea5t li\u1ec7u: Nh\u00f4m + ABS<\/span><\/p>\n<p><span style=\"color: #000000;\">Driver DC 48V<\/span><\/p>\n<p><span style=\"color: #000000;\">Tu\u1ed5i th\u1ecd: 40.000h<\/span><\/p>\n<p><span style=\"color: #000000;\">IP 20: D\u00f9ng trong nh\u00e0 tr\u00e1nh n\u01a1i \u1ea9m \u01b0\u1edbt<\/span><\/p>\n<p><img decoding=\"async\" class=\"alignnone size-medium wp-image-12213 aligncenter\" src=\"http:\/\/thietbidienlama.com\/wp-content\/uploads\/2025\/07\/Den-Ray-Nam-Cham-Tan-Quang-12W-300x111.jpg\" alt=\"\" width=\"300\" height=\"111\" srcset=\"https:\/\/www.thietbidienlama.com\/wp-content\/uploads\/2025\/07\/Den-Ray-Nam-Cham-Tan-Quang-12W-300x111.jpg 300w, https:\/\/www.thietbidienlama.com\/wp-content\/uploads\/2025\/07\/Den-Ray-Nam-Cham-Tan-Quang-12W-18x7.jpg 18w, https:\/\/www.thietbidienlama.com\/wp-content\/uploads\/2025\/07\/Den-Ray-Nam-Cham-Tan-Quang-12W-150x56.jpg 150w, https:\/\/www.thietbidienlama.com\/wp-content\/uploads\/2025\/07\/Den-Ray-Nam-Cham-Tan-Quang-12W.jpg 416w\" sizes=\"(max-width: 300px) 100vw, 300px\" \/><\/p>","protected":false},"excerpt":{"rendered":"<p>\u0110\u00e8n Ray Nam Ch\u00e2m T\u00e1n Quang 12W Euroto \u2013 RNC-11 Th\u00f4ng s\u1ed1 k\u1ef9 thu\u1eadt: \u00c1nh s\u00e1ng \u0111\u01a1n m\u00e0u: \u00c1nh s\u00e1ng<\/p>","protected":false},"featured_media":12212,"comment_status":"closed","ping_status":"closed","template":"","meta":[],"product_brand":[],"product_cat":[854,855],"product_tag":[],"class_list":{"0":"post-12211","1":"product","2":"type-product","3":"status-publish","4":"has-post-thumbnail","6":"product_cat-den-ray-nam-cham","7":"product_cat-den-ray-nam-cham-euroto","9":"first","10":"instock","11":"sale","12":"shipping-taxable","13":"purchasable","14":"product-type-simple"},"_links":{"self":[{"href":"https:\/\/www.thietbidienlama.com\/en\/wp-json\/wp\/v2\/product\/12211","targetHints":{"allow":["GET"]}}],"collection":[{"href":"https:\/\/www.thietbidienlama.com\/en\/wp-json\/wp\/v2\/product"}],"about":[{"href":"https:\/\/www.thietbidienlama.com\/en\/wp-json\/wp\/v2\/types\/product"}],"replies":[{"embeddable":true,"href":"https:\/\/www.thietbidienlama.com\/en\/wp-json\/wp\/v2\/comments?post=12211"}],"version-history":[{"count":2,"href":"https:\/\/www.thietbidienlama.com\/en\/wp-json\/wp\/v2\/product\/12211\/revisions"}],"predecessor-version":[{"id":12230,"href":"https:\/\/www.thietbidienlama.com\/en\/wp-json\/wp\/v2\/product\/12211\/revisions\/12230"}],"wp:featuredmedia":[{"embeddable":true,"href":"https:\/\/www.thietbidienlama.com\/en\/wp-json\/wp\/v2\/media\/12212"}],"wp:attachment":[{"href":"https:\/\/www.thietbidienlama.com\/en\/wp-json\/wp\/v2\/media?parent=12211"}],"wp:term":[{"taxonomy":"product_brand","embeddable":true,"href":"https:\/\/www.thietbidienlama.com\/en\/wp-json\/wp\/v2\/product_brand?post=12211"},{"taxonomy":"product_cat","embeddable":true,"href":"https:\/\/www.thietbidienlama.com\/en\/wp-json\/wp\/v2\/product_cat?post=12211"},{"taxonomy":"product_tag","embeddable":true,"href":"https:\/\/www.thietbidienlama.com\/en\/wp-json\/wp\/v2\/product_tag?post=12211"}],"curies":[{"name":"wp","href":"https:\/\/api.w.org\/{rel}","templated":true}]}}