{"id":12180,"date":"2025-06-24T11:25:14","date_gmt":"2025-06-24T04:25:14","guid":{"rendered":"https:\/\/thietbidienlama.com\/?post_type=product&#038;p=12180"},"modified":"2025-06-24T12:02:00","modified_gmt":"2025-06-24T05:02:00","slug":"den-ray-nam-cham-spotlight-6w-goc-chieu-co-dinh-24-do","status":"publish","type":"product","link":"https:\/\/www.thietbidienlama.com\/en\/den-ray-nam-cham-spotlight-6w-goc-chieu-co-dinh-24-do\/","title":{"rendered":"\u0110\u00e8n Ray Nam Ch\u00e2m Spotlight 6W G\u00f3c Chi\u1ebfu C\u1ed1 \u0110\u1ecbnh 24 \u0110\u1ed9 Euroto &#8211; RNC-01"},"content":{"rendered":"<h2 style=\"text-align: center;\">\u0110\u00e8n Ray Nam Ch\u00e2m Spotlight 6W G\u00f3c Chi\u1ebfu C\u1ed1 \u0110\u1ecbnh 24 \u0110\u1ed9 Euroto &#8211; RNC-01<\/h2>\n<p><img fetchpriority=\"high\" decoding=\"async\" class=\"alignnone size-medium wp-image-12184 aligncenter\" src=\"http:\/\/thietbidienlama.com\/wp-content\/uploads\/2025\/06\/Den-Ray-Nam-Cham-Spotlight-6W-Euroto-300x300.jpg\" alt=\"\" width=\"300\" height=\"300\" srcset=\"https:\/\/www.thietbidienlama.com\/wp-content\/uploads\/2025\/06\/Den-Ray-Nam-Cham-Spotlight-6W-Euroto-300x300.jpg 300w, https:\/\/www.thietbidienlama.com\/wp-content\/uploads\/2025\/06\/Den-Ray-Nam-Cham-Spotlight-6W-Euroto-150x150.jpg 150w, https:\/\/www.thietbidienlama.com\/wp-content\/uploads\/2025\/06\/Den-Ray-Nam-Cham-Spotlight-6W-Euroto-12x12.jpg 12w, https:\/\/www.thietbidienlama.com\/wp-content\/uploads\/2025\/06\/Den-Ray-Nam-Cham-Spotlight-6W-Euroto.jpg 500w\" sizes=\"(max-width: 300px) 100vw, 300px\" \/><\/p>\n<h3><span style=\"color: #000000;\">Th\u00f4ng s\u1ed1 k\u1ef9 thu\u1eadt:<\/span><\/h3>\n<p><span style=\"color: #000000;\">Chip led: Osram Germany<\/span><\/p>\n<p><span style=\"color: #000000;\">Power: COB 6W \u2013 40W<\/span><\/p>\n<p><span style=\"color: #000000;\">Lumen: 90\/W<\/span><\/p>\n<p><span style=\"color: #000000;\">G\u00f3c chi\u1ebfu: 24\u00ba<\/span><\/p>\n<p><span style=\"color: #000000;\">Ch\u1ec9 s\u1ed1 ho\u00e0n m\u00e0u: CRI \u2013 RA \u2265 90<\/span><\/p>\n<p><span style=\"color: #000000;\">Ch\u1ea5t li\u1ec7u: Nh\u00f4m + ABS<\/span><\/p>\n<p><span style=\"color: #000000;\">Driver DC 48V<\/span><\/p>\n<p><span style=\"color: #000000;\">Tu\u1ed5i th\u1ecd: 40.000h<\/span><\/p>\n<p><span style=\"color: #000000;\">IP 20: D\u00f9ng trong nh\u00e0 tr\u00e1nh n\u01a1i \u1ea9m \u01b0\u1edbt<\/span><\/p>\n<p><span style=\"color: #000000;\">&#8211; \u00c1nh s\u00e1ng \u0111\u01a1n m\u00e0u:<\/span><\/p>\n<ul>\n<li><span style=\"color: #000000;\">\u00c1nh s\u00e1ng tr\u1eafng<\/span><\/li>\n<li><span style=\"color: #000000;\">\u00c1nh s\u00e1ng v\u00e0ng<\/span><\/li>\n<\/ul>\n<p style=\"text-align: center;\"><img decoding=\"async\" class=\"alignnone size-full wp-image-12181\" src=\"http:\/\/thietbidienlama.com\/wp-content\/uploads\/2025\/06\/Den-Ray-Nam-Cham-Spotlight-6W-Euroto-Anh-Sang-Trung-Tinh.jpg\" alt=\"\" width=\"300\" height=\"300\" srcset=\"https:\/\/www.thietbidienlama.com\/wp-content\/uploads\/2025\/06\/Den-Ray-Nam-Cham-Spotlight-6W-Euroto-Anh-Sang-Trung-Tinh.jpg 300w, https:\/\/www.thietbidienlama.com\/wp-content\/uploads\/2025\/06\/Den-Ray-Nam-Cham-Spotlight-6W-Euroto-Anh-Sang-Trung-Tinh-150x150.jpg 150w, https:\/\/www.thietbidienlama.com\/wp-content\/uploads\/2025\/06\/Den-Ray-Nam-Cham-Spotlight-6W-Euroto-Anh-Sang-Trung-Tinh-12x12.jpg 12w\" sizes=\"(max-width: 300px) 100vw, 300px\" \/><\/p>\n<p><span style=\"color: #000000;\">&#8211; Chuy\u1ec3n 48V<\/span><\/p>\n<p><img decoding=\"async\" class=\"alignnone size-medium wp-image-12182 aligncenter\" src=\"http:\/\/thietbidienlama.com\/wp-content\/uploads\/2025\/06\/Den-Ray-Nam-Cham-Spotlight-6W-Euroto-Co-Khoa-An-Toan-300x300.jpg\" alt=\"\" width=\"300\" height=\"300\" srcset=\"https:\/\/www.thietbidienlama.com\/wp-content\/uploads\/2025\/06\/Den-Ray-Nam-Cham-Spotlight-6W-Euroto-Co-Khoa-An-Toan-300x300.jpg 300w, https:\/\/www.thietbidienlama.com\/wp-content\/uploads\/2025\/06\/Den-Ray-Nam-Cham-Spotlight-6W-Euroto-Co-Khoa-An-Toan-150x150.jpg 150w, https:\/\/www.thietbidienlama.com\/wp-content\/uploads\/2025\/06\/Den-Ray-Nam-Cham-Spotlight-6W-Euroto-Co-Khoa-An-Toan-12x12.jpg 12w, https:\/\/www.thietbidienlama.com\/wp-content\/uploads\/2025\/06\/Den-Ray-Nam-Cham-Spotlight-6W-Euroto-Co-Khoa-An-Toan.jpg 541w\" sizes=\"(max-width: 300px) 100vw, 300px\" \/><\/p>\n<p><span style=\"color: #000000;\">&#8211; C\u00f4ng Su\u1ea5t 1W x 6<\/span><\/p>\n<p><img loading=\"lazy\" decoding=\"async\" class=\"alignnone size-medium wp-image-12183 aligncenter\" src=\"http:\/\/thietbidienlama.com\/wp-content\/uploads\/2025\/06\/Den-Ray-Nam-Cham-Spotlight-6W-Euroto-Goc-Chieu-24-Do-300x300.jpg\" alt=\"\" width=\"300\" height=\"300\" srcset=\"https:\/\/www.thietbidienlama.com\/wp-content\/uploads\/2025\/06\/Den-Ray-Nam-Cham-Spotlight-6W-Euroto-Goc-Chieu-24-Do-300x300.jpg 300w, https:\/\/www.thietbidienlama.com\/wp-content\/uploads\/2025\/06\/Den-Ray-Nam-Cham-Spotlight-6W-Euroto-Goc-Chieu-24-Do-150x150.jpg 150w, https:\/\/www.thietbidienlama.com\/wp-content\/uploads\/2025\/06\/Den-Ray-Nam-Cham-Spotlight-6W-Euroto-Goc-Chieu-24-Do-12x12.jpg 12w, https:\/\/www.thietbidienlama.com\/wp-content\/uploads\/2025\/06\/Den-Ray-Nam-Cham-Spotlight-6W-Euroto-Goc-Chieu-24-Do.jpg 309w\" sizes=\"(max-width: 300px) 100vw, 300px\" \/><\/p>\n<p><span style=\"color: #000000;\">K\u00edch th\u01b0\u1edbc \u0111\u00e8n: L115 x W23 x H43 mm<\/span><\/p>\n<p><img loading=\"lazy\" decoding=\"async\" class=\"alignnone size-medium wp-image-12185 aligncenter\" src=\"http:\/\/thietbidienlama.com\/wp-content\/uploads\/2025\/06\/Den-Ray-Nam-Cham-Spotlight-Co-Dinh-6W-Euroto-300x300.jpg\" alt=\"\" width=\"300\" height=\"300\" srcset=\"https:\/\/www.thietbidienlama.com\/wp-content\/uploads\/2025\/06\/Den-Ray-Nam-Cham-Spotlight-Co-Dinh-6W-Euroto-300x300.jpg 300w, https:\/\/www.thietbidienlama.com\/wp-content\/uploads\/2025\/06\/Den-Ray-Nam-Cham-Spotlight-Co-Dinh-6W-Euroto-150x150.jpg 150w, https:\/\/www.thietbidienlama.com\/wp-content\/uploads\/2025\/06\/Den-Ray-Nam-Cham-Spotlight-Co-Dinh-6W-Euroto-12x12.jpg 12w, https:\/\/www.thietbidienlama.com\/wp-content\/uploads\/2025\/06\/Den-Ray-Nam-Cham-Spotlight-Co-Dinh-6W-Euroto.jpg 490w\" sizes=\"(max-width: 300px) 100vw, 300px\" \/><\/p>","protected":false},"excerpt":{"rendered":"<p>\u0110\u00e8n Ray Nam Ch\u00e2m Spotlight 6W G\u00f3c Chi\u1ebfu C\u1ed1 \u0110\u1ecbnh 24 \u0110\u1ed9 Euroto &#8211; RNC-01 Th\u00f4ng s\u1ed1 k\u1ef9 thu\u1eadt: Chip<\/p>","protected":false},"featured_media":12184,"comment_status":"closed","ping_status":"closed","template":"","meta":[],"product_brand":[],"product_cat":[854,855],"product_tag":[],"class_list":{"0":"post-12180","1":"product","2":"type-product","3":"status-publish","4":"has-post-thumbnail","6":"product_cat-den-ray-nam-cham","7":"product_cat-den-ray-nam-cham-euroto","9":"first","10":"instock","11":"sale","12":"shipping-taxable","13":"purchasable","14":"product-type-simple"},"_links":{"self":[{"href":"https:\/\/www.thietbidienlama.com\/en\/wp-json\/wp\/v2\/product\/12180","targetHints":{"allow":["GET"]}}],"collection":[{"href":"https:\/\/www.thietbidienlama.com\/en\/wp-json\/wp\/v2\/product"}],"about":[{"href":"https:\/\/www.thietbidienlama.com\/en\/wp-json\/wp\/v2\/types\/product"}],"replies":[{"embeddable":true,"href":"https:\/\/www.thietbidienlama.com\/en\/wp-json\/wp\/v2\/comments?post=12180"}],"version-history":[{"count":5,"href":"https:\/\/www.thietbidienlama.com\/en\/wp-json\/wp\/v2\/product\/12180\/revisions"}],"predecessor-version":[{"id":12200,"href":"https:\/\/www.thietbidienlama.com\/en\/wp-json\/wp\/v2\/product\/12180\/revisions\/12200"}],"wp:featuredmedia":[{"embeddable":true,"href":"https:\/\/www.thietbidienlama.com\/en\/wp-json\/wp\/v2\/media\/12184"}],"wp:attachment":[{"href":"https:\/\/www.thietbidienlama.com\/en\/wp-json\/wp\/v2\/media?parent=12180"}],"wp:term":[{"taxonomy":"product_brand","embeddable":true,"href":"https:\/\/www.thietbidienlama.com\/en\/wp-json\/wp\/v2\/product_brand?post=12180"},{"taxonomy":"product_cat","embeddable":true,"href":"https:\/\/www.thietbidienlama.com\/en\/wp-json\/wp\/v2\/product_cat?post=12180"},{"taxonomy":"product_tag","embeddable":true,"href":"https:\/\/www.thietbidienlama.com\/en\/wp-json\/wp\/v2\/product_tag?post=12180"}],"curies":[{"name":"wp","href":"https:\/\/api.w.org\/{rel}","templated":true}]}}