{"id":12166,"date":"2025-06-24T10:41:52","date_gmt":"2025-06-24T03:41:52","guid":{"rendered":"https:\/\/thietbidienlama.com\/?post_type=product&#038;p=12166"},"modified":"2025-06-24T10:51:08","modified_gmt":"2025-06-24T03:51:08","slug":"nguon-led-ray-am-tran-nam-cham-mau-c-euroto-100w-220v","status":"publish","type":"product","link":"https:\/\/www.thietbidienlama.com\/en\/nguon-led-ray-am-tran-nam-cham-mau-c-euroto-100w-220v\/","title":{"rendered":"Ngu\u1ed3n Led Ray \u00c2m Tr\u1ea7n Nam Ch\u00e2m M\u1eabu C Euroto 100W &#8211; 220V"},"content":{"rendered":"<h2><span style=\"color: #000000;\"><strong>Ngu\u1ed3n Led Ray \u00c2m Tr\u1ea7n Nam Ch\u00e2m M\u1eabu C Euroto 100W &#8211; 220V<\/strong><\/span><\/h2>\n<p><span style=\"color: #000000;\"><strong>Chuy\u1ec3n DC48V<\/strong><\/span><\/p>\n<p><span style=\"color: #000000;\">K\u00edch th\u01b0\u1edbc: L310 x W22 x H44 mm<\/span><\/p>\n<p><span style=\"color: #000000;\">Khuy\u1ebfn c\u00e1o: Ngu\u1ed3n Driver ch\u1ec9 n\u00ean s\u1eed d\u1ee5ng 90% \u2192 95% c\u00f4ng su\u1ea5t t\u1ea3i \u0111\u00e8n, \u0111\u1ec3 ngu\u1ed3n c\u00f3 tu\u1ed5i th\u1ecd b\u1ec1n h\u01a1n.<\/span><\/p>\n<p><img fetchpriority=\"high\" decoding=\"async\" class=\"alignnone size-medium wp-image-12168 aligncenter\" src=\"http:\/\/thietbidienlama.com\/wp-content\/uploads\/2025\/06\/Nguon-Led-Ray-Am-Tran-Mau-C-Euroto-300x258.jpg\" alt=\"\" width=\"300\" height=\"258\" srcset=\"https:\/\/www.thietbidienlama.com\/wp-content\/uploads\/2025\/06\/Nguon-Led-Ray-Am-Tran-Mau-C-Euroto-300x258.jpg 300w, https:\/\/www.thietbidienlama.com\/wp-content\/uploads\/2025\/06\/Nguon-Led-Ray-Am-Tran-Mau-C-Euroto-14x12.jpg 14w, https:\/\/www.thietbidienlama.com\/wp-content\/uploads\/2025\/06\/Nguon-Led-Ray-Am-Tran-Mau-C-Euroto-150x129.jpg 150w, https:\/\/www.thietbidienlama.com\/wp-content\/uploads\/2025\/06\/Nguon-Led-Ray-Am-Tran-Mau-C-Euroto.jpg 412w\" sizes=\"(max-width: 300px) 100vw, 300px\" \/><img decoding=\"async\" class=\"alignnone size-medium wp-image-12167 aligncenter\" src=\"http:\/\/thietbidienlama.com\/wp-content\/uploads\/2025\/06\/Nguon-Led-Ray-Am-Tran-Mau-C-Euroto-100W-220V-300x300.jpg\" alt=\"\" width=\"300\" height=\"300\" srcset=\"https:\/\/www.thietbidienlama.com\/wp-content\/uploads\/2025\/06\/Nguon-Led-Ray-Am-Tran-Mau-C-Euroto-100W-220V-300x300.jpg 300w, https:\/\/www.thietbidienlama.com\/wp-content\/uploads\/2025\/06\/Nguon-Led-Ray-Am-Tran-Mau-C-Euroto-100W-220V-150x150.jpg 150w, https:\/\/www.thietbidienlama.com\/wp-content\/uploads\/2025\/06\/Nguon-Led-Ray-Am-Tran-Mau-C-Euroto-100W-220V-12x12.jpg 12w, https:\/\/www.thietbidienlama.com\/wp-content\/uploads\/2025\/06\/Nguon-Led-Ray-Am-Tran-Mau-C-Euroto-100W-220V.jpg 500w\" sizes=\"(max-width: 300px) 100vw, 300px\" \/><\/p>","protected":false},"excerpt":{"rendered":"<p>Ngu\u1ed3n Led Ray \u00c2m Tr\u1ea7n Nam Ch\u00e2m M\u1eabu C Euroto 100W &#8211; 220V Chuy\u1ec3n DC48V K\u00edch th\u01b0\u1edbc: L310 x W22<\/p>","protected":false},"featured_media":12167,"comment_status":"closed","ping_status":"closed","template":"","meta":[],"product_brand":[],"product_cat":[854,855],"product_tag":[],"class_list":{"0":"post-12166","1":"product","2":"type-product","3":"status-publish","4":"has-post-thumbnail","6":"product_cat-den-ray-nam-cham","7":"product_cat-den-ray-nam-cham-euroto","9":"first","10":"instock","11":"sale","12":"shipping-taxable","13":"purchasable","14":"product-type-simple"},"_links":{"self":[{"href":"https:\/\/www.thietbidienlama.com\/en\/wp-json\/wp\/v2\/product\/12166","targetHints":{"allow":["GET"]}}],"collection":[{"href":"https:\/\/www.thietbidienlama.com\/en\/wp-json\/wp\/v2\/product"}],"about":[{"href":"https:\/\/www.thietbidienlama.com\/en\/wp-json\/wp\/v2\/types\/product"}],"replies":[{"embeddable":true,"href":"https:\/\/www.thietbidienlama.com\/en\/wp-json\/wp\/v2\/comments?post=12166"}],"version-history":[{"count":2,"href":"https:\/\/www.thietbidienlama.com\/en\/wp-json\/wp\/v2\/product\/12166\/revisions"}],"predecessor-version":[{"id":12177,"href":"https:\/\/www.thietbidienlama.com\/en\/wp-json\/wp\/v2\/product\/12166\/revisions\/12177"}],"wp:featuredmedia":[{"embeddable":true,"href":"https:\/\/www.thietbidienlama.com\/en\/wp-json\/wp\/v2\/media\/12167"}],"wp:attachment":[{"href":"https:\/\/www.thietbidienlama.com\/en\/wp-json\/wp\/v2\/media?parent=12166"}],"wp:term":[{"taxonomy":"product_brand","embeddable":true,"href":"https:\/\/www.thietbidienlama.com\/en\/wp-json\/wp\/v2\/product_brand?post=12166"},{"taxonomy":"product_cat","embeddable":true,"href":"https:\/\/www.thietbidienlama.com\/en\/wp-json\/wp\/v2\/product_cat?post=12166"},{"taxonomy":"product_tag","embeddable":true,"href":"https:\/\/www.thietbidienlama.com\/en\/wp-json\/wp\/v2\/product_tag?post=12166"}],"curies":[{"name":"wp","href":"https:\/\/api.w.org\/{rel}","templated":true}]}}