{"id":12124,"date":"2025-06-17T08:47:09","date_gmt":"2025-06-17T01:47:09","guid":{"rendered":"https:\/\/thietbidienlama.com\/?post_type=product&#038;p=12124"},"modified":"2025-07-22T15:45:34","modified_gmt":"2025-07-22T08:45:34","slug":"o-cam-data-cat5-panasonic-wev2488h-cat5","status":"publish","type":"product","link":"https:\/\/www.thietbidienlama.com\/en\/o-cam-data-cat5-panasonic-wev2488h-cat5\/","title":{"rendered":"\u1ed4 C\u1eafm Data CAT5 Panasonic WEV2488H-CAT5 D\u00f2ng Wide M\u00e0u \u0110en"},"content":{"rendered":"<h2><span style=\"color: #000000;\"><strong>Th\u00f4ng tin \u1ed4 C\u1eafm Data CAT5 Panasonic WEV2488H-CAT5 D\u00f2ng Wide M\u00e0u \u0110en<\/strong><\/span><\/h2>\n<ul>\n<li><span style=\"color: #000000;\">D\u00f2ng s\u1ea3n ph\u1ea9m: Wide<\/span><\/li>\n<li><span style=\"color: #000000;\">\u1ed4 c\u1eafm data CAT5<\/span><\/li>\n<li><span style=\"color: #000000;\">\u0110\u00f3ng g\u00f3i 10 c\u00e1i\/h\u1ed9p, 50 c\u00e1i\/th\u00f9ng<\/span><\/li>\n<\/ul>","protected":false},"excerpt":{"rendered":"<p>Th\u00f4ng tin \u1ed4 C\u1eafm Data CAT5 Panasonic WEV2488H-CAT5 D\u00f2ng Wide M\u00e0u \u0110en D\u00f2ng s\u1ea3n ph\u1ea9m: Wide \u1ed4 c\u1eafm data CAT5<\/p>","protected":false},"featured_media":12125,"comment_status":"closed","ping_status":"closed","template":"","meta":[],"product_brand":[],"product_cat":[562,836,860,804],"product_tag":[],"class_list":{"0":"post-12124","1":"product","2":"type-product","3":"status-publish","4":"has-post-thumbnail","6":"product_cat-thiet-bi-dien-panasonic","7":"product_cat-cong-tac-o-cam-wide","8":"product_cat-o-cam-panasonic","9":"product_cat-cong-tac-o-cam-panasonic","11":"first","12":"instock","13":"sale","14":"shipping-taxable","15":"purchasable","16":"product-type-simple"},"_links":{"self":[{"href":"https:\/\/www.thietbidienlama.com\/en\/wp-json\/wp\/v2\/product\/12124","targetHints":{"allow":["GET"]}}],"collection":[{"href":"https:\/\/www.thietbidienlama.com\/en\/wp-json\/wp\/v2\/product"}],"about":[{"href":"https:\/\/www.thietbidienlama.com\/en\/wp-json\/wp\/v2\/types\/product"}],"replies":[{"embeddable":true,"href":"https:\/\/www.thietbidienlama.com\/en\/wp-json\/wp\/v2\/comments?post=12124"}],"version-history":[{"count":1,"href":"https:\/\/www.thietbidienlama.com\/en\/wp-json\/wp\/v2\/product\/12124\/revisions"}],"predecessor-version":[{"id":12126,"href":"https:\/\/www.thietbidienlama.com\/en\/wp-json\/wp\/v2\/product\/12124\/revisions\/12126"}],"wp:featuredmedia":[{"embeddable":true,"href":"https:\/\/www.thietbidienlama.com\/en\/wp-json\/wp\/v2\/media\/12125"}],"wp:attachment":[{"href":"https:\/\/www.thietbidienlama.com\/en\/wp-json\/wp\/v2\/media?parent=12124"}],"wp:term":[{"taxonomy":"product_brand","embeddable":true,"href":"https:\/\/www.thietbidienlama.com\/en\/wp-json\/wp\/v2\/product_brand?post=12124"},{"taxonomy":"product_cat","embeddable":true,"href":"https:\/\/www.thietbidienlama.com\/en\/wp-json\/wp\/v2\/product_cat?post=12124"},{"taxonomy":"product_tag","embeddable":true,"href":"https:\/\/www.thietbidienlama.com\/en\/wp-json\/wp\/v2\/product_tag?post=12124"}],"curies":[{"name":"wp","href":"https:\/\/api.w.org\/{rel}","templated":true}]}}