{"id":12107,"date":"2025-05-16T13:48:04","date_gmt":"2025-05-16T06:48:04","guid":{"rendered":"https:\/\/thietbidienlama.com\/?post_type=product&#038;p=12107"},"modified":"2025-10-30T11:35:47","modified_gmt":"2025-10-30T04:35:47","slug":"cb-tep-panasonic-32a-dong-ngat-06ka-bbd1321cnv","status":"publish","type":"product","link":"https:\/\/www.thietbidienlama.com\/en\/cb-tep-panasonic-32a-dong-ngat-06ka-bbd1321cnv\/","title":{"rendered":"Cb T\u00e9p Panasonic 32A D\u00f2ng Ng\u1eaft 06kA BBD1321CNV"},"content":{"rendered":"<h2 style=\"text-align: center;\"><span style=\"font-size: 18pt; color: #000000;\">Cb T\u00e9p Panasonic 32A D\u00f2ng Ng\u1eaft 06kA BBD1321CNV<\/span><\/h2>\n<h5 id=\"tab-title-specification\" class=\"specification_tab\" role=\"tab\" aria-controls=\"tab-specification\">Th\u00f4ng s\u1ed1 k\u1ef9 thu\u1eadt<\/h5>\n<table class=\"woocommerce-product-attributes shop_attributes\" aria-label=\"Chi ti\u1ebft s\u1ea3n ph\u1ea9m\">\n<tbody>\n<tr class=\"woocommerce-product-attributes-item woocommerce-product-attributes-item--attribute_pa_thuong-hieu\">\n<th class=\"woocommerce-product-attributes-item__label\" scope=\"row\">Th\u01b0\u01a1ng hi\u1ec7u<\/th>\n<td class=\"woocommerce-product-attributes-item__value\">Panasonic<\/td>\n<\/tr>\n<tr class=\"woocommerce-product-attributes-item woocommerce-product-attributes-item--attribute_pa_ma-san-pham\">\n<th class=\"woocommerce-product-attributes-item__label\" scope=\"row\">M\u00e3 s\u1ea3n ph\u1ea9m<\/th>\n<td class=\"woocommerce-product-attributes-item__value\"><span style=\"color: #ff6600;\"><strong><a style=\"color: #ff6600;\" href=\"https:\/\/thietbidienlama.com\/cb-tep-panasonic-32a-dong-ngat-06ka-bbd1321cnv\/\">Cb T\u00e9p Panasonic 32A<\/a><\/strong><\/span> BBD1321CNV<\/td>\n<\/tr>\n<tr class=\"woocommerce-product-attributes-item woocommerce-product-attributes-item--attribute_pa_loai\">\n<th class=\"woocommerce-product-attributes-item__label\" scope=\"row\">Lo\u1ea1i<\/th>\n<td class=\"woocommerce-product-attributes-item__value\">Aptomat Panasonic,\u00a0C\u1ea7u dao Panasonic,\u00a0CB Panasonic,\u00a0CB T\u00e9p<\/td>\n<\/tr>\n<tr class=\"woocommerce-product-attributes-item woocommerce-product-attributes-item--attribute_pa_so-pha\">\n<th class=\"woocommerce-product-attributes-item__label\" scope=\"row\">S\u1ed1 pha<\/th>\n<td class=\"woocommerce-product-attributes-item__value\">1 pha<\/td>\n<\/tr>\n<tr class=\"woocommerce-product-attributes-item woocommerce-product-attributes-item--attribute_pa_so-cuc\">\n<th class=\"woocommerce-product-attributes-item__label\" scope=\"row\">S\u1ed1 c\u1ef1c<\/th>\n<td class=\"woocommerce-product-attributes-item__value\">1P<\/td>\n<\/tr>\n<tr class=\"woocommerce-product-attributes-item woocommerce-product-attributes-item--attribute_pa_dong-dien-dinh-muc\">\n<th class=\"woocommerce-product-attributes-item__label\" scope=\"row\">D\u00f2ng \u0111i\u1ec7n<\/th>\n<td class=\"woocommerce-product-attributes-item__value\">32A<\/td>\n<\/tr>\n<tr class=\"woocommerce-product-attributes-item woocommerce-product-attributes-item--attribute_pa_dien-ap-dinh-muc\">\n<th class=\"woocommerce-product-attributes-item__label\" scope=\"row\">\u0110i\u1ec7n \u00e1p<\/th>\n<td class=\"woocommerce-product-attributes-item__value\">240V\/415V AC<\/td>\n<\/tr>\n<tr class=\"woocommerce-product-attributes-item woocommerce-product-attributes-item--attribute_pa_dong-cat-danh-dinh\">\n<th class=\"woocommerce-product-attributes-item__label\" scope=\"row\">D\u00f2ng c\u1eaft danh \u0111\u1ecbnh<\/th>\n<td class=\"woocommerce-product-attributes-item__value\">6kA<\/td>\n<\/tr>\n<tr class=\"woocommerce-product-attributes-item woocommerce-product-attributes-item--attribute_pa_loai-cb\">\n<th class=\"woocommerce-product-attributes-item__label\" scope=\"row\">Lo\u1ea1i CB<\/th>\n<td class=\"woocommerce-product-attributes-item__value\">CB T\u00e9p 32A,\u00a0CB T\u00e9p Panasonic,\u00a0MCB 1P,\u00a0MCB Panasonic<\/td>\n<\/tr>\n<tr class=\"woocommerce-product-attributes-item woocommerce-product-attributes-item--attribute_pa_nhiet-do-lam-viec\">\n<th class=\"woocommerce-product-attributes-item__label\" scope=\"row\">Nhi\u1ec7t \u0111\u1ed9 l\u00e0m vi\u1ec7c<\/th>\n<td class=\"woocommerce-product-attributes-item__value\">-10 \u0111\u1ed9 C \u0111\u1ebfn 60 \u0111\u1ed9 C<\/td>\n<\/tr>\n<tr class=\"woocommerce-product-attributes-item woocommerce-product-attributes-item--attribute_pa_do-am-moi-truong\">\n<th class=\"woocommerce-product-attributes-item__label\" scope=\"row\">\u0110\u1ed9 \u1ea9m m\u00f4i tr\u01b0\u1eddng<\/th>\n<td class=\"woocommerce-product-attributes-item__value\">&lt;85%<\/td>\n<\/tr>\n<tr class=\"woocommerce-product-attributes-item woocommerce-product-attributes-item--attribute_pa_mau-sac\">\n<th class=\"woocommerce-product-attributes-item__label\" scope=\"row\">M\u00e0u s\u1eafc<\/th>\n<td class=\"woocommerce-product-attributes-item__value\">M\u00e0u x\u00e1m<\/td>\n<\/tr>\n<tr class=\"woocommerce-product-attributes-item woocommerce-product-attributes-item--attribute_pa_khoi-luong\">\n<th class=\"woocommerce-product-attributes-item__label\" scope=\"row\">Kh\u1ed1i l\u01b0\u1ee3ng<\/th>\n<td class=\"woocommerce-product-attributes-item__value\">0.1kg<\/td>\n<\/tr>\n<tr class=\"woocommerce-product-attributes-item woocommerce-product-attributes-item--attribute_pa_chat-lieu\">\n<th class=\"woocommerce-product-attributes-item__label\" scope=\"row\">Ch\u1ea5t li\u1ec7u<\/th>\n<td class=\"woocommerce-product-attributes-item__value\">Nh\u1ef1a cao c\u1ea5p<\/td>\n<\/tr>\n<tr class=\"woocommerce-product-attributes-item woocommerce-product-attributes-item--attribute_pa_tan-so\">\n<th class=\"woocommerce-product-attributes-item__label\" scope=\"row\">T\u1ea7n s\u1ed1<\/th>\n<td class=\"woocommerce-product-attributes-item__value\">50\/60 Hz<\/td>\n<\/tr>\n<tr class=\"woocommerce-product-attributes-item woocommerce-product-attributes-item--attribute_pa_xuat-xu\">\n<th class=\"woocommerce-product-attributes-item__label\" scope=\"row\">Xu\u1ea5t x\u1ee9<\/th>\n<td class=\"woocommerce-product-attributes-item__value\">P.R.C<\/td>\n<\/tr>\n<tr class=\"woocommerce-product-attributes-item woocommerce-product-attributes-item--attribute_pa_tieu-chuan\">\n<th class=\"woocommerce-product-attributes-item__label\" scope=\"row\">Ti\u00eau chu\u1ea9n<\/th>\n<td class=\"woocommerce-product-attributes-item__value\">IEC 60898,\u00a0IEC 60947-2<\/td>\n<\/tr>\n<tr class=\"woocommerce-product-attributes-item woocommerce-product-attributes-item--attribute_pa_bao-hanh\">\n<th class=\"woocommerce-product-attributes-item__label\" scope=\"row\">B\u1ea3o h\u00e0nh<\/th>\n<td class=\"woocommerce-product-attributes-item__value\">12 th\u00e1ng<\/td>\n<\/tr>\n<tr class=\"woocommerce-product-attributes-item woocommerce-product-attributes-item--attribute_pa_dong-goi\">\n<th class=\"woocommerce-product-attributes-item__label\" scope=\"row\">\u0110\u00f3ng g\u00f3i<\/th>\n<td class=\"woocommerce-product-attributes-item__value\">8 c\u00e1i\/h\u1ed9p, 32 c\u00e1i\/th\u00f9ng<\/td>\n<\/tr>\n<\/tbody>\n<\/table>\n<p><img fetchpriority=\"high\" decoding=\"async\" class=\"aligncenter wp-image-12110 size-medium\" src=\"http:\/\/thietbidienlama.com\/wp-content\/uploads\/2025\/05\/Cb-Tep-Panasonic-32A-Dong-Ngat-06kA-BBD1321CNV-300x300.jpg\" alt=\"Cb T\u00e9p Panasonic 32A D\u00f2ng Ng\u1eaft 06kA BBD1321CNV\" width=\"300\" height=\"300\" srcset=\"https:\/\/www.thietbidienlama.com\/wp-content\/uploads\/2025\/05\/Cb-Tep-Panasonic-32A-Dong-Ngat-06kA-BBD1321CNV-300x300.jpg 300w, https:\/\/www.thietbidienlama.com\/wp-content\/uploads\/2025\/05\/Cb-Tep-Panasonic-32A-Dong-Ngat-06kA-BBD1321CNV-150x150.jpg 150w, https:\/\/www.thietbidienlama.com\/wp-content\/uploads\/2025\/05\/Cb-Tep-Panasonic-32A-Dong-Ngat-06kA-BBD1321CNV-12x12.jpg 12w, https:\/\/www.thietbidienlama.com\/wp-content\/uploads\/2025\/05\/Cb-Tep-Panasonic-32A-Dong-Ngat-06kA-BBD1321CNV.jpg 500w\" sizes=\"(max-width: 300px) 100vw, 300px\" \/><\/p>\n<p class=\"Y3BBE\" data-hveid=\"CAEICBAA\" data-complete=\"true\" data-processed=\"true\"><span style=\"font-size: 12pt; color: #000000;\"><strong>LI\u00caN H\u1ec6 : Hotline: 0935 228 204 ( Ms Lam )<\/strong><\/span><\/p>\n<p><span style=\"font-size: 12pt; color: #000000;\"><strong>Facebook:\u00a0<span style=\"color: #ff6600;\"><a style=\"color: #ff6600;\" href=\"https:\/\/www.facebook.com\/thietbidienlama\" target=\"_blank\" rel=\"noopener\">THI\u1ebeT\u00a0B\u1eca \u0110I\u1ec6N LAMA<\/a><\/span><\/strong><\/span><\/p>\n<p><span style=\"font-size: 12pt; color: #000000;\"><strong>Tiktok:\u00a0<span style=\"color: #ff6600;\"><a style=\"color: #ff6600;\" href=\"https:\/\/www.tiktok.com\/@thietbidienlama\" target=\"_blank\" rel=\"noopener\">THI\u1ebeT\u00a0B\u1eca \u0110I\u1ec6N LAMA<\/a><\/span><\/strong><\/span><\/p>","protected":false},"excerpt":{"rendered":"<p>Cb T\u00e9p Panasonic 32A D\u00f2ng Ng\u1eaft 06kA BBD1321CNV Th\u00f4ng s\u1ed1 k\u1ef9 thu\u1eadt Th\u01b0\u01a1ng hi\u1ec7u Panasonic M\u00e3 s\u1ea3n ph\u1ea9m Cb T\u00e9p<\/p>","protected":false},"featured_media":12111,"comment_status":"closed","ping_status":"closed","template":"","meta":[],"product_brand":[],"product_cat":[501,562,813],"product_tag":[934],"class_list":{"0":"post-12107","1":"product","2":"type-product","3":"status-publish","4":"has-post-thumbnail","6":"product_cat-thiet-bi-dien","7":"product_cat-thiet-bi-dien-panasonic","8":"product_cat-cb-aptomat-panasonic","9":"product_tag-cb-tep-panasonic-32a","11":"first","12":"instock","13":"sale","14":"shipping-taxable","15":"purchasable","16":"product-type-simple"},"_links":{"self":[{"href":"https:\/\/www.thietbidienlama.com\/en\/wp-json\/wp\/v2\/product\/12107","targetHints":{"allow":["GET"]}}],"collection":[{"href":"https:\/\/www.thietbidienlama.com\/en\/wp-json\/wp\/v2\/product"}],"about":[{"href":"https:\/\/www.thietbidienlama.com\/en\/wp-json\/wp\/v2\/types\/product"}],"replies":[{"embeddable":true,"href":"https:\/\/www.thietbidienlama.com\/en\/wp-json\/wp\/v2\/comments?post=12107"}],"version-history":[{"count":3,"href":"https:\/\/www.thietbidienlama.com\/en\/wp-json\/wp\/v2\/product\/12107\/revisions"}],"predecessor-version":[{"id":13364,"href":"https:\/\/www.thietbidienlama.com\/en\/wp-json\/wp\/v2\/product\/12107\/revisions\/13364"}],"wp:featuredmedia":[{"embeddable":true,"href":"https:\/\/www.thietbidienlama.com\/en\/wp-json\/wp\/v2\/media\/12111"}],"wp:attachment":[{"href":"https:\/\/www.thietbidienlama.com\/en\/wp-json\/wp\/v2\/media?parent=12107"}],"wp:term":[{"taxonomy":"product_brand","embeddable":true,"href":"https:\/\/www.thietbidienlama.com\/en\/wp-json\/wp\/v2\/product_brand?post=12107"},{"taxonomy":"product_cat","embeddable":true,"href":"https:\/\/www.thietbidienlama.com\/en\/wp-json\/wp\/v2\/product_cat?post=12107"},{"taxonomy":"product_tag","embeddable":true,"href":"https:\/\/www.thietbidienlama.com\/en\/wp-json\/wp\/v2\/product_tag?post=12107"}],"curies":[{"name":"wp","href":"https:\/\/api.w.org\/{rel}","templated":true}]}}