{"id":12101,"date":"2025-05-16T13:06:47","date_gmt":"2025-05-16T06:06:47","guid":{"rendered":"https:\/\/thietbidienlama.com\/?post_type=product&#038;p=12101"},"modified":"2025-08-24T14:14:01","modified_gmt":"2025-08-24T07:14:01","slug":"bo-3-cong-tac-panasonic-dong-minerva-2-chieu-wmt506-vn","status":"publish","type":"product","link":"https:\/\/www.thietbidienlama.com\/en\/bo-3-cong-tac-panasonic-dong-minerva-2-chieu-wmt506-vn\/","title":{"rendered":"B\u1ed9 3 C\u00f4ng T\u1eafc Panasonic D\u00f2ng Minerva 2 Chi\u1ec1u WMT506-VN"},"content":{"rendered":"<h2><strong>Th\u00f4ng Tin B\u1ed9 3 C\u00f4ng T\u1eafc Panasonic D\u00f2ng Minerva 2 Chi\u1ec1u WMT506-VN<\/strong><\/h2>\n<ul>\n<li>B\u1ed9 3 c\u00f4ng t\u1eafc C<\/li>\n<li>2 chi\u1ec1u, c\u1eafm nhanh<\/li>\n<li>\u0110i\u1ec7n th\u1ebf: 250V<\/li>\n<li>D\u00f2ng \u0111i\u1ec7n 16A<\/li>\n<li>M\u00e0u s\u1eafc: Tr\u1eafng<\/li>\n<li>S\u1ea3n ph\u1ea9n t\u01b0\u01a1ng t\u1ef1: WMT506MYZ-VN: M\u00e0u v\u00e0ng \u00e1nh kim,\u00a0WMT506MYH-VN: M\u00e0u x\u00e1m \u00e1nh kim<\/li>\n<\/ul>","protected":false},"excerpt":{"rendered":"<p>Th\u00f4ng Tin B\u1ed9 3 C\u00f4ng T\u1eafc Panasonic D\u00f2ng Minerva 2 Chi\u1ec1u WMT506-VN B\u1ed9 3 c\u00f4ng t\u1eafc C 2 chi\u1ec1u, c\u1eafm<\/p>","protected":false},"featured_media":12102,"comment_status":"closed","ping_status":"closed","template":"","meta":[],"product_brand":[],"product_cat":[501,838,856,859,562,804],"product_tag":[],"class_list":{"0":"post-12101","1":"product","2":"type-product","3":"status-publish","4":"has-post-thumbnail","6":"product_cat-thiet-bi-dien","7":"product_cat-cong-tac-o-cam-minerva","8":"product_cat-cong-tac-panasonic","9":"product_cat-cong-tac-panasonic-minerva","10":"product_cat-thiet-bi-dien-panasonic","11":"product_cat-cong-tac-o-cam-panasonic","13":"first","14":"instock","15":"sale","16":"shipping-taxable","17":"purchasable","18":"product-type-simple"},"_links":{"self":[{"href":"https:\/\/www.thietbidienlama.com\/en\/wp-json\/wp\/v2\/product\/12101","targetHints":{"allow":["GET"]}}],"collection":[{"href":"https:\/\/www.thietbidienlama.com\/en\/wp-json\/wp\/v2\/product"}],"about":[{"href":"https:\/\/www.thietbidienlama.com\/en\/wp-json\/wp\/v2\/types\/product"}],"replies":[{"embeddable":true,"href":"https:\/\/www.thietbidienlama.com\/en\/wp-json\/wp\/v2\/comments?post=12101"}],"version-history":[{"count":1,"href":"https:\/\/www.thietbidienlama.com\/en\/wp-json\/wp\/v2\/product\/12101\/revisions"}],"predecessor-version":[{"id":12103,"href":"https:\/\/www.thietbidienlama.com\/en\/wp-json\/wp\/v2\/product\/12101\/revisions\/12103"}],"wp:featuredmedia":[{"embeddable":true,"href":"https:\/\/www.thietbidienlama.com\/en\/wp-json\/wp\/v2\/media\/12102"}],"wp:attachment":[{"href":"https:\/\/www.thietbidienlama.com\/en\/wp-json\/wp\/v2\/media?parent=12101"}],"wp:term":[{"taxonomy":"product_brand","embeddable":true,"href":"https:\/\/www.thietbidienlama.com\/en\/wp-json\/wp\/v2\/product_brand?post=12101"},{"taxonomy":"product_cat","embeddable":true,"href":"https:\/\/www.thietbidienlama.com\/en\/wp-json\/wp\/v2\/product_cat?post=12101"},{"taxonomy":"product_tag","embeddable":true,"href":"https:\/\/www.thietbidienlama.com\/en\/wp-json\/wp\/v2\/product_tag?post=12101"}],"curies":[{"name":"wp","href":"https:\/\/api.w.org\/{rel}","templated":true}]}}