{"id":12081,"date":"2025-05-16T09:13:43","date_gmt":"2025-05-16T02:13:43","guid":{"rendered":"https:\/\/thietbidienlama.com\/?post_type=product&#038;p=12081"},"modified":"2025-08-24T14:15:32","modified_gmt":"2025-08-24T07:15:32","slug":"bo-1-cong-tac-panasonic-dong-minerva-1-chieu-wmt501-vn","status":"publish","type":"product","link":"https:\/\/www.thietbidienlama.com\/en\/bo-1-cong-tac-panasonic-dong-minerva-1-chieu-wmt501-vn\/","title":{"rendered":"B\u1ed9 1 C\u00f4ng T\u1eafc Panasonic D\u00f2ng Minerva 1 Chi\u1ec1u WMT501-VN"},"content":{"rendered":"<h2><span style=\"color: #000000;\"><strong>Th\u00f4ng tin B\u1ed9 1 C\u00f4ng T\u1eafc Panasonic D\u00f2ng Minerva 1 Chi\u1ec1u WMT501-VN<\/strong><\/span><\/h2>\n<ul>\n<li><span style=\"color: #000000;\">1 chi\u1ec1u, c\u1eafm nhanh<\/span><\/li>\n<li><span style=\"color: #000000;\">\u0110i\u1ec7n th\u1ebf: 250V<\/span><\/li>\n<li><span style=\"color: #000000;\">D\u00f2ng \u0111i\u1ec7n 16A<\/span><\/li>\n<li><span style=\"color: #000000;\">M\u00e0u s\u1eafc: Tr\u1eafng<\/span><\/li>\n<li><span style=\"color: #000000;\">S\u1ea3n ph\u1ea9n t\u01b0\u01a1ng t\u1ef1: WMT501MYZ-VN : M\u00e0u v\u00e0ng \u00e1nh kim,\u00a0WMT501MYH-VN: M\u00e0u x\u00e1m \u00e1nh kim<\/span><\/li>\n<\/ul>","protected":false},"excerpt":{"rendered":"<p>Th\u00f4ng tin B\u1ed9 1 C\u00f4ng T\u1eafc Panasonic D\u00f2ng Minerva 1 Chi\u1ec1u WMT501-VN 1 chi\u1ec1u, c\u1eafm nhanh \u0110i\u1ec7n th\u1ebf: 250V D\u00f2ng<\/p>","protected":false},"featured_media":12082,"comment_status":"closed","ping_status":"closed","template":"","meta":[],"product_brand":[],"product_cat":[501,838,856,859,562],"product_tag":[],"class_list":{"0":"post-12081","1":"product","2":"type-product","3":"status-publish","4":"has-post-thumbnail","6":"product_cat-thiet-bi-dien","7":"product_cat-cong-tac-o-cam-minerva","8":"product_cat-cong-tac-panasonic","9":"product_cat-cong-tac-panasonic-minerva","10":"product_cat-thiet-bi-dien-panasonic","12":"first","13":"instock","14":"sale","15":"shipping-taxable","16":"purchasable","17":"product-type-simple"},"_links":{"self":[{"href":"https:\/\/www.thietbidienlama.com\/en\/wp-json\/wp\/v2\/product\/12081","targetHints":{"allow":["GET"]}}],"collection":[{"href":"https:\/\/www.thietbidienlama.com\/en\/wp-json\/wp\/v2\/product"}],"about":[{"href":"https:\/\/www.thietbidienlama.com\/en\/wp-json\/wp\/v2\/types\/product"}],"replies":[{"embeddable":true,"href":"https:\/\/www.thietbidienlama.com\/en\/wp-json\/wp\/v2\/comments?post=12081"}],"version-history":[{"count":2,"href":"https:\/\/www.thietbidienlama.com\/en\/wp-json\/wp\/v2\/product\/12081\/revisions"}],"predecessor-version":[{"id":12085,"href":"https:\/\/www.thietbidienlama.com\/en\/wp-json\/wp\/v2\/product\/12081\/revisions\/12085"}],"wp:featuredmedia":[{"embeddable":true,"href":"https:\/\/www.thietbidienlama.com\/en\/wp-json\/wp\/v2\/media\/12082"}],"wp:attachment":[{"href":"https:\/\/www.thietbidienlama.com\/en\/wp-json\/wp\/v2\/media?parent=12081"}],"wp:term":[{"taxonomy":"product_brand","embeddable":true,"href":"https:\/\/www.thietbidienlama.com\/en\/wp-json\/wp\/v2\/product_brand?post=12081"},{"taxonomy":"product_cat","embeddable":true,"href":"https:\/\/www.thietbidienlama.com\/en\/wp-json\/wp\/v2\/product_cat?post=12081"},{"taxonomy":"product_tag","embeddable":true,"href":"https:\/\/www.thietbidienlama.com\/en\/wp-json\/wp\/v2\/product_tag?post=12081"}],"curies":[{"name":"wp","href":"https:\/\/api.w.org\/{rel}","templated":true}]}}