{"id":11983,"date":"2025-04-24T15:49:46","date_gmt":"2025-04-24T08:49:46","guid":{"rendered":"https:\/\/thietbidienlama.com\/?post_type=product&#038;p=11983"},"modified":"2025-10-20T12:58:19","modified_gmt":"2025-10-20T05:58:19","slug":"den-led-am-tran-9w-panasonic-don-sac","status":"publish","type":"product","link":"https:\/\/www.thietbidienlama.com\/en\/den-led-am-tran-9w-panasonic-don-sac\/","title":{"rendered":"\u0110\u00e8n Led \u00c2m Tr\u1ea7n 9W Panasonic \u0110\u01a1n S\u1eafc \u2013 1 M\u00e0u Si\u00eau M\u1ecfng NNNC7650188\/5188\/1188"},"content":{"rendered":"<h2><span style=\"color: #000000;\">\u0110\u00e8n Led \u00c2m Tr\u1ea7n 9W Panasonic \u0110\u01a1n S\u1eafc \u2013 1 M\u00e0u Si\u00eau M\u1ecfng NNNC7650188\/5188\/1188<\/span><\/h2>\n<ul>\n<li><span style=\"color: #000000;\">\u0110i\u1ec7n \u00e1p: AC220-240V<\/span><\/li>\n<li><span style=\"color: #000000;\">Hi\u1ec7u su\u1ea5t quang th\u00f4ng 80lm\/w<\/span><\/li>\n<li><span style=\"color: #000000;\">CRI: 80<\/span><\/li>\n<li><span style=\"color: #000000;\">IP: 20<\/span><\/li>\n<li><span style=\"color: #000000;\">G\u00f3c chi\u1ebfu: 120 \u0111\u1ed9<\/span><\/li>\n<li><span style=\"color: #000000;\">Ch\u1ea5t li\u1ec7u: Nh\u00f4m (th\u00e2n \u0111\u00e8n), Nh\u1ef1a PC (m\u1eb7t \u0111\u00e8n)<\/span><\/li>\n<\/ul>\n<p><img fetchpriority=\"high\" decoding=\"async\" class=\"aligncenter wp-image-11981 size-full\" src=\"http:\/\/thietbidienlama.com\/wp-content\/uploads\/2025\/04\/thong-so-den-panasonic-12w.jpg\" alt=\"\" width=\"1012\" height=\"438\" srcset=\"https:\/\/www.thietbidienlama.com\/wp-content\/uploads\/2025\/04\/thong-so-den-panasonic-12w.jpg 1012w, https:\/\/www.thietbidienlama.com\/wp-content\/uploads\/2025\/04\/thong-so-den-panasonic-12w-300x130.jpg 300w, https:\/\/www.thietbidienlama.com\/wp-content\/uploads\/2025\/04\/thong-so-den-panasonic-12w-768x332.jpg 768w, https:\/\/www.thietbidienlama.com\/wp-content\/uploads\/2025\/04\/thong-so-den-panasonic-12w-18x8.jpg 18w, https:\/\/www.thietbidienlama.com\/wp-content\/uploads\/2025\/04\/thong-so-den-panasonic-12w-150x65.jpg 150w\" sizes=\"(max-width: 1012px) 100vw, 1012px\" \/><\/p>\n<p><img decoding=\"async\" class=\"aligncenter wp-image-11979 size-full\" src=\"http:\/\/thietbidienlama.com\/wp-content\/uploads\/2025\/04\/kich-thuoc-den-panasonic-12w.jpg\" alt=\"\" width=\"961\" height=\"107\" srcset=\"https:\/\/www.thietbidienlama.com\/wp-content\/uploads\/2025\/04\/kich-thuoc-den-panasonic-12w.jpg 961w, https:\/\/www.thietbidienlama.com\/wp-content\/uploads\/2025\/04\/kich-thuoc-den-panasonic-12w-300x33.jpg 300w, https:\/\/www.thietbidienlama.com\/wp-content\/uploads\/2025\/04\/kich-thuoc-den-panasonic-12w-768x86.jpg 768w, https:\/\/www.thietbidienlama.com\/wp-content\/uploads\/2025\/04\/kich-thuoc-den-panasonic-12w-18x2.jpg 18w, https:\/\/www.thietbidienlama.com\/wp-content\/uploads\/2025\/04\/kich-thuoc-den-panasonic-12w-150x17.jpg 150w\" sizes=\"(max-width: 961px) 100vw, 961px\" \/> <img decoding=\"async\" class=\"aligncenter wp-image-11984 size-full\" src=\"http:\/\/thietbidienlama.com\/wp-content\/uploads\/2025\/04\/den-panasonic-9w-don-sac.jpg\" alt=\"\" width=\"859\" height=\"166\" srcset=\"https:\/\/www.thietbidienlama.com\/wp-content\/uploads\/2025\/04\/den-panasonic-9w-don-sac.jpg 859w, https:\/\/www.thietbidienlama.com\/wp-content\/uploads\/2025\/04\/den-panasonic-9w-don-sac-300x58.jpg 300w, https:\/\/www.thietbidienlama.com\/wp-content\/uploads\/2025\/04\/den-panasonic-9w-don-sac-768x148.jpg 768w, https:\/\/www.thietbidienlama.com\/wp-content\/uploads\/2025\/04\/den-panasonic-9w-don-sac-18x3.jpg 18w, https:\/\/www.thietbidienlama.com\/wp-content\/uploads\/2025\/04\/den-panasonic-9w-don-sac-150x29.jpg 150w\" sizes=\"(max-width: 859px) 100vw, 859px\" \/><\/p>","protected":false},"excerpt":{"rendered":"<p>\u0110\u00e8n Led \u00c2m Tr\u1ea7n 9W Panasonic \u0110\u01a1n S\u1eafc \u2013 1 M\u00e0u Si\u00eau M\u1ecfng NNNC7650188\/5188\/1188 \u0110i\u1ec7n \u00e1p: AC220-240V Hi\u1ec7u su\u1ea5t quang<\/p>","protected":false},"featured_media":11978,"comment_status":"closed","ping_status":"closed","template":"","meta":[],"product_brand":[],"product_cat":[502,924,923,731],"product_tag":[],"class_list":{"0":"post-11983","1":"product","2":"type-product","3":"status-publish","4":"has-post-thumbnail","6":"product_cat-den-chieu-sang","7":"product_cat-den-am-tran-panasonic","8":"product_cat-den-panasonic","9":"product_cat-den-led-panasonic","11":"first","12":"instock","13":"sale","14":"shipping-taxable","15":"purchasable","16":"product-type-simple"},"_links":{"self":[{"href":"https:\/\/www.thietbidienlama.com\/en\/wp-json\/wp\/v2\/product\/11983","targetHints":{"allow":["GET"]}}],"collection":[{"href":"https:\/\/www.thietbidienlama.com\/en\/wp-json\/wp\/v2\/product"}],"about":[{"href":"https:\/\/www.thietbidienlama.com\/en\/wp-json\/wp\/v2\/types\/product"}],"replies":[{"embeddable":true,"href":"https:\/\/www.thietbidienlama.com\/en\/wp-json\/wp\/v2\/comments?post=11983"}],"version-history":[{"count":1,"href":"https:\/\/www.thietbidienlama.com\/en\/wp-json\/wp\/v2\/product\/11983\/revisions"}],"predecessor-version":[{"id":11985,"href":"https:\/\/www.thietbidienlama.com\/en\/wp-json\/wp\/v2\/product\/11983\/revisions\/11985"}],"wp:featuredmedia":[{"embeddable":true,"href":"https:\/\/www.thietbidienlama.com\/en\/wp-json\/wp\/v2\/media\/11978"}],"wp:attachment":[{"href":"https:\/\/www.thietbidienlama.com\/en\/wp-json\/wp\/v2\/media?parent=11983"}],"wp:term":[{"taxonomy":"product_brand","embeddable":true,"href":"https:\/\/www.thietbidienlama.com\/en\/wp-json\/wp\/v2\/product_brand?post=11983"},{"taxonomy":"product_cat","embeddable":true,"href":"https:\/\/www.thietbidienlama.com\/en\/wp-json\/wp\/v2\/product_cat?post=11983"},{"taxonomy":"product_tag","embeddable":true,"href":"https:\/\/www.thietbidienlama.com\/en\/wp-json\/wp\/v2\/product_tag?post=11983"}],"curies":[{"name":"wp","href":"https:\/\/api.w.org\/{rel}","templated":true}]}}