{"id":11977,"date":"2025-04-24T15:39:17","date_gmt":"2025-04-24T08:39:17","guid":{"rendered":"https:\/\/thietbidienlama.com\/?post_type=product&#038;p=11977"},"modified":"2025-10-20T12:58:35","modified_gmt":"2025-10-20T05:58:35","slug":"den-led-am-tran-12w-panasonic-don-sac-1-mau-sieu-mong-nnnc7650288-5288-1288","status":"publish","type":"product","link":"https:\/\/www.thietbidienlama.com\/en\/den-led-am-tran-12w-panasonic-don-sac-1-mau-sieu-mong-nnnc7650288-5288-1288\/","title":{"rendered":"\u0110\u00e8n Led \u00c2m Tr\u1ea7n 12W Panasonic \u0110\u01a1n S\u1eafc &#8211; 1 M\u00e0u Si\u00eau M\u1ecfng NNNC7650288\/5288\/1288"},"content":{"rendered":"<h2 style=\"text-align: center;\"><span style=\"color: #000000;\">\u0110\u00e8n Led \u00c2m Tr\u1ea7n 12W Panasonic \u0110\u01a1n S\u1eafc &#8211; 1 M\u00e0u Si\u00eau M\u1ecfng<\/span><\/h2>\n<ul>\n<li><span style=\"color: #000000;\">\u0110i\u1ec7n \u00e1p: AC220-240V<\/span><\/li>\n<li><span style=\"color: #000000;\">Hi\u1ec7u su\u1ea5t quang th\u00f4ng 80lm\/w<\/span><\/li>\n<li><span style=\"color: #000000;\">CRI: 80<\/span><\/li>\n<li><span style=\"color: #000000;\">IP: 20<\/span><\/li>\n<li><span style=\"color: #000000;\">G\u00f3c chi\u1ebfu: 120 \u0111\u1ed9<\/span><\/li>\n<li><span style=\"color: #000000;\">Ch\u1ea5t li\u1ec7u: Nh\u00f4m (th\u00e2n \u0111\u00e8n), Nh\u1ef1a PC (m\u1eb7t \u0111\u00e8n)<\/span><\/li>\n<\/ul>\n<p><img fetchpriority=\"high\" decoding=\"async\" class=\"aligncenter wp-image-11981 size-full\" src=\"http:\/\/thietbidienlama.com\/wp-content\/uploads\/2025\/04\/thong-so-den-panasonic-12w.jpg\" alt=\"\" width=\"1012\" height=\"438\" srcset=\"https:\/\/www.thietbidienlama.com\/wp-content\/uploads\/2025\/04\/thong-so-den-panasonic-12w.jpg 1012w, https:\/\/www.thietbidienlama.com\/wp-content\/uploads\/2025\/04\/thong-so-den-panasonic-12w-300x130.jpg 300w, https:\/\/www.thietbidienlama.com\/wp-content\/uploads\/2025\/04\/thong-so-den-panasonic-12w-768x332.jpg 768w, https:\/\/www.thietbidienlama.com\/wp-content\/uploads\/2025\/04\/thong-so-den-panasonic-12w-18x8.jpg 18w, https:\/\/www.thietbidienlama.com\/wp-content\/uploads\/2025\/04\/thong-so-den-panasonic-12w-150x65.jpg 150w\" sizes=\"(max-width: 1012px) 100vw, 1012px\" \/><\/p>\n<p><img decoding=\"async\" class=\"aligncenter wp-image-11979 size-full\" src=\"http:\/\/thietbidienlama.com\/wp-content\/uploads\/2025\/04\/kich-thuoc-den-panasonic-12w.jpg\" alt=\"\" width=\"961\" height=\"107\" srcset=\"https:\/\/www.thietbidienlama.com\/wp-content\/uploads\/2025\/04\/kich-thuoc-den-panasonic-12w.jpg 961w, https:\/\/www.thietbidienlama.com\/wp-content\/uploads\/2025\/04\/kich-thuoc-den-panasonic-12w-300x33.jpg 300w, https:\/\/www.thietbidienlama.com\/wp-content\/uploads\/2025\/04\/kich-thuoc-den-panasonic-12w-768x86.jpg 768w, https:\/\/www.thietbidienlama.com\/wp-content\/uploads\/2025\/04\/kich-thuoc-den-panasonic-12w-18x2.jpg 18w, https:\/\/www.thietbidienlama.com\/wp-content\/uploads\/2025\/04\/kich-thuoc-den-panasonic-12w-150x17.jpg 150w\" sizes=\"(max-width: 961px) 100vw, 961px\" \/> <img decoding=\"async\" class=\"aligncenter wp-image-11980 size-full\" src=\"http:\/\/thietbidienlama.com\/wp-content\/uploads\/2025\/04\/mau-sac-den-panasonic-12w.jpg\" alt=\"\" width=\"859\" height=\"163\" srcset=\"https:\/\/www.thietbidienlama.com\/wp-content\/uploads\/2025\/04\/mau-sac-den-panasonic-12w.jpg 859w, https:\/\/www.thietbidienlama.com\/wp-content\/uploads\/2025\/04\/mau-sac-den-panasonic-12w-300x57.jpg 300w, https:\/\/www.thietbidienlama.com\/wp-content\/uploads\/2025\/04\/mau-sac-den-panasonic-12w-768x146.jpg 768w, https:\/\/www.thietbidienlama.com\/wp-content\/uploads\/2025\/04\/mau-sac-den-panasonic-12w-18x3.jpg 18w, https:\/\/www.thietbidienlama.com\/wp-content\/uploads\/2025\/04\/mau-sac-den-panasonic-12w-150x28.jpg 150w\" sizes=\"(max-width: 859px) 100vw, 859px\" \/><\/p>","protected":false},"excerpt":{"rendered":"<p>\u0110\u00e8n Led \u00c2m Tr\u1ea7n 12W Panasonic \u0110\u01a1n S\u1eafc &#8211; 1 M\u00e0u Si\u00eau M\u1ecfng \u0110i\u1ec7n \u00e1p: AC220-240V Hi\u1ec7u su\u1ea5t quang th\u00f4ng<\/p>","protected":false},"featured_media":11978,"comment_status":"closed","ping_status":"closed","template":"","meta":[],"product_brand":[],"product_cat":[502,924,923,562,731],"product_tag":[],"class_list":{"0":"post-11977","1":"product","2":"type-product","3":"status-publish","4":"has-post-thumbnail","6":"product_cat-den-chieu-sang","7":"product_cat-den-am-tran-panasonic","8":"product_cat-den-panasonic","9":"product_cat-thiet-bi-dien-panasonic","10":"product_cat-den-led-panasonic","12":"first","13":"instock","14":"sale","15":"shipping-taxable","16":"purchasable","17":"product-type-simple"},"_links":{"self":[{"href":"https:\/\/www.thietbidienlama.com\/en\/wp-json\/wp\/v2\/product\/11977","targetHints":{"allow":["GET"]}}],"collection":[{"href":"https:\/\/www.thietbidienlama.com\/en\/wp-json\/wp\/v2\/product"}],"about":[{"href":"https:\/\/www.thietbidienlama.com\/en\/wp-json\/wp\/v2\/types\/product"}],"replies":[{"embeddable":true,"href":"https:\/\/www.thietbidienlama.com\/en\/wp-json\/wp\/v2\/comments?post=11977"}],"version-history":[{"count":2,"href":"https:\/\/www.thietbidienlama.com\/en\/wp-json\/wp\/v2\/product\/11977\/revisions"}],"predecessor-version":[{"id":12924,"href":"https:\/\/www.thietbidienlama.com\/en\/wp-json\/wp\/v2\/product\/11977\/revisions\/12924"}],"wp:featuredmedia":[{"embeddable":true,"href":"https:\/\/www.thietbidienlama.com\/en\/wp-json\/wp\/v2\/media\/11978"}],"wp:attachment":[{"href":"https:\/\/www.thietbidienlama.com\/en\/wp-json\/wp\/v2\/media?parent=11977"}],"wp:term":[{"taxonomy":"product_brand","embeddable":true,"href":"https:\/\/www.thietbidienlama.com\/en\/wp-json\/wp\/v2\/product_brand?post=11977"},{"taxonomy":"product_cat","embeddable":true,"href":"https:\/\/www.thietbidienlama.com\/en\/wp-json\/wp\/v2\/product_cat?post=11977"},{"taxonomy":"product_tag","embeddable":true,"href":"https:\/\/www.thietbidienlama.com\/en\/wp-json\/wp\/v2\/product_tag?post=11977"}],"curies":[{"name":"wp","href":"https:\/\/api.w.org\/{rel}","templated":true}]}}