{"id":11965,"date":"2025-04-14T08:58:13","date_gmt":"2025-04-14T01:58:13","guid":{"rendered":"https:\/\/thietbidienlama.com\/?post_type=product&#038;p=11965"},"modified":"2025-04-14T08:58:13","modified_gmt":"2025-04-14T01:58:13","slug":"den-tuong-dep-sano-vc-1271d","status":"publish","type":"product","link":"https:\/\/www.thietbidienlama.com\/en\/den-tuong-dep-sano-vc-1271d\/","title":{"rendered":"\u0110\u00e8n T\u01b0\u1eddng \u0110\u1eb9p Sano VC-1271\u0110"},"content":{"rendered":"<h2>\u0110\u00e8n T\u01b0\u1eddng \u0110\u1eb9p Sano VC-1271\u0110<\/h2>\n<p><span style=\"color: #000000;\">&#8211; K\u00edch th\u01b0\u1edbc:\u00a0<\/span><\/p>\n<p><span style=\"color: #000000;\">\u00a0 \u00a0 + VC.1271: Phi 170 x L80 x H170 (mm).<\/span><\/p>\n<p><span style=\"color: #000000;\">&#8211; \u00c1nh s\u00e1ng LED 4000K: v\u00e0ng \u1ea5m.<\/span><\/p>\n<p><span style=\"color: #000000;\">&#8211; Xu\u1ea5t x\u1ee9: h\u00e0ng nh\u1eadp kh\u1ea9u.<\/span><\/p>\n<p><span style=\"color: #000000;\">&#8211; Tu\u1ed5i th\u1ecd: 50.000 gi\u1edd.<\/span><\/p>\n<p><span style=\"color: #000000;\">\u2013\u00a0\u0110\u00e8n G\u1eafn T\u01b0\u1eddng \u00a0s\u1eed d\u1ee5ng b\u00f3ng LED cao c\u1ea5p v\u1edbi \u0111\u1ed9 b\u1ec1n cao, ti\u00eau th\u1ee5 \u00edt \u0111i\u1ec7n n\u0103ng.<\/span><\/p>\n<p><span style=\"color: #000000;\">\u2013 \u00c1nh s\u00e1ng v\u00e0ng d\u1ecbu nh\u1eb9, mang l\u1ea1i c\u1ea3m gi\u00e1c th\u01b0 th\u00e1i, \u1ea5m \u00e1p v\u00e0 sang tr\u1ecdng.<\/span><\/p>\n<p><span style=\"color: #000000;\">\u2013 Thi\u1ebft k\u1ebf hi\u1ec7n \u0111\u1ea1i , d\u1ec5 th\u01b0\u01a1ng, \u0111em l\u1ea1i c\u1ea3m gi\u00e1c vui v\u1ebb cho m\u1ecdi kh\u00f4ng gian.<\/span><\/p>\n<p><span style=\"color: #000000;\">\u2013 \u0110\u00e8n \u0111\u01b0\u1ee3c l\u00e0m t\u1eeb ch\u1ea5t li\u1ec7u cao c\u1ea5p, an to\u00e0n cho ng\u01b0\u1eddi s\u1eed d\u1ee5ng.<\/span><\/p>\n<p><span style=\"color: #000000;\">S\u1ea3n ph\u1ea9m ph\u00f9 h\u1ee3p v\u1edbi nhi\u1ec1u phong c\u00e1ch thi\u1ebft k\u1ebf t\u1ea1o n\u00ean m\u1ed9t kh\u00f4ng gian \u1ea5m c\u00fang v\u00e0 tr\u00e0n ng\u1eadp \u00e1nh s\u00e1ng trong kh\u00f4ng gian gia \u0111\u00ecnh b\u1ea1n, kh\u00f4ng gian c\u1ea7u thang, qu\u00e1n cafe\u2026<\/span><\/p>","protected":false},"excerpt":{"rendered":"<p>\u0110\u00e8n T\u01b0\u1eddng \u0110\u1eb9p Sano VC-1271\u0110 &#8211; K\u00edch th\u01b0\u1edbc:\u00a0 \u00a0 \u00a0 + VC.1271: Phi 170 x L80 x H170 (mm). &#8211;<\/p>","protected":false},"featured_media":11967,"comment_status":"closed","ping_status":"closed","template":"","meta":[],"product_brand":[],"product_cat":[505,847,845],"product_tag":[],"class_list":{"0":"post-11965","1":"product","2":"type-product","3":"status-publish","4":"has-post-thumbnail","6":"product_cat-den-trang-tri","7":"product_cat-den-trang-tri-ngoai-troi","8":"product_cat-den-tuong-trang-tri","10":"first","11":"instock","12":"sale","13":"shipping-taxable","14":"purchasable","15":"product-type-simple"},"_links":{"self":[{"href":"https:\/\/www.thietbidienlama.com\/en\/wp-json\/wp\/v2\/product\/11965","targetHints":{"allow":["GET"]}}],"collection":[{"href":"https:\/\/www.thietbidienlama.com\/en\/wp-json\/wp\/v2\/product"}],"about":[{"href":"https:\/\/www.thietbidienlama.com\/en\/wp-json\/wp\/v2\/types\/product"}],"replies":[{"embeddable":true,"href":"https:\/\/www.thietbidienlama.com\/en\/wp-json\/wp\/v2\/comments?post=11965"}],"version-history":[{"count":1,"href":"https:\/\/www.thietbidienlama.com\/en\/wp-json\/wp\/v2\/product\/11965\/revisions"}],"predecessor-version":[{"id":11968,"href":"https:\/\/www.thietbidienlama.com\/en\/wp-json\/wp\/v2\/product\/11965\/revisions\/11968"}],"wp:featuredmedia":[{"embeddable":true,"href":"https:\/\/www.thietbidienlama.com\/en\/wp-json\/wp\/v2\/media\/11967"}],"wp:attachment":[{"href":"https:\/\/www.thietbidienlama.com\/en\/wp-json\/wp\/v2\/media?parent=11965"}],"wp:term":[{"taxonomy":"product_brand","embeddable":true,"href":"https:\/\/www.thietbidienlama.com\/en\/wp-json\/wp\/v2\/product_brand?post=11965"},{"taxonomy":"product_cat","embeddable":true,"href":"https:\/\/www.thietbidienlama.com\/en\/wp-json\/wp\/v2\/product_cat?post=11965"},{"taxonomy":"product_tag","embeddable":true,"href":"https:\/\/www.thietbidienlama.com\/en\/wp-json\/wp\/v2\/product_tag?post=11965"}],"curies":[{"name":"wp","href":"https:\/\/api.w.org\/{rel}","templated":true}]}}