{"id":11959,"date":"2025-04-13T15:47:17","date_gmt":"2025-04-13T08:47:17","guid":{"rendered":"https:\/\/thietbidienlama.com\/?post_type=product&#038;p=11959"},"modified":"2025-04-24T09:56:41","modified_gmt":"2025-04-24T02:56:41","slug":"den-tuong-vach-euroto-cn-137","status":"publish","type":"product","link":"https:\/\/www.thietbidienlama.com\/en\/den-tuong-vach-euroto-cn-137\/","title":{"rendered":"\u0110\u00e8n T\u01b0\u1eddng V\u00e1ch Euroto CN-137"},"content":{"rendered":"<h2>\u0110\u00e8n T\u01b0\u1eddng V\u00e1ch Euroto CN-137<\/h2>\n<p class=\"ng-binding ng-scope\" style=\"box-sizing: border-box; margin: 0px 0px 10px; color: #3e4d5c; font-family: 'Open Sans', Arial, sans-serif; font-size: 15px; font-style: normal; font-variant-ligatures: normal; font-variant-caps: normal; font-weight: 400; letter-spacing: normal; orphans: 2; text-align: start; text-indent: 0px; text-transform: none; widows: 2; word-spacing: 0px; -webkit-text-stroke-width: 0px; white-space: normal; background-color: #ffffff;\"><span style=\"color: #000000;\"><span class=\"lable ng-binding\">Xu\u1ea5t x\u1ee9<\/span>: Nh\u1eadp Kh\u1ea9u<\/span><\/p>\n<p class=\"ng-binding ng-scope\" style=\"box-sizing: border-box; margin: 0px 0px 10px; color: #3e4d5c; font-family: 'Open Sans', Arial, sans-serif; font-size: 15px; font-style: normal; font-variant-ligatures: normal; font-variant-caps: normal; font-weight: 400; letter-spacing: normal; orphans: 2; text-align: start; text-indent: 0px; text-transform: none; widows: 2; word-spacing: 0px; -webkit-text-stroke-width: 0px; white-space: normal; background-color: #ffffff;\"><span style=\"color: #000000;\"><span class=\"lable ng-binding\">Thi\u1ebft k\u1ebf<\/span>: \u0110\u00e8n V\u00e1ch Ngo\u1ea1i Th\u1ea5t<\/span><\/p>\n<p class=\"ng-binding ng-scope\" style=\"box-sizing: border-box; margin: 0px 0px 10px; color: #3e4d5c; font-family: 'Open Sans', Arial, sans-serif; font-size: 15px; font-style: normal; font-variant-ligatures: normal; font-variant-caps: normal; font-weight: 400; letter-spacing: normal; orphans: 2; text-align: start; text-indent: 0px; text-transform: none; widows: 2; word-spacing: 0px; -webkit-text-stroke-width: 0px; white-space: normal; background-color: #ffffff;\"><span style=\"color: #000000;\"><span class=\"lable ng-binding\">K\u00edch th\u01b0\u1edbc<\/span>: W85xH210<\/span><\/p>\n<p class=\"ng-binding ng-scope\" style=\"box-sizing: border-box; margin: 0px 0px 10px; color: #3e4d5c; font-family: 'Open Sans', Arial, sans-serif; font-size: 15px; font-style: normal; font-variant-ligatures: normal; font-variant-caps: normal; font-weight: 400; letter-spacing: normal; orphans: 2; text-align: start; text-indent: 0px; text-transform: none; widows: 2; word-spacing: 0px; -webkit-text-stroke-width: 0px; white-space: normal; background-color: #ffffff;\"><span style=\"color: #000000;\"><span class=\"lable ng-binding\">Lo\u1ea1i b\u00f3ng<\/span>: LED 6W 3000K<\/span><\/p>\n<p class=\"ng-binding ng-scope\" style=\"box-sizing: border-box; margin: 0px 0px 10px; color: #3e4d5c; font-family: 'Open Sans', Arial, sans-serif; font-size: 15px; font-style: normal; font-variant-ligatures: normal; font-variant-caps: normal; font-weight: 400; letter-spacing: normal; orphans: 2; text-align: start; text-indent: 0px; text-transform: none; widows: 2; word-spacing: 0px; -webkit-text-stroke-width: 0px; white-space: normal; background-color: #ffffff;\"><span style=\"color: #000000;\"><span class=\"lable ng-binding\">\u1ee8ng d\u1ee5ng<\/span>: Chi\u1ebfu s\u00e1ng &amp; trang tr\u00ed s\u00e2n, h\u00e0nh lang ngo\u00e0i \u2026<\/span><\/p>\n<p class=\"ng-binding ng-scope\" style=\"box-sizing: border-box; margin: 0px 0px 10px; color: #3e4d5c; font-family: 'Open Sans', Arial, sans-serif; font-size: 15px; font-style: normal; font-variant-ligatures: normal; font-variant-caps: normal; font-weight: 400; letter-spacing: normal; orphans: 2; text-align: start; text-indent: 0px; text-transform: none; widows: 2; word-spacing: 0px; -webkit-text-stroke-width: 0px; white-space: normal; background-color: #ffffff;\"><span style=\"color: #000000;\"><span class=\"lable ng-binding\">\u0110\u1eb7c \u0111i\u1ec3m<\/span>: Th\u00e2n \u0111\u00e8n b\u1eb1ng h\u1ee3p kim, b\u00f3ng led si\u00eau s\u00e1ng, ki\u1ec3u d\u00e1ng hi\u1ec7n \u0111\u1ea1i, ch\u1ec9 s\u1ed1 ch\u1ed1ng th\u1ea5m IP65<\/span><\/p>\n<p class=\"ng-binding\"><span style=\"color: #000000;\"><span class=\"lable\">B\u1ea3o h\u00e0nh<\/span>: 2 n\u0103m<\/span><\/p>","protected":false},"excerpt":{"rendered":"<p>\u0110\u00e8n T\u01b0\u1eddng V\u00e1ch Euroto CN-137 Xu\u1ea5t x\u1ee9: Nh\u1eadp Kh\u1ea9u Thi\u1ebft k\u1ebf: \u0110\u00e8n V\u00e1ch Ngo\u1ea1i Th\u1ea5t K\u00edch th\u01b0\u1edbc: W85xH210 Lo\u1ea1i b\u00f3ng:<\/p>","protected":false},"featured_media":11961,"comment_status":"closed","ping_status":"closed","template":"","meta":[],"product_brand":[],"product_cat":[505,847,845],"product_tag":[],"class_list":{"0":"post-11959","1":"product","2":"type-product","3":"status-publish","4":"has-post-thumbnail","6":"product_cat-den-trang-tri","7":"product_cat-den-trang-tri-ngoai-troi","8":"product_cat-den-tuong-trang-tri","10":"first","11":"instock","12":"sale","13":"shipping-taxable","14":"purchasable","15":"product-type-simple"},"_links":{"self":[{"href":"https:\/\/www.thietbidienlama.com\/en\/wp-json\/wp\/v2\/product\/11959","targetHints":{"allow":["GET"]}}],"collection":[{"href":"https:\/\/www.thietbidienlama.com\/en\/wp-json\/wp\/v2\/product"}],"about":[{"href":"https:\/\/www.thietbidienlama.com\/en\/wp-json\/wp\/v2\/types\/product"}],"replies":[{"embeddable":true,"href":"https:\/\/www.thietbidienlama.com\/en\/wp-json\/wp\/v2\/comments?post=11959"}],"version-history":[{"count":3,"href":"https:\/\/www.thietbidienlama.com\/en\/wp-json\/wp\/v2\/product\/11959\/revisions"}],"predecessor-version":[{"id":11976,"href":"https:\/\/www.thietbidienlama.com\/en\/wp-json\/wp\/v2\/product\/11959\/revisions\/11976"}],"wp:featuredmedia":[{"embeddable":true,"href":"https:\/\/www.thietbidienlama.com\/en\/wp-json\/wp\/v2\/media\/11961"}],"wp:attachment":[{"href":"https:\/\/www.thietbidienlama.com\/en\/wp-json\/wp\/v2\/media?parent=11959"}],"wp:term":[{"taxonomy":"product_brand","embeddable":true,"href":"https:\/\/www.thietbidienlama.com\/en\/wp-json\/wp\/v2\/product_brand?post=11959"},{"taxonomy":"product_cat","embeddable":true,"href":"https:\/\/www.thietbidienlama.com\/en\/wp-json\/wp\/v2\/product_cat?post=11959"},{"taxonomy":"product_tag","embeddable":true,"href":"https:\/\/www.thietbidienlama.com\/en\/wp-json\/wp\/v2\/product_tag?post=11959"}],"curies":[{"name":"wp","href":"https:\/\/api.w.org\/{rel}","templated":true}]}}