{"id":11953,"date":"2025-04-13T15:11:42","date_gmt":"2025-04-13T08:11:42","guid":{"rendered":"https:\/\/thietbidienlama.com\/?post_type=product&#038;p=11953"},"modified":"2025-11-14T10:13:05","modified_gmt":"2025-11-14T03:13:05","slug":"den-vach-co-dien-trang-tri-euroto-td-36","status":"publish","type":"product","link":"https:\/\/www.thietbidienlama.com\/en\/den-vach-co-dien-trang-tri-euroto-td-36\/","title":{"rendered":"\u0110\u00e8n V\u00e1ch C\u1ed5 \u0110i\u1ec3n Trang Tr\u00ed Euroto TD-36"},"content":{"rendered":"<h2><span style=\"color: #000000;\"><span style=\"color: #ff6600;\"><a style=\"color: #ff6600;\" href=\"https:\/\/thietbidienlama.com\/den-vach-co-dien-trang-tri-euroto-td-36\/\">\u0110\u00e8n V\u00e1ch C\u1ed5 \u0110i\u1ec3n<\/a><\/span> Trang Tr\u00ed Euroto TD-36<\/span><\/h2>\n<p><span style=\"color: #000000; font-size: 12pt;\"><strong>D\u00f2ng s\u1ea3n ph\u1ea9m<\/strong>: \u0110\u00e8n t\u01b0\u1eddng ngo\u00e0i tr\u1eddi &#8211; \u0111\u00e8n v\u00e1ch c\u1ed5 \u0111i\u1ec3n<\/span><br \/>\n<span style=\"color: #000000; font-size: 12pt;\"><strong>M\u00e0u s\u1eafc \u00e1nh s\u00e1ng<\/strong>: \u00c1nh s\u00e1ng tr\u1eafng ho\u1eb7c v\u00e0ng.<\/span><br \/>\n<span style=\"color: #000000; font-size: 12pt;\"><strong>Chi\u1ec1u ngang \u0111\u00e8n<\/strong>: 190mm<\/span><br \/>\n<span style=\"color: #000000; font-size: 12pt;\"><strong>Chi\u1ec1u cao \u0111\u00e8n<\/strong>: 400mm.<\/span><br \/>\n<span style=\"color: #000000; font-size: 12pt;\"><strong>Ch\u1ea5t li\u1ec7u<\/strong>: Th\u00e2n \u0111\u00e8n b\u1eb1ng kim lo\u1ea1i s\u01a1n t\u0129nh \u0111i\u1ec7n v\u00e0 chao \u0111\u00e8n b\u1eb1ng th\u1ee7y tinh.<\/span><br \/>\n<span style=\"color: #000000; font-size: 12pt;\"><strong>Xu\u1ea5t x\u1ee9<\/strong>: H\u00e0ng nh\u1eadp kh\u1ea9u.<\/span><br \/>\n<span style=\"color: #000000; font-size: 12pt;\"><strong>Lo\u1ea1i b\u00f3ng<\/strong>: B\u00f3ng led E27 x 1 b\u00f3ng, gi\u00e1 tr\u00ean ch\u01b0a bao g\u1ed3m b\u00f3ng.<\/span><br \/>\n<span style=\"color: #000000; font-size: 12pt;\"><strong>M\u00f4 t\u1ea3<\/strong>: \u0110\u00e8n t\u01b0\u1eddng trang tr\u00ed ngo\u00e0i tr\u1eddi \u0111\u01b0\u1ee3c c\u1ea5u t\u1ea1o t\u1eeb th\u00e2n \u0111\u00e8n b\u1eb1ng kim lo\u1ea1i s\u01a1n t\u0129nh \u0111i\u1ec7n v\u00e0 chao \u0111\u00e8n b\u1eb1ng th\u1ee7y tinh. c\u00f3 th\u1ec3 s\u1eed d\u1ee5ng ngo\u00e0i tr\u1eddi.<\/span><br \/>\n<span style=\"color: #000000; font-size: 12pt;\"><strong>\u1ee8ng d\u1ee5ng<\/strong>: S\u1eed d\u1ee5ng trong trang tr\u00ed ngo\u00e0i tr\u1eddi.<\/span><br \/>\n<span style=\"color: #000000; font-size: 12pt;\"><strong>B\u1ea3o h\u00e0nh<\/strong>: 12 th\u00e1ng.<\/span><\/p>\n<p class=\"Y3BBE\" data-hveid=\"CAEICBAA\" data-complete=\"true\" data-processed=\"true\"><span style=\"font-size: 12pt; color: #000000;\"><strong>LI\u00caN H\u1ec6 : Hotline: 0935 228 204 ( Ms Lam )<\/strong><\/span><\/p>\n<p><span style=\"font-size: 12pt; color: #000000;\"><strong>Facebook:\u00a0<span style=\"color: #ff6600;\"><a style=\"color: #ff6600;\" href=\"https:\/\/www.facebook.com\/thietbidienlama\" target=\"_blank\" rel=\"noopener\">THI\u1ebeT\u00a0B\u1eca \u0110I\u1ec6N LAMA<\/a><\/span><\/strong><\/span><\/p>\n<p><span style=\"font-size: 12pt; color: #000000;\"><strong>Tiktok:\u00a0<span style=\"color: #ff6600;\"><a style=\"color: #ff6600;\" href=\"https:\/\/www.tiktok.com\/@thietbidienlama\" target=\"_blank\" rel=\"noopener\">THI\u1ebeT\u00a0B\u1eca \u0110I\u1ec6N LAMA<\/a><\/span><\/strong><\/span><\/p>","protected":false},"excerpt":{"rendered":"<p>\u0110\u00e8n V\u00e1ch C\u1ed5 \u0110i\u1ec3n Trang Tr\u00ed Euroto TD-36 D\u00f2ng s\u1ea3n ph\u1ea9m: \u0110\u00e8n t\u01b0\u1eddng ngo\u00e0i tr\u1eddi &#8211; \u0111\u00e8n v\u00e1ch c\u1ed5 \u0111i\u1ec3n<\/p>","protected":false},"featured_media":11954,"comment_status":"closed","ping_status":"closed","template":"","meta":[],"product_brand":[],"product_cat":[505,847,845],"product_tag":[970],"class_list":{"0":"post-11953","1":"product","2":"type-product","3":"status-publish","4":"has-post-thumbnail","6":"product_cat-den-trang-tri","7":"product_cat-den-trang-tri-ngoai-troi","8":"product_cat-den-tuong-trang-tri","9":"product_tag-den-vach-co-dien","11":"first","12":"instock","13":"sale","14":"shipping-taxable","15":"purchasable","16":"product-type-simple"},"_links":{"self":[{"href":"https:\/\/www.thietbidienlama.com\/en\/wp-json\/wp\/v2\/product\/11953","targetHints":{"allow":["GET"]}}],"collection":[{"href":"https:\/\/www.thietbidienlama.com\/en\/wp-json\/wp\/v2\/product"}],"about":[{"href":"https:\/\/www.thietbidienlama.com\/en\/wp-json\/wp\/v2\/types\/product"}],"replies":[{"embeddable":true,"href":"https:\/\/www.thietbidienlama.com\/en\/wp-json\/wp\/v2\/comments?post=11953"}],"version-history":[{"count":3,"href":"https:\/\/www.thietbidienlama.com\/en\/wp-json\/wp\/v2\/product\/11953\/revisions"}],"predecessor-version":[{"id":13558,"href":"https:\/\/www.thietbidienlama.com\/en\/wp-json\/wp\/v2\/product\/11953\/revisions\/13558"}],"wp:featuredmedia":[{"embeddable":true,"href":"https:\/\/www.thietbidienlama.com\/en\/wp-json\/wp\/v2\/media\/11954"}],"wp:attachment":[{"href":"https:\/\/www.thietbidienlama.com\/en\/wp-json\/wp\/v2\/media?parent=11953"}],"wp:term":[{"taxonomy":"product_brand","embeddable":true,"href":"https:\/\/www.thietbidienlama.com\/en\/wp-json\/wp\/v2\/product_brand?post=11953"},{"taxonomy":"product_cat","embeddable":true,"href":"https:\/\/www.thietbidienlama.com\/en\/wp-json\/wp\/v2\/product_cat?post=11953"},{"taxonomy":"product_tag","embeddable":true,"href":"https:\/\/www.thietbidienlama.com\/en\/wp-json\/wp\/v2\/product_tag?post=11953"}],"curies":[{"name":"wp","href":"https:\/\/api.w.org\/{rel}","templated":true}]}}