{"id":11946,"date":"2025-04-13T10:34:26","date_gmt":"2025-04-13T03:34:26","guid":{"rendered":"https:\/\/thietbidienlama.com\/?post_type=product&#038;p=11946"},"modified":"2025-11-14T10:16:00","modified_gmt":"2025-11-14T03:16:00","slug":"den-vach-tuong-trang-tri-euroto-td-03v","status":"publish","type":"product","link":"https:\/\/www.thietbidienlama.com\/en\/den-vach-tuong-trang-tri-euroto-td-03v\/","title":{"rendered":"\u0110\u00e8n V\u00e1ch T\u01b0\u1eddng Trang Tr\u00ed Euroto TD-03V"},"content":{"rendered":"<h2><span style=\"color: #000000;\"><span style=\"color: #ff6600;\"><a style=\"color: #ff6600;\" href=\"https:\/\/thietbidienlama.com\/den-vach-tuong-trang-tri-euroto-td-03v\/\">\u0110\u00e8n V\u00e1ch T\u01b0\u1eddng<\/a><\/span> Trang Tr\u00ed Euroto TD-03V<\/span><\/h2>\n<p><img fetchpriority=\"high\" decoding=\"async\" class=\"alignnone size-medium wp-image-11950 aligncenter\" src=\"http:\/\/thietbidienlama.com\/wp-content\/uploads\/2025\/04\/den-vach-tuong-trang-tri-euroto-300x300.jpg\" alt=\"\" width=\"300\" height=\"300\" srcset=\"https:\/\/www.thietbidienlama.com\/wp-content\/uploads\/2025\/04\/den-vach-tuong-trang-tri-euroto-300x300.jpg 300w, https:\/\/www.thietbidienlama.com\/wp-content\/uploads\/2025\/04\/den-vach-tuong-trang-tri-euroto-150x150.jpg 150w, https:\/\/www.thietbidienlama.com\/wp-content\/uploads\/2025\/04\/den-vach-tuong-trang-tri-euroto-12x12.jpg 12w, https:\/\/www.thietbidienlama.com\/wp-content\/uploads\/2025\/04\/den-vach-tuong-trang-tri-euroto.jpg 500w\" sizes=\"(max-width: 300px) 100vw, 300px\" \/><\/p>\n<p><span style=\"color: #000000;\"><strong>D\u00f2ng s\u1ea3n ph\u1ea9m<\/strong>: \u0110\u00e8n t\u01b0\u1eddng ngo\u00e0i tr\u1eddi<\/span><br \/>\n<span style=\"color: #000000;\"><strong>M\u00e0u s\u1eafc \u00e1nh s\u00e1ng<\/strong>: \u00c1nh s\u00e1ng tr\u1eafng ho\u1eb7c v\u00e0ng.<\/span><br \/>\n<span style=\"color: #000000;\"><strong>Chi\u1ec1u ngang \u0111\u00e8n<\/strong>: 160mm.<\/span><br \/>\n<span style=\"color: #000000;\"><strong>Chi\u1ec1u cao \u0111\u00e8n<\/strong>: 360mm.<\/span><br \/>\n<span style=\"color: #000000;\"><strong>Ch\u1ea5t li\u1ec7u<\/strong>: Th\u00e2n \u0111\u00e8n b\u1eb1ng kim lo\u1ea1i s\u01a1n t\u0129nh \u0111i\u1ec7n v\u00e0 chao \u0111\u00e8n b\u1eb1ng th\u1ee7y tinh.<\/span><br \/>\n<span style=\"color: #000000;\"><strong>Xu\u1ea5t x\u1ee9<\/strong>: H\u00e0ng nh\u1eadp kh\u1ea9u.<\/span><br \/>\n<span style=\"color: #000000;\"><strong>Lo\u1ea1i b\u00f3ng<\/strong>: B\u00f3ng led E27 x 1 b\u00f3ng, gi\u00e1 tr\u00ean ch\u01b0a bao g\u1ed3m b\u00f3ng.<\/span><br \/>\n<span style=\"color: #000000;\"><strong>M\u00f4 t\u1ea3<\/strong>: \u0110\u00e8n t\u01b0\u1eddng trang tr\u00ed ngo\u00e0i tr\u1eddi \u0111\u01b0\u1ee3c c\u1ea5u t\u1ea1o t\u1eeb th\u00e2n \u0111\u00e8n b\u1eb1ng kim lo\u1ea1i s\u01a1n t\u0129nh \u0111i\u1ec7n v\u00e0 chao \u0111\u00e8n b\u1eb1ng th\u1ee7y tinh. c\u00f3 th\u1ec3 s\u1eed d\u1ee5ng ngo\u00e0i tr\u1eddi.<\/span><br \/>\n<span style=\"color: #000000;\"><strong>\u1ee8ng d\u1ee5ng<\/strong>: S\u1eed d\u1ee5ng trong trang tr\u00ed ngo\u00e0i tr\u1eddi.<\/span><br \/>\n<span style=\"color: #000000;\"><strong>B\u1ea3o h\u00e0nh<\/strong>: 12 th\u00e1ng.<\/span><\/p>\n<p class=\"Y3BBE\" data-hveid=\"CAEICBAA\" data-complete=\"true\" data-processed=\"true\"><span style=\"font-size: 12pt; color: #000000;\"><strong>LI\u00caN H\u1ec6 : Hotline: 0935 228 204 ( Ms Lam )<\/strong><\/span><\/p>\n<p><span style=\"font-size: 12pt; color: #000000;\"><strong>Facebook:\u00a0<span style=\"color: #ff6600;\"><a style=\"color: #ff6600;\" href=\"https:\/\/www.facebook.com\/thietbidienlama\" target=\"_blank\" rel=\"noopener\">THI\u1ebeT\u00a0B\u1eca \u0110I\u1ec6N LAMA<\/a><\/span><\/strong><\/span><\/p>\n<p><span style=\"font-size: 12pt; color: #000000;\"><strong>Tiktok:\u00a0<span style=\"color: #ff6600;\"><a style=\"color: #ff6600;\" href=\"https:\/\/www.tiktok.com\/@thietbidienlama\" target=\"_blank\" rel=\"noopener\">THI\u1ebeT\u00a0B\u1eca \u0110I\u1ec6N LAMA<\/a><\/span><\/strong><\/span><\/p>","protected":false},"excerpt":{"rendered":"<p>\u0110\u00e8n V\u00e1ch T\u01b0\u1eddng Trang Tr\u00ed Euroto TD-03V D\u00f2ng s\u1ea3n ph\u1ea9m: \u0110\u00e8n t\u01b0\u1eddng ngo\u00e0i tr\u1eddi M\u00e0u s\u1eafc \u00e1nh s\u00e1ng: \u00c1nh s\u00e1ng<\/p>","protected":false},"featured_media":11950,"comment_status":"closed","ping_status":"closed","template":"","meta":[],"product_brand":[],"product_cat":[505,847,845],"product_tag":[971],"class_list":{"0":"post-11946","1":"product","2":"type-product","3":"status-publish","4":"has-post-thumbnail","6":"product_cat-den-trang-tri","7":"product_cat-den-trang-tri-ngoai-troi","8":"product_cat-den-tuong-trang-tri","9":"product_tag-den-vach-tuong","11":"first","12":"instock","13":"sale","14":"shipping-taxable","15":"purchasable","16":"product-type-simple"},"_links":{"self":[{"href":"https:\/\/www.thietbidienlama.com\/en\/wp-json\/wp\/v2\/product\/11946","targetHints":{"allow":["GET"]}}],"collection":[{"href":"https:\/\/www.thietbidienlama.com\/en\/wp-json\/wp\/v2\/product"}],"about":[{"href":"https:\/\/www.thietbidienlama.com\/en\/wp-json\/wp\/v2\/types\/product"}],"replies":[{"embeddable":true,"href":"https:\/\/www.thietbidienlama.com\/en\/wp-json\/wp\/v2\/comments?post=11946"}],"version-history":[{"count":3,"href":"https:\/\/www.thietbidienlama.com\/en\/wp-json\/wp\/v2\/product\/11946\/revisions"}],"predecessor-version":[{"id":13560,"href":"https:\/\/www.thietbidienlama.com\/en\/wp-json\/wp\/v2\/product\/11946\/revisions\/13560"}],"wp:featuredmedia":[{"embeddable":true,"href":"https:\/\/www.thietbidienlama.com\/en\/wp-json\/wp\/v2\/media\/11950"}],"wp:attachment":[{"href":"https:\/\/www.thietbidienlama.com\/en\/wp-json\/wp\/v2\/media?parent=11946"}],"wp:term":[{"taxonomy":"product_brand","embeddable":true,"href":"https:\/\/www.thietbidienlama.com\/en\/wp-json\/wp\/v2\/product_brand?post=11946"},{"taxonomy":"product_cat","embeddable":true,"href":"https:\/\/www.thietbidienlama.com\/en\/wp-json\/wp\/v2\/product_cat?post=11946"},{"taxonomy":"product_tag","embeddable":true,"href":"https:\/\/www.thietbidienlama.com\/en\/wp-json\/wp\/v2\/product_tag?post=11946"}],"curies":[{"name":"wp","href":"https:\/\/api.w.org\/{rel}","templated":true}]}}