{"id":11934,"date":"2025-04-12T10:01:24","date_gmt":"2025-04-12T03:01:24","guid":{"rendered":"https:\/\/thietbidienlama.com\/?post_type=product&#038;p=11934"},"modified":"2025-04-12T10:01:24","modified_gmt":"2025-04-12T03:01:24","slug":"den-lon-op-tran-euroto-ln-216-chong-choi","status":"publish","type":"product","link":"https:\/\/www.thietbidienlama.com\/en\/den-lon-op-tran-euroto-ln-216-chong-choi\/","title":{"rendered":"\u0110\u00e8n Lon \u1ed0p Tr\u1ea7n Euroto LN-216 Ch\u1ed1ng Ch\u00f3i"},"content":{"rendered":"<h2><span style=\"color: #000000;\">\u0110\u00e8n Lon \u1ed0p Tr\u1ea7n Euroto LN-216 Ch\u1ed1ng Ch\u00f3i<\/span><\/h2>\n<ul>\n<li><span style=\"color: #000000;\"><strong>Th\u00f4ng s\u1ed1 k\u1ef9 thu\u1eadt:<\/strong><\/span><\/li>\n<li><span style=\"color: #000000;\">&#8211;<strong>\u00a0<\/strong>Chip LED: Cree<\/span><\/li>\n<li><span style=\"color: #000000;\">&#8211; C\u00f4ng su\u1ea5t: led COB 12W<\/span><\/li>\n<li><span style=\"color: #000000;\">&#8211; M\u00e0u \u00e1nh s\u00e1ng: (6000K) &#8211; (3000K) &#8211; (4000K)<\/span><\/li>\n<li><span style=\"color: #000000;\">&#8211; K\u00edch th\u01b0\u1edbc: \u00d885 x H75mm<\/span><\/li>\n<li><span style=\"font-family: arial, helvetica, sans-serif; color: #000000;\">&#8211; Lumen: 120\/W<\/span><\/li>\n<li><span style=\"color: #000000;\">&#8211; G\u00f3c chi\u1ebfu: 120\u00ba<\/span><\/li>\n<li><span style=\"color: #000000;\">&#8211; Ch\u1ec9 s\u1ed1 ho\u00e0n m\u00e0u: CRI &#8211; RA &gt;= 95<\/span><\/li>\n<li><span style=\"color: #000000;\">&#8211; Ch\u1ea5t li\u1ec7u: Aluminum + Glass<\/span><\/li>\n<li><span style=\"color: #000000;\">&#8211; IP: 54<\/span><\/li>\n<li><span style=\"color: #000000;\">&#8211; AC: 85 -&gt;265V<\/span><\/li>\n<li><span style=\"color: #000000;\">&#8211; Tu\u1ed5i th\u1ecd: 50.000H<\/span><\/li>\n<li><span style=\"color: #000000;\">&#8211; \u1ee8ng d\u1ee5ng: L\u1eafp \u0111\u1eb7t trong nh\u00e0, ban c\u00f4ng, t\u1ee7 \u0111\u1ed3 v.v..<\/span><\/li>\n<li><span style=\"color: #000000;\"><strong>Xu\u1ea5t x\u1ee9:<\/strong>\u00a0Nh\u1eadp kh\u1ea9u<\/span><\/li>\n<\/ul>","protected":false},"excerpt":{"rendered":"<p>\u0110\u00e8n Lon \u1ed0p Tr\u1ea7n Euroto LN-216 Ch\u1ed1ng Ch\u00f3i Th\u00f4ng s\u1ed1 k\u1ef9 thu\u1eadt: &#8211;\u00a0Chip LED: Cree &#8211; C\u00f4ng su\u1ea5t: led COB<\/p>","protected":false},"featured_media":11935,"comment_status":"closed","ping_status":"closed","template":"","meta":[],"product_brand":[],"product_cat":[505,846,850],"product_tag":[],"class_list":{"0":"post-11934","1":"product","2":"type-product","3":"status-publish","4":"has-post-thumbnail","6":"product_cat-den-trang-tri","7":"product_cat-den-lon-trang-tri","8":"product_cat-den-trang-tri-phong-khach","10":"first","11":"instock","12":"sale","13":"shipping-taxable","14":"purchasable","15":"product-type-simple"},"_links":{"self":[{"href":"https:\/\/www.thietbidienlama.com\/en\/wp-json\/wp\/v2\/product\/11934","targetHints":{"allow":["GET"]}}],"collection":[{"href":"https:\/\/www.thietbidienlama.com\/en\/wp-json\/wp\/v2\/product"}],"about":[{"href":"https:\/\/www.thietbidienlama.com\/en\/wp-json\/wp\/v2\/types\/product"}],"replies":[{"embeddable":true,"href":"https:\/\/www.thietbidienlama.com\/en\/wp-json\/wp\/v2\/comments?post=11934"}],"version-history":[{"count":1,"href":"https:\/\/www.thietbidienlama.com\/en\/wp-json\/wp\/v2\/product\/11934\/revisions"}],"predecessor-version":[{"id":11937,"href":"https:\/\/www.thietbidienlama.com\/en\/wp-json\/wp\/v2\/product\/11934\/revisions\/11937"}],"wp:featuredmedia":[{"embeddable":true,"href":"https:\/\/www.thietbidienlama.com\/en\/wp-json\/wp\/v2\/media\/11935"}],"wp:attachment":[{"href":"https:\/\/www.thietbidienlama.com\/en\/wp-json\/wp\/v2\/media?parent=11934"}],"wp:term":[{"taxonomy":"product_brand","embeddable":true,"href":"https:\/\/www.thietbidienlama.com\/en\/wp-json\/wp\/v2\/product_brand?post=11934"},{"taxonomy":"product_cat","embeddable":true,"href":"https:\/\/www.thietbidienlama.com\/en\/wp-json\/wp\/v2\/product_cat?post=11934"},{"taxonomy":"product_tag","embeddable":true,"href":"https:\/\/www.thietbidienlama.com\/en\/wp-json\/wp\/v2\/product_tag?post=11934"}],"curies":[{"name":"wp","href":"https:\/\/api.w.org\/{rel}","templated":true}]}}