{"id":11929,"date":"2025-04-12T07:37:29","date_gmt":"2025-04-12T00:37:29","guid":{"rendered":"https:\/\/thietbidienlama.com\/?post_type=product&#038;p=11929"},"modified":"2025-04-12T07:37:29","modified_gmt":"2025-04-12T00:37:29","slug":"den-lon-noi-euroto-ln-201","status":"publish","type":"product","link":"https:\/\/www.thietbidienlama.com\/en\/den-lon-noi-euroto-ln-201\/","title":{"rendered":"\u0110\u00e8n Lon N\u1ed5i Euroto LN-201"},"content":{"rendered":"<p><span style=\"color: #000000;\"><strong>\u0110\u00e8n lon n\u1ed5i Euroto LN-201 12W<\/strong><\/span><\/p>\n<p><span style=\"color: #000000;\">M\u00e3 h\u00e0ng: LN-201 12W<\/span><\/p>\n<p><span style=\"color: #000000;\">K\u00edch th\u01b0\u1edbc \u0111\u00e8n: \u00d885 x H75 mm<\/span><\/p>\n<p><span style=\"color: #000000;\">\u00c1nh s\u00e1ng \u0111\u01a1n ma\u0300u:<\/span><\/p>\n<p><span style=\"color: #000000;\">\u00c1nh s\u00e1ng v\u00e0ng<\/span><\/p>\n<p><span style=\"color: #000000;\">Th\u00f4ng s\u1ed1 k\u1ef9 thu\u1eadt:<\/span><\/p>\n<p><span style=\"color: #000000;\">Chip led: Cree (USA)<\/span><\/p>\n<p><span style=\"color: #000000;\">Power: COB 12W \u2013 80W<\/span><\/p>\n<p><span style=\"color: #000000;\">Lumen: 120\/W<\/span><\/p>\n<p><span style=\"color: #000000;\">G\u00f3c chi\u1ebfu: 24\u00ba<\/span><\/p>\n<p><span style=\"color: #000000;\">Ch\u1ec9 s\u1ed1 ho\u00e0n m\u00e0u: CRI \u2013 RA \u2265 95<\/span><\/p>\n<p><span style=\"color: #000000;\">Ch\u1ea5t li\u1ec7u: Nh\u00f4m + Th\u1ee7y tinh<\/span><\/p>\n<p><span style=\"color: #000000;\">IP: 54 \u2013 S\u1eed d\u1ee5ng tr\u00e1nh n\u01a1i \u1ea9m \u01b0\u1edbt<\/span><\/p>\n<p><span style=\"color: #000000;\">AC \u2013 Ngu\u1ed3n \u0111i\u1ec7n: 85 \u2013 265V<\/span><\/p>\n<p><span style=\"color: #000000;\">Tu\u1ed5i th\u1ecd: 40.000h<\/span><\/p>","protected":false},"excerpt":{"rendered":"<p>\u0110\u00e8n lon n\u1ed5i Euroto LN-201 12W M\u00e3 h\u00e0ng: LN-201 12W K\u00edch th\u01b0\u1edbc \u0111\u00e8n: \u00d885 x H75 mm \u00c1nh s\u00e1ng \u0111\u01a1n<\/p>","protected":false},"featured_media":11932,"comment_status":"closed","ping_status":"closed","template":"","meta":[],"product_brand":[],"product_cat":[505,846,851,850],"product_tag":[],"class_list":{"0":"post-11929","1":"product","2":"type-product","3":"status-publish","4":"has-post-thumbnail","6":"product_cat-den-trang-tri","7":"product_cat-den-lon-trang-tri","8":"product_cat-den-tran-phong-khach","9":"product_cat-den-trang-tri-phong-khach","11":"first","12":"instock","13":"sale","14":"shipping-taxable","15":"purchasable","16":"product-type-simple"},"_links":{"self":[{"href":"https:\/\/www.thietbidienlama.com\/en\/wp-json\/wp\/v2\/product\/11929","targetHints":{"allow":["GET"]}}],"collection":[{"href":"https:\/\/www.thietbidienlama.com\/en\/wp-json\/wp\/v2\/product"}],"about":[{"href":"https:\/\/www.thietbidienlama.com\/en\/wp-json\/wp\/v2\/types\/product"}],"replies":[{"embeddable":true,"href":"https:\/\/www.thietbidienlama.com\/en\/wp-json\/wp\/v2\/comments?post=11929"}],"version-history":[{"count":1,"href":"https:\/\/www.thietbidienlama.com\/en\/wp-json\/wp\/v2\/product\/11929\/revisions"}],"predecessor-version":[{"id":11933,"href":"https:\/\/www.thietbidienlama.com\/en\/wp-json\/wp\/v2\/product\/11929\/revisions\/11933"}],"wp:featuredmedia":[{"embeddable":true,"href":"https:\/\/www.thietbidienlama.com\/en\/wp-json\/wp\/v2\/media\/11932"}],"wp:attachment":[{"href":"https:\/\/www.thietbidienlama.com\/en\/wp-json\/wp\/v2\/media?parent=11929"}],"wp:term":[{"taxonomy":"product_brand","embeddable":true,"href":"https:\/\/www.thietbidienlama.com\/en\/wp-json\/wp\/v2\/product_brand?post=11929"},{"taxonomy":"product_cat","embeddable":true,"href":"https:\/\/www.thietbidienlama.com\/en\/wp-json\/wp\/v2\/product_cat?post=11929"},{"taxonomy":"product_tag","embeddable":true,"href":"https:\/\/www.thietbidienlama.com\/en\/wp-json\/wp\/v2\/product_tag?post=11929"}],"curies":[{"name":"wp","href":"https:\/\/api.w.org\/{rel}","templated":true}]}}