{"id":11879,"date":"2025-04-08T22:22:56","date_gmt":"2025-04-08T15:22:56","guid":{"rendered":"https:\/\/thietbidienlama.com\/?post_type=product&#038;p=11879"},"modified":"2025-04-12T07:09:08","modified_gmt":"2025-04-12T00:09:08","slug":"den-trang-tri-tuong-nam-long-nv-567","status":"publish","type":"product","link":"https:\/\/www.thietbidienlama.com\/en\/den-trang-tri-tuong-nam-long-nv-567\/","title":{"rendered":"\u0110\u00e8n Trang Tr\u00ed T\u01b0\u1eddng Ngo\u00e0i Tr\u1eddi Nam Long NV-567"},"content":{"rendered":"<div class=\"productTitle hidden-sm hidden-xs\">\n<h1>\u0110\u00e8n Trang Tr\u00ed T\u01b0\u1eddng Ngo\u00e0i Tr\u1eddi Nam Long NV-567<\/h1>\n<\/div>\n<div class=\"product-attr\">\n<ul>\n<li>\n<div class=\"att\">M\u00e3 s\u1ed1: \u0110\u00e8n S\u1eed D\u1ee5ng Led<\/div>\n<div class=\"clear\"><\/div>\n<\/li>\n<li>\n<div class=\"att\">M\u00e3 S\u1ed1: NV-567<\/div>\n<div class=\"clear\"><\/div>\n<\/li>\n<li>\n<div class=\"att\">Xu\u1ea5t X\u1ee9: \u0110\u00e8n \u0110\u01b0\u1ee3c Nh\u1eadp Kh\u1ea9u<\/div>\n<div class=\"clear\"><\/div>\n<\/li>\n<li>\n<div class=\"att\">Thi\u1ebft K\u1ebf: \u0110\u00e8n T\u01b0\u1eddng H\u1eaft Led Nam Long<\/div>\n<div class=\"clear\"><\/div>\n<\/li>\n<li>\n<div class=\"att\">K\u00edch Th\u01b0\u1edbc: \u0278 150 x H100mm<\/div>\n<div class=\"clear\"><\/div>\n<\/li>\n<li>\n<div class=\"att\">Lo\u1ea1i B\u00f3ng: Led 10W<\/div>\n<div class=\"clear\"><\/div>\n<\/li>\n<li>\n<div class=\"att\">\u00c1nh S\u00e1ng: V\u00e0ng<\/div>\n<div class=\"clear\"><\/div>\n<\/li>\n<li>\n<div class=\"att\">\u1ee8ng D\u1ee5ng: Ph\u00f2ng Kh\u00e1ch, Ph\u00f2ng Ng\u1ee7,H\u00e0nh Lang L\u1ed1i \u0110i<\/div>\n<div class=\"clear\"><\/div>\n<\/li>\n<li>\n<div class=\"att\">B\u1ea3o H\u00e0nh: M\u1ea1ch V\u00e0 B\u00f3ng Led B\u1ea3o H\u00e0nh 1 N\u0103m T\u1ea1i X\u01b0\u1edfng<\/div>\n<div class=\"clear\"><\/div>\n<\/li>\n<li>\n<div class=\"att\">VAT: Gi\u00e1 Tr\u00ean Ch\u01b0a Bao G\u1ed1m VAT<\/div>\n<\/li>\n<\/ul>\n<\/div>","protected":false},"excerpt":{"rendered":"<p>\u0110\u00e8n Trang Tr\u00ed T\u01b0\u1eddng Ngo\u00e0i Tr\u1eddi Nam Long NV-567 M\u00e3 s\u1ed1: \u0110\u00e8n S\u1eed D\u1ee5ng Led M\u00e3 S\u1ed1: NV-567 Xu\u1ea5t X\u1ee9:<\/p>","protected":false},"featured_media":11880,"comment_status":"closed","ping_status":"closed","template":"","meta":[],"product_brand":[],"product_cat":[505,847,845],"product_tag":[],"class_list":{"0":"post-11879","1":"product","2":"type-product","3":"status-publish","4":"has-post-thumbnail","6":"product_cat-den-trang-tri","7":"product_cat-den-trang-tri-ngoai-troi","8":"product_cat-den-tuong-trang-tri","10":"first","11":"instock","12":"sale","13":"shipping-taxable","14":"purchasable","15":"product-type-simple"},"_links":{"self":[{"href":"https:\/\/www.thietbidienlama.com\/en\/wp-json\/wp\/v2\/product\/11879","targetHints":{"allow":["GET"]}}],"collection":[{"href":"https:\/\/www.thietbidienlama.com\/en\/wp-json\/wp\/v2\/product"}],"about":[{"href":"https:\/\/www.thietbidienlama.com\/en\/wp-json\/wp\/v2\/types\/product"}],"replies":[{"embeddable":true,"href":"https:\/\/www.thietbidienlama.com\/en\/wp-json\/wp\/v2\/comments?post=11879"}],"version-history":[{"count":4,"href":"https:\/\/www.thietbidienlama.com\/en\/wp-json\/wp\/v2\/product\/11879\/revisions"}],"predecessor-version":[{"id":11916,"href":"https:\/\/www.thietbidienlama.com\/en\/wp-json\/wp\/v2\/product\/11879\/revisions\/11916"}],"wp:featuredmedia":[{"embeddable":true,"href":"https:\/\/www.thietbidienlama.com\/en\/wp-json\/wp\/v2\/media\/11880"}],"wp:attachment":[{"href":"https:\/\/www.thietbidienlama.com\/en\/wp-json\/wp\/v2\/media?parent=11879"}],"wp:term":[{"taxonomy":"product_brand","embeddable":true,"href":"https:\/\/www.thietbidienlama.com\/en\/wp-json\/wp\/v2\/product_brand?post=11879"},{"taxonomy":"product_cat","embeddable":true,"href":"https:\/\/www.thietbidienlama.com\/en\/wp-json\/wp\/v2\/product_cat?post=11879"},{"taxonomy":"product_tag","embeddable":true,"href":"https:\/\/www.thietbidienlama.com\/en\/wp-json\/wp\/v2\/product_tag?post=11879"}],"curies":[{"name":"wp","href":"https:\/\/api.w.org\/{rel}","templated":true}]}}