{"id":11871,"date":"2025-04-08T21:42:51","date_gmt":"2025-04-08T14:42:51","guid":{"rendered":"https:\/\/thietbidienlama.com\/?post_type=product&#038;p=11871"},"modified":"2026-03-27T10:59:44","modified_gmt":"2026-03-27T03:59:44","slug":"den-trang-tri-tuong-euroto-cn-412-trong-nha","status":"publish","type":"product","link":"https:\/\/www.thietbidienlama.com\/en\/den-trang-tri-tuong-euroto-cn-412-trong-nha\/","title":{"rendered":"\u0110\u00e8n Trang Tr\u00ed T\u01b0\u1eddng Trong Nh\u00e0 Euroto CN-412"},"content":{"rendered":"<h2><span style=\"color: #000000;\">\u0110\u00e8n Trang Tr\u00ed T\u01b0\u1eddng <\/span><span style=\"color: #000000;\">Trong Nh\u00e0 <\/span><span style=\"color: #000000;\">CN-412\u00a0<\/span><\/h2>\n<p><span style=\"color: #000000;\">LED 1Wx3 \u2013\u00a0\u00c1nh s\u00e1ng v\u00e0ng<\/span><\/p>\n<p><span style=\"color: #000000;\">K\u00edch th\u01b0\u1edbc \u0111\u00e8n: L165 x W60 x H60 mm<\/span><\/p>\n<p><span style=\"color: #000000;\">IP54: D\u00f9ng trong nh\u00e0 c\u00f3 th\u1ec3 ch\u1ed1ng \u1ea9m, kh\u00f4ng s\u1eed d\u1ee5ng ngo\u00e0i tr\u1eddi<\/span><\/p>\n<p><span style=\"color: #000000;\">B\u1ea3o h\u00e0nh 12 th\u00e1ng<\/span><\/p>","protected":false},"excerpt":{"rendered":"<p>\u0110\u00e8n Trang Tr\u00ed T\u01b0\u1eddng Trong Nh\u00e0 CN-412\u00a0 LED 1Wx3 \u2013\u00a0\u00c1nh s\u00e1ng v\u00e0ng K\u00edch th\u01b0\u1edbc \u0111\u00e8n: L165 x W60 x H60<\/p>","protected":false},"featured_media":11872,"comment_status":"closed","ping_status":"closed","template":"","meta":[],"product_brand":[],"product_cat":[505,1057,847,845],"product_tag":[],"class_list":{"0":"post-11871","1":"product","2":"type-product","3":"status-publish","4":"has-post-thumbnail","6":"product_cat-den-trang-tri","7":"product_cat-den-trang-tri-cau-thang","8":"product_cat-den-trang-tri-ngoai-troi","9":"product_cat-den-tuong-trang-tri","11":"first","12":"instock","13":"sale","14":"shipping-taxable","15":"purchasable","16":"product-type-simple"},"_links":{"self":[{"href":"https:\/\/www.thietbidienlama.com\/en\/wp-json\/wp\/v2\/product\/11871","targetHints":{"allow":["GET"]}}],"collection":[{"href":"https:\/\/www.thietbidienlama.com\/en\/wp-json\/wp\/v2\/product"}],"about":[{"href":"https:\/\/www.thietbidienlama.com\/en\/wp-json\/wp\/v2\/types\/product"}],"replies":[{"embeddable":true,"href":"https:\/\/www.thietbidienlama.com\/en\/wp-json\/wp\/v2\/comments?post=11871"}],"version-history":[{"count":4,"href":"https:\/\/www.thietbidienlama.com\/en\/wp-json\/wp\/v2\/product\/11871\/revisions"}],"predecessor-version":[{"id":11915,"href":"https:\/\/www.thietbidienlama.com\/en\/wp-json\/wp\/v2\/product\/11871\/revisions\/11915"}],"wp:featuredmedia":[{"embeddable":true,"href":"https:\/\/www.thietbidienlama.com\/en\/wp-json\/wp\/v2\/media\/11872"}],"wp:attachment":[{"href":"https:\/\/www.thietbidienlama.com\/en\/wp-json\/wp\/v2\/media?parent=11871"}],"wp:term":[{"taxonomy":"product_brand","embeddable":true,"href":"https:\/\/www.thietbidienlama.com\/en\/wp-json\/wp\/v2\/product_brand?post=11871"},{"taxonomy":"product_cat","embeddable":true,"href":"https:\/\/www.thietbidienlama.com\/en\/wp-json\/wp\/v2\/product_cat?post=11871"},{"taxonomy":"product_tag","embeddable":true,"href":"https:\/\/www.thietbidienlama.com\/en\/wp-json\/wp\/v2\/product_tag?post=11871"}],"curies":[{"name":"wp","href":"https:\/\/api.w.org\/{rel}","templated":true}]}}