{"id":11867,"date":"2025-04-08T21:07:35","date_gmt":"2025-04-08T14:07:35","guid":{"rendered":"https:\/\/thietbidienlama.com\/?post_type=product&#038;p=11867"},"modified":"2025-11-14T10:21:24","modified_gmt":"2025-11-14T03:21:24","slug":"den-trang-tri-tuong-euroto-cn-237-ngoai-troi","status":"publish","type":"product","link":"https:\/\/www.thietbidienlama.com\/en\/den-trang-tri-tuong-euroto-cn-237-ngoai-troi\/","title":{"rendered":"\u0110\u00e8n Trang Tr\u00ed T\u01b0\u1eddng Ngo\u00e0i Tr\u1eddi Euroto CN-237"},"content":{"rendered":"<h2><span style=\"color: #000000;\"><span style=\"color: #ff6600;\"><a style=\"color: #ff6600;\" href=\"https:\/\/thietbidienlama.com\/den-trang-tri-tuong-euroto-cn-237-ngoai-troi\/\">\u0110\u00e8n Trang Tr\u00ed T\u01b0\u1eddng Ngo\u00e0i Tr\u1eddi<\/a><\/span> CN-237<\/span><\/h2>\n<p><img fetchpriority=\"high\" decoding=\"async\" class=\"aligncenter wp-image-11868 size-medium\" src=\"http:\/\/thietbidienlama.com\/wp-content\/uploads\/2025\/04\/den-trang-tri-ban-cong-euroto-cn-237-ngoai-troi-300x300.jpg\" alt=\"\u0110\u00e8n Trang Tr\u00ed T\u01b0\u1eddng Ngo\u00e0i Tr\u1eddi CN-237\" width=\"300\" height=\"300\" srcset=\"https:\/\/www.thietbidienlama.com\/wp-content\/uploads\/2025\/04\/den-trang-tri-ban-cong-euroto-cn-237-ngoai-troi-300x300.jpg 300w, https:\/\/www.thietbidienlama.com\/wp-content\/uploads\/2025\/04\/den-trang-tri-ban-cong-euroto-cn-237-ngoai-troi-150x150.jpg 150w, https:\/\/www.thietbidienlama.com\/wp-content\/uploads\/2025\/04\/den-trang-tri-ban-cong-euroto-cn-237-ngoai-troi-12x12.jpg 12w, https:\/\/www.thietbidienlama.com\/wp-content\/uploads\/2025\/04\/den-trang-tri-ban-cong-euroto-cn-237-ngoai-troi.jpg 500w\" sizes=\"(max-width: 300px) 100vw, 300px\" \/><\/p>\n<p><span style=\"color: #000000;\"><strong>D\u00f2ng s\u1ea3n ph\u1ea9m<\/strong>: \u0110\u00e8n trang tr\u00ed t\u01b0\u1eddng ngo\u00e0i tr\u1eddi<\/span><br \/>\n<span style=\"color: #000000;\"><strong>M\u00e0u s\u1eafc \u00e1nh s\u00e1ng<\/strong>: \u00c1nh s\u00e1ng v\u00e0ng.<\/span><br \/>\n<span style=\"color: #000000;\"><strong>Chi\u1ec1u ngang \u0111\u00e8n<\/strong>: 170mm x 100mm.<\/span><br \/>\n<span style=\"color: #000000;\"><strong>Chi\u1ec1u cao \u0111\u00e8n<\/strong>: 170mm.<\/span><br \/>\n<span style=\"color: #000000;\"><strong>Ch\u1ea5t li\u1ec7u<\/strong>: Th\u00e2n \u0111\u00e8n b\u1eb1ng kim lo\u1ea1i s\u01a1n t\u0129nh \u0111i\u1ec7n.<\/span><br \/>\n<span style=\"color: #000000;\"><strong>Xu\u1ea5t x\u1ee9<\/strong>: H\u00e0ng nh\u1eadp kh\u1ea9u.<\/span><br \/>\n<span style=\"color: #000000;\"><strong>Lo\u1ea1i b\u00f3ng<\/strong>: B\u00f3ng Led, gi\u00e1 tr\u00ean \u0111\u00e3 bao g\u1ed3m b\u00f3ng.<\/span><br \/>\n<span style=\"color: #000000;\"><strong>M\u00f4 t\u1ea3<\/strong>: \u0110\u00e8n ch\u1ed1ng n\u1ed5 trang tr\u00ed v\u00e1ch ngo\u00e0i tr\u1eddi \u0111\u01b0\u1ee3c c\u1ea5u t\u1ea1o v\u1edbi th\u00e2n \u0111\u00e8n b\u1eb1ng kim lo\u1ea1i s\u01a1n t\u0129nh \u0111i\u1ec7n v\u00e0 chao \u0111\u00e8n b\u1eb1ng th\u1ee7y tinh v\u1edbi phong c\u00e1ch \u0111\u01a1n gi\u00e3n nh\u1eb1m t\u00f4 \u0111i\u1ec3m cho kh\u00f4ng gian chi\u1ebfu s\u00e1ng.<\/span><br \/>\n<span style=\"color: #000000;\"><strong>\u1ee8ng d\u1ee5ng<\/strong>: S\u1eed d\u1ee5ng trong trang tr\u00ed trong nh\u00e0 v\u00e0 ngo\u00e0i tr\u1eddi.<\/span><br \/>\n<span style=\"color: #000000;\"><strong>B\u1ea3o h\u00e0nh<\/strong>: 12 th\u00e1ng.<\/span><\/p>\n<p class=\"Y3BBE\" data-hveid=\"CAEICBAA\" data-complete=\"true\" data-processed=\"true\"><span style=\"font-size: 12pt; color: #000000;\"><strong>LI\u00caN H\u1ec6 : Hotline: 0935 228 204 ( Ms Lam )<\/strong><\/span><\/p>\n<p><span style=\"font-size: 12pt; color: #000000;\"><strong>Facebook:\u00a0<span style=\"color: #ff6600;\"><a style=\"color: #ff6600;\" href=\"https:\/\/www.facebook.com\/thietbidienlama\" target=\"_blank\" rel=\"noopener\">THI\u1ebeT\u00a0B\u1eca \u0110I\u1ec6N LAMA<\/a><\/span><\/strong><\/span><\/p>\n<p><span style=\"font-size: 12pt; color: #000000;\"><strong>Tiktok:\u00a0<span style=\"color: #ff6600;\"><a style=\"color: #ff6600;\" href=\"https:\/\/www.tiktok.com\/@thietbidienlama\" target=\"_blank\" rel=\"noopener\">THI\u1ebeT\u00a0B\u1eca \u0110I\u1ec6N LAMA<\/a><\/span><\/strong><\/span><\/p>","protected":false},"excerpt":{"rendered":"<p>\u0110\u00e8n Trang Tr\u00ed T\u01b0\u1eddng Ngo\u00e0i Tr\u1eddi CN-237 D\u00f2ng s\u1ea3n ph\u1ea9m: \u0110\u00e8n trang tr\u00ed t\u01b0\u1eddng ngo\u00e0i tr\u1eddi M\u00e0u s\u1eafc \u00e1nh s\u00e1ng:<\/p>","protected":false},"featured_media":11869,"comment_status":"closed","ping_status":"closed","template":"","meta":[],"product_brand":[],"product_cat":[505,847,845],"product_tag":[973],"class_list":{"0":"post-11867","1":"product","2":"type-product","3":"status-publish","4":"has-post-thumbnail","6":"product_cat-den-trang-tri","7":"product_cat-den-trang-tri-ngoai-troi","8":"product_cat-den-tuong-trang-tri","9":"product_tag-den-trang-tri-tuong-ngoai-troi","11":"first","12":"instock","13":"sale","14":"shipping-taxable","15":"purchasable","16":"product-type-simple"},"_links":{"self":[{"href":"https:\/\/www.thietbidienlama.com\/en\/wp-json\/wp\/v2\/product\/11867","targetHints":{"allow":["GET"]}}],"collection":[{"href":"https:\/\/www.thietbidienlama.com\/en\/wp-json\/wp\/v2\/product"}],"about":[{"href":"https:\/\/www.thietbidienlama.com\/en\/wp-json\/wp\/v2\/types\/product"}],"replies":[{"embeddable":true,"href":"https:\/\/www.thietbidienlama.com\/en\/wp-json\/wp\/v2\/comments?post=11867"}],"version-history":[{"count":6,"href":"https:\/\/www.thietbidienlama.com\/en\/wp-json\/wp\/v2\/product\/11867\/revisions"}],"predecessor-version":[{"id":13563,"href":"https:\/\/www.thietbidienlama.com\/en\/wp-json\/wp\/v2\/product\/11867\/revisions\/13563"}],"wp:featuredmedia":[{"embeddable":true,"href":"https:\/\/www.thietbidienlama.com\/en\/wp-json\/wp\/v2\/media\/11869"}],"wp:attachment":[{"href":"https:\/\/www.thietbidienlama.com\/en\/wp-json\/wp\/v2\/media?parent=11867"}],"wp:term":[{"taxonomy":"product_brand","embeddable":true,"href":"https:\/\/www.thietbidienlama.com\/en\/wp-json\/wp\/v2\/product_brand?post=11867"},{"taxonomy":"product_cat","embeddable":true,"href":"https:\/\/www.thietbidienlama.com\/en\/wp-json\/wp\/v2\/product_cat?post=11867"},{"taxonomy":"product_tag","embeddable":true,"href":"https:\/\/www.thietbidienlama.com\/en\/wp-json\/wp\/v2\/product_tag?post=11867"}],"curies":[{"name":"wp","href":"https:\/\/api.w.org\/{rel}","templated":true}]}}