{"id":11841,"date":"2025-04-08T20:04:54","date_gmt":"2025-04-08T13:04:54","guid":{"rendered":"https:\/\/thietbidienlama.com\/?post_type=product&#038;p=11841"},"modified":"2025-04-12T07:10:18","modified_gmt":"2025-04-12T00:10:18","slug":"den-tuong-trang-tri-euroto-cn-405","status":"publish","type":"product","link":"https:\/\/www.thietbidienlama.com\/en\/den-tuong-trang-tri-euroto-cn-405\/","title":{"rendered":"\u0110\u00e8n T\u01b0\u1eddng Trang Tr\u00ed Ph\u00f2ng Kh\u00e1ch Euroto CN-405"},"content":{"rendered":"<h2>\u0110\u00e8n T\u01b0\u1eddng Trang Tr\u00ed Ph\u00f2ng Kh\u00e1ch Euroto CN-405<\/h2>\n<p>&nbsp;<\/p>\n<p><span style=\"color: #000000;\">\u0110\u00e8n s\u1eed d\u1ee5ng 1 b\u00f3ng E27<\/span><\/p>\n<p><span style=\"color: #000000;\">K\u00edch th\u01b0\u1edbc \u0111\u00e8n: \u00d890 x H170 mm<\/span><\/p>\n<p><span style=\"color: #000000;\">IP65: C\u00f3 th\u1ec3 s\u1eed d\u1ee5ng ngo\u00e0i tr\u1eddi<\/span><\/p>\n<p><span style=\"color: #000000;\">S\u1ea3n ph\u1ea9m ch\u01b0a bao g\u1ed3m b\u00f3ng<\/span><\/p>\n<p><span style=\"color: #000000;\">b\u1ea3o h\u00e0nh 12 th\u00e1ng<\/span><\/p>","protected":false},"excerpt":{"rendered":"<p>\u0110\u00e8n T\u01b0\u1eddng Trang Tr\u00ed Ph\u00f2ng Kh\u00e1ch Euroto CN-405 &nbsp; \u0110\u00e8n s\u1eed d\u1ee5ng 1 b\u00f3ng E27 K\u00edch th\u01b0\u1edbc \u0111\u00e8n: \u00d890 x<\/p>","protected":false},"featured_media":11852,"comment_status":"closed","ping_status":"closed","template":"","meta":[],"product_brand":[],"product_cat":[505,847,845],"product_tag":[],"class_list":{"0":"post-11841","1":"product","2":"type-product","3":"status-publish","4":"has-post-thumbnail","6":"product_cat-den-trang-tri","7":"product_cat-den-trang-tri-ngoai-troi","8":"product_cat-den-tuong-trang-tri","10":"first","11":"instock","12":"sale","13":"shipping-taxable","14":"purchasable","15":"product-type-simple"},"_links":{"self":[{"href":"https:\/\/www.thietbidienlama.com\/en\/wp-json\/wp\/v2\/product\/11841","targetHints":{"allow":["GET"]}}],"collection":[{"href":"https:\/\/www.thietbidienlama.com\/en\/wp-json\/wp\/v2\/product"}],"about":[{"href":"https:\/\/www.thietbidienlama.com\/en\/wp-json\/wp\/v2\/types\/product"}],"replies":[{"embeddable":true,"href":"https:\/\/www.thietbidienlama.com\/en\/wp-json\/wp\/v2\/comments?post=11841"}],"version-history":[{"count":7,"href":"https:\/\/www.thietbidienlama.com\/en\/wp-json\/wp\/v2\/product\/11841\/revisions"}],"predecessor-version":[{"id":11912,"href":"https:\/\/www.thietbidienlama.com\/en\/wp-json\/wp\/v2\/product\/11841\/revisions\/11912"}],"wp:featuredmedia":[{"embeddable":true,"href":"https:\/\/www.thietbidienlama.com\/en\/wp-json\/wp\/v2\/media\/11852"}],"wp:attachment":[{"href":"https:\/\/www.thietbidienlama.com\/en\/wp-json\/wp\/v2\/media?parent=11841"}],"wp:term":[{"taxonomy":"product_brand","embeddable":true,"href":"https:\/\/www.thietbidienlama.com\/en\/wp-json\/wp\/v2\/product_brand?post=11841"},{"taxonomy":"product_cat","embeddable":true,"href":"https:\/\/www.thietbidienlama.com\/en\/wp-json\/wp\/v2\/product_cat?post=11841"},{"taxonomy":"product_tag","embeddable":true,"href":"https:\/\/www.thietbidienlama.com\/en\/wp-json\/wp\/v2\/product_tag?post=11841"}],"curies":[{"name":"wp","href":"https:\/\/api.w.org\/{rel}","templated":true}]}}