{"id":11835,"date":"2025-04-08T19:46:17","date_gmt":"2025-04-08T12:46:17","guid":{"rendered":"https:\/\/thietbidienlama.com\/?post_type=product&#038;p=11835"},"modified":"2025-04-12T07:10:25","modified_gmt":"2025-04-12T00:10:25","slug":"den-trang-tri-tuong-euroto-cn-403","status":"publish","type":"product","link":"https:\/\/www.thietbidienlama.com\/en\/den-trang-tri-tuong-euroto-cn-403\/","title":{"rendered":"\u0110\u00e8n Trang Tr\u00ed T\u01b0\u1eddng Ph\u00f2ng Kh\u00e1ch Euroto CN-403"},"content":{"rendered":"<h2><span style=\"color: #000000;\"><strong>\u0110\u00e8n Trang Tr\u00ed T\u01b0\u1eddng Ph\u00f2ng Kh\u00e1ch Euroto CN-403<\/strong><\/span><\/h2>\n<p><span style=\"color: #000000;\">M\u00e3 h\u00e0ng: CN-403<\/span><\/p>\n<p><span style=\"color: #000000;\">\u0110\u00e8n s\u1eed d\u1ee5ng 1 b\u00f3ng E27<\/span><\/p>\n<p><span style=\"color: #000000;\">K\u00edch th\u01b0\u1edbc \u0111\u00e8n: \u00d890 x H170 mm<\/span><\/p>\n<p><span style=\"color: #000000;\">IP65: C\u00f3 th\u1ec3 s\u1eed d\u1ee5ng ngo\u00e0i tr\u1eddi<\/span><\/p>\n<p><span style=\"color: #000000;\">S\u1ea3n ph\u1ea9m ch\u01b0a bao g\u1ed3m b\u00f3ng<\/span><\/p>","protected":false},"excerpt":{"rendered":"<p>\u0110\u00e8n Trang Tr\u00ed T\u01b0\u1eddng Ph\u00f2ng Kh\u00e1ch Euroto CN-403 M\u00e3 h\u00e0ng: CN-403 \u0110\u00e8n s\u1eed d\u1ee5ng 1 b\u00f3ng E27 K\u00edch th\u01b0\u1edbc \u0111\u00e8n:<\/p>","protected":false},"featured_media":11837,"comment_status":"closed","ping_status":"closed","template":"","meta":[],"product_brand":[],"product_cat":[505,847,845],"product_tag":[],"class_list":{"0":"post-11835","1":"product","2":"type-product","3":"status-publish","4":"has-post-thumbnail","6":"product_cat-den-trang-tri","7":"product_cat-den-trang-tri-ngoai-troi","8":"product_cat-den-tuong-trang-tri","10":"first","11":"instock","12":"sale","13":"shipping-taxable","14":"purchasable","15":"product-type-simple"},"_links":{"self":[{"href":"https:\/\/www.thietbidienlama.com\/en\/wp-json\/wp\/v2\/product\/11835","targetHints":{"allow":["GET"]}}],"collection":[{"href":"https:\/\/www.thietbidienlama.com\/en\/wp-json\/wp\/v2\/product"}],"about":[{"href":"https:\/\/www.thietbidienlama.com\/en\/wp-json\/wp\/v2\/types\/product"}],"replies":[{"embeddable":true,"href":"https:\/\/www.thietbidienlama.com\/en\/wp-json\/wp\/v2\/comments?post=11835"}],"version-history":[{"count":4,"href":"https:\/\/www.thietbidienlama.com\/en\/wp-json\/wp\/v2\/product\/11835\/revisions"}],"predecessor-version":[{"id":11913,"href":"https:\/\/www.thietbidienlama.com\/en\/wp-json\/wp\/v2\/product\/11835\/revisions\/11913"}],"wp:featuredmedia":[{"embeddable":true,"href":"https:\/\/www.thietbidienlama.com\/en\/wp-json\/wp\/v2\/media\/11837"}],"wp:attachment":[{"href":"https:\/\/www.thietbidienlama.com\/en\/wp-json\/wp\/v2\/media?parent=11835"}],"wp:term":[{"taxonomy":"product_brand","embeddable":true,"href":"https:\/\/www.thietbidienlama.com\/en\/wp-json\/wp\/v2\/product_brand?post=11835"},{"taxonomy":"product_cat","embeddable":true,"href":"https:\/\/www.thietbidienlama.com\/en\/wp-json\/wp\/v2\/product_cat?post=11835"},{"taxonomy":"product_tag","embeddable":true,"href":"https:\/\/www.thietbidienlama.com\/en\/wp-json\/wp\/v2\/product_tag?post=11835"}],"curies":[{"name":"wp","href":"https:\/\/api.w.org\/{rel}","templated":true}]}}